{"id":4421,"date":"2024-09-11T07:34:30","date_gmt":"2024-09-11T07:34:30","guid":{"rendered":"https:\/\/agricultural-gear-boxes.com\/product\/direct-sales-mini-dump-truck-hydraulic-cylinder-telescopic-hydraulic-cylinder\/"},"modified":"2024-09-11T07:34:31","modified_gmt":"2024-09-11T07:34:31","slug":"direct-sales-mini-dump-truck-hydraulic-cylinder-telescopic-hydraulic-cylinder","status":"publish","type":"product","link":"https:\/\/agricultural-gear-boxes.com\/pt\/product\/direct-sales-mini-dump-truck-hydraulic-cylinder-telescopic-hydraulic-cylinder\/","title":{"rendered":"Vendas diretas Mini caminh\u00e3o basculante Cilindro hidr\u00e1ulico Cilindro hidr\u00e1ulico telesc\u00f3pico"},"content":{"rendered":"<p>Todo o conte\u00fado desta p\u00e1gina vem da Internet e \u00e9 usado apenas como refer\u00eancia para sele\u00e7\u00e3o de produtos. Nossos produtos s\u00e3o pe\u00e7as de reposi\u00e7\u00e3o em vez de pe\u00e7as de reposi\u00e7\u00e3o originais, e n\u00e3o somos detentores da marca registrada original do conte\u00fado. Nossas pe\u00e7as de reposi\u00e7\u00e3o podem se encaixar perfeitamente nas pe\u00e7as de reposi\u00e7\u00e3o originais; se voc\u00ea precisar comprar pe\u00e7as de reposi\u00e7\u00e3o originais, entre em contato com o fornecedor original para comprar.<\/p>\n<h2>Cilindro Hidr\u00e1ulico Telesc\u00f3pico para Mini Caminh\u00f5es Basculantes<\/h2>\n<p>O Cilindro Hidr\u00e1ulico para Mini Caminh\u00e3o Basculante Direct Sales \u00e9 um produto robusto e dur\u00e1vel, feito de a\u00e7o de qualidade e projetado para suportar cargas de trabalho intensas. Este cilindro hidr\u00e1ulico telesc\u00f3pico de \u00faltima gera\u00e7\u00e3o \u00e9 um componente essencial de m\u00e1quinas pesadas e \u00e9 amplamente utilizado em oficinas de reparo de m\u00e1quinas, fazendas, setores de energia e minera\u00e7\u00e3o, fabrica\u00e7\u00e3o de m\u00e1quinas e f\u00e1bricas. <\/p>\n<p>Nosso cilindro hidr\u00e1ulico apresenta um cilindro hidr\u00e1ulico multiest\u00e1gio, com uma estrutura de cilindro de \u00eambolo padr\u00e3o, fornecendo um empuxo m\u00e1ximo de 3000 e uma tra\u00e7\u00e3o m\u00e1xima de 20 toneladas. O produto est\u00e1 dispon\u00edvel em v\u00e1rios tamanhos, incluindo tamanho de furo de 2-6 polegadas, tamanho de haste de 1,125-4 polegadas, tamanho de curso de 4-100 polegadas e tamanho de pino de 0,5-2 polegadas. Ele tamb\u00e9m apresenta portas G\/SAE\/NPT\/M.<\/p>\n<h3>Cen\u00e1rio de uso<\/h3>\n<p>O cilindro hidr\u00e1ulico funciona convertendo energia hidr\u00e1ulica em movimento mec\u00e2nico, aplicando a for\u00e7a criada pela press\u00e3o do fluido hidr\u00e1ulico para mover o pist\u00e3o e fornecer movimento linear. Esta tecnologia \u00e9 amplamente usada em v\u00e1rias ind\u00fastrias, incluindo constru\u00e7\u00e3o, agricultura e minera\u00e7\u00e3o. \u00c9 comumente usada em caminh\u00f5es basculantes, escavadeiras e outras m\u00e1quinas pesadas.<\/p>\n<p><img decoding=\"async\" src=\"https:\/\/img.jiansujichilun.com\/img\/hydrauliccylinders\/T_hydrauliccylinders-5.webp\" alt=\"Cilindro Hidr\u00e1ulico Telesc\u00f3pico para Mini Caminh\u00f5es Basculantes\" \/><\/p>\n<h3>Vantagens<\/h3>\n<p>Nosso cilindro hidr\u00e1ulico \u00e9 energeticamente eficiente, usando energia hidr\u00e1ulica que reduz o consumo de energia. \u00c9 altamente dur\u00e1vel, feito de a\u00e7o de qualidade e pode suportar cargas de trabalho intensas, garantindo uma longa vida \u00fatil. O cilindro \u00e9 certificado pela ISO9001:2000, garantindo seguran\u00e7a e qualidade.<\/p>\n<h3>Materiais de produtos utiliz\u00e1veis<\/h3>\n<p>Nosso cilindro hidr\u00e1ulico \u00e9 feito de a\u00e7o de qualidade, o que garante que ele possa suportar cargas de trabalho intensas e tenha uma longa vida \u00fatil. Usamos apenas materiais de alta qualidade para garantir que nossos produtos atendam aos mais altos padr\u00f5es de qualidade e durabilidade.<\/p>\n<h3>Instala\u00e7\u00e3o, Manuten\u00e7\u00e3o e Reparo<\/h3>\n<p>Nossos cilindros hidr\u00e1ulicos s\u00e3o f\u00e1ceis de instalar e manter. Para garantir o desempenho ideal, recomendamos manuten\u00e7\u00e3o e limpeza regulares. Se surgirem problemas, nossa equipe profissional de atendimento ao cliente est\u00e1 dispon\u00edvel para ajudar com os reparos.<\/p>\n<h3>Substituindo o produto<\/h3>\n<p>Se voc\u00ea precisar substituir seu cilindro hidr\u00e1ulico, nossas pe\u00e7as de reposi\u00e7\u00e3o podem se encaixar perfeitamente nas pe\u00e7as de reposi\u00e7\u00e3o originais. Entre em contato conosco para um or\u00e7amento e ficaremos felizes em ajudar voc\u00ea.<\/p>\n<h3>Outros neg\u00f3cios de produtos da empresa<\/h3>\n<p>Al\u00e9m dos nossos cilindros hidr\u00e1ulicos, fornecemos v\u00e1rias engrenagens de pl\u00e1stico para uso industrial, incluindo caixas de engrenagens agr\u00edcolas, eixos de sa\u00edda de pot\u00eancia, rodas dentadas, acoplamentos hidr\u00e1ulicos, redutores de engrenagem sem-fim, cremalheiras de engrenagens, correntes remov\u00edveis, polias e polias, caixas de engrenagens planet\u00e1rias, polias de sincroniza\u00e7\u00e3o, buchas e muito mais. Oferecemos produtos de alta qualidade e pre\u00e7os competitivos, e damos as boas-vindas aos clientes para personalizar com desenhos e amostras.<\/p>\n<p><img decoding=\"async\" src=\"https:\/\/images.hzpt.com\/2024\/04\/unit-type-flexo-press-factory.webp\" alt=\"Outros neg\u00f3cios de produtos da empresa\" \/><\/p>\n<h2>Perguntas frequentes<\/h2>\n<h3>P: Qual \u00e9 o empuxo m\u00e1ximo do cilindro hidr\u00e1ulico do mini caminh\u00e3o basculante de vendas diretas?<\/h3>\n<p>R: O empuxo m\u00e1ximo \u00e9 3000.<\/p>\n<h3>P: Qual \u00e9 a tra\u00e7\u00e3o m\u00e1xima do cilindro hidr\u00e1ulico do mini caminh\u00e3o basculante de vendas diretas?<\/h3>\n<p>R: A tra\u00e7\u00e3o m\u00e1xima \u00e9 de 20 toneladas.<\/p>\n<h3>P: Quais s\u00e3o as especifica\u00e7\u00f5es do produto para o cilindro hidr\u00e1ulico do mini caminh\u00e3o basculante de venda direta?<\/h3>\n<p>R: O produto est\u00e1 dispon\u00edvel em v\u00e1rios tamanhos, incluindo tamanho de furo de 2-6 polegadas, tamanho de haste de 1,125-4 polegadas, tamanho de curso de 4-100 polegadas e tamanho de pino de 0,5-2 polegadas. Ele tamb\u00e9m possui portas G\/SAE\/NPT\/M.<\/p>\n<h3>P: O cilindro hidr\u00e1ulico \u00e9 energeticamente eficiente?<\/h3>\n<p>R: Sim, o cilindro hidr\u00e1ulico utiliza energia hidr\u00e1ulica, reduzindo o consumo de energia.<\/p>\n<h3>P: Quais ind\u00fastrias normalmente usam cilindros hidr\u00e1ulicos telesc\u00f3picos?<\/h3>\n<p>R: Cilindros hidr\u00e1ulicos telesc\u00f3picos s\u00e3o comumente usados nas ind\u00fastrias de constru\u00e7\u00e3o, agricultura e minera\u00e7\u00e3o.<\/p>","protected":false},"excerpt":{"rendered":"<p>All content on this page comes from the Internet and is only used as a reference for product selection. Our products are replacement parts rather than original spare parts, and we are not the holder of the original trademark of the content. Our replacement parts can perfectly fit the original spare parts; if you need [&hellip;]<\/p>","protected":false},"featured_media":4420,"template":"","meta":{"_et_pb_use_builder":"","_et_pb_old_content":"","_et_gb_content_width":""},"product_brand":[],"product_cat":[11327],"product_tag":[],"class_list":{"0":"post-4421","1":"product","2":"type-product","3":"status-publish","4":"has-post-thumbnail","6":"product_cat-telescopic-hydraulic-cylinder","8":"first","9":"instock","10":"shipping-taxable","11":"product-type-simple"},"_links":{"self":[{"href":"https:\/\/agricultural-gear-boxes.com\/pt\/wp-json\/wp\/v2\/product\/4421","targetHints":{"allow":["GET"]}}],"collection":[{"href":"https:\/\/agricultural-gear-boxes.com\/pt\/wp-json\/wp\/v2\/product"}],"about":[{"href":"https:\/\/agricultural-gear-boxes.com\/pt\/wp-json\/wp\/v2\/types\/product"}],"wp:featuredmedia":[{"embeddable":true,"href":"https:\/\/agricultural-gear-boxes.com\/pt\/wp-json\/wp\/v2\/media\/4420"}],"wp:attachment":[{"href":"https:\/\/agricultural-gear-boxes.com\/pt\/wp-json\/wp\/v2\/media?parent=4421"}],"wp:term":[{"taxonomy":"product_brand","embeddable":true,"href":"https:\/\/agricultural-gear-boxes.com\/pt\/wp-json\/wp\/v2\/product_brand?post=4421"},{"taxonomy":"product_cat","embeddable":true,"href":"https:\/\/agricultural-gear-boxes.com\/pt\/wp-json\/wp\/v2\/product_cat?post=4421"},{"taxonomy":"product_tag","embeddable":true,"href":"https:\/\/agricultural-gear-boxes.com\/pt\/wp-json\/wp\/v2\/product_tag?post=4421"}],"curies":[{"name":"wp","href":"https:\/\/api.w.org\/{rel}","templated":true}]}}