{"id":4423,"date":"2024-09-11T07:34:32","date_gmt":"2024-09-11T07:34:32","guid":{"rendered":"https:\/\/agricultural-gear-boxes.com\/product\/good-quality-small-dump-truck-hydraulic-cylinder-telescopic-hydraulic-cylinder-for-sale\/"},"modified":"2024-09-11T07:34:32","modified_gmt":"2024-09-11T07:34:32","slug":"good-quality-small-dump-truck-hydraulic-cylinder-telescopic-hydraulic-cylinder-for-sale","status":"publish","type":"product","link":"https:\/\/agricultural-gear-boxes.com\/pt\/product\/good-quality-small-dump-truck-hydraulic-cylinder-telescopic-hydraulic-cylinder-for-sale\/","title":{"rendered":"Cilindro hidr\u00e1ulico telesc\u00f3pico de caminh\u00e3o basculante pequeno de boa qualidade para venda"},"content":{"rendered":"<p>Todo o conte\u00fado desta p\u00e1gina vem da Internet e \u00e9 usado apenas como refer\u00eancia para sele\u00e7\u00e3o de produtos. Nossos produtos s\u00e3o pe\u00e7as de reposi\u00e7\u00e3o, em vez de pe\u00e7as de reposi\u00e7\u00e3o originais. N\u00e3o somos detentores da marca registrada original do conte\u00fado. Nossas pe\u00e7as de reposi\u00e7\u00e3o podem se encaixar perfeitamente nas pe\u00e7as de reposi\u00e7\u00e3o originais. Se voc\u00ea precisar comprar pe\u00e7as de reposi\u00e7\u00e3o originais, entre em contato com o fornecedor original para comprar.<\/p>\n<p><h2>Cilindro hidr\u00e1ulico para caminh\u00e3o basculante pequeno: alta qualidade e durabilidade<\/h2><\/p>\n<p><p>If you&#8217;re looking for a reliable and durable hydraulic cylinder for your small dump truck, look no further than our top-quality small dump truck hydraulic cylinder. Our cylinder is expertly designed to provide maximum efficiency and high performance that is ideal for a range of industries, from machinery repair shops to energy &#038; mining. <\/p><\/p>\n<p><p>Our hydraulic cylinder boasts an impressive array of technical specifications that are crafted to ensure optimal functionality. With its solid steel body and standard plunger cylinder structure, this unit promises to deliver superior performance in all circumstances. The cylinder&#8217;s bore size ranges from 2-6 inches, while the rod size ranges from 1.125-4 inches. It has a stroke size of 4-100 inches and a pin size of 0.5-2 inches. The ports are G\/SAE\/NPT\/M. <\/p><\/p>\n<p><img src=\"https:\/\/img.jiansujichilun.com\/img\/hydrauliccylinders\/T_hydrauliccylinders-5.webp\" alt=\"Cilindro hidr\u00e1ulico para caminh\u00e3o basculante pequeno\" \/><\/p>\n<p><h3>A hist\u00f3ria dos cilindros hidr\u00e1ulicos de pequenos caminh\u00f5es basculantes<\/h3><\/p>\n<p><p>Cilindros hidr\u00e1ulicos existem h\u00e1 mais de um s\u00e9culo, e seu design evoluiu tremendamente ao longo dos anos. Cilindros hidr\u00e1ulicos de caminh\u00f5es basculantes pequenos s\u00e3o projetados para uma variedade de aplica\u00e7\u00f5es e s\u00e3o usados em v\u00e1rias ind\u00fastrias, como constru\u00e7\u00e3o, minera\u00e7\u00e3o e agricultura. <\/p><\/p>\n<p><h3>As vantagens dos cilindros hidr\u00e1ulicos de pequenos caminh\u00f5es basculantes<\/h3><\/p>\n<p><ul><br \/>\n  <li>Constru\u00e7\u00e3o dur\u00e1vel para desempenho duradouro<\/li><br \/>\n  <li>Alta capacidade de empuxo e tra\u00e7\u00e3o para aplica\u00e7\u00f5es pesadas<\/li><br \/>\n  <li>Eficiente em termos energ\u00e9ticos e altamente eficaz<\/li><br \/>\n<\/ul><\/p>\n<p><h3>Materiais usados para fazer cilindros hidr\u00e1ulicos de pequenos caminh\u00f5es basculantes<\/h3><\/p>\n<p><p>Nossos cilindros hidr\u00e1ulicos para caminh\u00f5es basculantes pequenos s\u00e3o feitos de a\u00e7o de alta qualidade, o que proporciona excelente resist\u00eancia e durabilidade. Os cilindros tamb\u00e9m s\u00e3o projetados para serem resistentes \u00e0 corros\u00e3o, garantindo desempenho ideal mesmo nos ambientes mais severos. <\/p><\/p>\n<p><h3>Instala\u00e7\u00e3o, manuten\u00e7\u00e3o e reparo de cilindros hidr\u00e1ulicos de pequenos caminh\u00f5es basculantes<\/h3><\/p>\n<p><p>When installing the small dump truck hydraulic cylinder, it is important to follow the manufacturer&#8217;s instructions carefully. The cylinder should be inspected regularly to ensure that it is functioning properly. If any issues arise, the cylinder should be repaired immediately to prevent further damage. <\/p><\/p>\n<p><p>Ao substituir o cilindro, \u00e9 importante escolher uma pe\u00e7a de reposi\u00e7\u00e3o que seja compat\u00edvel com seu modelo espec\u00edfico de caminh\u00e3o basculante pequeno. Nossas pe\u00e7as de reposi\u00e7\u00e3o s\u00e3o projetadas para se encaixar perfeitamente e fornecer desempenho confi\u00e1vel. <\/p><\/p>\n<p><h3>Outros produtos oferecidos pela nossa empresa<\/h3><\/p>\n<p><p>Al\u00e9m dos nossos pequenos cilindros hidr\u00e1ulicos para caminh\u00f5es basculantes, tamb\u00e9m oferecemos uma variedade de outros produtos industriais de alta qualidade, como caixas de engrenagens agr\u00edcolas, eixos de sa\u00edda de pot\u00eancia, rodas dentadas, acoplamentos hidr\u00e1ulicos, redutores de engrenagem sem-fim, cremalheiras, correntes remov\u00edveis, polias e polias, caixas de engrenagens planet\u00e1rias, polias de sincroniza\u00e7\u00e3o, buchas e muito mais. <\/p><\/p>\n<p><img src=\"https:\/\/images.hzpt.com\/2024\/04\/unit-type-flexo-press-factory.webp\" alt=\"Outros produtos oferecidos pela nossa empresa\" \/><\/p>\n<p><h2>Perguntas frequentes<\/h2><\/p>\n<p><h3>P: Seus produtos s\u00e3o pe\u00e7as de reposi\u00e7\u00e3o originais?<\/h3><br \/>\n<font>R: N\u00e3o, nossos produtos s\u00e3o pe\u00e7as de reposi\u00e7\u00e3o que podem se encaixar perfeitamente nas pe\u00e7as de reposi\u00e7\u00e3o originais. Se voc\u00ea precisar comprar pe\u00e7as de reposi\u00e7\u00e3o originais, entre em contato com o fornecedor original para comprar.<\/font><\/p>\n<p><h3>P: Para quais setores os seus cilindros hidr\u00e1ulicos para caminh\u00f5es basculantes pequenos s\u00e3o adequados?<\/h3><br \/>\n<font>A: Our small dump truck hydraulic cylinders are suitable for a range of industries, from machinery repair shops to energy &#038; mining.<\/font><\/p>\n<p><h3>P: Quais materiais s\u00e3o usados para fazer os cilindros hidr\u00e1ulicos do seu pequeno caminh\u00e3o basculante?<\/h3><br \/>\n<font>R: Nossos cilindros hidr\u00e1ulicos para caminh\u00f5es basculantes pequenos s\u00e3o feitos de a\u00e7o de alta qualidade, o que proporciona excelente resist\u00eancia e durabilidade.<\/font><\/p>\n<p><h3>P: Como devo fazer a manuten\u00e7\u00e3o do cilindro hidr\u00e1ulico do meu pequeno caminh\u00e3o basculante?<\/h3><br \/>\n<font>R: O cilindro deve ser inspecionado regularmente para garantir que esteja funcionando corretamente. Se surgir algum problema, o cilindro deve ser reparado imediatamente para evitar mais danos.<\/font><\/p>\n<p><h3>P: Quais outros produtos voc\u00eas oferecem?<\/h3><br \/>\n<font>R: Al\u00e9m dos nossos pequenos cilindros hidr\u00e1ulicos para caminh\u00f5es basculantes, tamb\u00e9m oferecemos uma variedade de outros produtos industriais de alta qualidade, como caixas de engrenagens agr\u00edcolas, eixos de sa\u00edda de pot\u00eancia, rodas dentadas, acoplamentos hidr\u00e1ulicos, redutores de engrenagem sem-fim, cremalheiras, correntes remov\u00edveis, polias e polias, caixas de engrenagens planet\u00e1rias, polias de sincroniza\u00e7\u00e3o, buchas e muito mais. <\/font><\/p>","protected":false},"excerpt":{"rendered":"<p>All content on this page comes from the Internet and is only used as a reference for product selection. Our products are replacement parts rather than original spare parts. We are not the holder of the original trademark of the content. Our replacement parts can perfectly fit the original spare parts. If you need to [&hellip;]<\/p>","protected":false},"featured_media":4422,"template":"","meta":{"_et_pb_use_builder":"","_et_pb_old_content":"","_et_gb_content_width":""},"product_brand":[],"product_cat":[11327],"product_tag":[],"class_list":{"0":"post-4423","1":"product","2":"type-product","3":"status-publish","4":"has-post-thumbnail","6":"product_cat-telescopic-hydraulic-cylinder","8":"first","9":"instock","10":"shipping-taxable","11":"product-type-simple"},"_links":{"self":[{"href":"https:\/\/agricultural-gear-boxes.com\/pt\/wp-json\/wp\/v2\/product\/4423","targetHints":{"allow":["GET"]}}],"collection":[{"href":"https:\/\/agricultural-gear-boxes.com\/pt\/wp-json\/wp\/v2\/product"}],"about":[{"href":"https:\/\/agricultural-gear-boxes.com\/pt\/wp-json\/wp\/v2\/types\/product"}],"wp:featuredmedia":[{"embeddable":true,"href":"https:\/\/agricultural-gear-boxes.com\/pt\/wp-json\/wp\/v2\/media\/4422"}],"wp:attachment":[{"href":"https:\/\/agricultural-gear-boxes.com\/pt\/wp-json\/wp\/v2\/media?parent=4423"}],"wp:term":[{"taxonomy":"product_brand","embeddable":true,"href":"https:\/\/agricultural-gear-boxes.com\/pt\/wp-json\/wp\/v2\/product_brand?post=4423"},{"taxonomy":"product_cat","embeddable":true,"href":"https:\/\/agricultural-gear-boxes.com\/pt\/wp-json\/wp\/v2\/product_cat?post=4423"},{"taxonomy":"product_tag","embeddable":true,"href":"https:\/\/agricultural-gear-boxes.com\/pt\/wp-json\/wp\/v2\/product_tag?post=4423"}],"curies":[{"name":"wp","href":"https:\/\/api.w.org\/{rel}","templated":true}]}}