{"id":4425,"date":"2024-09-11T07:34:33","date_gmt":"2024-09-11T07:34:33","guid":{"rendered":"https:\/\/agricultural-gear-boxes.com\/product\/effective-5-stage-telescopic-small-dump-truck-hydraulic-cylinder\/"},"modified":"2024-09-11T07:34:33","modified_gmt":"2024-09-11T07:34:33","slug":"effective-5-stage-telescopic-small-dump-truck-hydraulic-cylinder","status":"publish","type":"product","link":"https:\/\/agricultural-gear-boxes.com\/pt\/product\/effective-5-stage-telescopic-small-dump-truck-hydraulic-cylinder\/","title":{"rendered":"Cilindro hidr\u00e1ulico telesc\u00f3pico eficaz de 5 est\u00e1gios para caminh\u00e3o basculante pequeno"},"content":{"rendered":"<p>Todo o conte\u00fado desta p\u00e1gina vem da Internet e \u00e9 usado apenas como refer\u00eancia para sele\u00e7\u00e3o de produtos. Nossos produtos s\u00e3o pe\u00e7as de reposi\u00e7\u00e3o em vez de pe\u00e7as de reposi\u00e7\u00e3o originais, e n\u00e3o somos detentores da marca registrada original do conte\u00fado. Nossas pe\u00e7as de reposi\u00e7\u00e3o podem se encaixar perfeitamente nas pe\u00e7as de reposi\u00e7\u00e3o originais; se voc\u00ea precisar comprar pe\u00e7as de reposi\u00e7\u00e3o originais, entre em contato com o fornecedor original para comprar.<\/p>\n<p><h2>Cilindro hidr\u00e1ulico telesc\u00f3pico eficaz de 5 est\u00e1gios para caminh\u00e3o basculante pequeno<\/h2><\/p>\n<p>Nosso cilindro hidr\u00e1ulico para caminh\u00e3o basculante telesc\u00f3pico pequeno de 5 est\u00e1gios \u00e9 um produto de primeira linha amplamente utilizado em v\u00e1rios setores, especialmente na ind\u00fastria da constru\u00e7\u00e3o, onde auxilia significativamente no levantamento e movimenta\u00e7\u00e3o de materiais pesados. Este cilindro hidr\u00e1ulico \u00e9 conhecido por sua funcionalidade, confiabilidade e efici\u00eancia. Ele \u00e9 projetado para fornecer opera\u00e7\u00e3o com efici\u00eancia energ\u00e9tica, altamente eficaz e segura.<\/p>\n<p><img decoding=\"async\" src=\"https:\/\/img.jiansujichilun.com\/img\/hydrauliccylinders\/T_hydrauliccylinders-5.webp\" alt=\"Cilindro hidr\u00e1ulico em uso\" \/><\/p>\n<p><h3>Hist\u00f3ria<\/h3><\/p>\n<p>Cilindros hidr\u00e1ulicos t\u00eam sido usados por muitos anos para alimentar todos os tipos de m\u00e1quinas. O primeiro cilindro hidr\u00e1ulico foi inventado no final do s\u00e9culo XVIII e, desde ent\u00e3o, a tecnologia hidr\u00e1ulica se desenvolveu rapidamente, tornando os cilindros hidr\u00e1ulicos um dos componentes mais amplamente usados em sistemas hidr\u00e1ulicos.<\/p>\n<p><h3>Classifica\u00e7\u00e3o<\/h3><\/p>\n<p>Os cilindros hidr\u00e1ulicos podem ser classificados com base em sua constru\u00e7\u00e3o, atua\u00e7\u00e3o e fun\u00e7\u00e3o. Com base na constru\u00e7\u00e3o, eles podem ser cilindros de a\u00e7\u00e3o simples ou dupla, enquanto com base na atua\u00e7\u00e3o, eles podem ser cilindros hidr\u00e1ulicos, pneum\u00e1ticos ou el\u00e9tricos. Com base na fun\u00e7\u00e3o, eles podem ser classificados como cilindros de tirante, cilindros soldados e cilindros telesc\u00f3picos.<\/p>\n<p><h3>Vantagens<\/h3><\/p>\n<p>O cilindro hidr\u00e1ulico Effective 5 Stage Telescopic Small Dump Truck tem uma s\u00e9rie de vantagens sobre outros tipos de cilindros. \u00c9 energeticamente eficiente, altamente eficaz e seguro para uso. Ele \u00e9 projetado para operar com o m\u00ednimo de ru\u00eddo e vibra\u00e7\u00e3o, tornando-o ideal para uso em uma ampla gama de aplica\u00e7\u00f5es.<\/p>\n<p><h3>Materiais de produtos utiliz\u00e1veis<\/h3><\/p>\n<p>Nosso cilindro hidr\u00e1ulico \u00e9 feito de materiais de alta qualidade para garantir durabilidade e longa vida \u00fatil. O cilindro \u00e9 feito de tubo de a\u00e7o sem costura, enquanto a haste do pist\u00e3o \u00e9 feita de a\u00e7o cromado de alta resist\u00eancia. As veda\u00e7\u00f5es s\u00e3o feitas de materiais de alta qualidade para garantir o m\u00e1ximo desempenho e confiabilidade.<\/p>\n<p><h3>Instala\u00e7\u00e3o, Manuten\u00e7\u00e3o e Reparo<\/h3><\/p>\n<p>It is important to follow the manufacturer&#8217;s instructions when installing, maintaining, and repairing hydraulic cylinders. Regular maintenance is essential to ensure that the cylinder operates at peak performance. If the cylinder is damaged or worn, it is important to replace the damaged parts as soon as possible to prevent further damage or failure.<\/p>\n<p><h3>Substitui\u00e7\u00e3o<\/h3><\/p>\n<p>Ao substituir um cilindro hidr\u00e1ulico, \u00e9 importante escolher um cilindro que seja projetado para se encaixar no equipamento original. Nossas pe\u00e7as de reposi\u00e7\u00e3o s\u00e3o projetadas para se encaixar perfeitamente nas pe\u00e7as de reposi\u00e7\u00e3o originais, garantindo o m\u00e1ximo desempenho e confiabilidade.<\/p>\n<p><h2>Perguntas frequentes<\/h2><\/p>\n<p><dl><br \/>\n<dt>P: Quais ind\u00fastrias podem se beneficiar do cilindro hidr\u00e1ulico eficaz para caminh\u00e3o basculante telesc\u00f3pico pequeno de 5 est\u00e1gios?<\/dt><br \/>\n<dd>A: This hydraulic cylinder is a must-have for industries such as machinery repair shops, farms, energy &#038; mining, machinery manufacturing, and machinery factories.<\/dd><\/p>\n<p><dt>P: Quais s\u00e3o as principais especifica\u00e7\u00f5es do cilindro hidr\u00e1ulico do caminh\u00e3o basculante telesc\u00f3pico pequeno de 5 est\u00e1gios?<\/dt><br \/>\n<dd>A: As principais especifica\u00e7\u00f5es deste cilindro hidr\u00e1ulico s\u00e3o tamanho de furo de 2-6 polegadas, tamanho de haste de 1,125-4 polegadas, tamanho de curso de 4-100 polegadas e tamanho de pino de 0,5-2 polegadas. As portas s\u00e3o G\/SAE\/NPT\/M.<\/dd><\/p>\n<p><dt>P: Qual \u00e9 o princ\u00edpio de funcionamento de um cilindro hidr\u00e1ulico?<\/dt><br \/>\n<dd>R: O cilindro hidr\u00e1ulico funciona convertendo energia hidr\u00e1ulica em energia mec\u00e2nica. Esse processo envolve a transfer\u00eancia de for\u00e7a que \u00e9 aplicada em um ponto e transmitida para outro ponto usando um fluido incompress\u00edvel.<\/dd><\/p>\n<p><dt>P: Quais s\u00e3o as vantagens do cilindro hidr\u00e1ulico eficaz para caminh\u00e3o basculante telesc\u00f3pico pequeno de 5 est\u00e1gios?<\/dt><br \/>\n<dd>R: As vantagens deste cilindro hidr\u00e1ulico s\u00e3o que ele \u00e9 energeticamente eficiente, altamente eficaz e seguro para uso. Ele \u00e9 projetado para operar com o m\u00ednimo de ru\u00eddo e vibra\u00e7\u00e3o, tornando-o ideal para uso em uma ampla gama de aplica\u00e7\u00f5es.<\/dd><\/p>\n<p><dt>P: Quais materiais s\u00e3o usados para fazer o cilindro hidr\u00e1ulico do caminh\u00e3o basculante telesc\u00f3pico pequeno de 5 est\u00e1gios?<\/dt><br \/>\n<dd>R: O cilindro \u00e9 feito de tubo de a\u00e7o sem costura, enquanto a haste do pist\u00e3o \u00e9 feita de a\u00e7o cromado de alta resist\u00eancia. As veda\u00e7\u00f5es s\u00e3o feitas de materiais de alta qualidade para garantir o m\u00e1ximo desempenho e confiabilidade.<\/dd><br \/>\n<\/DL><\/p>\n<p><img decoding=\"async\" src=\"https:\/\/images.hzpt.com\/2024\/04\/unit-type-flexo-press-factory.webp\" alt=\"Outros neg\u00f3cios de produtos\" \/><\/p>\n<p>N\u00f3s fornecemos principalmente v\u00e1rias engrenagens de pl\u00e1stico para uso industrial, como caixas de engrenagens agr\u00edcolas, eixos de sa\u00edda de pot\u00eancia, rodas dentadas, acoplamentos hidr\u00e1ulicos, redutores de engrenagem sem-fim, cremalheiras de engrenagens, correntes remov\u00edveis, polias e polias, caixas de engrenagens planet\u00e1rias, polias de sincroniza\u00e7\u00e3o, buchas, etc. Nossos produtos de alta qualidade, pre\u00e7os preferenciais e servi\u00e7os atenciosos foram altamente reconhecidos pelos clientes. Damos as boas-vindas aos clientes para personalizar com desenhos e amostras.<\/p>","protected":false},"excerpt":{"rendered":"<p>All content on this page comes from the Internet and is only used as a reference for product selection. Our products are replacement parts rather than original spare parts, and we are not the holder of the original trademark of the content. Our replacement parts can perfectly fit the original spare parts; if you need [&hellip;]<\/p>","protected":false},"featured_media":4424,"template":"","meta":{"_et_pb_use_builder":"","_et_pb_old_content":"","_et_gb_content_width":""},"product_brand":[],"product_cat":[11327],"product_tag":[],"class_list":{"0":"post-4425","1":"product","2":"type-product","3":"status-publish","4":"has-post-thumbnail","6":"product_cat-telescopic-hydraulic-cylinder","8":"first","9":"instock","10":"shipping-taxable","11":"product-type-simple"},"_links":{"self":[{"href":"https:\/\/agricultural-gear-boxes.com\/pt\/wp-json\/wp\/v2\/product\/4425","targetHints":{"allow":["GET"]}}],"collection":[{"href":"https:\/\/agricultural-gear-boxes.com\/pt\/wp-json\/wp\/v2\/product"}],"about":[{"href":"https:\/\/agricultural-gear-boxes.com\/pt\/wp-json\/wp\/v2\/types\/product"}],"wp:featuredmedia":[{"embeddable":true,"href":"https:\/\/agricultural-gear-boxes.com\/pt\/wp-json\/wp\/v2\/media\/4424"}],"wp:attachment":[{"href":"https:\/\/agricultural-gear-boxes.com\/pt\/wp-json\/wp\/v2\/media?parent=4425"}],"wp:term":[{"taxonomy":"product_brand","embeddable":true,"href":"https:\/\/agricultural-gear-boxes.com\/pt\/wp-json\/wp\/v2\/product_brand?post=4425"},{"taxonomy":"product_cat","embeddable":true,"href":"https:\/\/agricultural-gear-boxes.com\/pt\/wp-json\/wp\/v2\/product_cat?post=4425"},{"taxonomy":"product_tag","embeddable":true,"href":"https:\/\/agricultural-gear-boxes.com\/pt\/wp-json\/wp\/v2\/product_tag?post=4425"}],"curies":[{"name":"wp","href":"https:\/\/api.w.org\/{rel}","templated":true}]}}