{"id":4427,"date":"2024-09-11T07:34:34","date_gmt":"2024-09-11T07:34:34","guid":{"rendered":"https:\/\/agricultural-gear-boxes.com\/product\/cost-effective-double-acting-telescopic-hydraulic-cylinder-for-sale\/"},"modified":"2024-09-11T07:34:34","modified_gmt":"2024-09-11T07:34:34","slug":"cost-effective-double-acting-telescopic-hydraulic-cylinder-for-sale","status":"publish","type":"product","link":"https:\/\/agricultural-gear-boxes.com\/pt\/product\/cost-effective-double-acting-telescopic-hydraulic-cylinder-for-sale\/","title":{"rendered":"Cilindro hidr\u00e1ulico telesc\u00f3pico de dupla a\u00e7\u00e3o com boa rela\u00e7\u00e3o custo-benef\u00edcio para venda"},"content":{"rendered":"<p>Todo o conte\u00fado desta p\u00e1gina \u00e9 obtido da Internet e \u00e9 usado apenas como refer\u00eancia para sele\u00e7\u00e3o de produtos. Nossos produtos s\u00e3o pe\u00e7as de reposi\u00e7\u00e3o, em vez de pe\u00e7as de reposi\u00e7\u00e3o originais. N\u00e3o somos detentores da marca registrada original do conte\u00fado. Nossos produtos s\u00e3o adequados apenas para pe\u00e7as de reposi\u00e7\u00e3o p\u00f3s-venda, em vez de pe\u00e7as de reposi\u00e7\u00e3o originais. Nossas pe\u00e7as de reposi\u00e7\u00e3o podem se encaixar perfeitamente nas pe\u00e7as de reposi\u00e7\u00e3o originais. Se voc\u00ea precisar comprar pe\u00e7as de reposi\u00e7\u00e3o originais, entre em contato com o fornecedor original para comprar.<\/p>\n<h2>Cilindro hidr\u00e1ulico telesc\u00f3pico de dupla a\u00e7\u00e3o com boa rela\u00e7\u00e3o custo-benef\u00edcio para venda<\/h2>\n<p>O cilindro hidr\u00e1ulico telesc\u00f3pico de dupla a\u00e7\u00e3o \u00e9 uma solu\u00e7\u00e3o econ\u00f4mica para suas necessidades de maquin\u00e1rio, dispon\u00edvel para venda. Este cilindro hidr\u00e1ulico \u00e9 um cilindro de \u00eambolo padr\u00e3o com um corpo de a\u00e7o, tornando-o uma escolha ideal para oficinas de reparo de m\u00e1quinas, fazendas, energia e minera\u00e7\u00e3o e fabrica\u00e7\u00e3o de m\u00e1quinas.<\/p>\n<h3>Cen\u00e1rios de uso<\/h3>\n<p>O cilindro hidr\u00e1ulico telesc\u00f3pico de dupla a\u00e7\u00e3o \u00e9 amplamente utilizado em diferentes ind\u00fastrias. Ele \u00e9 geralmente usado para alimentar m\u00e1quinas em condi\u00e7\u00f5es extremas, como alto calor, alta press\u00e3o e ambientes corrosivos. O cilindro fornece uma ferramenta poderosa para as necessidades de m\u00e1quinas de fazendas, energia e minera\u00e7\u00e3o, e fabrica\u00e7\u00e3o de m\u00e1quinas. Tamb\u00e9m \u00e9 uma ferramenta vers\u00e1til para oficinas de reparo de m\u00e1quinas.<\/p>\n<p><img decoding=\"async\" src=\"https:\/\/img.jiansujichilun.com\/img\/hydrauliccylinders\/T_hydrauliccylinders-5.webp\" alt=\"Cen\u00e1rio de uso do cilindro hidr\u00e1ulico telesc\u00f3pico\" \/><\/p>\n<h3>Vantagens do produto<\/h3>\n<ul>\n<li>Eficiente em termos de energia, projetado para otimizar o uso de energia<\/li>\n<li>Alto desempenho, com empuxo m\u00e1ximo de 3000 e tra\u00e7\u00e3o de 20 toneladas<\/li>\n<li>Certifica\u00e7\u00e3o ISO9001:2000, garantindo padr\u00f5es internacionais de seguran\u00e7a<\/li>\n<li>V\u00e1rios tamanhos de furo, haste, curso e pino dispon\u00edveis para diferentes necessidades de m\u00e1quinas<\/li>\n<li>Cor preta elegante e design multiest\u00e1gio<\/li>\n<\/ul>\n<h3>Material do produto e instala\u00e7\u00e3o<\/h3>\n<p>O cilindro hidr\u00e1ulico \u00e9 feito de a\u00e7o de alta qualidade, o que garante durabilidade de longa dura\u00e7\u00e3o e desempenho confi\u00e1vel. O cilindro \u00e9 f\u00e1cil de instalar e manter. \u00c9 recomendado consultar um profissional para instala\u00e7\u00e3o e substitui\u00e7\u00e3o.<\/p>\n<h3>Outros produtos<\/h3>\n<p>Al\u00e9m do cilindro hidr\u00e1ulico telesc\u00f3pico de dupla a\u00e7\u00e3o, tamb\u00e9m fornecemos v\u00e1rias engrenagens de pl\u00e1stico para uso industrial, como caixas de engrenagens agr\u00edcolas, eixos de sa\u00edda de pot\u00eancia, rodas dentadas, acoplamentos hidr\u00e1ulicos, redutores de engrenagem sem-fim, cremalheiras de engrenagens, correntes remov\u00edveis, polias e polias, caixas de engrenagens planet\u00e1rias, polias de sincroniza\u00e7\u00e3o e buchas. Oferecemos produtos de alta qualidade a pre\u00e7os competitivos e damos as boas-vindas aos clientes para personalizar com desenhos e amostras.<\/p>\n<p><img decoding=\"async\" src=\"https:\/\/images.hzpt.com\/2024\/04\/unit-type-flexo-press-factory.webp\" alt=\"Outros produtos\" \/><\/p>\n<h2>Perguntas frequentes<\/h2>\n<dl>\n<dt>Qual \u00e9 o empuxo m\u00e1ximo deste cilindro hidr\u00e1ulico?<\/dt>\n<dd>O empuxo m\u00e1ximo deste cilindro hidr\u00e1ulico \u00e9 3000.<\/dd>\n<dt>Qual \u00e9 a tra\u00e7\u00e3o m\u00e1xima deste cilindro hidr\u00e1ulico?<\/dt>\n<dd>A tra\u00e7\u00e3o m\u00e1xima deste cilindro hidr\u00e1ulico \u00e9 de 20 toneladas.<\/dd>\n<dt>O tamanho do furo \u00e9 ajust\u00e1vel?<\/dt>\n<dd>O tamanho do furo deste cilindro hidr\u00e1ulico varia de 2 a 6 polegadas e \u00e9 ajust\u00e1vel.<\/dd>\n<dt>Quais s\u00e3o os principais componentes deste cilindro hidr\u00e1ulico?<\/dt>\n<dd>Os principais componentes deste cilindro hidr\u00e1ulico s\u00e3o o rolamento e o pr\u00f3prio cilindro hidr\u00e1ulico.<\/dd>\n<dt>Como fa\u00e7o a manuten\u00e7\u00e3o do cilindro hidr\u00e1ulico?<\/dt>\n<dd>\u00c9 recomendado verificar o n\u00edvel de \u00f3leo regularmente e substituir o \u00f3leo hidr\u00e1ulico a cada 6 meses. Tamb\u00e9m \u00e9 recomendado evitar superaquecimento e sobrecarga do cilindro para garantir um desempenho duradouro.<\/dd>\n<\/dl>","protected":false},"excerpt":{"rendered":"<p>All content on this page is obtained from the Internet and is only used as a reference for product selection. Our products are replacement parts rather than original spare parts. We are not the holder of the original trademark of the content. Our products are only suitable for after-sales replacement parts rather than original spare [&hellip;]<\/p>","protected":false},"featured_media":4426,"template":"","meta":{"_et_pb_use_builder":"","_et_pb_old_content":"","_et_gb_content_width":""},"product_brand":[],"product_cat":[11327],"product_tag":[],"class_list":{"0":"post-4427","1":"product","2":"type-product","3":"status-publish","4":"has-post-thumbnail","6":"product_cat-telescopic-hydraulic-cylinder","8":"first","9":"instock","10":"shipping-taxable","11":"product-type-simple"},"_links":{"self":[{"href":"https:\/\/agricultural-gear-boxes.com\/pt\/wp-json\/wp\/v2\/product\/4427","targetHints":{"allow":["GET"]}}],"collection":[{"href":"https:\/\/agricultural-gear-boxes.com\/pt\/wp-json\/wp\/v2\/product"}],"about":[{"href":"https:\/\/agricultural-gear-boxes.com\/pt\/wp-json\/wp\/v2\/types\/product"}],"wp:featuredmedia":[{"embeddable":true,"href":"https:\/\/agricultural-gear-boxes.com\/pt\/wp-json\/wp\/v2\/media\/4426"}],"wp:attachment":[{"href":"https:\/\/agricultural-gear-boxes.com\/pt\/wp-json\/wp\/v2\/media?parent=4427"}],"wp:term":[{"taxonomy":"product_brand","embeddable":true,"href":"https:\/\/agricultural-gear-boxes.com\/pt\/wp-json\/wp\/v2\/product_brand?post=4427"},{"taxonomy":"product_cat","embeddable":true,"href":"https:\/\/agricultural-gear-boxes.com\/pt\/wp-json\/wp\/v2\/product_cat?post=4427"},{"taxonomy":"product_tag","embeddable":true,"href":"https:\/\/agricultural-gear-boxes.com\/pt\/wp-json\/wp\/v2\/product_tag?post=4427"}],"curies":[{"name":"wp","href":"https:\/\/api.w.org\/{rel}","templated":true}]}}