{"id":4433,"date":"2024-09-11T07:34:37","date_gmt":"2024-09-11T07:34:37","guid":{"rendered":"https:\/\/agricultural-gear-boxes.com\/product\/new-arrival-dump-truck-double-acting-telescopic-hydraulic-cylinder\/"},"modified":"2024-09-11T07:34:38","modified_gmt":"2024-09-11T07:34:38","slug":"new-arrival-dump-truck-double-acting-telescopic-hydraulic-cylinder","status":"publish","type":"product","link":"https:\/\/agricultural-gear-boxes.com\/pt\/product\/new-arrival-dump-truck-double-acting-telescopic-hydraulic-cylinder\/","title":{"rendered":"Novo cilindro hidr\u00e1ulico telesc\u00f3pico de dupla a\u00e7\u00e3o para caminh\u00e3o basculante"},"content":{"rendered":"<p>Todo o conte\u00fado desta p\u00e1gina \u00e9 proveniente da internet e \u00e9 usado apenas como refer\u00eancia para sele\u00e7\u00e3o de produtos. Nossos produtos s\u00e3o pe\u00e7as de reposi\u00e7\u00e3o e n\u00e3o pe\u00e7as de reposi\u00e7\u00e3o originais, e n\u00e3o possu\u00edmos a marca registrada do conte\u00fado original. Nossas pe\u00e7as de reposi\u00e7\u00e3o s\u00e3o projetadas para se encaixar perfeitamente nas pe\u00e7as de reposi\u00e7\u00e3o originais, mas se voc\u00ea precisar de pe\u00e7as de reposi\u00e7\u00e3o originais, entre em contato com o fornecedor original.<\/p>\n<h2>Novo cilindro hidr\u00e1ulico telesc\u00f3pico de dupla a\u00e7\u00e3o para caminh\u00e3o basculante<\/h2>\n<p>Nosso Cilindro Hidr\u00e1ulico Telesc\u00f3pico de Dupla A\u00e7\u00e3o para Caminh\u00e3o Basculante \u00e9 um produto robusto e potente, adequado para uma ampla gama de ind\u00fastrias, incluindo agricultura, energia e minera\u00e7\u00e3o, fabrica\u00e7\u00e3o de m\u00e1quinas e f\u00e1bricas de m\u00e1quinas. \u00c9 um componente essencial quando se trata de reparo e manuten\u00e7\u00e3o de m\u00e1quinas, e desempenha um papel crucial na melhoria da efici\u00eancia do trabalho e na promo\u00e7\u00e3o de opera\u00e7\u00f5es mais seguras.<\/p>\n<p><img decoding=\"async\" src=\"https:\/\/img.jiansujichilun.com\/img\/hydrauliccylinders\/T_hydrauliccylinders-5.webp\" alt=\"Cen\u00e1rio de uso do cilindro hidr\u00e1ulico\"\/><\/p>\n<p>Este cilindro hidr\u00e1ulico \u00e9 feito de a\u00e7o de alta qualidade e pode gerar at\u00e9 3000 de empuxo m\u00e1ximo e 20 toneladas de tra\u00e7\u00e3o m\u00e1xima. Ele tem uma estrutura padr\u00e3o e \u00e9 acionado por energia hidr\u00e1ulica. O tamanho do furo varia de 2 a 6 polegadas, enquanto o tamanho da haste varia de 1,125 a 4 polegadas. Al\u00e9m disso, o tamanho do curso varia de 4 a 100 polegadas, e o tamanho do pino varia de 0,5 a 2 polegadas.<\/p>\n<p>Este produto \u00e9 certificado com ISO9001:2000 e vem com uma garantia de 1 ano para a unidade e componentes principais. Nosso cilindro hidr\u00e1ulico tamb\u00e9m economiza energia, projetado para operar de forma eficiente e reduzir o consumo de energia. Ele fornece alta pot\u00eancia de sa\u00edda para aplica\u00e7\u00f5es pesadas, e sua estrutura robusta e materiais de alta qualidade garantem opera\u00e7\u00f5es seguras e confi\u00e1veis.<\/p>\n<h3>Vantagens do Nosso Cilindro Hidr\u00e1ulico<\/h3>\n<ul>\n<li>Economia de energia<\/li>\n<li>Alta efici\u00eancia<\/li>\n<li>Seguro e confi\u00e1vel<\/li>\n<\/ul>\n<h3>Materiais de Cilindros Hidr\u00e1ulicos<\/h3>\n<p>Nosso cilindro hidr\u00e1ulico \u00e9 feito de a\u00e7o de alta qualidade e \u00e9 projetado para suportar aplica\u00e7\u00f5es pesadas. \u00c9 resistente \u00e0 corros\u00e3o e \u00e9 constru\u00eddo para durar.<\/p>\n<h3>Instala\u00e7\u00e3o, Manuten\u00e7\u00e3o e Reparo<\/h3>\n<p>Our hydraulic cylinder is easy to install, and maintenance is minimal. However, if there are any issues, we recommend that you seek professional help. If you need to replace the product, please follow the manufacturer&#8217;s instructions.<\/p>\n<h2>Sobre nossos outros produtos<\/h2>\n<p>Al\u00e9m de cilindros hidr\u00e1ulicos, tamb\u00e9m fornecemos diversas engrenagens pl\u00e1sticas para uso industrial, como caixas de engrenagens agr\u00edcolas, eixos de sa\u00edda de pot\u00eancia, rodas dentadas, acoplamentos hidr\u00e1ulicos, redutores de engrenagem sem-fim, cremalheiras, correntes remov\u00edveis, polias e polias, caixas de engrenagens planet\u00e1rias, polias de sincroniza\u00e7\u00e3o, buchas e muito mais.<\/p>\n<p><img decoding=\"async\" src=\"https:\/\/images.hzpt.com\/2024\/04\/unit-type-flexo-press-factory.webp\" alt=\"Outros produtos\"\/><\/p>\n<h2>Perguntas frequentes<\/h2>\n<p><b>P: Seus produtos s\u00e3o pe\u00e7as de reposi\u00e7\u00e3o originais?<\/b><\/p>\n<p>R: N\u00e3o, nossos produtos s\u00e3o pe\u00e7as de reposi\u00e7\u00e3o.<\/p>\n<p><b>P: Para que tipo de ind\u00fastria seus produtos s\u00e3o adequados?<\/b><\/p>\n<p>R: Nossos produtos s\u00e3o adequados para uma ampla gama de ind\u00fastrias, incluindo agricultura, energia e minera\u00e7\u00e3o, fabrica\u00e7\u00e3o de m\u00e1quinas e f\u00e1bricas de m\u00e1quinas.<\/p>\n<p><b>P: Qual \u00e9 o per\u00edodo de garantia do seu cilindro hidr\u00e1ulico?<\/b><\/p>\n<p>R: Nosso cilindro hidr\u00e1ulico vem com garantia de 1 ano para a unidade e os componentes principais.<\/p>\n<p><b>P: Como instalo seu cilindro hidr\u00e1ulico?<\/b><\/p>\n<p>A: Our hydraulic cylinder is easy to install, and we recommend that you follow the manufacturer&#8217;s instructions.<\/p>\n<p><b>P: Voc\u00eas oferecem servi\u00e7os de personaliza\u00e7\u00e3o?<\/b><\/p>\n<p>R: Sim, convidamos os clientes a personalizar nossos produtos com desenhos e amostras.<\/p>","protected":false},"excerpt":{"rendered":"<p>All content on this page is sourced from the internet and is only used as a reference for product selection. Our products are replacement parts and not original spare parts, and we do not hold the trademark for the original content. Our replacement parts are designed to perfectly fit the original spare parts, but if [&hellip;]<\/p>","protected":false},"featured_media":4432,"template":"","meta":{"_et_pb_use_builder":"","_et_pb_old_content":"","_et_gb_content_width":""},"product_brand":[],"product_cat":[11327],"product_tag":[],"class_list":{"0":"post-4433","1":"product","2":"type-product","3":"status-publish","4":"has-post-thumbnail","6":"product_cat-telescopic-hydraulic-cylinder","8":"first","9":"instock","10":"shipping-taxable","11":"product-type-simple"},"_links":{"self":[{"href":"https:\/\/agricultural-gear-boxes.com\/pt\/wp-json\/wp\/v2\/product\/4433","targetHints":{"allow":["GET"]}}],"collection":[{"href":"https:\/\/agricultural-gear-boxes.com\/pt\/wp-json\/wp\/v2\/product"}],"about":[{"href":"https:\/\/agricultural-gear-boxes.com\/pt\/wp-json\/wp\/v2\/types\/product"}],"wp:featuredmedia":[{"embeddable":true,"href":"https:\/\/agricultural-gear-boxes.com\/pt\/wp-json\/wp\/v2\/media\/4432"}],"wp:attachment":[{"href":"https:\/\/agricultural-gear-boxes.com\/pt\/wp-json\/wp\/v2\/media?parent=4433"}],"wp:term":[{"taxonomy":"product_brand","embeddable":true,"href":"https:\/\/agricultural-gear-boxes.com\/pt\/wp-json\/wp\/v2\/product_brand?post=4433"},{"taxonomy":"product_cat","embeddable":true,"href":"https:\/\/agricultural-gear-boxes.com\/pt\/wp-json\/wp\/v2\/product_cat?post=4433"},{"taxonomy":"product_tag","embeddable":true,"href":"https:\/\/agricultural-gear-boxes.com\/pt\/wp-json\/wp\/v2\/product_tag?post=4433"}],"curies":[{"name":"wp","href":"https:\/\/api.w.org\/{rel}","templated":true}]}}