{"id":4435,"date":"2024-09-11T07:34:39","date_gmt":"2024-09-11T07:34:39","guid":{"rendered":"https:\/\/agricultural-gear-boxes.com\/product\/low-price-multistage-hydraulic-cylinder-double-acting-for-dump-truck\/"},"modified":"2024-09-11T07:34:39","modified_gmt":"2024-09-11T07:34:39","slug":"low-price-multistage-hydraulic-cylinder-double-acting-for-dump-truck","status":"publish","type":"product","link":"https:\/\/agricultural-gear-boxes.com\/pt\/product\/low-price-multistage-hydraulic-cylinder-double-acting-for-dump-truck\/","title":{"rendered":"Cilindro hidr\u00e1ulico multiest\u00e1gio de baixo pre\u00e7o de a\u00e7\u00e3o dupla para caminh\u00e3o basculante"},"content":{"rendered":"<p>Todo o conte\u00fado desta p\u00e1gina vem da Internet, e o conte\u00fado \u00e9 usado apenas como refer\u00eancia para sele\u00e7\u00e3o de produtos. Nossos produtos s\u00e3o pe\u00e7as de reposi\u00e7\u00e3o em vez de pe\u00e7as de reposi\u00e7\u00e3o originais; n\u00e3o somos detentores da marca registrada original do conte\u00fado. Nossos produtos s\u00e3o adequados apenas para pe\u00e7as de reposi\u00e7\u00e3o p\u00f3s-venda em vez de pe\u00e7as de reposi\u00e7\u00e3o originais. Nossas pe\u00e7as de reposi\u00e7\u00e3o podem se encaixar perfeitamente nas pe\u00e7as de reposi\u00e7\u00e3o originais; se voc\u00ea precisar comprar pe\u00e7as de reposi\u00e7\u00e3o originais, entre em contato com a f\u00e1brica original para comprar. Se voc\u00ea precisar comprar pe\u00e7as de reposi\u00e7\u00e3o originais, entre em contato com o fornecedor original para comprar.<\/p>\n<p><h2>Cilindro hidr\u00e1ulico multiest\u00e1gio de baixo pre\u00e7o de a\u00e7\u00e3o dupla para caminh\u00e3o basculante<\/h2><\/p>\n<p>The low price multistage hydraulic cylinder is a revolutionary product designed for dump trucks. This double acting hydraulic cylinder exhibits superior functionality and provides an excellent solution for machinery repair shops, farms, energy &#038; mining sectors, and machinery manufacturing industries. <\/p>\n<p><h3>Cen\u00e1rios de uso<\/h3><\/p>\n<p>This multistage hydraulic cylinder is specifically designed for use in dump trucks, providing them with the necessary power and control for efficient operation. The hydraulic power generated by the cylinder is effectively transformed into mechanical energy, ensuring smooth and efficient operation of the dump truck. The cylinder&#8217;s high efficiency and energy-saving capabilities make it a perfect choice for various hydraulic systems. <\/p>\n<p><img decoding=\"async\" src=\"https:\/\/img.jiansujichilun.com\/img\/hydrauliccylinders\/T_hydrauliccylinders-5.webp\" alt=\"Cilindro hidr\u00e1ulico multiest\u00e1gio de baixo pre\u00e7o de a\u00e7\u00e3o dupla para caminh\u00e3o basculante\" \/><\/p>\n<p><h3>Vantagens do produto<\/h3><\/p>\n<ul>\n<li>O cilindro hidr\u00e1ulico multiest\u00e1gio vem com v\u00e1rios recursos e benef\u00edcios exclusivos, incluindo:<\/li>\n<li>Corpo de a\u00e7o resistente que garante seguran\u00e7a excepcional<\/li>\n<li>Estrutura padr\u00e3o e fonte de energia hidr\u00e1ulica<\/li>\n<li>Impulso m\u00e1ximo impressionante de 3000 e tra\u00e7\u00e3o m\u00e1xima de 20 toneladas<\/li>\n<li>Conformidade com as normas ISO9001:2000<\/li>\n<li>Alta efici\u00eancia e capacidade de economia de energia<\/li>\n<\/ul>\n<p><h3>Especifica\u00e7\u00f5es t\u00e9cnicas<\/h3><\/p>\n<p><table border=\"1\"><br \/>\n<tr><td><i>Tamanho do furo<\/i><\/td><td>2-6 polegadas<\/td><\/tr><br \/>\n<tr><td><i>Tamanho da haste<\/i><\/td><td>1,125-4 polegadas<\/td><\/tr><br \/>\n<tr><td><i>Tamanho do tra\u00e7o<\/i><\/td><td>4-100 polegadas<\/td><\/tr><br \/>\n<tr><td><i>Tamanho do pino<\/i><\/td><td>0,5-2 polegadas<\/td><\/tr><br \/>\n<tr><td><i>Portos<\/i><\/td><td>G\/SAE\/NPT\/M<\/td><\/tr><br \/>\n<\/table><\/p>\n<p><h3>Hist\u00f3rico e classifica\u00e7\u00e3o do produto<\/h3><\/p>\n<p>O cilindro hidr\u00e1ulico multiest\u00e1gio tem uma longa hist\u00f3ria, que remonta ao s\u00e9culo XIX, quando foi inventado pela primeira vez. Os cilindros hidr\u00e1ulicos s\u00e3o classificados com base em seu design, constru\u00e7\u00e3o e aplica\u00e7\u00e3o. O cilindro hidr\u00e1ulico multiest\u00e1gio \u00e9 um tipo de cilindro hidr\u00e1ulico que consiste em v\u00e1rios tubos de a\u00e7o telesc\u00f3picos que se retraem ou se estendem para fornecer comprimento de curso adicional.<\/p>\n<p><h3>Materiais de produtos utiliz\u00e1veis<\/h3><\/p>\n<p>The multistage hydraulic cylinder is made of high-quality steel material. The cylinder&#8217;s steel body ensures exceptional safety and durability, making it a perfect choice for various hydraulic systems.<\/p>\n<p><h3>Instala\u00e7\u00e3o, Manuten\u00e7\u00e3o, Reparo e Substitui\u00e7\u00e3o<\/h3><\/p>\n<p>The installation of the multistage hydraulic cylinder is simple and straightforward. The cylinder&#8217;s maintenance and repair require minimal effort, and replacement is easy. To replace the cylinder, remove the old cylinder and install the new one.<\/p>\n<p><h3>Sobre nossa empresa<\/h3><\/p>\n<p>N\u00f3s fornecemos principalmente diversas engrenagens pl\u00e1sticas para uso industrial, como caixas de engrenagens agr\u00edcolas, eixos de sa\u00edda de pot\u00eancia, rodas dentadas, acoplamentos hidr\u00e1ulicos, redutores de engrenagem sem-fim, cremalheiras, correntes remov\u00edveis, polias e polias, caixas de engrenagens planet\u00e1rias, polias de sincroniza\u00e7\u00e3o, buchas, etc.<\/p>\n<p><img decoding=\"async\" src=\"https:\/\/images.hzpt.com\/2024\/04\/unit-type-flexo-press-factory.webp\" alt=\"Sobre nossa empresa\" \/><\/p>\n<p><h3>Perguntas frequentes<\/h3><\/p>\n<p><font>P: O cilindro hidr\u00e1ulico multiest\u00e1gio \u00e9 uma pe\u00e7a de reposi\u00e7\u00e3o original?<\/font><br \/>\n<font>R: N\u00e3o, \u00e9 uma pe\u00e7a de reposi\u00e7\u00e3o.<\/font><\/p>\n<p><font>Q: What is the multistage hydraulic cylinder&#8217;s maximum thrust?<\/font><br \/>\n<font>A: The cylinder&#8217;s maximum thrust is 3000.<\/font><\/p>\n<p><font>P: Qual \u00e9 o prazo de entrega do cilindro hidr\u00e1ulico multiest\u00e1gio?<\/font><br \/>\n<font>R: O prazo geral de entrega \u00e9 de 25 a 35 dias.<\/font><\/p>\n<p><font>P: Posso comprar pe\u00e7as de reposi\u00e7\u00e3o originais de voc\u00eas?<\/font><br \/>\n<font>R: N\u00e3o, entre em contato com a f\u00e1brica ou fornecedor original para comprar pe\u00e7as de reposi\u00e7\u00e3o originais.<\/font><\/p>\n<p><font>P: Quais s\u00e3o as vantagens do cilindro hidr\u00e1ulico multiest\u00e1gio?<\/font><br \/>\n<font>A: The cylinder&#8217;s advantages include high efficiency and energy-saving capabilities, exceptional safety, compliance with ISO9001:2000 standards, and an impressive max pull of 20 ton.<\/font><\/p>","protected":false},"excerpt":{"rendered":"<p>All the content on this page comes from the Internet, and the content is only used as a reference for product selection. Our products are replacement parts rather than original spare parts; we are not the holder of the original trademark of the content. Our products are only suitable for after-sales replacement parts rather than [&hellip;]<\/p>","protected":false},"featured_media":4434,"template":"","meta":{"_et_pb_use_builder":"","_et_pb_old_content":"","_et_gb_content_width":""},"product_brand":[],"product_cat":[11327],"product_tag":[],"class_list":{"0":"post-4435","1":"product","2":"type-product","3":"status-publish","4":"has-post-thumbnail","6":"product_cat-telescopic-hydraulic-cylinder","8":"first","9":"instock","10":"shipping-taxable","11":"product-type-simple"},"_links":{"self":[{"href":"https:\/\/agricultural-gear-boxes.com\/pt\/wp-json\/wp\/v2\/product\/4435","targetHints":{"allow":["GET"]}}],"collection":[{"href":"https:\/\/agricultural-gear-boxes.com\/pt\/wp-json\/wp\/v2\/product"}],"about":[{"href":"https:\/\/agricultural-gear-boxes.com\/pt\/wp-json\/wp\/v2\/types\/product"}],"wp:featuredmedia":[{"embeddable":true,"href":"https:\/\/agricultural-gear-boxes.com\/pt\/wp-json\/wp\/v2\/media\/4434"}],"wp:attachment":[{"href":"https:\/\/agricultural-gear-boxes.com\/pt\/wp-json\/wp\/v2\/media?parent=4435"}],"wp:term":[{"taxonomy":"product_brand","embeddable":true,"href":"https:\/\/agricultural-gear-boxes.com\/pt\/wp-json\/wp\/v2\/product_brand?post=4435"},{"taxonomy":"product_cat","embeddable":true,"href":"https:\/\/agricultural-gear-boxes.com\/pt\/wp-json\/wp\/v2\/product_cat?post=4435"},{"taxonomy":"product_tag","embeddable":true,"href":"https:\/\/agricultural-gear-boxes.com\/pt\/wp-json\/wp\/v2\/product_tag?post=4435"}],"curies":[{"name":"wp","href":"https:\/\/api.w.org\/{rel}","templated":true}]}}