{"id":4447,"date":"2024-09-11T07:34:47","date_gmt":"2024-09-11T07:34:47","guid":{"rendered":"https:\/\/agricultural-gear-boxes.com\/product\/high-quality-small-hydraulic-cylinder-telescopic-hydraulic-cylinder-for-dump-truck\/"},"modified":"2024-09-11T07:34:47","modified_gmt":"2024-09-11T07:34:47","slug":"high-quality-small-hydraulic-cylinder-telescopic-hydraulic-cylinder-for-dump-truck","status":"publish","type":"product","link":"https:\/\/agricultural-gear-boxes.com\/pt\/product\/high-quality-small-hydraulic-cylinder-telescopic-hydraulic-cylinder-for-dump-truck\/","title":{"rendered":"Cilindro hidr\u00e1ulico pequeno de alta qualidade Cilindro hidr\u00e1ulico telesc\u00f3pico para caminh\u00e3o basculante"},"content":{"rendered":"<p>Todo o conte\u00fado desta p\u00e1gina vem da Internet e \u00e9 usado apenas como refer\u00eancia para sele\u00e7\u00e3o de produtos. Nossos produtos s\u00e3o pe\u00e7as de reposi\u00e7\u00e3o em vez de pe\u00e7as de reposi\u00e7\u00e3o originais, e n\u00e3o somos detentores da marca registrada original do conte\u00fado. Nossas pe\u00e7as de reposi\u00e7\u00e3o podem se encaixar perfeitamente nas pe\u00e7as de reposi\u00e7\u00e3o originais. Se voc\u00ea precisar comprar pe\u00e7as de reposi\u00e7\u00e3o originais, entre em contato com o fornecedor original para comprar.<\/p>\n<p><h2>Cilindro hidr\u00e1ulico pequeno de alta qualidade Cilindro hidr\u00e1ulico telesc\u00f3pico para caminh\u00e3o basculante<\/h2><\/p>\n<p>O cilindro hidr\u00e1ulico pequeno e o cilindro hidr\u00e1ulico telesc\u00f3pico s\u00e3o componentes de alta qualidade, perfeitos para caminh\u00f5es basculantes. Conhecidos por sua resist\u00eancia, durabilidade e excelente desempenho, esses cilindros s\u00e3o essenciais para a opera\u00e7\u00e3o suave de sua m\u00e1quina. Eles desempenham um papel crucial em permitir que sua m\u00e1quina levante, abaixe e incline cargas, melhorando assim a efici\u00eancia e a produtividade de suas opera\u00e7\u00f5es.<\/p>\n<p><img decoding=\"async\" src=\"https:\/\/img.jiansujichilun.com\/img\/hydrauliccylinders\/T_hydrauliccylinders-5.webp\" alt=\"Cen\u00e1rio de uso do cilindro hidr\u00e1ulico\" \/><\/p>\n<p><h3>Hist\u00f3rico do produto<\/h3><\/p>\n<p>O cilindro hidr\u00e1ulico pequeno e o cilindro hidr\u00e1ulico telesc\u00f3pico t\u00eam uma longa hist\u00f3ria de desempenho confi\u00e1vel na ind\u00fastria. Esses cilindros passaram por melhorias e inova\u00e7\u00f5es cont\u00ednuas para atender \u00e0s necessidades em evolu\u00e7\u00e3o do mercado.<\/p>\n<p><h3>Classifica\u00e7\u00e3o do produto<\/h3><\/p>\n<ul>\n<li>Cilindros hidr\u00e1ulicos de a\u00e7\u00e3o simples: Esses cilindros usam press\u00e3o hidr\u00e1ulica para estender o pist\u00e3o, mas dependem de for\u00e7as externas, como gravidade ou molas, para retrair o pist\u00e3o.<\/li>\n<li>Cilindros hidr\u00e1ulicos de dupla a\u00e7\u00e3o: Esses cilindros usam press\u00e3o hidr\u00e1ulica para estender e retrair o pist\u00e3o, proporcionando mais controle e versatilidade.<\/li>\n<li>Cilindros hidr\u00e1ulicos telesc\u00f3picos: Esses cilindros t\u00eam v\u00e1rios est\u00e1gios ou se\u00e7\u00f5es que se abrem para proporcionar maior comprimento de curso, mantendo um design compacto.<\/li>\n<\/ul>\n<p><h3>Vantagens do produto<\/h3><\/p>\n<ul>\n<li>Alta resist\u00eancia e durabilidade para aplica\u00e7\u00f5es pesadas<\/li>\n<li>Movimentos suaves e precisos para melhor efici\u00eancia operacional<\/li>\n<li>Design com efici\u00eancia energ\u00e9tica para minimizar o consumo de energia<\/li>\n<li>Opera\u00e7\u00e3o segura e confi\u00e1vel, mesmo sob cargas pesadas<\/li>\n<\/ul>\n<p><h3>Materiais de produtos utiliz\u00e1veis<\/h3><\/p>\n<p>O cilindro hidr\u00e1ulico pequeno e o cilindro hidr\u00e1ulico telesc\u00f3pico s\u00e3o constru\u00eddos usando materiais de alta qualidade para garantir sua durabilidade e desempenho. Os materiais comuns usados incluem:<\/p>\n<ul>\n<li>A\u00e7o: Oferece excelente resist\u00eancia e resist\u00eancia ao desgaste e \u00e0 corros\u00e3o<\/li>\n<li>Alum\u00ednio: Oferece constru\u00e7\u00e3o leve sem comprometer a resist\u00eancia<\/li>\n<li>Hastes cromadas: Melhora a resist\u00eancia \u00e0 corros\u00e3o e a opera\u00e7\u00e3o suave<\/li>\n<\/ul>\n<p><h3>Instala\u00e7\u00e3o, Manuten\u00e7\u00e3o e Reparo<\/h3><\/p>\n<p>Instala\u00e7\u00e3o, manuten\u00e7\u00e3o e reparo adequados s\u00e3o essenciais para otimizar o desempenho e a vida \u00fatil dos seus cilindros hidr\u00e1ulicos. Siga estas diretrizes:<\/p>\n<p><h4>Instala\u00e7\u00e3o:<\/h4><\/p>\n<ol>\n<li>Garantir o alinhamento e a montagem adequados do cilindro<\/li>\n<li>Aperte todas as conex\u00f5es com seguran\u00e7a<\/li>\n<li>Verifique os n\u00edveis corretos do fluido hidr\u00e1ulico<\/li>\n<\/ol>\n<p><h4>Manuten\u00e7\u00e3o:<\/h4><\/p>\n<ol>\n<li>Inspecione regularmente os cilindros para detectar quaisquer sinais de vazamentos ou danos<\/li>\n<li>Mantenha o cilindro e seus componentes limpos e livres de detritos<\/li>\n<li>Verifique os n\u00edveis do fluido hidr\u00e1ulico e substitua conforme necess\u00e1rio<\/li>\n<li>Lubrifique as pe\u00e7as m\u00f3veis para garantir uma opera\u00e7\u00e3o suave<\/li>\n<\/ol>\n<p><h4>Reparar:<\/h4><\/p>\n<ol>\n<li>Identifique a causa de qualquer mau funcionamento ou dano<\/li>\n<li>Substituir componentes defeituosos ou desgastados<\/li>\n<li>Remonte o cilindro corretamente<\/li>\n<li>Teste o cilindro reparado para verificar a funcionalidade adequada<\/li>\n<\/ol>\n<p><h3>Como substituir o produto<\/h3><\/p>\n<p>Ao substituir o cilindro hidr\u00e1ulico pequeno ou o cilindro hidr\u00e1ulico telesc\u00f3pico, siga estas etapas:<\/p>\n<ol>\n<li>Desconecte todas as linhas ou conex\u00f5es hidr\u00e1ulicas conectadas ao cilindro<\/li>\n<li>Remova todos os parafusos de montagem ou suportes que prendem o cilindro<\/li>\n<li>Deslize cuidadosamente o cilindro para fora da posi\u00e7\u00e3o de montagem<\/li>\n<li>Instale o novo cilindro invertendo as etapas de remo\u00e7\u00e3o<\/li>\n<li>Certifique-se de que todas as conex\u00f5es estejam firmes e seguras<\/li>\n<\/ol>\n<p><h2>Sobre nossos outros produtos<\/h2><\/p>\n<p>Al\u00e9m de cilindros hidr\u00e1ulicos, oferecemos uma ampla gama de engrenagens pl\u00e1sticas de alta qualidade para uso industrial. Nossa gama de produtos inclui caixas de engrenagens agr\u00edcolas, eixos de sa\u00edda de pot\u00eancia, rodas dentadas, acoplamentos hidr\u00e1ulicos, redutores de engrenagem sem-fim, cremalheiras, correntes remov\u00edveis, polias e polias, caixas de engrenagens planet\u00e1rias, polias de sincroniza\u00e7\u00e3o e buchas. Temos orgulho em fornecer produtos de qualidade superior, servi\u00e7os excelentes e pre\u00e7os competitivos. Damos as boas-vindas aos clientes para personalizar com desenhos e amostras.<\/p>\n<p><img decoding=\"async\" src=\"https:\/\/images.hzpt.com\/2024\/04\/unit-type-flexo-press-factory.webp\" alt=\"Outros produtos\" \/><\/p>\n<p><h3>Perguntas frequentes<\/h3><\/p>\n<p>P: Esses cilindros hidr\u00e1ulicos s\u00e3o adequados para todos os modelos de caminh\u00f5es basculantes?<\/p>\n<p>R: Esses cilindros hidr\u00e1ulicos s\u00e3o projetados para serem compat\u00edveis com uma ampla gama de modelos de caminh\u00f5es basculantes. No entanto, \u00e9 recomend\u00e1vel verificar as especifica\u00e7\u00f5es e os requisitos do seu modelo espec\u00edfico de caminh\u00e3o basculante.<\/p>\n<p>P: Esses cilindros hidr\u00e1ulicos podem ser usados em condi\u00e7\u00f5es clim\u00e1ticas extremas?<\/p>\n<p>R: Sim, esses cilindros hidr\u00e1ulicos s\u00e3o constru\u00eddos para suportar v\u00e1rias condi\u00e7\u00f5es clim\u00e1ticas. No entanto, \u00e9 sempre aconselh\u00e1vel tomar as devidas precau\u00e7\u00f5es e realizar manuten\u00e7\u00e3o regular para garantir o desempenho ideal.<\/p>\n<p>P: Quanto tempo dura em m\u00e9dia um cilindro hidr\u00e1ulico?<\/p>\n<p>R: A vida \u00fatil de um cilindro hidr\u00e1ulico depende de v\u00e1rios fatores, como uso, manuten\u00e7\u00e3o e condi\u00e7\u00f5es operacionais. Com cuidado e manuten\u00e7\u00e3o adequados, esses cilindros podem durar muitos anos.<\/p>\n<p>P: Posso usar esses cilindros hidr\u00e1ulicos para outras aplica\u00e7\u00f5es al\u00e9m de caminh\u00f5es basculantes?<\/p>\n<p>R: Embora esses cilindros hidr\u00e1ulicos sejam comumente usados em caminh\u00f5es basculantes, eles tamb\u00e9m podem ser utilizados em v\u00e1rias outras aplica\u00e7\u00f5es que exigem capacidades de eleva\u00e7\u00e3o, abaixamento e inclina\u00e7\u00e3o.<\/p>\n<p>P: Voc\u00eas oferecem op\u00e7\u00f5es de personaliza\u00e7\u00e3o para cilindros hidr\u00e1ulicos?<\/p>\n<p>R: Sim, oferecemos op\u00e7\u00f5es de personaliza\u00e7\u00e3o para cilindros hidr\u00e1ulicos. Entre em contato conosco com suas necessidades espec\u00edficas e ficaremos felizes em ajudar.<\/p>","protected":false},"excerpt":{"rendered":"<p>All the content on this page comes from the Internet and is only used as a reference for product selection. Our products are replacement parts rather than original spare parts, and we are not the holder of the original trademark of the content. Our replacement parts can perfectly fit the original spare parts. If you [&hellip;]<\/p>","protected":false},"featured_media":4446,"template":"","meta":{"_et_pb_use_builder":"","_et_pb_old_content":"","_et_gb_content_width":""},"product_brand":[],"product_cat":[11327],"product_tag":[],"class_list":{"0":"post-4447","1":"product","2":"type-product","3":"status-publish","4":"has-post-thumbnail","6":"product_cat-telescopic-hydraulic-cylinder","8":"first","9":"instock","10":"shipping-taxable","11":"product-type-simple"},"_links":{"self":[{"href":"https:\/\/agricultural-gear-boxes.com\/pt\/wp-json\/wp\/v2\/product\/4447","targetHints":{"allow":["GET"]}}],"collection":[{"href":"https:\/\/agricultural-gear-boxes.com\/pt\/wp-json\/wp\/v2\/product"}],"about":[{"href":"https:\/\/agricultural-gear-boxes.com\/pt\/wp-json\/wp\/v2\/types\/product"}],"wp:featuredmedia":[{"embeddable":true,"href":"https:\/\/agricultural-gear-boxes.com\/pt\/wp-json\/wp\/v2\/media\/4446"}],"wp:attachment":[{"href":"https:\/\/agricultural-gear-boxes.com\/pt\/wp-json\/wp\/v2\/media?parent=4447"}],"wp:term":[{"taxonomy":"product_brand","embeddable":true,"href":"https:\/\/agricultural-gear-boxes.com\/pt\/wp-json\/wp\/v2\/product_brand?post=4447"},{"taxonomy":"product_cat","embeddable":true,"href":"https:\/\/agricultural-gear-boxes.com\/pt\/wp-json\/wp\/v2\/product_cat?post=4447"},{"taxonomy":"product_tag","embeddable":true,"href":"https:\/\/agricultural-gear-boxes.com\/pt\/wp-json\/wp\/v2\/product_tag?post=4447"}],"curies":[{"name":"wp","href":"https:\/\/api.w.org\/{rel}","templated":true}]}}