{"id":4451,"date":"2024-09-11T07:34:49","date_gmt":"2024-09-11T07:34:49","guid":{"rendered":"https:\/\/agricultural-gear-boxes.com\/product\/factory-direct-sale-dump-truck-hydraulic-hoist-cylinder-multistage-telescopic-hydraulic-cylinder\/"},"modified":"2024-09-11T07:34:49","modified_gmt":"2024-09-11T07:34:49","slug":"factory-direct-sale-dump-truck-hydraulic-hoist-cylinder-multistage-telescopic-hydraulic-cylinder","status":"publish","type":"product","link":"https:\/\/agricultural-gear-boxes.com\/pt\/product\/factory-direct-sale-dump-truck-hydraulic-hoist-cylinder-multistage-telescopic-hydraulic-cylinder\/","title":{"rendered":"Venda direta da f\u00e1brica Cilindro de eleva\u00e7\u00e3o hidr\u00e1ulica de caminh\u00e3o basculante Cilindro hidr\u00e1ulico telesc\u00f3pico multiest\u00e1gio"},"content":{"rendered":"<p><html><br \/>\n  <body><\/p>\n<h1>Isen\u00e7\u00e3o de responsabilidade<\/h1>\n<p>Todo o conte\u00fado desta p\u00e1gina \u00e9 coletado da internet e \u00e9 usado apenas como refer\u00eancia para sele\u00e7\u00e3o de produtos. Nossos produtos s\u00e3o pe\u00e7as de reposi\u00e7\u00e3o e n\u00e3o s\u00e3o pe\u00e7as de reposi\u00e7\u00e3o originais. N\u00e3o possu\u00edmos a marca registrada do conte\u00fado original. Se voc\u00ea precisar comprar pe\u00e7as de reposi\u00e7\u00e3o originais, entre em contato com o fornecedor original.<\/p>\n<h2>Venda direta da f\u00e1brica Cilindro de eleva\u00e7\u00e3o hidr\u00e1ulica de caminh\u00e3o basculante Cilindro hidr\u00e1ulico telesc\u00f3pico multiest\u00e1gio<\/h2>\n<p>The Factory Direct Sale Dump Truck Hydraulic Hoist Cylinder Multistage Telescopic Hydraulic Cylinder is designed to provide optimum performance for various industries such as Machinery Repair Shops, Farms, Energy &#038; Mining, Machinery Manufacturing, and Machinery Factories. It has a weight of 31 kilograms and is ideal for use in dump trucks, construction machinery, and agricultural equipment. The Hydraulic Hoist Cylinder is crucial for dump trucks and heavy machinery, as it facilitates the smooth lifting and lowering of loads, providing an efficient, safe, and reliable operation.<\/p>\n<p>O Cilindro Hidr\u00e1ulico Telesc\u00f3pico Multiest\u00e1gio de Venda Direta de F\u00e1brica para Caminh\u00e3o Basculante \u00e9 econ\u00f4mico, eficiente, seguro e adapt\u00e1vel. Ele fornece um empuxo m\u00e1ximo de 3000 e uma tra\u00e7\u00e3o m\u00e1xima de 20 toneladas, garantindo um desempenho robusto para opera\u00e7\u00f5es pesadas. O Cilindro Hidr\u00e1ulico opera com o princ\u00edpio de converter energia hidr\u00e1ulica em movimento mec\u00e2nico, alavancando a pot\u00eancia do fluido pressurizado para gerar for\u00e7a e movimento. Este cilindro hidr\u00e1ulico \u00e9 compat\u00edvel com v\u00e1rios tamanhos de furo variando de 2 a 6 polegadas, tamanhos de haste variando de 1,125 a 4 polegadas e tamanhos de curso variando de 4 a 100 polegadas. Ele tamb\u00e9m tem diferentes tamanhos de porta, incluindo G\/SAE\/NPT\/M.<\/p>\n<h3>Cen\u00e1rios de uso comum<\/h3>\n<p>O Cilindro Hidr\u00e1ulico Telesc\u00f3pico Multiest\u00e1gio de Caminh\u00e3o Basculante de Venda Direta de F\u00e1brica \u00e9 comumente usado em m\u00e1quinas pesadas, incluindo caminh\u00f5es basculantes, m\u00e1quinas de constru\u00e7\u00e3o e equipamentos agr\u00edcolas. Ele \u00e9 projetado para fornecer opera\u00e7\u00f5es eficientes, seguras e confi\u00e1veis, permitindo o levantamento e abaixamento suaves de cargas pesadas. O cilindro hidr\u00e1ulico \u00e9 compat\u00edvel com v\u00e1rios tamanhos de furo, tamanhos de haste e tamanhos de curso, tornando-o adapt\u00e1vel a diferentes tipos de m\u00e1quinas.<\/p>\n<p>    <img decoding=\"async\" src=\"https:\/\/img.jiansujichilun.com\/img\/hydrauliccylinders\/T_hydrauliccylinders-5.webp\" alt=\"Cen\u00e1rio de uso do cilindro hidr\u00e1ulico\" \/><\/p>\n<h3>Vantagens e Benef\u00edcios<\/h3>\n<ul>\n<li>Efici\u00eancia de economia de energia<\/li>\n<li>Seguran\u00e7a<\/li>\n<li>Adaptabilidade<\/li>\n<li>Impulso m\u00e1ximo de 3000<\/li>\n<li>Tra\u00e7\u00e3o m\u00e1xima de 20 toneladas<\/li>\n<li>Compat\u00edvel com v\u00e1rios tamanhos de furo, tamanhos de haste e tamanhos de curso<\/li>\n<\/ul>\n<h3>Materiais do produto<\/h3>\n<p>O Cilindro Hidr\u00e1ulico Telesc\u00f3pico Multiest\u00e1gio de Caminh\u00e3o Basculante de Venda Direta da F\u00e1brica \u00e9 feito de materiais de alta qualidade que s\u00e3o dur\u00e1veis e duradouros. Os materiais usados incluem:<\/p>\n<ul>\n<li>A\u00e7o<\/li>\n<li>Alum\u00ednio<\/li>\n<li>Ferro<\/li>\n<li>Outros materiais de alta resist\u00eancia<\/li>\n<\/ul>\n<h3>Instala\u00e7\u00e3o, Manuten\u00e7\u00e3o e Reparo<\/h3>\n<p>O cilindro hidr\u00e1ulico telesc\u00f3pico multiest\u00e1gio do caminh\u00e3o basculante de venda direta da f\u00e1brica deve ser instalado por um profissional com experi\u00eancia em sistemas hidr\u00e1ulicos. \u00c9 necess\u00e1ria manuten\u00e7\u00e3o regular para garantir que o cilindro hidr\u00e1ulico opere de forma suave e eficiente. O reparo deve ser feito por um profissional com experi\u00eancia em sistemas hidr\u00e1ulicos para evitar maiores danos ao cilindro.<\/p>\n<p>Se o Cilindro Hidr\u00e1ulico Telesc\u00f3pico Multiest\u00e1gio do Caminh\u00e3o Basculante de Venda Direta da F\u00e1brica precisar ser substitu\u00eddo, ele deve ser substitu\u00eddo com as mesmas especifica\u00e7\u00f5es do cilindro original. Consulte o fornecedor original para especifica\u00e7\u00f5es e instru\u00e7\u00f5es de instala\u00e7\u00e3o.<\/p>\n<h2>Outros produtos<\/h2>\n<p>N\u00f3s fornecemos principalmente v\u00e1rias engrenagens de pl\u00e1stico para uso industrial, como caixas de engrenagens agr\u00edcolas, eixos de sa\u00edda de pot\u00eancia, rodas dentadas, acoplamentos hidr\u00e1ulicos, redutores de engrenagem sem-fim, cremalheiras de engrenagens, correntes remov\u00edveis, polias e polias, caixas de engrenagens planet\u00e1rias, polias de sincroniza\u00e7\u00e3o, buchas, etc. Nossos produtos s\u00e3o de alta qualidade e com pre\u00e7os competitivos. Damos as boas-vindas aos clientes para personalizar com desenhos e amostras.<\/p>\n<p>    <img decoding=\"async\" src=\"https:\/\/images.hzpt.com\/2024\/04\/unit-type-flexo-press-factory.webp\" alt=\"Produtos da empresa\" \/><\/p>\n<h2>Perguntas frequentes<\/h2>\n<h3>P: Seus produtos s\u00e3o pe\u00e7as de reposi\u00e7\u00e3o originais?<\/h3>\n<p>R: Nossos produtos s\u00e3o pe\u00e7as de reposi\u00e7\u00e3o e n\u00e3o pe\u00e7as de reposi\u00e7\u00e3o originais.<\/p>\n<h3>P: Quais s\u00e3o os cen\u00e1rios de uso comuns para o Cilindro Hidr\u00e1ulico Telesc\u00f3pico Multiest\u00e1gio para Caminh\u00e3o Basculante de Venda Direta da F\u00e1brica?<\/h3>\n<p>R: O cilindro hidr\u00e1ulico \u00e9 comumente usado em m\u00e1quinas pesadas, incluindo caminh\u00f5es basculantes, m\u00e1quinas de constru\u00e7\u00e3o e equipamentos agr\u00edcolas. Ele \u00e9 projetado para fornecer opera\u00e7\u00f5es eficientes, seguras e confi\u00e1veis, permitindo o levantamento e abaixamento suaves de cargas pesadas.<\/p>\n<h3>P: Quais s\u00e3o as caracter\u00edsticas exclusivas do Cilindro Hidr\u00e1ulico Telesc\u00f3pico Multiest\u00e1gio para Caminh\u00e3o Basculante de Venda Direta da F\u00e1brica?<\/h3>\n<p>A: O cilindro hidr\u00e1ulico economiza energia, \u00e9 eficiente, seguro e adapt\u00e1vel. Ele fornece um empuxo m\u00e1ximo de 3000 e uma tra\u00e7\u00e3o m\u00e1xima de 20 toneladas, garantindo um desempenho robusto para opera\u00e7\u00f5es pesadas.<\/p>\n<h3>P: Quais materiais s\u00e3o usados para fazer o Cilindro Hidr\u00e1ulico Telesc\u00f3pico Multiest\u00e1gio para Caminh\u00e3o Basculante de Venda Direta da F\u00e1brica?<\/h3>\n<p>A: O cilindro hidr\u00e1ulico \u00e9 feito de materiais de alta qualidade que s\u00e3o dur\u00e1veis e duradouros. Os materiais usados incluem a\u00e7o, alum\u00ednio, ferro e outros materiais de alta resist\u00eancia.<\/p>\n<h3>P: Como o cilindro hidr\u00e1ulico telesc\u00f3pico multiest\u00e1gio para guincho de caminh\u00e3o basculante de venda direta da f\u00e1brica deve ser instalado e mantido?<\/h3>\n<p>R: O cilindro hidr\u00e1ulico deve ser instalado por um profissional com experi\u00eancia em sistemas hidr\u00e1ulicos. Manuten\u00e7\u00e3o regular \u00e9 necess\u00e1ria para garantir que o cilindro hidr\u00e1ulico opere de forma suave e eficiente.<\/p>\n<h3>P: O que devo fazer se o cilindro hidr\u00e1ulico telesc\u00f3pico multiest\u00e1gio do guincho hidr\u00e1ulico de caminh\u00e3o basculante de venda direta da f\u00e1brica precisar ser substitu\u00eddo?<\/h3>\n<p>R: Se o cilindro hidr\u00e1ulico precisar ser substitu\u00eddo, ele deve ser substitu\u00eddo com as mesmas especifica\u00e7\u00f5es do cilindro original. Consulte o fornecedor original para especifica\u00e7\u00f5es e instru\u00e7\u00f5es de instala\u00e7\u00e3o.<\/p>\n<p>  <\/body><br \/>\n<\/html><\/p>","protected":false},"excerpt":{"rendered":"<p>Disclaimer All the content on this page is gathered from the internet and is only used as a reference for product selection. Our products are replacement parts and are not original spare parts. We do not hold the trademark of the original content. If you need to purchase original spare parts, please contact the original [&hellip;]<\/p>","protected":false},"featured_media":4450,"template":"","meta":{"_et_pb_use_builder":"","_et_pb_old_content":"","_et_gb_content_width":""},"product_brand":[],"product_cat":[11327],"product_tag":[],"class_list":{"0":"post-4451","1":"product","2":"type-product","3":"status-publish","4":"has-post-thumbnail","6":"product_cat-telescopic-hydraulic-cylinder","8":"first","9":"instock","10":"shipping-taxable","11":"product-type-simple"},"_links":{"self":[{"href":"https:\/\/agricultural-gear-boxes.com\/pt\/wp-json\/wp\/v2\/product\/4451","targetHints":{"allow":["GET"]}}],"collection":[{"href":"https:\/\/agricultural-gear-boxes.com\/pt\/wp-json\/wp\/v2\/product"}],"about":[{"href":"https:\/\/agricultural-gear-boxes.com\/pt\/wp-json\/wp\/v2\/types\/product"}],"wp:featuredmedia":[{"embeddable":true,"href":"https:\/\/agricultural-gear-boxes.com\/pt\/wp-json\/wp\/v2\/media\/4450"}],"wp:attachment":[{"href":"https:\/\/agricultural-gear-boxes.com\/pt\/wp-json\/wp\/v2\/media?parent=4451"}],"wp:term":[{"taxonomy":"product_brand","embeddable":true,"href":"https:\/\/agricultural-gear-boxes.com\/pt\/wp-json\/wp\/v2\/product_brand?post=4451"},{"taxonomy":"product_cat","embeddable":true,"href":"https:\/\/agricultural-gear-boxes.com\/pt\/wp-json\/wp\/v2\/product_cat?post=4451"},{"taxonomy":"product_tag","embeddable":true,"href":"https:\/\/agricultural-gear-boxes.com\/pt\/wp-json\/wp\/v2\/product_tag?post=4451"}],"curies":[{"name":"wp","href":"https:\/\/api.w.org\/{rel}","templated":true}]}}