{"id":4461,"date":"2024-09-11T07:34:55","date_gmt":"2024-09-11T07:34:55","guid":{"rendered":"https:\/\/agricultural-gear-boxes.com\/product\/professional-5-stage-telescopic-dump-truck-hydraulic-cylinder-multistage-hydraulic-cylinder\/"},"modified":"2024-09-11T07:34:55","modified_gmt":"2024-09-11T07:34:55","slug":"professional-5-stage-telescopic-dump-truck-hydraulic-cylinder-multistage-hydraulic-cylinder","status":"publish","type":"product","link":"https:\/\/agricultural-gear-boxes.com\/pt\/product\/professional-5-stage-telescopic-dump-truck-hydraulic-cylinder-multistage-hydraulic-cylinder\/","title":{"rendered":"Cilindro hidr\u00e1ulico profissional de caminh\u00e3o basculante telesc\u00f3pico de 5 est\u00e1gios Cilindro hidr\u00e1ulico multiest\u00e1gio"},"content":{"rendered":"<p>Todo o conte\u00fado desta p\u00e1gina vem da Internet e \u00e9 usado apenas como refer\u00eancia para sele\u00e7\u00e3o de produtos. Nossos produtos s\u00e3o pe\u00e7as de reposi\u00e7\u00e3o, em vez de pe\u00e7as de reposi\u00e7\u00e3o originais. N\u00e3o somos detentores da marca registrada original do conte\u00fado. Nossas pe\u00e7as de reposi\u00e7\u00e3o podem se encaixar perfeitamente nas pe\u00e7as de reposi\u00e7\u00e3o originais. Se voc\u00ea precisar comprar pe\u00e7as de reposi\u00e7\u00e3o originais, entre em contato com o fornecedor original para comprar.<\/p>\n<h2>Cilindro hidr\u00e1ulico profissional de caminh\u00e3o basculante telesc\u00f3pico de 5 est\u00e1gios<\/h2>\n<p>O cilindro hidr\u00e1ulico do Caminh\u00e3o Basculante Telesc\u00f3pico Profissional de 5 Est\u00e1gios \u00e9 um cilindro hidr\u00e1ulico multiest\u00e1gios que \u00e9 habilmente projetado e fabricado. \u00c9 adequado para uma variedade de aplica\u00e7\u00f5es industriais, como oficinas de reparo de m\u00e1quinas, agricultura, energia e minera\u00e7\u00e3o, fabrica\u00e7\u00e3o de m\u00e1quinas e f\u00e1bricas.<\/p>\n<p><img decoding=\"async\" src=\"https:\/\/img.jiansujichilun.com\/img\/hydrauliccylinders\/T_hydrauliccylinders-5.webp\" alt=\"Imagem do Cilindro Hidr\u00e1ulico Telesc\u00f3pico\" \/><\/p>\n<h3>Cen\u00e1rios de uso<\/h3>\n<p>O cilindro hidr\u00e1ulico profissional para caminh\u00e3o basculante telesc\u00f3pico de 5 est\u00e1gios \u00e9 comumente usado nos seguintes cen\u00e1rios:<\/p>\n<ul>\n<li>Oficinas de repara\u00e7\u00e3o de m\u00e1quinas pesadas<\/li>\n<li>Fazendas e aplica\u00e7\u00f5es agr\u00edcolas<\/li>\n<li>Ind\u00fastrias de energia e minera\u00e7\u00e3o<\/li>\n<li>Fabrica\u00e7\u00e3o de m\u00e1quinas<\/li>\n<li>F\u00e1bricas e instala\u00e7\u00f5es industriais<\/li>\n<\/ul>\n<p>This hydraulic cylinder is highly versatile and can be easily integrated into various heavy-duty machinery and equipment. It is designed to provide reliable and efficient performance in demanding working conditions. The cylinder&#8217;s sturdy steel body ensures durability and longevity, even in rugged environments.<\/p>\n<h3>Especifica\u00e7\u00f5es do produto<\/h3>\n<ul>\n<li><b>Hist\u00f3ria:<\/b> O cilindro hidr\u00e1ulico profissional para caminh\u00e3o basculante telesc\u00f3pico de 5 est\u00e1gios tem uma longa hist\u00f3ria de aplica\u00e7\u00f5es bem-sucedidas em v\u00e1rios setores.<\/li>\n<li><b>Classifica\u00e7\u00e3o:<\/b> Este cilindro hidr\u00e1ulico se enquadra na categoria de cilindros hidr\u00e1ulicos multiest\u00e1gios.<\/li>\n<li><b>Vantagens:<\/b>\n<ul>\n<li>Design com efici\u00eancia energ\u00e9tica<\/li>\n<li>Compacto, mas poderoso<\/li>\n<li>Opera\u00e7\u00e3o confi\u00e1vel e segura<\/li>\n<\/ul>\n<\/li>\n<li><b>Materiais utiliz\u00e1veis:<\/b> O cilindro hidr\u00e1ulico \u00e9 constru\u00eddo com a\u00e7o de alta qualidade e outros materiais dur\u00e1veis para garantir desempenho e longevidade ideais.<\/li>\n<li><b>Instala\u00e7\u00e3o, manuten\u00e7\u00e3o e reparo:<\/b> Proper installation and regular maintenance are essential for optimal performance. In case of any repairs, it is recommended to consult the manufacturer&#8217;s guidelines or seek professional assistance.<\/li>\n<li><b>Substitui\u00e7\u00e3o:<\/b> When replacing the hydraulic cylinder, ensure compatibility with the specific machinery and follow the manufacturer&#8217;s instructions for a seamless replacement process.<\/li>\n<\/ul>\n<h2>Outros neg\u00f3cios de produtos da empresa<\/h2>\n<p>Al\u00e9m do cilindro hidr\u00e1ulico do Caminh\u00e3o Basculante Telesc\u00f3pico Profissional de 5 Est\u00e1gios, nossa empresa \u00e9 especializada no fornecimento de v\u00e1rias engrenagens de pl\u00e1stico para uso industrial. Nossa linha de produtos inclui caixas de engrenagens agr\u00edcolas, eixos de sa\u00edda de pot\u00eancia, rodas dentadas, acoplamentos hidr\u00e1ulicos, redutores de engrenagem sem-fim, cremalheiras de engrenagens, correntes remov\u00edveis, polias e polias, caixas de engrenagens planet\u00e1rias, polias de sincroniza\u00e7\u00e3o, buchas e muito mais.<\/p>\n<p><img decoding=\"async\" src=\"https:\/\/images.hzpt.com\/2024\/04\/unit-type-flexo-press-factory.webp\" alt=\"Imagem de outros neg\u00f3cios de produtos da empresa\" \/><\/p>\n<p>Temos orgulho em oferecer produtos de alta qualidade, pre\u00e7os competitivos e excelente atendimento ao cliente. Nossos produtos s\u00e3o personaliz\u00e1veis com base em suas necessidades espec\u00edficas, e aceitamos consultas e pedidos com base em desenhos e amostras.<\/p>\n<h2>Perguntas frequentes<\/h2>\n<ol>\n<li><b>P: Qual \u00e9 o prazo de entrega do cilindro hidr\u00e1ulico do caminh\u00e3o basculante telesc\u00f3pico profissional de 5 est\u00e1gios?<\/b><br \/>R: O prazo geral de entrega \u00e9 de 25 a 35 dias.<\/li>\n<li><b>P: Voc\u00eas fornecem amostras?<\/b><br \/>R: Sim, fornecemos amostras, mas elas n\u00e3o s\u00e3o gratuitas.<\/li>\n<li><b>P: O cilindro hidr\u00e1ulico do caminh\u00e3o basculante telesc\u00f3pico profissional de 5 est\u00e1gios pode ser personalizado?<\/b><br \/>R: Sim, pode ser personalizado de acordo com suas amostras ou desenhos t\u00e9cnicos. Podemos construir os moldes e fixa\u00e7\u00f5es.<\/li>\n<li><b>P: Como o cilindro hidr\u00e1ulico deve ser instalado e mantido?<\/b><br \/>A: Proper installation and regular maintenance are crucial for optimal performance. Please refer to the manufacturer&#8217;s guidelines for detailed instructions.<\/li>\n<li><b>P: Como substituir o cilindro hidr\u00e1ulico do caminh\u00e3o basculante telesc\u00f3pico profissional de 5 est\u00e1gios?<\/b><br \/>A: When replacing the hydraulic cylinder, ensure compatibility with the specific machinery and follow the manufacturer&#8217;s instructions for a seamless replacement process.<\/li>\n<\/ol>","protected":false},"excerpt":{"rendered":"<p>All the content on this page comes from the Internet and is only used as a reference for product selection. Our products are replacement parts rather than original spare parts. We are not the holder of the original trademark of the content. Our replacement parts can perfectly fit the original spare parts. If you need [&hellip;]<\/p>","protected":false},"featured_media":4460,"template":"","meta":{"_et_pb_use_builder":"","_et_pb_old_content":"","_et_gb_content_width":""},"product_brand":[],"product_cat":[11327],"product_tag":[],"class_list":{"0":"post-4461","1":"product","2":"type-product","3":"status-publish","4":"has-post-thumbnail","6":"product_cat-telescopic-hydraulic-cylinder","8":"first","9":"instock","10":"shipping-taxable","11":"product-type-simple"},"_links":{"self":[{"href":"https:\/\/agricultural-gear-boxes.com\/pt\/wp-json\/wp\/v2\/product\/4461","targetHints":{"allow":["GET"]}}],"collection":[{"href":"https:\/\/agricultural-gear-boxes.com\/pt\/wp-json\/wp\/v2\/product"}],"about":[{"href":"https:\/\/agricultural-gear-boxes.com\/pt\/wp-json\/wp\/v2\/types\/product"}],"wp:featuredmedia":[{"embeddable":true,"href":"https:\/\/agricultural-gear-boxes.com\/pt\/wp-json\/wp\/v2\/media\/4460"}],"wp:attachment":[{"href":"https:\/\/agricultural-gear-boxes.com\/pt\/wp-json\/wp\/v2\/media?parent=4461"}],"wp:term":[{"taxonomy":"product_brand","embeddable":true,"href":"https:\/\/agricultural-gear-boxes.com\/pt\/wp-json\/wp\/v2\/product_brand?post=4461"},{"taxonomy":"product_cat","embeddable":true,"href":"https:\/\/agricultural-gear-boxes.com\/pt\/wp-json\/wp\/v2\/product_cat?post=4461"},{"taxonomy":"product_tag","embeddable":true,"href":"https:\/\/agricultural-gear-boxes.com\/pt\/wp-json\/wp\/v2\/product_tag?post=4461"}],"curies":[{"name":"wp","href":"https:\/\/api.w.org\/{rel}","templated":true}]}}