{"id":4463,"date":"2024-09-11T07:34:56","date_gmt":"2024-09-11T07:34:56","guid":{"rendered":"https:\/\/agricultural-gear-boxes.com\/product\/factory-serving-small-dump-truck-hydraulic-hoist-cylinder-multistage-hydraulic-cylinder\/"},"modified":"2024-09-11T07:34:56","modified_gmt":"2024-09-11T07:34:56","slug":"factory-serving-small-dump-truck-hydraulic-hoist-cylinder-multistage-hydraulic-cylinder","status":"publish","type":"product","link":"https:\/\/agricultural-gear-boxes.com\/pt\/product\/factory-serving-small-dump-truck-hydraulic-hoist-cylinder-multistage-hydraulic-cylinder\/","title":{"rendered":"F\u00e1brica que atende a pequenos caminh\u00f5es basculantes Cilindro hidr\u00e1ulico de eleva\u00e7\u00e3o Cilindro hidr\u00e1ulico multiest\u00e1gio"},"content":{"rendered":"<p><!DOCTYPE html><br \/>\n<html><br \/>\n<body><\/p>\n<h2>F\u00e1brica que atende a pequenos caminh\u00f5es basculantes Cilindro hidr\u00e1ulico de eleva\u00e7\u00e3o Cilindro hidr\u00e1ulico multiest\u00e1gio<\/h2>\n<p>Todo o conte\u00fado desta p\u00e1gina \u00e9 da internet, e o conte\u00fado \u00e9 usado apenas como refer\u00eancia para sele\u00e7\u00e3o de produtos. Nossos produtos s\u00e3o pe\u00e7as de reposi\u00e7\u00e3o em vez de pe\u00e7as de reposi\u00e7\u00e3o originais. N\u00e3o somos detentores da marca registrada original do conte\u00fado. Nossas pe\u00e7as de reposi\u00e7\u00e3o podem se encaixar perfeitamente nas pe\u00e7as de reposi\u00e7\u00e3o originais; se voc\u00ea precisar comprar pe\u00e7as de reposi\u00e7\u00e3o originais, entre em contato com a f\u00e1brica original para comprar. Se voc\u00ea precisar comprar pe\u00e7as de reposi\u00e7\u00e3o originais, entre em contato com o fornecedor original para comprar.<\/p>\n<h2>Apresentando o cilindro hidr\u00e1ulico multiest\u00e1gio dur\u00e1vel e robusto<\/h2>\n<p>O cilindro hidr\u00e1ulico multiest\u00e1gio \u00e9 projetado para pequenos caminh\u00f5es basculantes e \u00e9 ideal para oficinas de reparo de m\u00e1quinas, fazendas, energia e minera\u00e7\u00e3o, fabrica\u00e7\u00e3o de m\u00e1quinas e f\u00e1bricas de m\u00e1quinas. Ele \u00e9 constru\u00eddo para durabilidade com seu corpo de a\u00e7o robusto e pode suportar empuxo m\u00e1ximo de 3000 e tra\u00e7\u00e3o m\u00e1xima de 20 toneladas. Este cilindro hidr\u00e1ulico vem com garantia de um ano e \u00e9 certificado pela ISO9001:2000, garantindo sua alta qualidade e confiabilidade.<\/p>\n<p><img decoding=\"async\" src=\"https:\/\/img.jiansujichilun.com\/img\/hydrauliccylinders\/T_hydrauliccylinders-5.webp\" alt=\"Cilindro Hidr\u00e1ulico Multiest\u00e1gio\" \/><\/p>\n<h3>Cen\u00e1rios de uso<\/h3>\n<p>Our multistage hydraulic cylinder is versatile and can be used across various industries for different applications. It&#8217;s specifically designed for small dump trucks, making it an essential tool for these industries. Besides, this hydraulic cylinder is also applicable to other industries such as machinery repair shops, farms, energy and mining, machinery manufacturing, and machinery factories.<\/p>\n<h3>Vantagens do produto<\/h3>\n<ul>\n<li>Alta qualidade e confiabilidade<\/li>\n<li>Corpo de a\u00e7o dur\u00e1vel e robusto<\/li>\n<li>Empuxo m\u00e1ximo de 3000 e tra\u00e7\u00e3o m\u00e1xima de 20 toneladas<\/li>\n<li>Certificado ISO9001:2000<\/li>\n<li>Garantia de um ano<\/li>\n<li>Compat\u00edvel com G\/SAE\/NPT\/M<\/li>\n<\/ul>\n<h3>Classifica\u00e7\u00e3o do produto<\/h3>\n<p>O cilindro hidr\u00e1ulico multiest\u00e1gio \u00e9 um tipo de atuador de cilindro hidr\u00e1ulico com uma estrutura de cilindro de \u00eambolo para funcionalidade ideal. Ele opera no princ\u00edpio de converter energia hidr\u00e1ulica em movimento mec\u00e2nico. A press\u00e3o exercida no fluido hidr\u00e1ulico no cilindro cria uma for\u00e7a que move o pist\u00e3o. O movimento do pist\u00e3o, por sua vez, gera o movimento mec\u00e2nico.<\/p>\n<h3>Materiais do produto<\/h3>\n<p>O cilindro hidr\u00e1ulico multiest\u00e1gio consiste em um corpo de a\u00e7o robusto, um mancal e componentes centrais do cilindro hidr\u00e1ulico. Essas pe\u00e7as s\u00e3o feitas de materiais de alta qualidade que garantem durabilidade e desempenho de longa dura\u00e7\u00e3o.<\/p>\n<h3>Instala\u00e7\u00e3o, Manuten\u00e7\u00e3o e Reparo<\/h3>\n<p>O cilindro hidr\u00e1ulico multiest\u00e1gio \u00e9 f\u00e1cil de instalar, usar e manter. A manuten\u00e7\u00e3o regular \u00e9 essencial para garantir desempenho e durabilidade ideais. Para reparo, entre em contato com nosso servi\u00e7o de atendimento ao cliente para obter assist\u00eancia profissional.<\/p>\n<h3>Instru\u00e7\u00f5es de substitui\u00e7\u00e3o<\/h3>\n<p>Nossas pe\u00e7as de reposi\u00e7\u00e3o s\u00e3o projetadas para se encaixar perfeitamente nas pe\u00e7as de reposi\u00e7\u00e3o originais do cilindro hidr\u00e1ulico multiest\u00e1gio. A substitui\u00e7\u00e3o \u00e9 f\u00e1cil e direta, e nossa equipe de atendimento ao cliente est\u00e1 sempre dispon\u00edvel para fornecer assist\u00eancia profissional.<\/p>\n<h2>Sobre nossa empresa<\/h2>\n<p>Somos um fabricante e exportador l\u00edder de pe\u00e7as de reposi\u00e7\u00e3o industriais, incluindo cilindros hidr\u00e1ulicos e unidades de pot\u00eancia, engrenagens de pl\u00e1stico, caixas de engrenagens agr\u00edcolas, eixos de sa\u00edda de pot\u00eancia, rodas dentadas, acoplamentos hidr\u00e1ulicos, redutores de engrenagem sem-fim, cremalheiras de engrenagens, correntes remov\u00edveis, polias e polias, caixas de engrenagens planet\u00e1rias, polias de sincroniza\u00e7\u00e3o, buchas e outros produtos. Nossos produtos s\u00e3o projetados com materiais de alta qualidade e tecnologia avan\u00e7ada, garantindo excelente desempenho e durabilidade. Estamos comprometidos em fornecer aos nossos clientes produtos de alta qualidade a pre\u00e7os competitivos e servi\u00e7o de primeira linha. Damos as boas-vindas aos clientes para personalizar com desenhos e amostras para atender \u00e0s suas necessidades espec\u00edficas.<\/p>\n<p><img decoding=\"async\" src=\"https:\/\/images.hzpt.com\/2024\/04\/unit-type-flexo-press-factory.webp\" alt=\"Outros neg\u00f3cios de produtos da empresa\" \/><\/p>\n<h2>Perguntas frequentes<\/h2>\n<p><strong>P: Voc\u00ea \u00e9 uma empresa comercial ou fabricante?<\/strong><\/p>\n<p>R: Somos um fabricante.<\/p>\n<p><strong>P: Quanto tempo demora a entrega?<\/strong><\/p>\n<p>R: Geralmente, s\u00e3o de 25 a 35 dias.<\/p>\n<p><strong>P: Voc\u00eas fornecem amostras? \u00c9 gr\u00e1tis ou extra?<\/strong><\/p>\n<p>R: Sim, oferecemos amostras, mas elas n\u00e3o s\u00e3o gratuitas.<\/p>\n<p><strong>P: Quais ind\u00fastrias podem usar o cilindro hidr\u00e1ulico multiest\u00e1gio?<\/strong><\/p>\n<p>A: Nosso cilindro hidr\u00e1ulico multiest\u00e1gio \u00e9 aplic\u00e1vel em v\u00e1rias ind\u00fastrias, incluindo oficinas de reparo de m\u00e1quinas, fazendas, energia e minera\u00e7\u00e3o, fabrica\u00e7\u00e3o de m\u00e1quinas e f\u00e1bricas de m\u00e1quinas. Al\u00e9m disso, ele \u00e9 projetado especificamente para pequenos caminh\u00f5es basculantes, tornando-o uma ferramenta essencial para essas ind\u00fastrias.<\/p>\n<p><strong>P: Qual \u00e9 a vantagem da estrutura do cilindro de \u00eambolo?<\/strong><\/p>\n<p>R: A estrutura do cilindro do \u00eambolo garante funcionalidade ideal e alto desempenho do cilindro hidr\u00e1ulico multiest\u00e1gio.<\/p>\n<p><\/body><br \/>\n<\/html><\/p>","protected":false},"excerpt":{"rendered":"<p>Factory Serving Small Dump Truck Hydraulic Hoist Cylinder Multistage Hydraulic Cylinder All content on this page is from the internet, and the content is only used as a reference for product selection. Our products are replacement parts rather than original spare parts. We are not the holder of the original trademark of the content. Our [&hellip;]<\/p>","protected":false},"featured_media":4462,"template":"","meta":{"_et_pb_use_builder":"","_et_pb_old_content":"","_et_gb_content_width":""},"product_brand":[],"product_cat":[11327],"product_tag":[],"class_list":{"0":"post-4463","1":"product","2":"type-product","3":"status-publish","4":"has-post-thumbnail","6":"product_cat-telescopic-hydraulic-cylinder","8":"first","9":"instock","10":"shipping-taxable","11":"product-type-simple"},"_links":{"self":[{"href":"https:\/\/agricultural-gear-boxes.com\/pt\/wp-json\/wp\/v2\/product\/4463","targetHints":{"allow":["GET"]}}],"collection":[{"href":"https:\/\/agricultural-gear-boxes.com\/pt\/wp-json\/wp\/v2\/product"}],"about":[{"href":"https:\/\/agricultural-gear-boxes.com\/pt\/wp-json\/wp\/v2\/types\/product"}],"wp:featuredmedia":[{"embeddable":true,"href":"https:\/\/agricultural-gear-boxes.com\/pt\/wp-json\/wp\/v2\/media\/4462"}],"wp:attachment":[{"href":"https:\/\/agricultural-gear-boxes.com\/pt\/wp-json\/wp\/v2\/media?parent=4463"}],"wp:term":[{"taxonomy":"product_brand","embeddable":true,"href":"https:\/\/agricultural-gear-boxes.com\/pt\/wp-json\/wp\/v2\/product_brand?post=4463"},{"taxonomy":"product_cat","embeddable":true,"href":"https:\/\/agricultural-gear-boxes.com\/pt\/wp-json\/wp\/v2\/product_cat?post=4463"},{"taxonomy":"product_tag","embeddable":true,"href":"https:\/\/agricultural-gear-boxes.com\/pt\/wp-json\/wp\/v2\/product_tag?post=4463"}],"curies":[{"name":"wp","href":"https:\/\/api.w.org\/{rel}","templated":true}]}}