{"id":4465,"date":"2024-09-11T07:34:57","date_gmt":"2024-09-11T07:34:57","guid":{"rendered":"https:\/\/agricultural-gear-boxes.com\/product\/quality-manufacturing-2-stage-hydraulic-cylinder-telescopic-hydraulic-cylinder-for-sale\/"},"modified":"2024-09-11T07:34:57","modified_gmt":"2024-09-11T07:34:57","slug":"quality-manufacturing-2-stage-hydraulic-cylinder-telescopic-hydraulic-cylinder-for-sale","status":"publish","type":"product","link":"https:\/\/agricultural-gear-boxes.com\/pt\/product\/quality-manufacturing-2-stage-hydraulic-cylinder-telescopic-hydraulic-cylinder-for-sale\/","title":{"rendered":"Cilindro hidr\u00e1ulico telesc\u00f3pico de 2 est\u00e1gios de fabrica\u00e7\u00e3o de qualidade para venda"},"content":{"rendered":"<p>Todo o conte\u00fado desta p\u00e1gina vem da Internet, e o conte\u00fado \u00e9 usado apenas como refer\u00eancia para sele\u00e7\u00e3o de produtos. Nossos produtos s\u00e3o pe\u00e7as de reposi\u00e7\u00e3o em vez de pe\u00e7as de reposi\u00e7\u00e3o originais; n\u00e3o somos detentores da marca registrada original do conte\u00fado. Nossos produtos s\u00e3o adequados apenas para pe\u00e7as de reposi\u00e7\u00e3o p\u00f3s-venda em vez de pe\u00e7as de reposi\u00e7\u00e3o originais. Nossas pe\u00e7as de reposi\u00e7\u00e3o podem se encaixar perfeitamente nas pe\u00e7as de reposi\u00e7\u00e3o originais; se voc\u00ea precisar comprar pe\u00e7as de reposi\u00e7\u00e3o originais, entre em contato com o fornecedor original para comprar.<\/p>\n<h2>Fabrica\u00e7\u00e3o de qualidade Cilindro hidr\u00e1ulico de 2 est\u00e1gios Cilindro hidr\u00e1ulico telesc\u00f3pico para venda e suas aplica\u00e7\u00f5es<\/h2>\n<p>Our two-stage hydraulic cylinder is designed with top-notch, high-quality manufacturing standards and is a telescopic hydraulic cylinder that serves a vital role in numerous industries. It is commonly used in machinery repair shops, farms, energy &#038; mining, machinery manufacturing, and machinery factories. The hydraulic cylinder is built with core components like bearings and hydraulic cylinders. It comes with a one-year warranty and is designed to be a standard, plunger cylinder. It uses hydraulic power and has a steel body. This multistage hydraulic cylinder can exert a maximum thrust of 3000 and pull a maximum weight of 20 tons.<\/p>\n<p><img decoding=\"async\" src=\"https:\/\/img.jiansujichilun.com\/img\/hydrauliccylinders\/T_hydrauliccylinders-5.webp\" alt=\"Cen\u00e1rio de uso do cilindro hidr\u00e1ulico\" \/><\/p>\n<h3>Vantagens<\/h3>\n<ul>\n<li>Eficiente em termos energ\u00e9ticos e altamente eficiente<\/li>\n<li>Certifica\u00e7\u00e3o ISO9001:2000, garantindo sua qualidade e confiabilidade<\/li>\n<li>Projetado com caracter\u00edsticas e vantagens \u00fanicas para garantir desempenho ideal<\/li>\n<\/ul>\n<h3>Materiais de produtos utiliz\u00e1veis<\/h3>\n<ul>\n<li>Componentes principais como rolamentos e cilindros hidr\u00e1ulicos<\/li>\n<li>Corpo de a\u00e7o<\/li>\n<\/ul>\n<h3>Instala\u00e7\u00e3o, Manuten\u00e7\u00e3o e Reparo<\/h3>\n<p>A instala\u00e7\u00e3o do cilindro hidr\u00e1ulico de 2 est\u00e1gios \u00e9 direta e a manuten\u00e7\u00e3o \u00e9 simples. Para garantir o desempenho ideal, \u00e9 recomend\u00e1vel substituir as veda\u00e7\u00f5es e o fluido regularmente. Se voc\u00ea tiver algum problema com o cilindro, ele pode ser reparado substituindo os componentes danificados.<\/p>\n<h3>Como substituir o produto<\/h3>\n<p>Para substituir o cilindro hidr\u00e1ulico de dois est\u00e1gios, primeiro, certifique-se de que o sistema esteja despressurizado. Em seguida, remova o hardware de montagem e remova cuidadosamente o cilindro antigo. Por fim, instale o novo cilindro e reconecte o hardware de montagem.<\/p>\n<h3>Hist\u00f3ria e Classifica\u00e7\u00e3o<\/h3>\n<p>O cilindro hidr\u00e1ulico tem uma longa hist\u00f3ria e tem sido usado em v\u00e1rias ind\u00fastrias por mais de um s\u00e9culo. Ele \u00e9 classificado com base no n\u00famero de est\u00e1gios, tamanho do furo, tamanho da haste, tamanho do curso e tamanho do pino.<\/p>\n<h2>Outros produtos que oferecemos<\/h2>\n<p>N\u00f3s fornecemos principalmente v\u00e1rias engrenagens de pl\u00e1stico para uso industrial, como caixas de engrenagens agr\u00edcolas, eixos de sa\u00edda de pot\u00eancia, rodas dentadas, acoplamentos hidr\u00e1ulicos, redutores de engrenagem sem-fim, cremalheiras de engrenagens, correntes remov\u00edveis, polias e polias, caixas de engrenagens planet\u00e1rias, polias de sincroniza\u00e7\u00e3o, buchas, etc. Nossos produtos s\u00e3o de alta qualidade e os oferecemos a pre\u00e7os preferenciais com servi\u00e7os atenciosos. Damos as boas-vindas aos clientes para personalizar com desenhos e amostras.<\/p>\n<p><img decoding=\"async\" src=\"https:\/\/images.hzpt.com\/2024\/04\/unit-type-flexo-press-factory.webp\" alt=\"Outros neg\u00f3cios de produtos da empresa\" \/><\/p>\n<h2>Perguntas frequentes<\/h2>\n<p><b>P: Quais ind\u00fastrias normalmente usam o cilindro hidr\u00e1ulico de dois est\u00e1gios?<\/b><br \/>A: The two-stage hydraulic cylinder is commonly used in machinery repair shops, farms, energy &#038; mining, machinery manufacturing, and machinery factories.<\/p>\n<p><b>P: Qual \u00e9 o empuxo e o peso m\u00e1ximos que o cilindro hidr\u00e1ulico de dois est\u00e1gios pode exercer?<\/b><br \/>R: O cilindro hidr\u00e1ulico de dois est\u00e1gios pode exercer um empuxo m\u00e1ximo de 3.000 e puxar um peso m\u00e1ximo de 20 toneladas.<\/p>\n<p><b>P: Quais s\u00e3o as vantagens do cilindro hidr\u00e1ulico de dois est\u00e1gios?<\/b><br \/>A: The two-stage hydraulic cylinder is energy-efficient, highly efficient, and ISO9001:2000 certified, guaranteeing its quality and reliability. It&#8217;s also designed with unique features and advantages to ensure optimal performance.<\/p>\n<p><b>P: De que materiais \u00e9 feito o cilindro hidr\u00e1ulico de dois est\u00e1gios?<\/b><br \/>R: O cilindro hidr\u00e1ulico de dois est\u00e1gios \u00e9 constru\u00eddo com componentes principais, como rolamentos e cilindros hidr\u00e1ulicos, e tem um corpo de a\u00e7o.<\/p>\n<p><b>P: Como fa\u00e7o para substituir o cilindro hidr\u00e1ulico de dois est\u00e1gios?<\/b><br \/>A: Para substituir o cilindro hidr\u00e1ulico de dois est\u00e1gios, primeiro, certifique-se de que o sistema esteja despressurizado. Em seguida, remova o hardware de montagem e remova cuidadosamente o cilindro antigo. Finalmente, instale o novo cilindro e reconecte o hardware de montagem.<\/p>","protected":false},"excerpt":{"rendered":"<p>All the content on this page comes from the Internet, and the content is only used as a reference for product selection. Our products are replacement parts rather than original spare parts; we are not the holder of the original trademark of the content. Our products are only suitable for after-sales replacement parts rather than [&hellip;]<\/p>","protected":false},"featured_media":4464,"template":"","meta":{"_et_pb_use_builder":"","_et_pb_old_content":"","_et_gb_content_width":""},"product_brand":[],"product_cat":[11327],"product_tag":[],"class_list":{"0":"post-4465","1":"product","2":"type-product","3":"status-publish","4":"has-post-thumbnail","6":"product_cat-telescopic-hydraulic-cylinder","8":"first","9":"instock","10":"shipping-taxable","11":"product-type-simple"},"_links":{"self":[{"href":"https:\/\/agricultural-gear-boxes.com\/pt\/wp-json\/wp\/v2\/product\/4465","targetHints":{"allow":["GET"]}}],"collection":[{"href":"https:\/\/agricultural-gear-boxes.com\/pt\/wp-json\/wp\/v2\/product"}],"about":[{"href":"https:\/\/agricultural-gear-boxes.com\/pt\/wp-json\/wp\/v2\/types\/product"}],"wp:featuredmedia":[{"embeddable":true,"href":"https:\/\/agricultural-gear-boxes.com\/pt\/wp-json\/wp\/v2\/media\/4464"}],"wp:attachment":[{"href":"https:\/\/agricultural-gear-boxes.com\/pt\/wp-json\/wp\/v2\/media?parent=4465"}],"wp:term":[{"taxonomy":"product_brand","embeddable":true,"href":"https:\/\/agricultural-gear-boxes.com\/pt\/wp-json\/wp\/v2\/product_brand?post=4465"},{"taxonomy":"product_cat","embeddable":true,"href":"https:\/\/agricultural-gear-boxes.com\/pt\/wp-json\/wp\/v2\/product_cat?post=4465"},{"taxonomy":"product_tag","embeddable":true,"href":"https:\/\/agricultural-gear-boxes.com\/pt\/wp-json\/wp\/v2\/product_tag?post=4465"}],"curies":[{"name":"wp","href":"https:\/\/api.w.org\/{rel}","templated":true}]}}