{"id":4471,"date":"2024-09-11T07:35:00","date_gmt":"2024-09-11T07:35:00","guid":{"rendered":"https:\/\/agricultural-gear-boxes.com\/product\/excellent-quality-small-dump-truck-hydraulic-hoist-cylinder-telescopic-hydraulic-cylinder\/"},"modified":"2024-09-11T07:35:01","modified_gmt":"2024-09-11T07:35:01","slug":"excellent-quality-small-dump-truck-hydraulic-hoist-cylinder-telescopic-hydraulic-cylinder","status":"publish","type":"product","link":"https:\/\/agricultural-gear-boxes.com\/pt\/product\/excellent-quality-small-dump-truck-hydraulic-hoist-cylinder-telescopic-hydraulic-cylinder\/","title":{"rendered":"Cilindro hidr\u00e1ulico telesc\u00f3pico de caminh\u00e3o basculante pequeno de excelente qualidade"},"content":{"rendered":"<p>Todo o conte\u00fado desta p\u00e1gina vem da Internet, e o conte\u00fado \u00e9 usado apenas como refer\u00eancia para sele\u00e7\u00e3o de produtos. Nossos produtos s\u00e3o pe\u00e7as de reposi\u00e7\u00e3o em vez de pe\u00e7as de reposi\u00e7\u00e3o originais; n\u00e3o somos detentores da marca registrada original do conte\u00fado. Nossos produtos s\u00e3o adequados apenas para pe\u00e7as de reposi\u00e7\u00e3o p\u00f3s-venda em vez de pe\u00e7as de reposi\u00e7\u00e3o originais. Nossas pe\u00e7as de reposi\u00e7\u00e3o podem se encaixar perfeitamente nas pe\u00e7as de reposi\u00e7\u00e3o originais; se voc\u00ea precisar comprar pe\u00e7as de reposi\u00e7\u00e3o originais, entre em contato com a f\u00e1brica original para comprar. Se voc\u00ea precisar comprar pe\u00e7as de reposi\u00e7\u00e3o originais, entre em contato com o fornecedor original para comprar.<\/p>\n<p><h2>O Cilindro de eleva\u00e7\u00e3o hidr\u00e1ulica de caminh\u00e3o basculante pequeno de excelente qualidade Cilindro hidr\u00e1ulico telesc\u00f3pico: mais do que apenas um cilindro<\/h2><\/p>\n<p>The excellent quality small dump truck hydraulic hoist cylinder telescopic hydraulic cylinder is a versatile hydraulic cylinder that offers unique advantages in terms of efficiency and functionality. It is perfect for various industries, including machinery repair shops, farms, energy &#038; mining, machinery manufacturing, and machinery factory. <\/p>\n<p>Nosso cilindro hidr\u00e1ulico \u00e9 um cilindro multiest\u00e1gio, o que significa que ele pode fornecer pot\u00eancia hidr\u00e1ulica e desempenho superiores, bem como durabilidade e robustez inigual\u00e1veis. Ele pode facilmente lidar com cargas pesadas e fornecer o empuxo e a tra\u00e7\u00e3o necess\u00e1rios para v\u00e1rias aplica\u00e7\u00f5es industriais. <\/p>\n<p>This hydraulic cylinder is widely used in machinery repair shops, farms, energy &#038; mining, machinery manufacturing, and machinery factories. It is perfect for lifting and moving heavy loads, as well as for other applications that require a reliable and robust hydraulic cylinder.<\/p>\n<p><img decoding=\"async\" src=\"https:\/\/img.jiansujichilun.com\/img\/hydrauliccylinders\/T_hydrauliccylinders-5.webp\" alt=\"Cilindro de eleva\u00e7\u00e3o hidr\u00e1ulica para caminh\u00e3o basculante pequeno\" \/><\/p>\n<p><h3>A Hist\u00f3ria do Cilindro Hidr\u00e1ulico<\/h3><\/p>\n<p>O cilindro hidr\u00e1ulico foi inventado em meados do s\u00e9culo XIX e tem sido um componente vital dos sistemas hidr\u00e1ulicos desde ent\u00e3o. Foi usado pela primeira vez na constru\u00e7\u00e3o de pontes e outras estruturas grandes, e rapidamente ficou claro que o cilindro hidr\u00e1ulico tinha uma ampla gama de aplica\u00e7\u00f5es em v\u00e1rias ind\u00fastrias. <\/p>\n<p>Hoje, os cilindros hidr\u00e1ulicos s\u00e3o amplamente utilizados na fabrica\u00e7\u00e3o, constru\u00e7\u00e3o, transporte e muitas outras ind\u00fastrias. Eles s\u00e3o essenciais para fornecer o suporte de energia e controle necess\u00e1rio para v\u00e1rias m\u00e1quinas e equipamentos.<\/p>\n<p><h3>A Classifica\u00e7\u00e3o dos Cilindros Hidr\u00e1ulicos<\/h3><\/p>\n<p>Cilindros hidr\u00e1ulicos podem ser classificados com base em seu tipo, design e aplica\u00e7\u00e3o. Alguns tipos comuns de cilindros hidr\u00e1ulicos incluem cilindros de a\u00e7\u00e3o simples, cilindros de a\u00e7\u00e3o dupla, cilindros telesc\u00f3picos e cilindros de \u00eambolo. <\/p>\n<p>O design dos cilindros hidr\u00e1ulicos pode variar com base no uso pretendido. Alguns designs comuns incluem cilindros de tirante, cilindros soldados e cilindros tipo moinho. <\/p>\n<p>Cilindros hidr\u00e1ulicos podem ser usados em uma ampla gama de aplica\u00e7\u00f5es, incluindo constru\u00e7\u00e3o, manufatura, transporte e muitas outras ind\u00fastrias. Eles s\u00e3o essenciais para fornecer o suporte de energia e controle necess\u00e1rio para v\u00e1rias m\u00e1quinas e equipamentos.<\/p>\n<p><h3>As vantagens do nosso cilindro hidr\u00e1ulico<\/h3><\/p>\n<ul>\n<li>Efici\u00eancia energ\u00e9tica<\/li>\n<li>Alto desempenho<\/li>\n<li>Seguro<\/li>\n<li>Pot\u00eancia hidr\u00e1ulica superior<\/li>\n<li>Corpo de a\u00e7o robusto<\/li>\n<li>Estrutura multiest\u00e1gio aumenta a efici\u00eancia e a versatilidade<\/li>\n<\/ul>\n<p><h3>Os materiais utiliz\u00e1veis do produto do nosso cilindro hidr\u00e1ulico<\/h3><\/p>\n<p>Nosso cilindro hidr\u00e1ulico \u00e9 feito de a\u00e7o de alta qualidade e outros materiais dur\u00e1veis. Ele \u00e9 projetado para suportar cargas pesadas e fornecer desempenho e durabilidade superiores.<\/p>\n<p><h3>Como instalar, manter e reparar nosso cilindro hidr\u00e1ulico<\/h3><\/p>\n<p>Instalar, manter e reparar nosso cilindro hidr\u00e1ulico \u00e9 f\u00e1cil e direto. Fornecemos instru\u00e7\u00f5es detalhadas e suporte para ajudar voc\u00ea a aproveitar ao m\u00e1ximo seu cilindro. <\/p>\n<p>Para instalar nosso cilindro hidr\u00e1ulico, basta seguir as instru\u00e7\u00f5es fornecidas. Para manter seu cilindro, certifique-se de mant\u00ea-lo limpo e lubrificado. Para consertar seu cilindro, basta substituir quaisquer pe\u00e7as danificadas ou desgastadas.<\/p>\n<p><h3>Como substituir nosso cilindro hidr\u00e1ulico<\/h3><\/p>\n<p>Se voc\u00ea precisar substituir seu cilindro hidr\u00e1ulico, basta entrar em contato conosco. Oferecemos uma ampla gama de pe\u00e7as de reposi\u00e7\u00e3o que podem ser usadas para consertar ou substituir seu cilindro. <\/p>\n<p>Nossas pe\u00e7as de reposi\u00e7\u00e3o s\u00e3o feitas de materiais de alta qualidade e s\u00e3o projetadas para fornecer desempenho e durabilidade superiores. Elas podem ser usadas para substituir quaisquer pe\u00e7as danificadas ou desgastadas do seu cilindro hidr\u00e1ulico.<\/p>\n<p><h2>Outros neg\u00f3cios de produtos da empresa<\/h2><\/p>\n<p><img decoding=\"async\" src=\"https:\/\/images.hzpt.com\/2024\/04\/unit-type-flexo-press-factory.webp\" alt=\"Engrenagens de pl\u00e1stico para uso industrial\" \/><\/p>\n<p>Al\u00e9m de cilindros hidr\u00e1ulicos, tamb\u00e9m fornecemos diversas engrenagens pl\u00e1sticas para uso industrial, como caixas de engrenagens agr\u00edcolas, eixos de sa\u00edda de pot\u00eancia, rodas dentadas, acoplamentos hidr\u00e1ulicos, redutores de engrenagem sem-fim, cremalheiras, correntes remov\u00edveis, polias e polias, caixas de engrenagens planet\u00e1rias, polias de sincroniza\u00e7\u00e3o, buchas, etc. <\/p>\n<p>Nossos produtos de alta qualidade, pre\u00e7os preferenciais e servi\u00e7os atenciosos nos renderam uma reputa\u00e7\u00e3o como um fornecedor l\u00edder de pe\u00e7as industriais na China. Damos boas-vindas aos clientes para personalizar com desenhos e amostras, e estamos ansiosos para trabalhar com voc\u00ea para atender \u00e0s suas necessidades.<\/p>\n<p><h2>Perguntas frequentes<\/h2><\/p>\n<p><img decoding=\"async\" src=\"https:\/\/img.jiansujichilun.com\/img\/hydrauliccylinders\/T_hydrauliccylinders-5.webp\" alt=\"Cilindro de eleva\u00e7\u00e3o hidr\u00e1ulica para caminh\u00e3o basculante pequeno\" \/><\/p>\n<p><b>P: Seus produtos s\u00e3o adequados para pe\u00e7as de reposi\u00e7\u00e3o p\u00f3s-venda?<\/b><br \/>R: Sim, nossos produtos s\u00e3o pe\u00e7as de reposi\u00e7\u00e3o em vez de pe\u00e7as de reposi\u00e7\u00e3o originais. Eles podem se encaixar perfeitamente nas pe\u00e7as de reposi\u00e7\u00e3o originais.<\/p>\n<p><b>P: Quais s\u00e3o as vantagens do seu cilindro hidr\u00e1ulico?<\/b><br \/>R: Nosso cilindro hidr\u00e1ulico \u00e9 energeticamente eficiente, de alto desempenho e seguro. Ele apresenta uma pot\u00eancia hidr\u00e1ulica superior e um corpo de a\u00e7o robusto, que oferece durabilidade e robustez inigual\u00e1veis. A estrutura multiest\u00e1gio aumenta sua efici\u00eancia e versatilidade em v\u00e1rias aplica\u00e7\u00f5es.<\/p>\n<p><b>P: Como posso instalar, manter e reparar seu cilindro hidr\u00e1ulico?<\/b><br \/>R: Instalar, manter e reparar nosso cilindro hidr\u00e1ulico \u00e9 f\u00e1cil e direto. Fornecemos instru\u00e7\u00f5es detalhadas e suporte para ajudar voc\u00ea a aproveitar ao m\u00e1ximo seu cilindro. Para instalar, basta seguir as instru\u00e7\u00f5es fornecidas. Para manter, certifique-se de mant\u00ea-lo limpo e lubrificado. Para reparar, basta substituir quaisquer pe\u00e7as danificadas ou desgastadas.<\/p>\n<p><b>P: Quanto tempo demora a entrega?<\/b><br \/>R: Geralmente, s\u00e3o de 25 a 35 dias.<\/p>\n<p><b>P: Voc\u00eas fornecem amostras?<\/b><br \/>A: Yes, we could offer the sample, but it&#8217;s not free.<\/p>","protected":false},"excerpt":{"rendered":"<p>All the content on this page comes from the Internet, and the content is only used as a reference for product selection. Our products are replacement parts rather than original spare parts; we are not the holder of the original trademark of the content. Our products are only suitable for after-sales replacement parts rather than [&hellip;]<\/p>","protected":false},"featured_media":4470,"template":"","meta":{"_et_pb_use_builder":"","_et_pb_old_content":"","_et_gb_content_width":""},"product_brand":[],"product_cat":[11327],"product_tag":[],"class_list":{"0":"post-4471","1":"product","2":"type-product","3":"status-publish","4":"has-post-thumbnail","6":"product_cat-telescopic-hydraulic-cylinder","8":"first","9":"instock","10":"shipping-taxable","11":"product-type-simple"},"_links":{"self":[{"href":"https:\/\/agricultural-gear-boxes.com\/pt\/wp-json\/wp\/v2\/product\/4471","targetHints":{"allow":["GET"]}}],"collection":[{"href":"https:\/\/agricultural-gear-boxes.com\/pt\/wp-json\/wp\/v2\/product"}],"about":[{"href":"https:\/\/agricultural-gear-boxes.com\/pt\/wp-json\/wp\/v2\/types\/product"}],"wp:featuredmedia":[{"embeddable":true,"href":"https:\/\/agricultural-gear-boxes.com\/pt\/wp-json\/wp\/v2\/media\/4470"}],"wp:attachment":[{"href":"https:\/\/agricultural-gear-boxes.com\/pt\/wp-json\/wp\/v2\/media?parent=4471"}],"wp:term":[{"taxonomy":"product_brand","embeddable":true,"href":"https:\/\/agricultural-gear-boxes.com\/pt\/wp-json\/wp\/v2\/product_brand?post=4471"},{"taxonomy":"product_cat","embeddable":true,"href":"https:\/\/agricultural-gear-boxes.com\/pt\/wp-json\/wp\/v2\/product_cat?post=4471"},{"taxonomy":"product_tag","embeddable":true,"href":"https:\/\/agricultural-gear-boxes.com\/pt\/wp-json\/wp\/v2\/product_tag?post=4471"}],"curies":[{"name":"wp","href":"https:\/\/api.w.org\/{rel}","templated":true}]}}