{"id":4479,"date":"2024-09-11T07:35:06","date_gmt":"2024-09-11T07:35:06","guid":{"rendered":"https:\/\/agricultural-gear-boxes.com\/product\/chinese-factory-dump-trailer-hydraulic-cylinders-multistage-hydraulic-cylinder-for-sale\/"},"modified":"2024-09-11T07:35:06","modified_gmt":"2024-09-11T07:35:06","slug":"chinese-factory-dump-trailer-hydraulic-cylinders-multistage-hydraulic-cylinder-for-sale","status":"publish","type":"product","link":"https:\/\/agricultural-gear-boxes.com\/pt\/product\/chinese-factory-dump-trailer-hydraulic-cylinders-multistage-hydraulic-cylinder-for-sale\/","title":{"rendered":"F\u00e1brica chinesa de cilindros hidr\u00e1ulicos de reboque basculante Cilindro hidr\u00e1ulico multiest\u00e1gio para venda"},"content":{"rendered":"<p>Todo o conte\u00fado desta p\u00e1gina \u00e9 proveniente da internet e \u00e9 fornecido apenas para fins de refer\u00eancia. Nossos produtos s\u00e3o pe\u00e7as de reposi\u00e7\u00e3o e n\u00e3o pe\u00e7as de reposi\u00e7\u00e3o originais. N\u00e3o somos detentores da marca registrada original do conte\u00fado. Nossas pe\u00e7as de reposi\u00e7\u00e3o s\u00e3o projetadas para se encaixar perfeitamente nas pe\u00e7as de reposi\u00e7\u00e3o originais. Se voc\u00ea precisar comprar pe\u00e7as de reposi\u00e7\u00e3o originais, entre em contato com o fornecedor original para comprar.<\/p>\n<p><h2>F\u00e1brica chinesa de cilindros hidr\u00e1ulicos de reboque basculante Cilindro hidr\u00e1ulico multiest\u00e1gio para venda<\/h2><\/p>\n<p>Nossos cilindros hidr\u00e1ulicos multiest\u00e1gios s\u00e3o pe\u00e7as de reposi\u00e7\u00e3o de alta qualidade projetadas para uso em reboques basculantes. Eles s\u00e3o fabricados na China e est\u00e3o dispon\u00edveis para compra. Esses cilindros fornecem for\u00e7a hidr\u00e1ulica poderosa, tornando-os um componente essencial para qualquer maquin\u00e1rio pesado. <\/p>\n<p><h3>Cen\u00e1rios de uso comum<\/h3><\/p>\n<p>Our multistage hydraulic cylinders are widely used in industries such as machinery repair shops, farms, energy &#038; mining, machinery manufacturing and factories. They are particularly beneficial for applications where space is limited, as they can provide a long stroke while maintaining a compact size. Common usage scenarios include the lifting of heavy loads or moving parts of machinery. <\/p>\n<p><img decoding=\"async\" src=\"https:\/\/img.jiansujichilun.com\/img\/hydrauliccylinders\/T_hydrauliccylinders-5.webp\" alt=\"Cen\u00e1rio de uso do cilindro hidr\u00e1ulico\" \/><\/p>\n<p><h3>Hist\u00f3rico e classifica\u00e7\u00e3o do produto<\/h3><\/p>\n<p>Os cilindros hidr\u00e1ulicos existem h\u00e1 centenas de anos e evolu\u00edram para sistemas complexos de v\u00e1rios est\u00e1gios que oferecem resultados poderosos. Nossos cilindros hidr\u00e1ulicos de v\u00e1rios est\u00e1gios est\u00e3o dispon\u00edveis em tamanhos de furo variando de 2 a 6 polegadas, tamanhos de haste variando de 1,125 a 4 polegadas e tamanhos de curso variando de 4 a 100 polegadas. Eles est\u00e3o dispon\u00edveis com portas G\/SAE\/NPT\/M e t\u00eam um empuxo m\u00e1ximo de 3000 e uma tra\u00e7\u00e3o m\u00e1xima de 20 toneladas.<\/p>\n<p><h3>Vantagens do produto<\/h3><\/p>\n<p>Nossos cilindros hidr\u00e1ulicos s\u00e3o energeticamente eficientes, exigindo pot\u00eancia m\u00ednima para operar, o que reduz os custos de energia. Eles oferecem desempenho excepcional com um empuxo m\u00e1ximo de 3000 e uma tra\u00e7\u00e3o m\u00e1xima de 20 toneladas. Feitos de a\u00e7o dur\u00e1vel, esses cilindros s\u00e3o projetados para suportar condi\u00e7\u00f5es extenuantes, garantindo longevidade e confiabilidade.<\/p>\n<p><h3>Materiais de produtos utiliz\u00e1veis<\/h3><\/p>\n<p>Nossos cilindros hidr\u00e1ulicos multiest\u00e1gios s\u00e3o feitos de a\u00e7o de alta qualidade, garantindo sua durabilidade e confiabilidade. O a\u00e7o \u00e9 tratado para suportar condi\u00e7\u00f5es extenuantes e \u00e9 projetado para fornecer resultados poderosos. <\/p>\n<p><h3>Instala\u00e7\u00e3o, Manuten\u00e7\u00e3o e Reparo<\/h3><\/p>\n<p>Installation of our multistage hydraulic cylinders is easy and can be done by following the manufacturer&#8217;s instructions. Maintenance is minimal, and you can extend the lifespan of your cylinder by taking good care of it. If your cylinder needs repair, you can contact us for assistance. We provide repair services for all of our products.<\/p>\n<p><h3>Substitui\u00e7\u00e3o de produto<\/h3><\/p>\n<p>Se voc\u00ea precisar substituir seu cilindro hidr\u00e1ulico, nossos produtos s\u00e3o projetados para se encaixar perfeitamente nas pe\u00e7as de reposi\u00e7\u00e3o originais. Voc\u00ea pode comprar nossas pe\u00e7as de reposi\u00e7\u00e3o com confian\u00e7a, sabendo que elas fornecer\u00e3o os mesmos resultados poderosos das pe\u00e7as originais.<\/p>\n<h2>Sobre nossos outros produtos<\/h2>\n<p>Al\u00e9m de cilindros hidr\u00e1ulicos, tamb\u00e9m oferecemos v\u00e1rias engrenagens de pl\u00e1stico para uso industrial. Nossos produtos incluem caixas de engrenagens agr\u00edcolas, eixos de sa\u00edda de pot\u00eancia, rodas dentadas, acoplamentos hidr\u00e1ulicos, redutores de engrenagem sem-fim, cremalheiras de engrenagens, correntes remov\u00edveis, polias e polias, caixas de engrenagens planet\u00e1rias, polias de sincroniza\u00e7\u00e3o, buchas e muito mais. <\/p>\n<p><img decoding=\"async\" src=\"https:\/\/images.hzpt.com\/2024\/04\/unit-type-flexo-press-factory.webp\" alt=\"Outros produtos\" \/><\/p>\n<p><h3>Perguntas frequentes<\/h3><\/p>\n<p><q>Qual \u00e9 o prazo de entrega dos seus produtos?<\/q><br \/>\n<a>Nosso prazo de entrega padr\u00e3o \u00e9 de 25 a 35 dias.<\/a><\/p>\n<p><q>Voc\u00eas fornecem amostras? Elas s\u00e3o gratuitas?<\/q><br \/>\n<a>Sim, fornecemos amostras, mas elas n\u00e3o s\u00e3o gratuitas.<\/a><\/p>\n<p><q>Como instalo meu cilindro hidr\u00e1ulico?<\/q><br \/>\n<a>Installation is easy and can be done by following the manufacturer&#8217;s instructions.<\/a><\/p>\n<p><q>E se meu cilindro hidr\u00e1ulico precisar de reparo?<\/q><br \/>\n<a>Se seu cilindro hidr\u00e1ulico precisar de reparo, entre em contato conosco para obter assist\u00eancia. Fornecemos servi\u00e7os de reparo para todos os nossos produtos.<\/a><\/p>\n<p><q>O que torna seus cilindros hidr\u00e1ulicos diferentes dos demais no mercado?<\/q><br \/>\n<a>Nossos cilindros hidr\u00e1ulicos s\u00e3o feitos de a\u00e7o de alta qualidade, garantindo sua durabilidade e confiabilidade. Eles s\u00e3o energeticamente eficientes, exigindo pot\u00eancia m\u00ednima para operar, o que reduz os custos de energia. Eles oferecem desempenho excepcional, e nossas pe\u00e7as de reposi\u00e7\u00e3o s\u00e3o projetadas para se encaixar perfeitamente nas pe\u00e7as de reposi\u00e7\u00e3o originais, fornecendo os mesmos resultados poderosos.<\/a><\/p>","protected":false},"excerpt":{"rendered":"<p>All content on this page is sourced from the internet and is provided for reference purposes only. Our products are replacement parts and not original spare parts. We are not the holders of the original trademark of the content. Our replacement parts are designed to perfectly fit the original spare parts. If you need to [&hellip;]<\/p>","protected":false},"featured_media":4478,"template":"","meta":{"_et_pb_use_builder":"","_et_pb_old_content":"","_et_gb_content_width":""},"product_brand":[],"product_cat":[11327],"product_tag":[],"class_list":{"0":"post-4479","1":"product","2":"type-product","3":"status-publish","4":"has-post-thumbnail","6":"product_cat-telescopic-hydraulic-cylinder","8":"first","9":"instock","10":"shipping-taxable","11":"product-type-simple"},"_links":{"self":[{"href":"https:\/\/agricultural-gear-boxes.com\/pt\/wp-json\/wp\/v2\/product\/4479","targetHints":{"allow":["GET"]}}],"collection":[{"href":"https:\/\/agricultural-gear-boxes.com\/pt\/wp-json\/wp\/v2\/product"}],"about":[{"href":"https:\/\/agricultural-gear-boxes.com\/pt\/wp-json\/wp\/v2\/types\/product"}],"wp:featuredmedia":[{"embeddable":true,"href":"https:\/\/agricultural-gear-boxes.com\/pt\/wp-json\/wp\/v2\/media\/4478"}],"wp:attachment":[{"href":"https:\/\/agricultural-gear-boxes.com\/pt\/wp-json\/wp\/v2\/media?parent=4479"}],"wp:term":[{"taxonomy":"product_brand","embeddable":true,"href":"https:\/\/agricultural-gear-boxes.com\/pt\/wp-json\/wp\/v2\/product_brand?post=4479"},{"taxonomy":"product_cat","embeddable":true,"href":"https:\/\/agricultural-gear-boxes.com\/pt\/wp-json\/wp\/v2\/product_cat?post=4479"},{"taxonomy":"product_tag","embeddable":true,"href":"https:\/\/agricultural-gear-boxes.com\/pt\/wp-json\/wp\/v2\/product_tag?post=4479"}],"curies":[{"name":"wp","href":"https:\/\/api.w.org\/{rel}","templated":true}]}}