{"id":4481,"date":"2024-09-11T07:35:09","date_gmt":"2024-09-11T07:35:09","guid":{"rendered":"https:\/\/agricultural-gear-boxes.com\/product\/factory-price-small-dump-truck-hydraulic-cylinder-telescopic-hydraulic-cylinder-for-sale\/"},"modified":"2024-09-11T07:35:09","modified_gmt":"2024-09-11T07:35:09","slug":"factory-price-small-dump-truck-hydraulic-cylinder-telescopic-hydraulic-cylinder-for-sale","status":"publish","type":"product","link":"https:\/\/agricultural-gear-boxes.com\/pt\/product\/factory-price-small-dump-truck-hydraulic-cylinder-telescopic-hydraulic-cylinder-for-sale\/","title":{"rendered":"Pre\u00e7o de f\u00e1brica Cilindro hidr\u00e1ulico de caminh\u00e3o basculante pequeno Cilindro hidr\u00e1ulico telesc\u00f3pico para venda"},"content":{"rendered":"<p><!DOCTYPE html><br \/>\n<html><br \/>\n<head><br \/>\n<\/head><br \/>\n<body><\/p>\n<h2>Todo o conte\u00fado desta p\u00e1gina \u00e9 proveniente da internet e serve apenas como refer\u00eancia para a sele\u00e7\u00e3o de produtos. Nossos produtos s\u00e3o pe\u00e7as de reposi\u00e7\u00e3o, n\u00e3o pe\u00e7as de reposi\u00e7\u00e3o originais. N\u00e3o somos detentores da marca registrada original.<\/h2>\n<h2>Cilindro hidr\u00e1ulico para caminh\u00e3o basculante pequeno com pre\u00e7o de f\u00e1brica<\/h2>\n<p>If you&#8217;re in the market for a high-quality hydraulic cylinder, look no further than our small dump truck hydraulic cylinder. Offering the perfect balance of performance, durability, and affordability, this product is suitable for a range of applications and industries.<\/p>\n<h3>Funcionalidade e import\u00e2ncia do produto<\/h3>\n<p>O cilindro hidr\u00e1ulico desempenha uma fun\u00e7\u00e3o essencial na opera\u00e7\u00e3o de um pequeno caminh\u00e3o basculante. Ele permite a eleva\u00e7\u00e3o e o abaixamento da ca\u00e7amba, facilitando o transporte e a descarga de materiais. O uso de um cilindro hidr\u00e1ulico telesc\u00f3pico permite maior extens\u00e3o e retra\u00e7\u00e3o, melhorando a efici\u00eancia do caminh\u00e3o basculante.<\/p>\n<h3>Especifica\u00e7\u00f5es do produto<\/h3>\n<p>Nosso cilindro hidr\u00e1ulico ostenta uma s\u00e9rie de especifica\u00e7\u00f5es t\u00e9cnicas impressionantes. Notavelmente, ele tem um empuxo m\u00e1ximo de 3000 e uma capacidade m\u00e1xima de tra\u00e7\u00e3o de 20 toneladas. Al\u00e9m disso, possui um di\u00e2metro interno de 2 a 6 polegadas, um tamanho de haste de 1,125 a 4 polegadas e um curso de 4 a 100 polegadas.<\/p>\n<table border=\"1\">\n<tr>\n<td><i>Tamanho do furo<\/i><\/td>\n<td>2-6 polegadas<\/td>\n<\/tr>\n<tr>\n<td><i>Tamanho da haste<\/i><\/td>\n<td>1,125-4 polegadas<\/td>\n<\/tr>\n<tr>\n<td><i>Tamanho do tra\u00e7o<\/i><\/td>\n<td>4-100 polegadas<\/td>\n<\/tr>\n<tr>\n<td><i>Tamanho do pino<\/i><\/td>\n<td>0,5-2 polegadas<\/td>\n<\/tr>\n<tr>\n<td><i>Portos<\/i><\/td>\n<td>G\/SAE\/NPT\/M<\/td>\n<\/tr>\n<\/table>\n<p><img decoding=\"async\" src=\"https:\/\/img.jiansujichilun.com\/img\/hydrauliccylinders\/T_hydrauliccylinders-5.webp\" alt=\"Cilindro Hidr\u00e1ulico Telesc\u00f3pico\" \/><\/p>\n<h3>Caracter\u00edsticas e benef\u00edcios exclusivos<\/h3>\n<ul>\n<li>Efici\u00eancia energ\u00e9tica: o cilindro hidr\u00e1ulico converte eficientemente a energia fluida em energia mec\u00e2nica, reduzindo o desperd\u00edcio de energia.<\/li>\n<li>Alto desempenho: Com um empuxo m\u00e1ximo de 3000 e uma capacidade m\u00e1xima de tra\u00e7\u00e3o de 20 toneladas, o cilindro hidr\u00e1ulico garante alto desempenho.<\/li>\n<li>Seguran\u00e7a: O cilindro hidr\u00e1ulico possui um corpo de a\u00e7o resistente, garantindo uma opera\u00e7\u00e3o segura.<\/li>\n<\/ul>\n<h3>Sistema hidr\u00e1ulico e princ\u00edpio de funcionamento<\/h3>\n<p>O cilindro hidr\u00e1ulico opera com base no princ\u00edpio b\u00e1sico da press\u00e3o do fluido. Uma mudan\u00e7a na quantidade de fluido no cilindro causa uma mudan\u00e7a na press\u00e3o, resultando em movimento linear.<\/p>\n<h3>Aplica\u00e7\u00e3o do Cilindro Hidr\u00e1ulico<\/h3>\n<p>This hydraulic cylinder is perfect for use in small dump trucks. However, its versatility means it can also be used in other applications such as machinery repair shops, farms, energy &#038; mining, machinery manufacturing, and machinery factories.<\/p>\n<p><img decoding=\"async\" src=\"https:\/\/img.jiansujichilun.com\/img\/hydrauliccylinders\/T_hydrauliccylinders-5.webp\" alt=\"Cilindro Hidr\u00e1ulico Telesc\u00f3pico\" \/><\/p>\n<p>Hist\u00f3rico do produto:<\/p>\n<p>A tecnologia de cilindros hidr\u00e1ulicos tem uma longa hist\u00f3ria, que remonta aos antigos gregos, que usavam \u00e1gua para alimentar dispositivos hidr\u00e1ulicos simples.<\/p>\n<p>Classifica\u00e7\u00e3o do produto:<\/p>\n<p>Os cilindros hidr\u00e1ulicos podem ser classificados em v\u00e1rios tipos com base em seu design, como cilindros de simples a\u00e7\u00e3o, cilindros de dupla a\u00e7\u00e3o, cilindros telesc\u00f3picos e cilindros de \u00eambolo.<\/p>\n<p>Vantagens do nosso Cilindro Hidr\u00e1ulico:<\/p>\n<ul>\n<li>Alta durabilidade: Nosso cilindro hidr\u00e1ulico \u00e9 constru\u00eddo com materiais de alta qualidade, garantindo um desempenho duradouro.<\/li>\n<li>F\u00e1cil instala\u00e7\u00e3o: O cilindro hidr\u00e1ulico foi projetado para f\u00e1cil instala\u00e7\u00e3o, economizando tempo e esfor\u00e7o.<\/li>\n<li>Opera\u00e7\u00e3o suave: O cilindro hidr\u00e1ulico proporciona uma opera\u00e7\u00e3o suave e precisa, aumentando a efici\u00eancia geral.<\/li>\n<\/ul>\n<p>Materiais utiliz\u00e1veis do produto:<\/p>\n<p>O cilindro hidr\u00e1ulico \u00e9 normalmente feito de a\u00e7o de alta resist\u00eancia, garantindo sua robustez e durabilidade.<\/p>\n<p>Como instalar, manter e reparar o produto:<\/p>\n<ul>\n<li>Installation: Follow the manufacturer&#8217;s instructions for proper installation of the hydraulic cylinder. Ensure all connections are secure.<\/li>\n<li>Manuten\u00e7\u00e3o: Inspecione regularmente o cilindro hidr\u00e1ulico para detectar sinais de desgaste ou danos. Mantenha-o limpo e lubrificado para um desempenho ideal.<\/li>\n<li>Reparo: Em caso de mau funcionamento ou dano, consulte um profissional para reparo ou substitui\u00e7\u00e3o.<\/li>\n<\/ul>\n<p>Como substituir o produto:<\/p>\n<p>Para substituir o cilindro hidr\u00e1ulico, primeiro desconecte todas as linhas ou conex\u00f5es hidr\u00e1ulicas. Remova os parafusos de montagem e remova cuidadosamente o cilindro antigo. Em seguida, instale o novo cilindro seguindo os passos inversos.<\/p>\n<h2>Sobre nossa empresa<\/h2>\n<p>N\u00f3s fornecemos principalmente diversas engrenagens pl\u00e1sticas para uso industrial, como caixas de engrenagens agr\u00edcolas, eixos de sa\u00edda de pot\u00eancia, rodas dentadas, acoplamentos hidr\u00e1ulicos, redutores de engrenagem sem-fim, cremalheiras, correntes remov\u00edveis, polias e polias, caixas de engrenagens planet\u00e1rias, polias de sincroniza\u00e7\u00e3o, buchas, etc.<\/p>\n<p><img decoding=\"async\" src=\"https:\/\/images.hzpt.com\/2024\/04\/unit-type-flexo-press-factory.webp\" alt=\"Tipo de unidade Flexo Press Factory\" \/><\/p>\n<p>Temos orgulho em fornecer produtos de alta qualidade a pre\u00e7os competitivos. Nossa equipe dedicada est\u00e1 comprometida em oferecer um atendimento atencioso e de excel\u00eancia ao cliente. Aceitamos personaliza\u00e7\u00e3o com base em seus desenhos ou amostras.<\/p>\n<h2>Perguntas frequentes<\/h2>\n<dl>\n<dt>P: Seus produtos s\u00e3o pe\u00e7as de reposi\u00e7\u00e3o originais?<\/dt>\n<dd>R: N\u00e3o, nossos produtos s\u00e3o pe\u00e7as de reposi\u00e7\u00e3o, n\u00e3o pe\u00e7as de reposi\u00e7\u00e3o originais. N\u00e3o somos detentores da marca registrada original.<\/dd>\n<dt>P: Seu cilindro hidr\u00e1ulico \u00e9 compat\u00edvel com pe\u00e7as de reposi\u00e7\u00e3o originais?<\/dt>\n<dd>R: Sim, nossas pe\u00e7as de reposi\u00e7\u00e3o podem se encaixar perfeitamente nas pe\u00e7as de reposi\u00e7\u00e3o originais.<\/dd>\n<dt>P: Onde posso comprar pe\u00e7as de reposi\u00e7\u00e3o originais?<\/dt>\n<dd>R: Para pe\u00e7as de reposi\u00e7\u00e3o originais, entre em contato com a f\u00e1brica ou fornecedor original.<\/dd>\n<dt>P: Quanto tempo demora a entrega?<\/dt>\n<dd>R: Geralmente, o prazo de entrega \u00e9 de 25 a 35 dias.<\/dd>\n<dt>P: Voc\u00eas podem produzir de acordo com amostras ou desenhos t\u00e9cnicos?<\/dt>\n<dd>R: Sim, podemos produzir com base em suas amostras ou desenhos t\u00e9cnicos. Temos a capacidade de construir moldes e fixa\u00e7\u00f5es.<\/dd>\n<\/dl>\n<p><\/body><br \/>\n<\/html><\/p>","protected":false},"excerpt":{"rendered":"<p>All content on this page comes from the Internet and is only used as a reference for product selection. Our products are replacement parts, not original spare parts. We are not the holder of the original trademark. Factory Price Small Dump Truck Hydraulic Cylinder If you&#8217;re in the market for a high-quality hydraulic cylinder, look [&hellip;]<\/p>","protected":false},"featured_media":4480,"template":"","meta":{"_et_pb_use_builder":"","_et_pb_old_content":"","_et_gb_content_width":""},"product_brand":[],"product_cat":[11327],"product_tag":[],"class_list":{"0":"post-4481","1":"product","2":"type-product","3":"status-publish","4":"has-post-thumbnail","6":"product_cat-telescopic-hydraulic-cylinder","8":"first","9":"instock","10":"shipping-taxable","11":"product-type-simple"},"_links":{"self":[{"href":"https:\/\/agricultural-gear-boxes.com\/pt\/wp-json\/wp\/v2\/product\/4481","targetHints":{"allow":["GET"]}}],"collection":[{"href":"https:\/\/agricultural-gear-boxes.com\/pt\/wp-json\/wp\/v2\/product"}],"about":[{"href":"https:\/\/agricultural-gear-boxes.com\/pt\/wp-json\/wp\/v2\/types\/product"}],"wp:featuredmedia":[{"embeddable":true,"href":"https:\/\/agricultural-gear-boxes.com\/pt\/wp-json\/wp\/v2\/media\/4480"}],"wp:attachment":[{"href":"https:\/\/agricultural-gear-boxes.com\/pt\/wp-json\/wp\/v2\/media?parent=4481"}],"wp:term":[{"taxonomy":"product_brand","embeddable":true,"href":"https:\/\/agricultural-gear-boxes.com\/pt\/wp-json\/wp\/v2\/product_brand?post=4481"},{"taxonomy":"product_cat","embeddable":true,"href":"https:\/\/agricultural-gear-boxes.com\/pt\/wp-json\/wp\/v2\/product_cat?post=4481"},{"taxonomy":"product_tag","embeddable":true,"href":"https:\/\/agricultural-gear-boxes.com\/pt\/wp-json\/wp\/v2\/product_tag?post=4481"}],"curies":[{"name":"wp","href":"https:\/\/api.w.org\/{rel}","templated":true}]}}