{"id":4483,"date":"2024-09-11T07:35:10","date_gmt":"2024-09-11T07:35:10","guid":{"rendered":"https:\/\/agricultural-gear-boxes.com\/product\/excellent-quality-small-dump-truck-hydraulic-cylinder-multistage-hydraulic-cylinder\/"},"modified":"2024-09-11T07:35:10","modified_gmt":"2024-09-11T07:35:10","slug":"excellent-quality-small-dump-truck-hydraulic-cylinder-multistage-hydraulic-cylinder","status":"publish","type":"product","link":"https:\/\/agricultural-gear-boxes.com\/pt\/product\/excellent-quality-small-dump-truck-hydraulic-cylinder-multistage-hydraulic-cylinder\/","title":{"rendered":"Cilindro hidr\u00e1ulico de caminh\u00e3o basculante pequeno de excelente qualidade Cilindro hidr\u00e1ulico multiest\u00e1gio"},"content":{"rendered":"<p>Todo o conte\u00fado desta p\u00e1gina \u00e9 coletado da internet e destina-se apenas ao uso como refer\u00eancia para sele\u00e7\u00e3o de produtos. Nossos produtos s\u00e3o pe\u00e7as de reposi\u00e7\u00e3o, n\u00e3o pe\u00e7as de reposi\u00e7\u00e3o originais, e n\u00e3o somos detentores da marca registrada original. Nossas pe\u00e7as de reposi\u00e7\u00e3o podem se encaixar perfeitamente nas pe\u00e7as de reposi\u00e7\u00e3o originais, e se voc\u00ea precisar de pe\u00e7as de reposi\u00e7\u00e3o originais, entre em contato com o fornecedor original.<\/p>\n<h2>Cilindro hidr\u00e1ulico de caminh\u00e3o basculante pequeno de alta qualidade Cilindro hidr\u00e1ulico multiest\u00e1gio<\/h2>\n<p>Our high-quality multistage hydraulic cylinder is designed for use in a wide range of industries. This versatile and robust machinery is perfect for machinery repair shops, farms, energy &#038; mining, machinery manufacturing, and machinery factories. Our hydraulic cylinder features an array of impressive specifications and features, ensuring it performs to the highest of standards. <\/p>\n<h3>Cen\u00e1rios de uso comum para nosso cilindro hidr\u00e1ulico<\/h3>\n<p>Our hydraulic cylinder is an excellent choice for machinery repair shops, farms, energy &#038; mining, machinery manufacturing, and machinery factories. It&#8217;s perfect for use in various engineering and machinery equipment. <\/p>\n<p><img decoding=\"async\" src=\"https:\/\/img.jiansujichilun.com\/img\/hydrauliccylinders\/T_hydrauliccylinders-5.webp\" alt=\"Cilindro hidr\u00e1ulico de caminh\u00e3o basculante pequeno Cilindro hidr\u00e1ulico multiest\u00e1gio\" \/><\/p>\n<h3>Vantagens do produto e materiais<\/h3>\n<p>Our hydraulic cylinder is highly efficient, safe, and energy-efficient. It&#8217;s an integral part of hydraulic systems, providing reliable power and control support for various engineering and machinery equipment. Our hydraulic cylinder is made of high-quality materials, ensuring it is robust, durable, and long-lasting. <\/p>\n<h3>Como instalar, manter e reparar nosso cilindro hidr\u00e1ulico<\/h3>\n<p>Our hydraulic cylinder is easy to install and maintain. It&#8217;s important to ensure that the cylinder is kept clean and free from dirt and debris. Regular inspections are necessary to ensure that the cylinder is in good working condition. If you notice any issues with the cylinder, such as leaks or damage, it should be repaired immediately. <\/p>\n<h3>Hist\u00f3ria e Classifica\u00e7\u00e3o dos Cilindros Hidr\u00e1ulicos<\/h3>\n<p>Cilindros hidr\u00e1ulicos s\u00e3o usados h\u00e1 muitos anos e s\u00e3o parte integrante dos sistemas hidr\u00e1ulicos. Existem v\u00e1rios tipos de cilindros hidr\u00e1ulicos, incluindo cilindros telesc\u00f3picos, de \u00eambolo e de ar\u00edete. Nosso cilindro hidr\u00e1ulico \u00e9 um cilindro de \u00eambolo projetado com precis\u00e3o e aten\u00e7\u00e3o aos detalhes. <\/p>\n<h3>Substituindo Nosso Cilindro Hidr\u00e1ulico<\/h3>\n<p>If you need to replace our hydraulic cylinder, it&#8217;s important to ensure that the replacement part is of the same specifications and features as the original. Our replacement parts can seamlessly fit the original spare parts, ensuring that your machinery is up and running in no time.<\/p>\n<h2>Nossos outros neg\u00f3cios de produtos<\/h2>\n<p>Al\u00e9m do nosso neg\u00f3cio de cilindros hidr\u00e1ulicos, tamb\u00e9m fornecemos v\u00e1rias engrenagens de pl\u00e1stico para uso industrial, como caixas de engrenagens agr\u00edcolas, eixos de sa\u00edda de pot\u00eancia, rodas dentadas, acoplamentos hidr\u00e1ulicos, redutores de engrenagem sem-fim, cremalheiras de engrenagens, correntes remov\u00edveis, polias e polias, caixas de engrenagens planet\u00e1rias, polias de sincroniza\u00e7\u00e3o, buchas e muito mais. Temos orgulho em oferecer produtos de alta qualidade, pre\u00e7os competitivos e servi\u00e7os excelentes. Damos as boas-vindas aos clientes para personalizar com desenhos e amostras.<\/p>\n<p><img decoding=\"async\" src=\"https:\/\/images.hzpt.com\/2024\/04\/unit-type-flexo-press-factory.webp\" alt=\"Engrenagens de pl\u00e1stico para uso industrial\" \/><\/p>\n<h2>Perguntas frequentes<\/h2>\n<p><strong>P: Voc\u00ea \u00e9 uma empresa comercial ou fabricante?<\/strong><br \/>R: Somos uma f\u00e1brica.<\/p>\n<p><strong>P: Quanto tempo demora a entrega?<\/strong><br \/>R: Geralmente, leva de 25 a 35 dias.<\/p>\n<p><strong>P: Voc\u00eas podem produzir de acordo com amostras?<\/strong><br \/>R: Sim, podemos produzir por suas amostras ou desenhos t\u00e9cnicos. Podemos construir moldes e fixa\u00e7\u00f5es.<\/p>\n<p><strong>P: Como fa\u00e7o para instalar o cilindro hidr\u00e1ulico?<\/strong><br \/>A: Our hydraulic cylinder is easy to install. It&#8217;s important to ensure that the cylinder is kept clean and free from dirt and debris. Follow the instructions provided with the cylinder for proper installation.<\/p>\n<p><strong>P: Como fa\u00e7o a manuten\u00e7\u00e3o do cilindro hidr\u00e1ulico?<\/strong><br \/>A: To maintain the hydraulic cylinder, ensure that it&#8217;s kept clean and free from dirt and debris. Regular inspections are necessary to ensure that the cylinder is in good working condition.<\/p>","protected":false},"excerpt":{"rendered":"<p>All content on this page is gathered from the internet and is only intended for use as a reference for product selection. Our products are replacement parts, not original spare parts, and we are not the holders of the original trademark. Our replacement parts can seamlessly fit the original spare parts, and if you require [&hellip;]<\/p>","protected":false},"featured_media":4482,"template":"","meta":{"_et_pb_use_builder":"","_et_pb_old_content":"","_et_gb_content_width":""},"product_brand":[],"product_cat":[11327],"product_tag":[],"class_list":{"0":"post-4483","1":"product","2":"type-product","3":"status-publish","4":"has-post-thumbnail","6":"product_cat-telescopic-hydraulic-cylinder","8":"first","9":"instock","10":"shipping-taxable","11":"product-type-simple"},"_links":{"self":[{"href":"https:\/\/agricultural-gear-boxes.com\/pt\/wp-json\/wp\/v2\/product\/4483","targetHints":{"allow":["GET"]}}],"collection":[{"href":"https:\/\/agricultural-gear-boxes.com\/pt\/wp-json\/wp\/v2\/product"}],"about":[{"href":"https:\/\/agricultural-gear-boxes.com\/pt\/wp-json\/wp\/v2\/types\/product"}],"wp:featuredmedia":[{"embeddable":true,"href":"https:\/\/agricultural-gear-boxes.com\/pt\/wp-json\/wp\/v2\/media\/4482"}],"wp:attachment":[{"href":"https:\/\/agricultural-gear-boxes.com\/pt\/wp-json\/wp\/v2\/media?parent=4483"}],"wp:term":[{"taxonomy":"product_brand","embeddable":true,"href":"https:\/\/agricultural-gear-boxes.com\/pt\/wp-json\/wp\/v2\/product_brand?post=4483"},{"taxonomy":"product_cat","embeddable":true,"href":"https:\/\/agricultural-gear-boxes.com\/pt\/wp-json\/wp\/v2\/product_cat?post=4483"},{"taxonomy":"product_tag","embeddable":true,"href":"https:\/\/agricultural-gear-boxes.com\/pt\/wp-json\/wp\/v2\/product_tag?post=4483"}],"curies":[{"name":"wp","href":"https:\/\/api.w.org\/{rel}","templated":true}]}}