{"id":4485,"date":"2024-09-11T07:35:11","date_gmt":"2024-09-11T07:35:11","guid":{"rendered":"https:\/\/agricultural-gear-boxes.com\/product\/factory-customized-5-stage-telescopic-small-dump-truck-hydraulic-cylinder\/"},"modified":"2024-09-11T07:35:11","modified_gmt":"2024-09-11T07:35:11","slug":"factory-customized-5-stage-telescopic-small-dump-truck-hydraulic-cylinder","status":"publish","type":"product","link":"https:\/\/agricultural-gear-boxes.com\/pt\/product\/factory-customized-5-stage-telescopic-small-dump-truck-hydraulic-cylinder\/","title":{"rendered":"Cilindro hidr\u00e1ulico telesc\u00f3pico personalizado de f\u00e1brica para caminh\u00e3o basculante pequeno de 5 est\u00e1gios"},"content":{"rendered":"<p>Todo o conte\u00fado desta p\u00e1gina vem da Internet e \u00e9 usado apenas como refer\u00eancia para sele\u00e7\u00e3o de produtos. Nossos produtos s\u00e3o pe\u00e7as de reposi\u00e7\u00e3o e n\u00e3o pe\u00e7as de reposi\u00e7\u00e3o originais. N\u00e3o somos detentores da marca registrada original associada ao conte\u00fado. Nossas pe\u00e7as de reposi\u00e7\u00e3o se encaixam perfeitamente nas pe\u00e7as de reposi\u00e7\u00e3o originais, mas se voc\u00ea precisar comprar pe\u00e7as de reposi\u00e7\u00e3o originais, entre em contato com a f\u00e1brica ou fornecedor original.<\/p>\n<p><h2>Cilindro hidr\u00e1ulico telesc\u00f3pico personalizado de f\u00e1brica para caminh\u00e3o basculante pequeno de 5 est\u00e1gios<\/h2><\/p>\n<p>O cilindro hidr\u00e1ulico telesc\u00f3pico de caminh\u00e3o basculante pequeno de 5 est\u00e1gios personalizado de f\u00e1brica \u00e9 uma inova\u00e7\u00e3o de \u00faltima gera\u00e7\u00e3o que se destaca por sua estrutura padr\u00e3o, pot\u00eancia superior proveniente de suas capacidades hidr\u00e1ulicas e seu corpo robusto feito de a\u00e7o. Com um empuxo m\u00e1ximo de 3000 e uma tra\u00e7\u00e3o m\u00e1xima de 20 toneladas, este cilindro hidr\u00e1ulico multiest\u00e1gio \u00e9 um divisor de \u00e1guas na ind\u00fastria.<\/p>\n<p><h3>Cen\u00e1rios de uso<\/h3><\/p>\n<p>This hydraulic cylinder is widely applicable in various industries such as machinery repair shops, farms, energy &#038; mining sectors, machinery manufacturing, and machinery factories. It serves as a vital component in improving efficiency and productivity in these industries. The picture &#8220;https:\/\/img.jiansujichilun.com\/img\/hydrauliccylinders\/T_hydrauliccylinders-5.webp&#8221; demonstrates its usage in farm machinery.<\/p>\n<p><h3>Vantagens<\/h3><\/p>\n<ul>\n<li>Efici\u00eancia energ\u00e9tica: o cilindro hidr\u00e1ulico oferece excelente desempenho ao mesmo tempo em que conserva energia.<\/li>\n<li>Alta efici\u00eancia: Com sua funcionalidade multiest\u00e1gio, garante produtividade ideal em diversas aplica\u00e7\u00f5es industriais.<\/li>\n<li>Seguran\u00e7a: O corpo de a\u00e7o robusto garante a seguran\u00e7a e durabilidade do cilindro hidr\u00e1ulico.<\/li>\n<li>Personaliz\u00e1vel: Aceitamos solicita\u00e7\u00f5es de personaliza\u00e7\u00e3o com base em desenhos ou amostras.<\/li>\n<li>F\u00e1cil de substituir: Nossas pe\u00e7as de reposi\u00e7\u00e3o se encaixam perfeitamente nas pe\u00e7as de reposi\u00e7\u00e3o originais.<\/li>\n<\/ul>\n<p><h3>Materiais do produto<\/h3><\/p>\n<p>O cilindro hidr\u00e1ulico telesc\u00f3pico de caminh\u00e3o basculante pequeno de 5 est\u00e1gios personalizado de f\u00e1brica \u00e9 feito de a\u00e7o robusto, altamente dur\u00e1vel e que fornece seguran\u00e7a. Outros materiais incluem o rolamento e o cilindro hidr\u00e1ulico.<\/p>\n<p><h3>Instala\u00e7\u00e3o, Manuten\u00e7\u00e3o e Reparo<\/h3><\/p>\n<p>A instala\u00e7\u00e3o deste cilindro hidr\u00e1ulico requer experi\u00eancia profissional. \u00c9 essencial seguir as instru\u00e7\u00f5es cuidadosamente para garantir que o cilindro funcione corretamente. A manuten\u00e7\u00e3o regular \u00e9 necess\u00e1ria para garantir o desempenho de longo prazo do cilindro hidr\u00e1ulico. Os reparos devem ser realizados apenas por profissionais para evitar danos ao cilindro hidr\u00e1ulico.<\/p>\n<p><h3>Outros produtos<\/h3><\/p>\n<p>Apart from hydraulic cylinders and power units, our company also supplies various plastic gears for industrial use. Our products include agricultural gearboxes, power output shafts, sprockets, hydraulic couplings, worm gear reducers, gear racks, removable chains, pulleys and pulleys, planetary gearboxes, timing pulleys, bushings, etc. We offer high-quality products at preferential prices and thoughtful services. Customers are welcome to customize with drawings and samples. The picture &#8220;https:\/\/images.hzpt.com\/2024\/04\/unit-type-flexo-press-factory.webp&#8221; showcases one of our products.<\/p>\n<p><h2>Perguntas frequentes<\/h2><\/p>\n<p><b>P: Voc\u00ea \u00e9 uma empresa comercial ou um fabricante?<\/b><br \/>R: Somos uma f\u00e1brica.<\/p>\n<p><b>P: Quanto tempo demora a entrega?<\/b><br \/>R: Geralmente, leva de 25 a 35 dias.<\/p>\n<p><b>P: Voc\u00eas fornecem amostras? \u00c9 gr\u00e1tis ou extra?<\/b><br \/>R: Sim, oferecemos amostras, mas elas n\u00e3o s\u00e3o gratuitas.<\/p>\n<p><b>P: Quais s\u00e3o os materiais usados na fabrica\u00e7\u00e3o do cilindro hidr\u00e1ulico?<\/b><br \/>R: O cilindro hidr\u00e1ulico \u00e9 feito de a\u00e7o robusto, rolamento e cilindro hidr\u00e1ulico.<\/p>\n<p><b>P: Como posso substituir o cilindro hidr\u00e1ulico?<\/b><br \/>R: Nossas pe\u00e7as de reposi\u00e7\u00e3o se encaixam perfeitamente nas pe\u00e7as de reposi\u00e7\u00e3o originais, facilitando a substitui\u00e7\u00e3o do cilindro hidr\u00e1ulico.<\/p>","protected":false},"excerpt":{"rendered":"<p>All the content on this page comes from the Internet and is only used as a reference for product selection. Our products are replacement parts and not original spare parts. We are not the holder of the original trademark associated with the content. Our replacement parts perfectly fit the original spare parts, but if you [&hellip;]<\/p>","protected":false},"featured_media":4484,"template":"","meta":{"_et_pb_use_builder":"","_et_pb_old_content":"","_et_gb_content_width":""},"product_brand":[],"product_cat":[11327],"product_tag":[],"class_list":{"0":"post-4485","1":"product","2":"type-product","3":"status-publish","4":"has-post-thumbnail","6":"product_cat-telescopic-hydraulic-cylinder","8":"first","9":"instock","10":"shipping-taxable","11":"product-type-simple"},"_links":{"self":[{"href":"https:\/\/agricultural-gear-boxes.com\/pt\/wp-json\/wp\/v2\/product\/4485","targetHints":{"allow":["GET"]}}],"collection":[{"href":"https:\/\/agricultural-gear-boxes.com\/pt\/wp-json\/wp\/v2\/product"}],"about":[{"href":"https:\/\/agricultural-gear-boxes.com\/pt\/wp-json\/wp\/v2\/types\/product"}],"wp:featuredmedia":[{"embeddable":true,"href":"https:\/\/agricultural-gear-boxes.com\/pt\/wp-json\/wp\/v2\/media\/4484"}],"wp:attachment":[{"href":"https:\/\/agricultural-gear-boxes.com\/pt\/wp-json\/wp\/v2\/media?parent=4485"}],"wp:term":[{"taxonomy":"product_brand","embeddable":true,"href":"https:\/\/agricultural-gear-boxes.com\/pt\/wp-json\/wp\/v2\/product_brand?post=4485"},{"taxonomy":"product_cat","embeddable":true,"href":"https:\/\/agricultural-gear-boxes.com\/pt\/wp-json\/wp\/v2\/product_cat?post=4485"},{"taxonomy":"product_tag","embeddable":true,"href":"https:\/\/agricultural-gear-boxes.com\/pt\/wp-json\/wp\/v2\/product_tag?post=4485"}],"curies":[{"name":"wp","href":"https:\/\/api.w.org\/{rel}","templated":true}]}}