{"id":4489,"date":"2024-09-11T07:35:13","date_gmt":"2024-09-11T07:35:13","guid":{"rendered":"https:\/\/agricultural-gear-boxes.com\/product\/professional-5-stage-multi-stage-telescopic-hydraulic-cylinder\/"},"modified":"2024-09-11T07:35:14","modified_gmt":"2024-09-11T07:35:14","slug":"professional-5-stage-multi-stage-telescopic-hydraulic-cylinder","status":"publish","type":"product","link":"https:\/\/agricultural-gear-boxes.com\/pt\/product\/professional-5-stage-multi-stage-telescopic-hydraulic-cylinder\/","title":{"rendered":"Cilindro hidr\u00e1ulico telesc\u00f3pico profissional de 5 est\u00e1gios e v\u00e1rios est\u00e1gios"},"content":{"rendered":"<p>Todo o conte\u00fado desta p\u00e1gina vem da Internet e \u00e9 usado apenas como refer\u00eancia para sele\u00e7\u00e3o de produtos. Nossos produtos s\u00e3o pe\u00e7as de reposi\u00e7\u00e3o em vez de pe\u00e7as de reposi\u00e7\u00e3o originais, e n\u00e3o somos detentores da marca registrada original do conte\u00fado. Nossas pe\u00e7as de reposi\u00e7\u00e3o s\u00e3o adequadas para substitui\u00e7\u00e3o p\u00f3s-venda em vez de pe\u00e7as de reposi\u00e7\u00e3o originais. Se voc\u00ea precisar comprar pe\u00e7as de reposi\u00e7\u00e3o originais, entre em contato com o fornecedor original para comprar.<\/p>\n<p><h2>Cilindro Hidr\u00e1ulico Telesc\u00f3pico Profissional de 5 Est\u00e1gios e Multiest\u00e1gios: Um Guia Abrangente<\/h2><\/p>\n<p>O Cilindro Hidr\u00e1ulico Telesc\u00f3pico Multiest\u00e1gio Profissional de 5 Est\u00e1gios \u00e9 uma pe\u00e7a de reposi\u00e7\u00e3o de alta qualidade para sistemas hidr\u00e1ulicos em v\u00e1rios setores, incluindo oficinas de reparo de m\u00e1quinas, fazendas, energia e minera\u00e7\u00e3o, fabrica\u00e7\u00e3o de m\u00e1quinas e f\u00e1bricas de m\u00e1quinas. Este cilindro hidr\u00e1ulico opera com um empuxo m\u00e1ximo de 3000 e uma tra\u00e7\u00e3o m\u00e1xima de 20 toneladas, garantindo desempenho ideal em todos os momentos.<\/p>\n<p><h3>Cen\u00e1rios de uso comum<\/h3><\/p>\n<p>Este cilindro hidr\u00e1ulico encontra sua aplica\u00e7\u00e3o em diversos campos, que v\u00e3o desde oficinas de reparo de m\u00e1quinas e fazendas at\u00e9 energia e minera\u00e7\u00e3o, fabrica\u00e7\u00e3o de m\u00e1quinas e f\u00e1bricas de m\u00e1quinas. \u00c9 adequado para uso em sistemas hidr\u00e1ulicos que exigem alto empuxo e tra\u00e7\u00e3o, tornando-o uma escolha popular para reparo e manuten\u00e7\u00e3o de m\u00e1quinas. <\/p>\n<p>O Cilindro Hidr\u00e1ulico Telesc\u00f3pico Multiest\u00e1gio Profissional de 5 Est\u00e1gios \u00e9 ideal para uso em v\u00e1rias aplica\u00e7\u00f5es industriais, incluindo caminh\u00f5es basculantes, escavadeiras e guindastes. Seu design superior, qualidade e funcionalidade o tornam uma pe\u00e7a de reposi\u00e7\u00e3o confi\u00e1vel para sistemas hidr\u00e1ulicos.<\/p>\n<p><img decoding=\"async\" src=\"https:\/\/img.jiansujichilun.com\/img\/hydrauliccylinders\/T_hydrauliccylinders-5.webp\" alt=\"Cilindro hidr\u00e1ulico telesc\u00f3pico profissional de 5 est\u00e1gios e v\u00e1rios est\u00e1gios\" \/><\/p>\n<p><h3>Vantagens<\/h3><\/p>\n<p>Feito com um corpo de a\u00e7o, este cilindro hidr\u00e1ulico \u00e9 resistente ao desgaste, garantindo desempenho e seguran\u00e7a duradouros. Embora este cilindro siga especifica\u00e7\u00f5es padr\u00e3o, ele tamb\u00e9m pode ser personalizado para atender a requisitos espec\u00edficos, desde os tamanhos do furo e da haste at\u00e9 os tamanhos do curso e do pino.<\/p>\n<p><h3>Hist\u00f3rico e classifica\u00e7\u00e3o do produto<\/h3><\/p>\n<p>O cilindro hidr\u00e1ulico \u00e9 um componente crucial de qualquer sistema hidr\u00e1ulico, pois converte energia hidr\u00e1ulica em energia mec\u00e2nica, permitindo que v\u00e1rias m\u00e1quinas executem suas fun\u00e7\u00f5es. O Cilindro Hidr\u00e1ulico Telesc\u00f3pico Multiest\u00e1gio Profissional de 5 Est\u00e1gios \u00e9 um cilindro hidr\u00e1ulico telesc\u00f3pico multiest\u00e1gios que \u00e9 projetado para garantir funcionalidade e efici\u00eancia ideais em qualquer sistema hidr\u00e1ulico.<\/p>\n<p>Este cilindro hidr\u00e1ulico \u00e9 classificado como um cilindro telesc\u00f3pico, que inclui uma s\u00e9rie de est\u00e1gios que se estendem quando a press\u00e3o \u00e9 aplicada. \u00c0 medida que mais press\u00e3o \u00e9 aplicada, mais est\u00e1gios se estendem, permitindo que uma for\u00e7a maior seja gerada.<\/p>\n<p><h3>Materiais de produtos utiliz\u00e1veis<\/h3><\/p>\n<p>O Cilindro Hidr\u00e1ulico Telesc\u00f3pico Multiest\u00e1gio Profissional de 5 Est\u00e1gios \u00e9 fabricado com materiais de alta qualidade, incluindo a\u00e7o. O corpo de a\u00e7o o torna resistente ao desgaste, garantindo desempenho e seguran\u00e7a duradouros.<\/p>\n<p><h3>Instala\u00e7\u00e3o, Manuten\u00e7\u00e3o e Reparo<\/h3><\/p>\n<p>A instala\u00e7\u00e3o do Cilindro Hidr\u00e1ulico Telesc\u00f3pico Multiest\u00e1gio Profissional de 5 Est\u00e1gios requer experi\u00eancia profissional e deve ser feita somente por profissionais treinados. A manuten\u00e7\u00e3o adequada \u00e9 essencial para garantir que o cilindro continue a ter um desempenho ideal. Inspe\u00e7\u00f5es regulares e lubrifica\u00e7\u00e3o do cilindro s\u00e3o recomendadas.<\/p>\n<p>Se forem necess\u00e1rios reparos, \u00e9 importante usar as pe\u00e7as de reposi\u00e7\u00e3o corretas para garantir a opera\u00e7\u00e3o adequada do sistema hidr\u00e1ulico. Nossas pe\u00e7as de reposi\u00e7\u00e3o podem se encaixar perfeitamente nas pe\u00e7as de reposi\u00e7\u00e3o originais. Se voc\u00ea precisar comprar pe\u00e7as de reposi\u00e7\u00e3o originais, entre em contato com a f\u00e1brica original para comprar.<\/p>\n<p><h3>Instru\u00e7\u00f5es de substitui\u00e7\u00e3o<\/h3><\/p>\n<p>When replacing the Professional 5 Stage Multi Stage Telescopic Hydraulic Cylinder, it is important to ensure that the replacement is compatible with the existing hydraulic system. Always use the correct tools and follow the manufacturer&#8217;s instructions for safe and proper replacement.<\/p>\n<p><h2>Sobre nossa empresa<\/h2><\/p>\n<p>N\u00f3s fornecemos principalmente v\u00e1rias engrenagens de pl\u00e1stico para uso industrial, como caixas de engrenagens agr\u00edcolas, eixos de sa\u00edda de pot\u00eancia, rodas dentadas, acoplamentos hidr\u00e1ulicos, redutores de engrenagem sem-fim, cremalheiras de engrenagens, correntes remov\u00edveis, polias e polias, caixas de engrenagens planet\u00e1rias, polias de sincroniza\u00e7\u00e3o, buchas, etc. Oferecemos produtos de alta qualidade a pre\u00e7os preferenciais e fornecemos servi\u00e7os atenciosos. Os clientes podem personalizar os produtos com base em suas necessidades e requisitos espec\u00edficos.<\/p>\n<p><img decoding=\"async\" src=\"https:\/\/images.hzpt.com\/2024\/04\/unit-type-flexo-press-factory.webp\" alt=\"Outros produtos da nossa empresa\" \/><\/p>\n<p><h2>Perguntas frequentes<\/h2><\/p>\n<p><strong>P: Quais ind\u00fastrias podem usar o Cilindro Hidr\u00e1ulico Telesc\u00f3pico Multiest\u00e1gio Profissional de 5 Est\u00e1gios?<\/strong><br \/>R: Este cilindro hidr\u00e1ulico \u00e9 adequado para uso em v\u00e1rios setores, incluindo oficinas de reparo de m\u00e1quinas, fazendas, energia e minera\u00e7\u00e3o, fabrica\u00e7\u00e3o de m\u00e1quinas e f\u00e1bricas de m\u00e1quinas.<\/p>\n<p><strong>P: Quais s\u00e3o as vantagens do Cilindro Hidr\u00e1ulico Telesc\u00f3pico Multiest\u00e1gio Profissional de 5 Est\u00e1gios?<\/strong><br \/>R: Feito com um corpo de a\u00e7o, este cilindro hidr\u00e1ulico \u00e9 resistente ao desgaste, garantindo desempenho e seguran\u00e7a duradouros. Embora este cilindro siga especifica\u00e7\u00f5es padr\u00e3o, ele tamb\u00e9m pode ser personalizado para atender a requisitos espec\u00edficos, desde os tamanhos do furo e da haste at\u00e9 os tamanhos do curso e do pino.<\/p>\n<p><strong>P: Quais materiais s\u00e3o usados no Cilindro Hidr\u00e1ulico Telesc\u00f3pico Multiest\u00e1gio Profissional de 5 Est\u00e1gios?<\/strong><br \/>R: O Cilindro Hidr\u00e1ulico Telesc\u00f3pico Multiest\u00e1gio Profissional de 5 Est\u00e1gios \u00e9 fabricado com materiais de alta qualidade, incluindo a\u00e7o.<\/p>\n<p><strong>P: Preciso de ajuda profissional para instalar o Cilindro Hidr\u00e1ulico Telesc\u00f3pico Multiest\u00e1gio Profissional de 5 Est\u00e1gios?<\/strong><br \/>R: A instala\u00e7\u00e3o do cilindro hidr\u00e1ulico telesc\u00f3pico profissional de 5 est\u00e1gios e v\u00e1rios est\u00e1gios requer experi\u00eancia profissional e deve ser feita apenas por profissionais treinados.<\/p>\n<p><strong>P: O que devo fazer se precisar substituir o Cilindro Hidr\u00e1ulico Telesc\u00f3pico Multiest\u00e1gio Profissional de 5 Est\u00e1gios?<\/strong><br \/>A: Always use the correct tools and follow the manufacturer&#8217;s instructions for safe and proper replacement. Our replacement parts can perfectly fit the original spare parts. If you need to purchase original spare parts, please contact the original factory to purchase.<\/p>","protected":false},"excerpt":{"rendered":"<p>All content on this page comes from the Internet and is only used as a reference for product selection. Our products are replacement parts rather than original spare parts, and we are not the holder of the original trademark of the content. Our replacement parts are suitable for after-sales replacement rather than original spare parts. [&hellip;]<\/p>","protected":false},"featured_media":4488,"template":"","meta":{"_et_pb_use_builder":"","_et_pb_old_content":"","_et_gb_content_width":""},"product_brand":[],"product_cat":[11327],"product_tag":[],"class_list":{"0":"post-4489","1":"product","2":"type-product","3":"status-publish","4":"has-post-thumbnail","6":"product_cat-telescopic-hydraulic-cylinder","8":"first","9":"instock","10":"shipping-taxable","11":"product-type-simple"},"_links":{"self":[{"href":"https:\/\/agricultural-gear-boxes.com\/pt\/wp-json\/wp\/v2\/product\/4489","targetHints":{"allow":["GET"]}}],"collection":[{"href":"https:\/\/agricultural-gear-boxes.com\/pt\/wp-json\/wp\/v2\/product"}],"about":[{"href":"https:\/\/agricultural-gear-boxes.com\/pt\/wp-json\/wp\/v2\/types\/product"}],"wp:featuredmedia":[{"embeddable":true,"href":"https:\/\/agricultural-gear-boxes.com\/pt\/wp-json\/wp\/v2\/media\/4488"}],"wp:attachment":[{"href":"https:\/\/agricultural-gear-boxes.com\/pt\/wp-json\/wp\/v2\/media?parent=4489"}],"wp:term":[{"taxonomy":"product_brand","embeddable":true,"href":"https:\/\/agricultural-gear-boxes.com\/pt\/wp-json\/wp\/v2\/product_brand?post=4489"},{"taxonomy":"product_cat","embeddable":true,"href":"https:\/\/agricultural-gear-boxes.com\/pt\/wp-json\/wp\/v2\/product_cat?post=4489"},{"taxonomy":"product_tag","embeddable":true,"href":"https:\/\/agricultural-gear-boxes.com\/pt\/wp-json\/wp\/v2\/product_tag?post=4489"}],"curies":[{"name":"wp","href":"https:\/\/api.w.org\/{rel}","templated":true}]}}