{"id":4493,"date":"2024-09-11T07:35:16","date_gmt":"2024-09-11T07:35:16","guid":{"rendered":"https:\/\/agricultural-gear-boxes.com\/product\/quality-assurance-dump-truck-hydraulic-hoist-cylinder-4-stage-small-dump-truck-hydraulic-cylinder\/"},"modified":"2024-09-11T07:35:16","modified_gmt":"2024-09-11T07:35:16","slug":"quality-assurance-dump-truck-hydraulic-hoist-cylinder-4-stage-small-dump-truck-hydraulic-cylinder","status":"publish","type":"product","link":"https:\/\/agricultural-gear-boxes.com\/pt\/product\/quality-assurance-dump-truck-hydraulic-hoist-cylinder-4-stage-small-dump-truck-hydraulic-cylinder\/","title":{"rendered":"Garantia de qualidade Cilindro hidr\u00e1ulico de guincho de caminh\u00e3o basculante Cilindro hidr\u00e1ulico de caminh\u00e3o basculante pequeno de 4 est\u00e1gios"},"content":{"rendered":"<p>Todo o conte\u00fado desta p\u00e1gina vem da Internet e \u00e9 usado apenas como refer\u00eancia para sele\u00e7\u00e3o de produtos. Nossos produtos s\u00e3o pe\u00e7as de reposi\u00e7\u00e3o e n\u00e3o pe\u00e7as de reposi\u00e7\u00e3o originais; n\u00e3o somos detentores da marca registrada original do conte\u00fado. Nossos produtos s\u00e3o adequados apenas para pe\u00e7as de reposi\u00e7\u00e3o p\u00f3s-venda e n\u00e3o pe\u00e7as de reposi\u00e7\u00e3o originais. Nossas pe\u00e7as de reposi\u00e7\u00e3o podem se encaixar perfeitamente nas pe\u00e7as de reposi\u00e7\u00e3o originais; se voc\u00ea precisar comprar pe\u00e7as de reposi\u00e7\u00e3o originais, entre em contato com a f\u00e1brica original para comprar. Se voc\u00ea precisar comprar pe\u00e7as de reposi\u00e7\u00e3o originais, entre em contato com o fornecedor original para comprar.<\/p>\n<h2>Garantia de qualidade Cilindro hidr\u00e1ulico de guincho de caminh\u00e3o basculante Cilindro hidr\u00e1ulico de caminh\u00e3o basculante pequeno de 4 est\u00e1gios<\/h2>\n<p>The Quality Assurance Dump Truck Hydraulic Hoist Cylinder 4 Stage Small Dump Truck Hydraulic Cylinder is a premium product designed for high performance and durability. It is ideal for various industries such as machinery repair shops, farms, energy &#038; mining, machinery manufacturing, and machinery factories. This hydraulic cylinder is a standard, plunger cylinder powered by hydraulic energy. With a robust steel body, it offers a maximum thrust of 3000 and a maximum pull of 20 tons. This multistage hydraulic cylinder is ISO9001:2000 certified, ensuring its quality and reliability.<\/p>\n<h3>Cen\u00e1rio de uso do produto<\/h3>\n<p>O cilindro hidr\u00e1ulico de 4 est\u00e1gios \u00e9 amplamente utilizado em caminh\u00f5es basculantes, grandes guindastes e equipamentos de movimenta\u00e7\u00e3o de terra. Ele \u00e9 projetado para fornecer uma quantidade significativa de for\u00e7a a ser exercida em uma dist\u00e2ncia consider\u00e1vel, tornando-o a solu\u00e7\u00e3o perfeita para tarefas que exigem alta pot\u00eancia e controle preciso.<\/p>\n<p><img decoding=\"async\" src=\"https:\/\/img.jiansujichilun.com\/img\/hydrauliccylinders\/T_hydrauliccylinders-5.webp\" alt=\"Cilindro Hidr\u00e1ulico\"><\/p>\n<h3>Vantagens do produto<\/h3>\n<ul>\n<li>Efici\u00eancia energ\u00e9tica<\/li>\n<li>Alto desempenho<\/li>\n<li>Seguran\u00e7a<\/li>\n<li>Durabilidade<\/li>\n<\/ul>\n<h3>Materiais do produto<\/h3>\n<p>Nosso cilindro hidr\u00e1ulico \u00e9 feito de a\u00e7o de alta qualidade, o que o torna dur\u00e1vel e capaz de suportar uso pesado. Ele \u00e9 projetado para suportar altas press\u00f5es e fornecer servi\u00e7o confi\u00e1vel por muitos anos.<\/p>\n<h3>Instala\u00e7\u00e3o, Manuten\u00e7\u00e3o e Reparo<\/h3>\n<p>Instalar nosso cilindro hidr\u00e1ulico \u00e9 simples e direto. Recomendamos que voc\u00ea leia as instru\u00e7\u00f5es cuidadosamente antes da instala\u00e7\u00e3o para garantir a instala\u00e7\u00e3o e opera\u00e7\u00e3o adequadas. A manuten\u00e7\u00e3o regular \u00e9 essencial para manter seu cilindro hidr\u00e1ulico funcionando corretamente. Recomendamos que voc\u00ea execute tarefas de manuten\u00e7\u00e3o regularmente para garantir o desempenho ideal e uma longa vida \u00fatil. Se voc\u00ea precisar consertar seu cilindro hidr\u00e1ulico, recomendamos que entre em contato com um t\u00e9cnico de reparo qualificado para garantir que o reparo seja feito corretamente.<\/p>\n<h3>Instru\u00e7\u00f5es de substitui\u00e7\u00e3o<\/h3>\n<p>Se voc\u00ea precisar substituir seu cilindro hidr\u00e1ulico, recomendamos que entre em contato conosco para comprar uma pe\u00e7a de reposi\u00e7\u00e3o. Nossas pe\u00e7as de reposi\u00e7\u00e3o s\u00e3o projetadas para se encaixar perfeitamente com as pe\u00e7as de reposi\u00e7\u00e3o originais.<\/p>\n<h3>Nossos outros neg\u00f3cios de produtos<\/h3>\n<p>N\u00f3s fornecemos principalmente v\u00e1rias engrenagens de pl\u00e1stico para uso industrial, como caixas de engrenagens agr\u00edcolas, eixos de sa\u00edda de pot\u00eancia, rodas dentadas, acoplamentos hidr\u00e1ulicos, redutores de engrenagem sem-fim, cremalheiras de engrenagens, correntes remov\u00edveis, polias e polias, caixas de engrenagens planet\u00e1rias, polias de sincroniza\u00e7\u00e3o, buchas, etc. Nossos produtos de alta qualidade, pre\u00e7os preferenciais e servi\u00e7os atenciosos conquistaram a confian\u00e7a e o suporte de nossos clientes. Damos as boas-vindas aos clientes para personalizar com desenhos e amostras.<\/p>\n<p><img decoding=\"async\" src=\"https:\/\/images.hzpt.com\/2024\/04\/unit-type-flexo-press-factory.webp\" alt=\"Outros neg\u00f3cios de produtos\"><\/p>\n<h2>Perguntas frequentes<\/h2>\n<p><b>P: Qual \u00e9 o empuxo e a tra\u00e7\u00e3o m\u00e1ximos do cilindro hidr\u00e1ulico?<\/b><br \/>\nR: O empuxo m\u00e1ximo \u00e9 de 3000 e a tra\u00e7\u00e3o m\u00e1xima \u00e9 de 20 toneladas.<\/p>\n<p><b>P: O cilindro hidr\u00e1ulico \u00e9 energeticamente eficiente?<\/b><br \/>\nR: Sim, o cilindro hidr\u00e1ulico foi projetado para ser energeticamente eficiente.<\/p>\n<p><b>P: Como o cilindro hidr\u00e1ulico \u00e9 instalado?<\/b><br \/>\nR: O cilindro hidr\u00e1ulico \u00e9 simples e direto de instalar. Recomendamos que voc\u00ea leia as instru\u00e7\u00f5es cuidadosamente antes da instala\u00e7\u00e3o para garantir a instala\u00e7\u00e3o e opera\u00e7\u00e3o adequadas.<\/p>\n<p><b>P: Quais materiais s\u00e3o usados para fazer o cilindro hidr\u00e1ulico?<\/b><br \/>\nR: O cilindro hidr\u00e1ulico \u00e9 feito de a\u00e7o de alta qualidade.<\/p>\n<p><b>P: O cilindro hidr\u00e1ulico pode ser reparado?<\/b><br \/>\nR: Sim, o cilindro hidr\u00e1ulico pode ser reparado. Recomendamos que voc\u00ea entre em contato com um t\u00e9cnico de reparo qualificado para garantir que o reparo seja feito corretamente.<\/p>","protected":false},"excerpt":{"rendered":"<p>All the content on this page comes from the Internet, and it is only used as a reference for product selection. Our products are replacement parts rather than original spare parts; we are not the holder of the original trademark of the content. Our products are only suitable for after-sales replacement parts rather than original [&hellip;]<\/p>","protected":false},"featured_media":4492,"template":"","meta":{"_et_pb_use_builder":"","_et_pb_old_content":"","_et_gb_content_width":""},"product_brand":[],"product_cat":[11327],"product_tag":[],"class_list":{"0":"post-4493","1":"product","2":"type-product","3":"status-publish","4":"has-post-thumbnail","6":"product_cat-telescopic-hydraulic-cylinder","8":"first","9":"instock","10":"shipping-taxable","11":"product-type-simple"},"_links":{"self":[{"href":"https:\/\/agricultural-gear-boxes.com\/pt\/wp-json\/wp\/v2\/product\/4493","targetHints":{"allow":["GET"]}}],"collection":[{"href":"https:\/\/agricultural-gear-boxes.com\/pt\/wp-json\/wp\/v2\/product"}],"about":[{"href":"https:\/\/agricultural-gear-boxes.com\/pt\/wp-json\/wp\/v2\/types\/product"}],"wp:featuredmedia":[{"embeddable":true,"href":"https:\/\/agricultural-gear-boxes.com\/pt\/wp-json\/wp\/v2\/media\/4492"}],"wp:attachment":[{"href":"https:\/\/agricultural-gear-boxes.com\/pt\/wp-json\/wp\/v2\/media?parent=4493"}],"wp:term":[{"taxonomy":"product_brand","embeddable":true,"href":"https:\/\/agricultural-gear-boxes.com\/pt\/wp-json\/wp\/v2\/product_brand?post=4493"},{"taxonomy":"product_cat","embeddable":true,"href":"https:\/\/agricultural-gear-boxes.com\/pt\/wp-json\/wp\/v2\/product_cat?post=4493"},{"taxonomy":"product_tag","embeddable":true,"href":"https:\/\/agricultural-gear-boxes.com\/pt\/wp-json\/wp\/v2\/product_tag?post=4493"}],"curies":[{"name":"wp","href":"https:\/\/api.w.org\/{rel}","templated":true}]}}