{"id":4499,"date":"2024-09-11T07:35:19","date_gmt":"2024-09-11T07:35:19","guid":{"rendered":"https:\/\/agricultural-gear-boxes.com\/product\/factory-direct-sale-multi-stage-hydraulic-cylinder-telescopic-hydraulic-cylinder-for-dump-truck\/"},"modified":"2024-09-11T07:35:19","modified_gmt":"2024-09-11T07:35:19","slug":"factory-direct-sale-multi-stage-hydraulic-cylinder-telescopic-hydraulic-cylinder-for-dump-truck","status":"publish","type":"product","link":"https:\/\/agricultural-gear-boxes.com\/pt\/product\/factory-direct-sale-multi-stage-hydraulic-cylinder-telescopic-hydraulic-cylinder-for-dump-truck\/","title":{"rendered":"Venda direta da f\u00e1brica Cilindro hidr\u00e1ulico multiest\u00e1gio Cilindro hidr\u00e1ulico telesc\u00f3pico para caminh\u00e3o basculante"},"content":{"rendered":"<p>Todo o conte\u00fado desta p\u00e1gina vem da Internet e \u00e9 usado apenas como refer\u00eancia para sele\u00e7\u00e3o de produtos. Nossos produtos s\u00e3o pe\u00e7as de reposi\u00e7\u00e3o e n\u00e3o pe\u00e7as de reposi\u00e7\u00e3o originais. N\u00e3o somos detentores da marca registrada original do conte\u00fado. Nossos produtos s\u00e3o adequados apenas para pe\u00e7as de reposi\u00e7\u00e3o p\u00f3s-venda. Se voc\u00ea precisar comprar pe\u00e7as de reposi\u00e7\u00e3o originais, entre em contato com a f\u00e1brica original para comprar. Se voc\u00ea precisar comprar pe\u00e7as de reposi\u00e7\u00e3o originais, entre em contato com o fornecedor original para comprar.<\/p>\n<p><h2>Venda direta da f\u00e1brica Cilindro hidr\u00e1ulico multiest\u00e1gio Cilindro hidr\u00e1ulico telesc\u00f3pico para caminh\u00e3o basculante<\/h2><\/p>\n<p>The Factory Direct Sale Multi Stage Hydraulic Cylinder Telescopic Hydraulic Cylinder is an efficient, robust, and reliable hydraulic cylinder specially designed for dump trucks. With exceptional engineering and construction, it is perfect for various industries including machinery repair shops, farms, energy &#038; mining, machinery manufacturing, and machinery factories. Its strength and durability make it suitable for even the most demanding industrial applications.<\/p>\n<p><img decoding=\"async\" src=\"https:\/\/img.jiansujichilun.com\/img\/hydrauliccylinders\/T_hydrauliccylinders-5.webp\" alt=\"Cen\u00e1rio de uso\" \/><\/p>\n<p><h3>Hist\u00f3rico do produto<\/h3><\/p>\n<p>O cilindro hidr\u00e1ulico multiest\u00e1gio tem uma longa hist\u00f3ria de desenvolvimento e passou por v\u00e1rias melhorias de design ao longo do tempo. Com os avan\u00e7os em tecnologia e engenharia, ele se tornou um componente crucial em sistemas hidr\u00e1ulicos, fornecendo desempenho eficiente e confi\u00e1vel.<\/p>\n<p><h3>Classifica\u00e7\u00e3o do produto<\/h3><\/p>\n<ul>\n<li>Cilindro hidr\u00e1ulico de a\u00e7\u00e3o simples<\/li>\n<li>Cilindro hidr\u00e1ulico de dupla a\u00e7\u00e3o<\/li>\n<li>Cilindro hidr\u00e1ulico telesc\u00f3pico<\/li>\n<li>Cilindro hidr\u00e1ulico diferencial<\/li>\n<\/ul>\n<p><h3>Vantagens do Cilindro Hidr\u00e1ulico Multiest\u00e1gio<\/h3><\/p>\n<ul>\n<li>O design com efici\u00eancia energ\u00e9tica reduz o consumo de energia<\/li>\n<li>Constru\u00e7\u00e3o altamente confi\u00e1vel garante desempenho duradouro<\/li>\n<li>Seguro para uso com mecanismos de seguran\u00e7a adequados<\/li>\n<li>Desempenho superior para opera\u00e7\u00e3o eficiente<\/li>\n<li>Ampla gama de materiais de produtos compat\u00edveis<\/li>\n<\/ul>\n<p><h3>Materiais do produto<\/h3><\/p>\n<p>O Cilindro Hidr\u00e1ulico Multiest\u00e1gio \u00e9 compat\u00edvel com v\u00e1rios materiais, incluindo:<\/p>\n<ul>\n<li>A\u00e7o de alta resist\u00eancia<\/li>\n<li>Liga de a\u00e7o<\/li>\n<li>A\u00e7o carbono<\/li>\n<\/ul>\n<p><h3>Instala\u00e7\u00e3o, Manuten\u00e7\u00e3o e Reparo<\/h3><\/p>\n<p>Instala\u00e7\u00e3o, manuten\u00e7\u00e3o e reparo adequados s\u00e3o essenciais para o desempenho e a longevidade ideais do Cilindro Hidr\u00e1ulico Multiest\u00e1gio. Siga estas diretrizes:<\/p>\n<ul>\n<li>Garanta o alinhamento adequado durante a instala\u00e7\u00e3o<\/li>\n<li>Inspecione e lubrifique regularmente o cilindro<\/li>\n<li>Substitua os componentes desgastados imediatamente<\/li>\n<li>Follow manufacturer&#8217;s instructions for repairs<\/li>\n<\/ul>\n<p><h3>Substitui\u00e7\u00e3o de produto<\/h3><\/p>\n<p>Se voc\u00ea precisar substituir o Cilindro Hidr\u00e1ulico Multiest\u00e1gio, siga estas etapas:<\/p>\n<ol>\n<li>Desconecte as linhas hidr\u00e1ulicas<\/li>\n<li>Remova os parafusos de montagem<\/li>\n<li>Desconecte o cilindro do equipamento<\/li>\n<li>Instale o novo cilindro seguindo os passos inversos<\/li>\n<\/ol>\n<p><img decoding=\"async\" src=\"https:\/\/images.hzpt.com\/2024\/04\/unit-type-flexo-press-factory.webp\" alt=\"Outros neg\u00f3cios de produtos da empresa\" \/><\/p>\n<p>Al\u00e9m de cilindros hidr\u00e1ulicos, nossa empresa tamb\u00e9m \u00e9 especializada no fornecimento de v\u00e1rias engrenagens de pl\u00e1stico para uso industrial. Nossa linha de produtos inclui caixas de engrenagens agr\u00edcolas, eixos de sa\u00edda de pot\u00eancia, rodas dentadas, acoplamentos hidr\u00e1ulicos, redutores de engrenagem sem-fim, cremalheiras de engrenagens, correntes remov\u00edveis, polias e polias, caixas de engrenagens planet\u00e1rias, polias de sincroniza\u00e7\u00e3o e buchas. Oferecemos produtos de alta qualidade, pre\u00e7os preferenciais e servi\u00e7os atenciosos. Os clientes s\u00e3o bem-vindos para personalizar com desenhos e amostras.<\/p>\n<p><h2>Perguntas frequentes<\/h2><\/p>\n<p><strong>P: Quanto tempo demora a entrega?<\/strong><br \/>R: Geralmente, s\u00e3o de 25 a 35 dias.<\/p>\n<p><strong>P: Voc\u00eas fornecem amostras?<\/strong><br \/>R: Sim, oferecemos amostras, mas elas n\u00e3o s\u00e3o gratuitas.<\/p>\n<p><strong>P: Voc\u00eas podem produzir de acordo com as amostras?<\/strong><br \/>R: Sim, podemos produzir com base em suas amostras ou desenhos t\u00e9cnicos. Podemos construir os moldes e fixa\u00e7\u00f5es.<\/p>\n<p><strong>P: Para quais ind\u00fastrias o Cilindro Hidr\u00e1ulico Multiest\u00e1gio \u00e9 adequado?<\/strong><br \/>A: The Multi Stage Hydraulic Cylinder is suitable for various industries, including machinery repair shops, farms, energy &#038; mining, machinery manufacturing, and machinery factories.<\/p>\n<p><strong>P: Qual \u00e9 a certifica\u00e7\u00e3o do Cilindro Hidr\u00e1ulico Multiest\u00e1gio?<\/strong><br \/>R: O Cilindro Hidr\u00e1ulico Multiest\u00e1gio \u00e9 certificado pela ISO9001:2000.<\/p>","protected":false},"excerpt":{"rendered":"<p>All the content on this page comes from the Internet and is only used as a reference for product selection. Our products are replacement parts rather than original spare parts. We are not the holder of the original trademark of the content. Our products are only suitable for after-sales replacement parts. If you need to [&hellip;]<\/p>","protected":false},"featured_media":4498,"template":"","meta":{"_et_pb_use_builder":"","_et_pb_old_content":"","_et_gb_content_width":""},"product_brand":[],"product_cat":[11327],"product_tag":[],"class_list":{"0":"post-4499","1":"product","2":"type-product","3":"status-publish","4":"has-post-thumbnail","6":"product_cat-telescopic-hydraulic-cylinder","8":"first","9":"instock","10":"shipping-taxable","11":"product-type-simple"},"_links":{"self":[{"href":"https:\/\/agricultural-gear-boxes.com\/pt\/wp-json\/wp\/v2\/product\/4499","targetHints":{"allow":["GET"]}}],"collection":[{"href":"https:\/\/agricultural-gear-boxes.com\/pt\/wp-json\/wp\/v2\/product"}],"about":[{"href":"https:\/\/agricultural-gear-boxes.com\/pt\/wp-json\/wp\/v2\/types\/product"}],"wp:featuredmedia":[{"embeddable":true,"href":"https:\/\/agricultural-gear-boxes.com\/pt\/wp-json\/wp\/v2\/media\/4498"}],"wp:attachment":[{"href":"https:\/\/agricultural-gear-boxes.com\/pt\/wp-json\/wp\/v2\/media?parent=4499"}],"wp:term":[{"taxonomy":"product_brand","embeddable":true,"href":"https:\/\/agricultural-gear-boxes.com\/pt\/wp-json\/wp\/v2\/product_brand?post=4499"},{"taxonomy":"product_cat","embeddable":true,"href":"https:\/\/agricultural-gear-boxes.com\/pt\/wp-json\/wp\/v2\/product_cat?post=4499"},{"taxonomy":"product_tag","embeddable":true,"href":"https:\/\/agricultural-gear-boxes.com\/pt\/wp-json\/wp\/v2\/product_tag?post=4499"}],"curies":[{"name":"wp","href":"https:\/\/api.w.org\/{rel}","templated":true}]}}