{"id":4503,"date":"2024-09-11T07:35:21","date_gmt":"2024-09-11T07:35:21","guid":{"rendered":"https:\/\/agricultural-gear-boxes.com\/product\/professional-20-ton-telescopic-hydraulic-cylinder-small-dump-truck-hydraulic-cylinder\/"},"modified":"2024-09-11T07:35:22","modified_gmt":"2024-09-11T07:35:22","slug":"professional-20-ton-telescopic-hydraulic-cylinder-small-dump-truck-hydraulic-cylinder","status":"publish","type":"product","link":"https:\/\/agricultural-gear-boxes.com\/pt\/product\/professional-20-ton-telescopic-hydraulic-cylinder-small-dump-truck-hydraulic-cylinder\/","title":{"rendered":"Cilindro hidr\u00e1ulico telesc\u00f3pico profissional de 20 toneladas, cilindro hidr\u00e1ulico para caminh\u00e3o basculante pequeno"},"content":{"rendered":"<p>Todo o conte\u00fado desta p\u00e1gina vem da Internet e \u00e9 usado apenas como refer\u00eancia para sele\u00e7\u00e3o de produtos. Nossos produtos s\u00e3o pe\u00e7as de reposi\u00e7\u00e3o e n\u00e3o pe\u00e7as de reposi\u00e7\u00e3o originais; n\u00e3o somos detentores da marca registrada original do conte\u00fado. Nossos produtos s\u00e3o adequados apenas para pe\u00e7as de reposi\u00e7\u00e3o p\u00f3s-venda e n\u00e3o pe\u00e7as de reposi\u00e7\u00e3o originais. Nossas pe\u00e7as de reposi\u00e7\u00e3o podem se encaixar perfeitamente nas pe\u00e7as de reposi\u00e7\u00e3o originais; se voc\u00ea precisar comprar pe\u00e7as de reposi\u00e7\u00e3o originais, entre em contato com a f\u00e1brica original para comprar. Se voc\u00ea precisar comprar pe\u00e7as de reposi\u00e7\u00e3o originais, entre em contato com o fornecedor original para comprar.<\/p>\n<h2>Vis\u00e3o geral do cilindro hidr\u00e1ulico telesc\u00f3pico profissional de 20 toneladas para caminh\u00e3o basculante pequeno<\/h2>\n<p>O cilindro hidr\u00e1ulico telesc\u00f3pico profissional de 20 toneladas \u00e9 uma pe\u00e7a de reposi\u00e7\u00e3o de alta qualidade projetada para pequenos caminh\u00f5es basculantes. Ele \u00e9 constru\u00eddo para durar e vem com garantia de 1 ano. Este cilindro \u00e9 adequado para v\u00e1rias ind\u00fastrias, incluindo oficinas de reparo de m\u00e1quinas, fazendas, energia e minera\u00e7\u00e3o, fabrica\u00e7\u00e3o de m\u00e1quinas e f\u00e1bricas de m\u00e1quinas.<\/p>\n<p><img decoding=\"async\" src=\"https:\/\/img.jiansujichilun.com\/img\/hydrauliccylinders\/T_hydrauliccylinders-5.webp\" alt=\"Cilindro Hidr\u00e1ulico Telesc\u00f3pico\" \/><\/p>\n<h3>Especifica\u00e7\u00f5es e caracter\u00edsticas<\/h3>\n<ul>\n<li>Nome do produto: Cilindro telesc\u00f3pico<\/li>\n<li>Certifica\u00e7\u00e3o: ISO9001:2000<\/li>\n<li>Tamanho do furo: 2-6 polegadas<\/li>\n<li>Tamanho da haste: 1,125-4 polegadas<\/li>\n<li>Tamanho do curso: 4-100 polegadas<\/li>\n<li>Tamanho do pino: 0,5-2 polegadas<\/li>\n<li>Portas: G\/SAE\/NPT\/M<\/li>\n<\/ul>\n<p>Este cilindro hidr\u00e1ulico tem um empuxo m\u00e1ximo de 3000 e uma tra\u00e7\u00e3o m\u00e1xima de 20 toneladas, tornando-o uma ferramenta poderosa. Ele \u00e9 projetado como um cilindro hidr\u00e1ulico multiest\u00e1gio com uma estrutura de cilindro de \u00eambolo padr\u00e3o. Feito de a\u00e7o dur\u00e1vel, este cilindro garante longevidade e confiabilidade.<\/p>\n<h3>Hist\u00f3rico do produto<\/h3>\n<p>O cilindro hidr\u00e1ulico telesc\u00f3pico profissional de 20 toneladas tem uma longa hist\u00f3ria de fornecimento de desempenho confi\u00e1vel. Ele tem sido amplamente utilizado em v\u00e1rias aplica\u00e7\u00f5es, incluindo pequenos caminh\u00f5es basculantes, para levantar a ca\u00e7amba e despejar sua carga.<\/p>\n<h3>Classifica\u00e7\u00e3o<\/h3>\n<p>Este cilindro hidr\u00e1ulico se enquadra na categoria de cilindros telesc\u00f3picos, conhecidos por sua capacidade de fornecer maior alcance e controle preciso.<\/p>\n<h3>Vantagens<\/h3>\n<ul>\n<li>Economia de energia e efici\u00eancia<\/li>\n<li>Seguro de usar<\/li>\n<li>Desempenho poderoso<\/li>\n<li>Dur\u00e1vel e confi\u00e1vel<\/li>\n<li>F\u00e1cil de instalar, manter e reparar<\/li>\n<\/ul>\n<h3>Materiais de produtos utiliz\u00e1veis<\/h3>\n<p>Este cilindro hidr\u00e1ulico \u00e9 feito principalmente de a\u00e7o de alta qualidade, garantindo sua resist\u00eancia e durabilidade. Outros materiais usados podem incluir veda\u00e7\u00f5es de borracha e fluidos hidr\u00e1ulicos.<\/p>\n<h3>Instala\u00e7\u00e3o, Manuten\u00e7\u00e3o e Reparo<\/h3>\n<p>Installing, maintaining, and repairing this hydraulic cylinder is straightforward. Follow the manufacturer&#8217;s guidelines and safety precautions for proper installation. Regular maintenance, including checking for leaks and ensuring proper lubrication, will help prolong the cylinder&#8217;s lifespan. In case of any damage or malfunction, consult the manufacturer&#8217;s instructions for repair or seek professional assistance.<\/p>\n<h3>Substitui\u00e7\u00e3o<\/h3>\n<p>If the hydraulic cylinder needs replacement, ensure that the replacement part matches the original specifications of the cylinder. Follow the manufacturer&#8217;s guidelines for proper installation.<\/p>\n<h2>Outros neg\u00f3cios de produtos<\/h2>\n<p>Al\u00e9m de cilindros hidr\u00e1ulicos, somos especializados em fornecer v\u00e1rias engrenagens de pl\u00e1stico para uso industrial. Nossa gama de produtos inclui caixas de engrenagens agr\u00edcolas, eixos de sa\u00edda de pot\u00eancia, rodas dentadas, acoplamentos hidr\u00e1ulicos, redutores de engrenagem sem-fim, cremalheiras de engrenagens, correntes remov\u00edveis, polias e polias, caixas de engrenagens planet\u00e1rias, polias de sincroniza\u00e7\u00e3o, buchas e muito mais.<\/p>\n<p><img decoding=\"async\" src=\"https:\/\/images.hzpt.com\/2024\/04\/unit-type-flexo-press-factory.webp\" alt=\"Engrenagens de pl\u00e1stico\" \/><\/p>\n<p>Temos orgulho em oferecer produtos de alta qualidade, pre\u00e7os competitivos e excelente atendimento ao cliente. Damos boas-vindas aos clientes para personalizar seus pedidos com desenhos e amostras, e garantimos nosso compromisso em fornecer produtos de primeira linha que atendam \u00e0s suas necessidades espec\u00edficas.<\/p>\n<h3>Perguntas frequentes<\/h3>\n<ul>\n<li><strong>P: Voc\u00ea \u00e9 uma empresa comercial ou um fabricante?<\/strong><br \/>R: Somos um fabricante.<\/li>\n<li><strong>P: Qual \u00e9 o seu prazo de entrega?<\/strong><br \/>R: Geralmente, s\u00e3o de 25 a 35 dias.<\/li>\n<li><strong>P: Voc\u00eas fornecem amostras?<\/strong><br \/>A: Yes, we could offer a sample, but it&#8217;s not free.<\/li>\n<li><strong>P: Como posso comprar seus produtos?<\/strong><br \/>R: Entre em contato conosco diretamente para discutir suas necessidades e fazer um pedido.<\/li>\n<li><strong>P: Voc\u00eas oferecem op\u00e7\u00f5es de personaliza\u00e7\u00e3o?<\/strong><br \/>R: Sim, convidamos os clientes a personalizar seus pedidos com desenhos e amostras.<\/li>\n<\/ul>","protected":false},"excerpt":{"rendered":"<p>All the content on this page comes from the Internet, and it is only used as a reference for product selection. Our products are replacement parts rather than original spare parts; we are not the holder of the original trademark of the content. Our products are only suitable for after-sales replacement parts rather than original [&hellip;]<\/p>","protected":false},"featured_media":4502,"template":"","meta":{"_et_pb_use_builder":"","_et_pb_old_content":"","_et_gb_content_width":""},"product_brand":[],"product_cat":[11327],"product_tag":[],"class_list":{"0":"post-4503","1":"product","2":"type-product","3":"status-publish","4":"has-post-thumbnail","6":"product_cat-telescopic-hydraulic-cylinder","8":"first","9":"instock","10":"shipping-taxable","11":"product-type-simple"},"_links":{"self":[{"href":"https:\/\/agricultural-gear-boxes.com\/pt\/wp-json\/wp\/v2\/product\/4503","targetHints":{"allow":["GET"]}}],"collection":[{"href":"https:\/\/agricultural-gear-boxes.com\/pt\/wp-json\/wp\/v2\/product"}],"about":[{"href":"https:\/\/agricultural-gear-boxes.com\/pt\/wp-json\/wp\/v2\/types\/product"}],"wp:featuredmedia":[{"embeddable":true,"href":"https:\/\/agricultural-gear-boxes.com\/pt\/wp-json\/wp\/v2\/media\/4502"}],"wp:attachment":[{"href":"https:\/\/agricultural-gear-boxes.com\/pt\/wp-json\/wp\/v2\/media?parent=4503"}],"wp:term":[{"taxonomy":"product_brand","embeddable":true,"href":"https:\/\/agricultural-gear-boxes.com\/pt\/wp-json\/wp\/v2\/product_brand?post=4503"},{"taxonomy":"product_cat","embeddable":true,"href":"https:\/\/agricultural-gear-boxes.com\/pt\/wp-json\/wp\/v2\/product_cat?post=4503"},{"taxonomy":"product_tag","embeddable":true,"href":"https:\/\/agricultural-gear-boxes.com\/pt\/wp-json\/wp\/v2\/product_tag?post=4503"}],"curies":[{"name":"wp","href":"https:\/\/api.w.org\/{rel}","templated":true}]}}