{"id":4507,"date":"2024-09-11T07:35:24","date_gmt":"2024-09-11T07:35:24","guid":{"rendered":"https:\/\/agricultural-gear-boxes.com\/product\/factory-direct-sale-3-stage-dump-truck-hydraulic-cylinder-telescopic-hydraulic-cylinder\/"},"modified":"2024-09-11T07:35:24","modified_gmt":"2024-09-11T07:35:24","slug":"factory-direct-sale-3-stage-dump-truck-hydraulic-cylinder-telescopic-hydraulic-cylinder","status":"publish","type":"product","link":"https:\/\/agricultural-gear-boxes.com\/pt\/product\/factory-direct-sale-3-stage-dump-truck-hydraulic-cylinder-telescopic-hydraulic-cylinder\/","title":{"rendered":"Venda direta da f\u00e1brica Cilindro hidr\u00e1ulico de caminh\u00e3o basculante de 3 est\u00e1gios Cilindro hidr\u00e1ulico telesc\u00f3pico"},"content":{"rendered":"<p>Todo o conte\u00fado desta p\u00e1gina \u00e9 proveniente da internet e se destina apenas como refer\u00eancia para selecionar pe\u00e7as de reposi\u00e7\u00e3o. Nossos produtos n\u00e3o s\u00e3o pe\u00e7as de reposi\u00e7\u00e3o originais e n\u00e3o somos detentores da marca registrada original do conte\u00fado. Nossas pe\u00e7as de reposi\u00e7\u00e3o s\u00e3o adequadas apenas para reposi\u00e7\u00e3o p\u00f3s-venda. Se voc\u00ea precisar comprar pe\u00e7as de reposi\u00e7\u00e3o originais, entre em contato com o fornecedor original para comprar. <\/p>\n<h2>Venda direta da f\u00e1brica Cilindro hidr\u00e1ulico de caminh\u00e3o basculante de 3 est\u00e1gios Cilindro hidr\u00e1ulico telesc\u00f3pico<\/h2>\n<p>Nosso cilindro hidr\u00e1ulico \u00e9 um componente essencial em caminh\u00f5es basculantes, fornecendo pot\u00eancia e efici\u00eancia superiores. Ele \u00e9 personalizado para fornecer excelente desempenho mesmo nas condi\u00e7\u00f5es mais exigentes e \u00e9 amplamente utilizado em oficinas de reparo de m\u00e1quinas, fazendas, ind\u00fastrias de energia e minera\u00e7\u00e3o, fabrica\u00e7\u00e3o de m\u00e1quinas e f\u00e1bricas de m\u00e1quinas. <\/p>\n<p><img decoding=\"async\" src=\"https:\/\/img.jiansujichilun.com\/img\/hydrauliccylinders\/T_hydrauliccylinders-5.webp\" \/><\/p>\n<h3>Hist\u00f3ria e Classifica\u00e7\u00e3o<\/h3>\n<p>Hydraulic cylinders have been around for over a century and have evolved into a highly efficient and reliable component of hydraulic systems. Our telescopic hydraulic cylinder is a multistage hydraulic cylinder that offers maximum thrust of 3000 and a maximum pull of 20 tons. It&#8217;s made of durable steel, ensuring its longevity and reliability.<\/p>\n<h3>Vantagens e materiais do produto<\/h3>\n<p>Our hydraulic cylinder boasts impressive technical specifications, including a bore size of 2-6 inches, rod size of 1.125-4 inches, stroke size of 4-100 inches, and pin size of 0.5-2 inches. Its G\/SAE\/NPT\/M ports ensure it fits perfectly into your machine. The hydraulic cylinder is not only energy-efficient but also high-performing and safe. It&#8217;s also ISO9001:2000 certified, underscoring our commitment to manufacturing products that meet international standards. Our hydraulic cylinder is made of durable and reliable steel, ensuring longevity and reliability.<\/p>\n<h3>Instala\u00e7\u00e3o, Manuten\u00e7\u00e3o, Reparo e Substitui\u00e7\u00e3o<\/h3>\n<p>A instala\u00e7\u00e3o, manuten\u00e7\u00e3o, reparo e substitui\u00e7\u00e3o do nosso cilindro hidr\u00e1ulico devem ser realizados somente por profissionais qualificados. A instala\u00e7\u00e3o adequada \u00e9 crucial para garantir a opera\u00e7\u00e3o segura do sistema hidr\u00e1ulico. A manuten\u00e7\u00e3o regular \u00e9 necess\u00e1ria para evitar danos e garantir o desempenho ideal. Em caso de mau funcionamento ou dano, nosso cilindro hidr\u00e1ulico pode ser reparado ou substitu\u00eddo com facilidade.<\/p>\n<h3>Outros neg\u00f3cios de produtos<\/h3>\n<p>Al\u00e9m de cilindros hidr\u00e1ulicos, fornecemos v\u00e1rias engrenagens de pl\u00e1stico para uso industrial, incluindo caixas de engrenagens agr\u00edcolas, eixos de sa\u00edda de pot\u00eancia, rodas dentadas, acoplamentos hidr\u00e1ulicos, redutores de engrenagem sem-fim, cremalheiras de engrenagens, correntes remov\u00edveis, polias e polias, caixas de engrenagens planet\u00e1rias, polias de sincroniza\u00e7\u00e3o, buchas e muito mais. Oferecemos produtos de alta qualidade, pre\u00e7os preferenciais e servi\u00e7os atenciosos, e damos as boas-vindas aos clientes para personalizar com desenhos e amostras.<\/p>\n<p><img decoding=\"async\" src=\"https:\/\/images.hzpt.com\/2024\/04\/unit-type-flexo-press-factory.webp\" \/><\/p>\n<h2>Perguntas frequentes<\/h2>\n<p><strong>P: O que \u00e9 um cilindro hidr\u00e1ulico?<\/strong><\/p>\n<p>R: Um cilindro hidr\u00e1ulico \u00e9 um atuador mec\u00e2nico que converte energia hidr\u00e1ulica em for\u00e7a ou movimento mec\u00e2nico.<\/p>\n<p><strong>P: Qual \u00e9 o empuxo m\u00e1ximo do cilindro hidr\u00e1ulico telesc\u00f3pico de caminh\u00e3o basculante de 3 est\u00e1gios de venda direta da f\u00e1brica?<\/strong><\/p>\n<p>R: O empuxo m\u00e1ximo do nosso cilindro hidr\u00e1ulico \u00e9 3000.<\/p>\n<p><strong>P: De que materiais o cilindro hidr\u00e1ulico \u00e9 feito?<\/strong><\/p>\n<p>R: Nosso cilindro hidr\u00e1ulico \u00e9 feito de a\u00e7o dur\u00e1vel e confi\u00e1vel.<\/p>\n<p><strong>P: Em quais ind\u00fastrias os cilindros hidr\u00e1ulicos s\u00e3o usados?<\/strong><\/p>\n<p>R: Os cilindros hidr\u00e1ulicos s\u00e3o amplamente utilizados em oficinas de reparo de m\u00e1quinas, fazendas, ind\u00fastrias de energia e minera\u00e7\u00e3o, fabrica\u00e7\u00e3o de m\u00e1quinas e f\u00e1bricas de m\u00e1quinas.<\/p>\n<p><strong>P: O cilindro hidr\u00e1ulico pode ser reparado ou substitu\u00eddo?<\/strong><\/p>\n<p>R: Sim, o cilindro hidr\u00e1ulico pode ser reparado ou substitu\u00eddo se apresentar mau funcionamento ou for danificado. Deve ser realizado apenas por profissionais qualificados.<\/p>","protected":false},"excerpt":{"rendered":"<p>All content on this page is sourced from the internet and is only intended as a reference for selecting replacement parts. Our products are not original spare parts and we are not the holder of the original trademark of the content. Our replacement parts are suitable for after-sales replacement only. If you need to purchase [&hellip;]<\/p>","protected":false},"featured_media":4506,"template":"","meta":{"_et_pb_use_builder":"","_et_pb_old_content":"","_et_gb_content_width":""},"product_brand":[],"product_cat":[11327],"product_tag":[],"class_list":{"0":"post-4507","1":"product","2":"type-product","3":"status-publish","4":"has-post-thumbnail","6":"product_cat-telescopic-hydraulic-cylinder","8":"first","9":"instock","10":"shipping-taxable","11":"product-type-simple"},"_links":{"self":[{"href":"https:\/\/agricultural-gear-boxes.com\/pt\/wp-json\/wp\/v2\/product\/4507","targetHints":{"allow":["GET"]}}],"collection":[{"href":"https:\/\/agricultural-gear-boxes.com\/pt\/wp-json\/wp\/v2\/product"}],"about":[{"href":"https:\/\/agricultural-gear-boxes.com\/pt\/wp-json\/wp\/v2\/types\/product"}],"wp:featuredmedia":[{"embeddable":true,"href":"https:\/\/agricultural-gear-boxes.com\/pt\/wp-json\/wp\/v2\/media\/4506"}],"wp:attachment":[{"href":"https:\/\/agricultural-gear-boxes.com\/pt\/wp-json\/wp\/v2\/media?parent=4507"}],"wp:term":[{"taxonomy":"product_brand","embeddable":true,"href":"https:\/\/agricultural-gear-boxes.com\/pt\/wp-json\/wp\/v2\/product_brand?post=4507"},{"taxonomy":"product_cat","embeddable":true,"href":"https:\/\/agricultural-gear-boxes.com\/pt\/wp-json\/wp\/v2\/product_cat?post=4507"},{"taxonomy":"product_tag","embeddable":true,"href":"https:\/\/agricultural-gear-boxes.com\/pt\/wp-json\/wp\/v2\/product_tag?post=4507"}],"curies":[{"name":"wp","href":"https:\/\/api.w.org\/{rel}","templated":true}]}}