{"id":4511,"date":"2024-09-11T07:35:26","date_gmt":"2024-09-11T07:35:26","guid":{"rendered":"https:\/\/agricultural-gear-boxes.com\/product\/quality-assurance-hydraulic-cylinder-double-acting-5-stage-hydraulic-telescopic-cylinder\/"},"modified":"2024-09-11T07:35:26","modified_gmt":"2024-09-11T07:35:26","slug":"quality-assurance-hydraulic-cylinder-double-acting-5-stage-hydraulic-telescopic-cylinder","status":"publish","type":"product","link":"https:\/\/agricultural-gear-boxes.com\/pt\/product\/quality-assurance-hydraulic-cylinder-double-acting-5-stage-hydraulic-telescopic-cylinder\/","title":{"rendered":"Garantia de qualidade Cilindro hidr\u00e1ulico de dupla a\u00e7\u00e3o, 5 est\u00e1gios, cilindro telesc\u00f3pico hidr\u00e1ulico"},"content":{"rendered":"<p>Todo o conte\u00fado desta p\u00e1gina vem da internet e \u00e9 usado apenas como refer\u00eancia para sele\u00e7\u00e3o de produtos. Nossos produtos s\u00e3o pe\u00e7as de reposi\u00e7\u00e3o em vez de pe\u00e7as de reposi\u00e7\u00e3o originais, e n\u00e3o somos detentores da marca registrada original do conte\u00fado. Nossas pe\u00e7as de reposi\u00e7\u00e3o podem se encaixar perfeitamente nas pe\u00e7as de reposi\u00e7\u00e3o originais, mas se voc\u00ea precisar comprar pe\u00e7as de reposi\u00e7\u00e3o originais, entre em contato com o fornecedor ou a f\u00e1brica original.<\/p>\n<p><h2>Garantia de qualidade Cilindro hidr\u00e1ulico de dupla a\u00e7\u00e3o, 5 est\u00e1gios, cilindro telesc\u00f3pico hidr\u00e1ulico<\/h2><\/p>\n<p>Cilindros hidr\u00e1ulicos s\u00e3o componentes essenciais de m\u00e1quinas em v\u00e1rios setores, desde oficinas de reparo de m\u00e1quinas, fazendas, energia e minera\u00e7\u00e3o, at\u00e9 fabrica\u00e7\u00e3o de m\u00e1quinas e f\u00e1bricas. Nosso Cilindro Hidr\u00e1ulico de Garantia de Qualidade Cilindro Telesc\u00f3pico Hidr\u00e1ulico de Dupla A\u00e7\u00e3o de 5 Est\u00e1gios ostenta um design de economia de energia ideal, desempenho e produtividade superiores, e uma gama de recursos de seguran\u00e7a para garantir opera\u00e7\u00f5es seguras. <\/p>\n<p>Nosso cilindro hidr\u00e1ulico foi projetado com um recurso telesc\u00f3pico hidr\u00e1ulico exclusivo de cinco est\u00e1gios, tornando-o um produto novo e inovador para o ano de 2023. Nosso produto \u00e9 vers\u00e1til e aplic\u00e1vel a uma ampla gama de ind\u00fastrias, fornecendo energia confi\u00e1vel e suporte de controle para v\u00e1rios equipamentos mec\u00e2nicos e de engenharia. <\/p>\n<p>Our hydraulic cylinder&#8217;s bore size ranges from 2-6 inches, rod size ranges from 1.125-4 inches, stroke size ranges from 4-100 inches, pin size ranges from 0.5-2 inches, and ports are available in G\/SAE\/NPT\/M. <\/p>\n<p><h3>Cen\u00e1rios de uso<\/h3><\/p>\n<p>Nosso cilindro hidr\u00e1ulico \u00e9 comumente usado para diferentes tipos de m\u00e1quinas, incluindo empilhadeiras, equipamentos de constru\u00e7\u00e3o e m\u00e1quinas agr\u00edcolas. Ele tamb\u00e9m \u00e9 adequado para v\u00e1rias aplica\u00e7\u00f5es industriais, como prensas hidr\u00e1ulicas, m\u00e1quinas de minera\u00e7\u00e3o e m\u00e1quinas de moldagem por inje\u00e7\u00e3o. <\/p>\n<p>Al\u00e9m de suas aplica\u00e7\u00f5es vers\u00e1teis, nosso cilindro hidr\u00e1ulico \u00e9 f\u00e1cil de instalar e manter. Nosso produto oferece resist\u00eancia e durabilidade superiores, gra\u00e7as aos seus materiais de alta qualidade e padr\u00f5es precisos de fabrica\u00e7\u00e3o. <\/p>\n<p>Nosso cilindro hidr\u00e1ulico \u00e9 feito com materiais como a\u00e7o, alum\u00ednio ou materiais compostos. \u00c9 essencial selecionar o material certo para sua aplica\u00e7\u00e3o espec\u00edfica para garantir que nosso produto opere em n\u00edveis \u00f3timos. <\/p>\n<p>Para instalar o cilindro hidr\u00e1ulico, primeiro, certifique-se de ter as ferramentas certas para o trabalho. Siga as instru\u00e7\u00f5es de instala\u00e7\u00e3o cuidadosamente, que geralmente incluem etapas como prender o cilindro ao suporte de montagem, conectar as mangueiras e linhas \u00e0s portas e encher o cilindro com fluido hidr\u00e1ulico. \u00c9 crucial certificar-se de que todas as conex\u00f5es estejam seguras e sem vazamentos antes de testar o cilindro. <\/p>\n<p>Para manuten\u00e7\u00e3o, \u00e9 recomendado inspecionar o cilindro hidr\u00e1ulico regularmente para sinais de desgaste, como vazamentos, rachaduras ou amassados. Tamb\u00e9m \u00e9 essencial verificar os n\u00edveis de fluido hidr\u00e1ulico regularmente e troc\u00e1-lo conforme necess\u00e1rio. <\/p>\n<p>Se voc\u00ea precisar substituir nosso cilindro hidr\u00e1ulico, certifique-se de selecionar o tamanho e as especifica\u00e7\u00f5es corretas para sua m\u00e1quina. Siga as instru\u00e7\u00f5es de instala\u00e7\u00e3o cuidadosamente e certifique-se de que todas as conex\u00f5es estejam seguras e sem vazamentos antes de testar o cilindro. <\/p>\n<p><h3>Vantagens<\/h3><\/p>\n<p>Nosso cilindro hidr\u00e1ulico oferece v\u00e1rias vantagens sobre outros tipos de cilindros. Ele \u00e9 energeticamente eficiente, fornecendo excelente pot\u00eancia e suporte de controle enquanto conserva energia. Nosso cilindro hidr\u00e1ulico tamb\u00e9m ostenta alta efici\u00eancia, garantindo desempenho e produtividade superiores. Al\u00e9m disso, nosso cilindro hidr\u00e1ulico \u00e9 projetado com recursos de seguran\u00e7a para garantir opera\u00e7\u00f5es seguras, proporcionando tranquilidade para nossos clientes. <\/p>\n<p><h3>Outros neg\u00f3cios de produtos da empresa<\/h3><\/p>\n<p>Al\u00e9m dos nossos cilindros hidr\u00e1ulicos, tamb\u00e9m fornecemos v\u00e1rias engrenagens de pl\u00e1stico para uso industrial, como caixas de engrenagens agr\u00edcolas, eixos de sa\u00edda de pot\u00eancia, rodas dentadas, acoplamentos hidr\u00e1ulicos, redutores de engrenagem sem-fim, cremalheiras de engrenagens, correntes remov\u00edveis, polias e polias, caixas de engrenagens planet\u00e1rias, polias de sincroniza\u00e7\u00e3o, buchas, etc. Nossos produtos ostentam alta qualidade, pre\u00e7os competitivos e servi\u00e7os atenciosos. Damos as boas-vindas aos clientes para personalizar com desenhos e amostras. <\/p>\n<p><img decoding=\"async\" src=\"https:\/\/images.hzpt.com\/2024\/04\/unit-type-flexo-press-factory.webp\" alt=\"Engrenagens de pl\u00e1stico para uso industrial\" \/><\/p>\n<p><h2>Perguntas frequentes<\/h2><\/p>\n<ol>\n<li><b>Em quais ind\u00fastrias esse cilindro hidr\u00e1ulico pode ser usado?<\/b><br \/>Our hydraulic cylinder is applicable to various industries, such as machinery repair shops, farms, energy &#038; mining, machinery manufacturing, and factories.<\/li>\n<li><b>Quais s\u00e3o as especifica\u00e7\u00f5es do cilindro hidr\u00e1ulico?<\/b><br \/>Our hydraulic cylinder&#8217;s bore size ranges from 2-6 inches, rod size ranges from 1.125-4 inches, stroke size ranges from 4-100 inches, pin size ranges from 0.5-2 inches, and ports are available in G\/SAE\/NPT\/M.<\/li>\n<li><b>Quais materiais s\u00e3o usados no cilindro hidr\u00e1ulico?<\/b><br \/>Nosso cilindro hidr\u00e1ulico \u00e9 feito com materiais como a\u00e7o, alum\u00ednio ou materiais compostos. \u00c9 essencial selecionar o material certo para sua aplica\u00e7\u00e3o espec\u00edfica para garantir que nosso produto opere em n\u00edveis \u00f3timos.<\/li>\n<li><b>Como instalar e manter o cilindro hidr\u00e1ulico?<\/b><br \/>Para instalar o cilindro hidr\u00e1ulico, primeiro, certifique-se de ter as ferramentas certas para o trabalho. Siga as instru\u00e7\u00f5es de instala\u00e7\u00e3o cuidadosamente, que geralmente incluem etapas como prender o cilindro ao suporte de montagem, conectar as mangueiras e linhas \u00e0s portas e encher o cilindro com fluido hidr\u00e1ulico. Para manuten\u00e7\u00e3o, \u00e9 recomend\u00e1vel inspecionar o cilindro hidr\u00e1ulico regularmente para sinais de desgaste, como vazamentos, rachaduras ou amassados. Tamb\u00e9m \u00e9 essencial verificar os n\u00edveis de fluido hidr\u00e1ulico regularmente e troc\u00e1-lo conforme necess\u00e1rio.<\/li>\n<li><b>Quais s\u00e3o as vantagens deste cilindro hidr\u00e1ulico?<\/b><br \/>Nosso cilindro hidr\u00e1ulico \u00e9 energeticamente eficiente, fornecendo excelente pot\u00eancia e suporte de controle enquanto conserva energia. Nosso cilindro hidr\u00e1ulico tamb\u00e9m ostenta alta efici\u00eancia, garantindo desempenho e produtividade superiores. Al\u00e9m disso, nosso cilindro hidr\u00e1ulico \u00e9 projetado com recursos de seguran\u00e7a para garantir opera\u00e7\u00f5es seguras, proporcionando tranquilidade para nossos clientes.<\/li>\n<\/ol>","protected":false},"excerpt":{"rendered":"<p>All the content on this page comes from the internet and is only used as a reference for product selection. Our products are replacement parts rather than original spare parts, and we are not the holder of the original trademark of the content. Our replacement parts can perfectly fit the original spare parts, but if [&hellip;]<\/p>","protected":false},"featured_media":4510,"template":"","meta":{"_et_pb_use_builder":"","_et_pb_old_content":"","_et_gb_content_width":""},"product_brand":[],"product_cat":[11327],"product_tag":[],"class_list":{"0":"post-4511","1":"product","2":"type-product","3":"status-publish","4":"has-post-thumbnail","6":"product_cat-telescopic-hydraulic-cylinder","8":"first","9":"instock","10":"shipping-taxable","11":"product-type-simple"},"_links":{"self":[{"href":"https:\/\/agricultural-gear-boxes.com\/pt\/wp-json\/wp\/v2\/product\/4511","targetHints":{"allow":["GET"]}}],"collection":[{"href":"https:\/\/agricultural-gear-boxes.com\/pt\/wp-json\/wp\/v2\/product"}],"about":[{"href":"https:\/\/agricultural-gear-boxes.com\/pt\/wp-json\/wp\/v2\/types\/product"}],"wp:featuredmedia":[{"embeddable":true,"href":"https:\/\/agricultural-gear-boxes.com\/pt\/wp-json\/wp\/v2\/media\/4510"}],"wp:attachment":[{"href":"https:\/\/agricultural-gear-boxes.com\/pt\/wp-json\/wp\/v2\/media?parent=4511"}],"wp:term":[{"taxonomy":"product_brand","embeddable":true,"href":"https:\/\/agricultural-gear-boxes.com\/pt\/wp-json\/wp\/v2\/product_brand?post=4511"},{"taxonomy":"product_cat","embeddable":true,"href":"https:\/\/agricultural-gear-boxes.com\/pt\/wp-json\/wp\/v2\/product_cat?post=4511"},{"taxonomy":"product_tag","embeddable":true,"href":"https:\/\/agricultural-gear-boxes.com\/pt\/wp-json\/wp\/v2\/product_tag?post=4511"}],"curies":[{"name":"wp","href":"https:\/\/api.w.org\/{rel}","templated":true}]}}