{"id":4515,"date":"2024-09-11T07:35:31","date_gmt":"2024-09-11T07:35:31","guid":{"rendered":"https:\/\/agricultural-gear-boxes.com\/product\/effective-3-stage-multistage-telescopic-hydraulic-cylinder-for-sale\/"},"modified":"2024-09-11T07:35:31","modified_gmt":"2024-09-11T07:35:31","slug":"effective-3-stage-multistage-telescopic-hydraulic-cylinder-for-sale","status":"publish","type":"product","link":"https:\/\/agricultural-gear-boxes.com\/pt\/product\/effective-3-stage-multistage-telescopic-hydraulic-cylinder-for-sale\/","title":{"rendered":"Cilindro hidr\u00e1ulico telesc\u00f3pico multiest\u00e1gio de 3 est\u00e1gios eficaz para venda"},"content":{"rendered":"<p>Todo o conte\u00fado desta p\u00e1gina vem da internet e \u00e9 usado apenas como refer\u00eancia para sele\u00e7\u00e3o de produtos. Nossos produtos s\u00e3o pe\u00e7as de reposi\u00e7\u00e3o e n\u00e3o pe\u00e7as de reposi\u00e7\u00e3o originais; n\u00e3o somos detentores da marca registrada original do conte\u00fado. Nossos produtos s\u00e3o adequados apenas para pe\u00e7as de reposi\u00e7\u00e3o p\u00f3s-venda e n\u00e3o pe\u00e7as de reposi\u00e7\u00e3o originais. Nossas pe\u00e7as de reposi\u00e7\u00e3o podem se encaixar perfeitamente nas pe\u00e7as de reposi\u00e7\u00e3o originais. Se voc\u00ea precisar comprar pe\u00e7as de reposi\u00e7\u00e3o originais, entre em contato com o fornecedor original para comprar.<\/p>\n<p><h2>Apresentando o Cilindro Hidr\u00e1ulico Telesc\u00f3pico Multiest\u00e1gio de 3 Est\u00e1gios Eficaz para Venda<\/h2><\/p>\n<p>O Cilindro Hidr\u00e1ulico Telesc\u00f3pico Multiest\u00e1gio de 3 Est\u00e1gios \u00e9 um produto potente, eficiente e preciso que ajuda a revolucionar as opera\u00e7\u00f5es de m\u00e1quinas. \u00c9 um cilindro hidr\u00e1ulico de primeira linha projetado com tecnologia avan\u00e7ada para fornecer uma solu\u00e7\u00e3o perfeita para v\u00e1rias ind\u00fastrias.<\/p>\n<p>This product is commonly used in machinery repair shops, farms, energy &#038; mining, machinery manufacturing, machinery factories, and more for diverse applications. The hydraulic cylinder is designed to consume less energy while delivering optimal performance, making it highly efficient. With a maximum thrust of 3000 and a maximum pull of 20 tons, the cylinder is incredibly powerful. It is manufactured with high-quality steel, ensuring safety and longevity.<\/p>\n<p>The product&#8217;s unique benefits include the following:<\/p>\n<ul>\n<li>Efici\u00eancia energ\u00e9tica: o cilindro hidr\u00e1ulico foi projetado para consumir menos energia e, ao mesmo tempo, oferecer desempenho ideal.<\/li>\n<li>Altamente eficiente: com um empuxo m\u00e1ximo de 3.000 e uma tra\u00e7\u00e3o m\u00e1xima de 20 toneladas, o cilindro \u00e9 incrivelmente potente.<\/li>\n<li>Seguran\u00e7a: Fabricado com a\u00e7o de alta qualidade, o cilindro hidr\u00e1ulico garante seguran\u00e7a e longevidade.<\/li>\n<\/ul>\n<p>O Cilindro Hidr\u00e1ulico Telesc\u00f3pico Multiest\u00e1gio Eficaz de 3 Est\u00e1gios est\u00e1 dispon\u00edvel em diferentes materiais, incluindo alum\u00ednio, a\u00e7o e lat\u00e3o. Ele tamb\u00e9m est\u00e1 dispon\u00edvel em v\u00e1rios tamanhos com diferentes tamanhos de furo, haste, curso e pino, tornando-o adequado para diferentes tipos de m\u00e1quinas.<\/p>\n<p>Ao instalar o cilindro hidr\u00e1ulico, certifique-se de que ele esteja bem lubrificado para evitar atrito e desgaste. A manuten\u00e7\u00e3o e o reparo regulares do cilindro hidr\u00e1ulico tamb\u00e9m s\u00e3o essenciais para garantir o desempenho ideal. Se for necess\u00e1ria a substitui\u00e7\u00e3o, certifique-se de que a pe\u00e7a de substitui\u00e7\u00e3o se encaixe perfeitamente nas pe\u00e7as de reposi\u00e7\u00e3o originais.<\/p>\n<p>Aqui est\u00e3o cinco perguntas e respostas baseadas no conte\u00fado do artigo:<\/p>\n<p><strong>P: O que \u00e9 o Cilindro Hidr\u00e1ulico Telesc\u00f3pico Multiest\u00e1gio de 3 Est\u00e1gios Eficaz?<\/strong><br \/>\nR: O Cilindro Hidr\u00e1ulico Telesc\u00f3pico Multiest\u00e1gios de 3 Est\u00e1gios Eficaz \u00e9 um produto potente, eficiente e preciso, projetado para revolucionar suas opera\u00e7\u00f5es com m\u00e1quinas.<\/p>\n<p><strong>P: Quais ind\u00fastrias normalmente usam o Cilindro Hidr\u00e1ulico Telesc\u00f3pico Multiest\u00e1gio de 3 Est\u00e1gios?<\/strong><br \/>\nA: The 3 Stage Multistage Telescopic Hydraulic Cylinder is widely used in various industries like machinery repair shops, farms, energy &#038; mining, machinery manufacturing, machinery factories, and more for diverse applications.<\/p>\n<p><strong>P: Quais s\u00e3o os benef\u00edcios do cilindro hidr\u00e1ulico?<\/strong><br \/>\nR: O cilindro hidr\u00e1ulico \u00e9 projetado para consumir menos energia enquanto fornece desempenho ideal, tornando-o altamente eficiente. Ele tamb\u00e9m \u00e9 fabricado com a\u00e7o de alta qualidade, garantindo seguran\u00e7a e longevidade.<\/p>\n<p><strong>P: Em quais materiais o Cilindro Hidr\u00e1ulico Telesc\u00f3pico Multiest\u00e1gios Eficaz de 3 Est\u00e1gios est\u00e1 dispon\u00edvel?<\/strong><br \/>\nR: O Cilindro Hidr\u00e1ulico Telesc\u00f3pico Multiest\u00e1gios Eficaz de 3 Est\u00e1gios est\u00e1 dispon\u00edvel em diferentes materiais, incluindo alum\u00ednio, a\u00e7o e lat\u00e3o.<\/p>\n<p><strong>P: Como devo instalar o cilindro hidr\u00e1ulico?<\/strong><br \/>\nA: Ao instalar o cilindro hidr\u00e1ulico, certifique-se de que ele esteja bem lubrificado para evitar atrito e desgaste. Manuten\u00e7\u00e3o e reparo regulares do cilindro hidr\u00e1ulico tamb\u00e9m s\u00e3o essenciais para garantir o desempenho ideal.<\/p>","protected":false},"excerpt":{"rendered":"<p>All the content on this page comes from the internet and is only used as a reference for product selection. Our products are replacement parts rather than original spare parts; we are not the holder of the original trademark of the content. Our products are only suitable for after-sales replacement parts rather than original spare [&hellip;]<\/p>","protected":false},"featured_media":4514,"template":"","meta":{"_et_pb_use_builder":"","_et_pb_old_content":"","_et_gb_content_width":""},"product_brand":[],"product_cat":[11327],"product_tag":[],"class_list":{"0":"post-4515","1":"product","2":"type-product","3":"status-publish","4":"has-post-thumbnail","6":"product_cat-telescopic-hydraulic-cylinder","8":"first","9":"instock","10":"shipping-taxable","11":"product-type-simple"},"_links":{"self":[{"href":"https:\/\/agricultural-gear-boxes.com\/pt\/wp-json\/wp\/v2\/product\/4515","targetHints":{"allow":["GET"]}}],"collection":[{"href":"https:\/\/agricultural-gear-boxes.com\/pt\/wp-json\/wp\/v2\/product"}],"about":[{"href":"https:\/\/agricultural-gear-boxes.com\/pt\/wp-json\/wp\/v2\/types\/product"}],"wp:featuredmedia":[{"embeddable":true,"href":"https:\/\/agricultural-gear-boxes.com\/pt\/wp-json\/wp\/v2\/media\/4514"}],"wp:attachment":[{"href":"https:\/\/agricultural-gear-boxes.com\/pt\/wp-json\/wp\/v2\/media?parent=4515"}],"wp:term":[{"taxonomy":"product_brand","embeddable":true,"href":"https:\/\/agricultural-gear-boxes.com\/pt\/wp-json\/wp\/v2\/product_brand?post=4515"},{"taxonomy":"product_cat","embeddable":true,"href":"https:\/\/agricultural-gear-boxes.com\/pt\/wp-json\/wp\/v2\/product_cat?post=4515"},{"taxonomy":"product_tag","embeddable":true,"href":"https:\/\/agricultural-gear-boxes.com\/pt\/wp-json\/wp\/v2\/product_tag?post=4515"}],"curies":[{"name":"wp","href":"https:\/\/api.w.org\/{rel}","templated":true}]}}