{"id":4517,"date":"2024-09-11T07:35:32","date_gmt":"2024-09-11T07:35:32","guid":{"rendered":"https:\/\/agricultural-gear-boxes.com\/product\/factory-direct-sale-3-stages-hydraulic-cylinder-double-acting-hydraulic-cylinder-for-dump-truck\/"},"modified":"2024-09-11T07:35:33","modified_gmt":"2024-09-11T07:35:33","slug":"factory-direct-sale-3-stages-hydraulic-cylinder-double-acting-hydraulic-cylinder-for-dump-truck","status":"publish","type":"product","link":"https:\/\/agricultural-gear-boxes.com\/pt\/product\/factory-direct-sale-3-stages-hydraulic-cylinder-double-acting-hydraulic-cylinder-for-dump-truck\/","title":{"rendered":"Venda direta de f\u00e1brica Cilindro hidr\u00e1ulico de 3 est\u00e1gios Cilindro hidr\u00e1ulico de dupla a\u00e7\u00e3o para caminh\u00e3o basculante"},"content":{"rendered":"<p>Todo o conte\u00fado desta p\u00e1gina vem da Internet e \u00e9 usado apenas como refer\u00eancia para sele\u00e7\u00e3o de produtos. Nossos produtos s\u00e3o pe\u00e7as de reposi\u00e7\u00e3o e n\u00e3o pe\u00e7as de reposi\u00e7\u00e3o originais. N\u00e3o somos detentores da marca registrada original do conte\u00fado. Nossos produtos s\u00e3o adequados apenas para pe\u00e7as de reposi\u00e7\u00e3o p\u00f3s-venda e n\u00e3o pe\u00e7as de reposi\u00e7\u00e3o originais. Nossas pe\u00e7as de reposi\u00e7\u00e3o podem se encaixar perfeitamente nas pe\u00e7as de reposi\u00e7\u00e3o originais. Se voc\u00ea precisar comprar pe\u00e7as de reposi\u00e7\u00e3o originais, entre em contato com a f\u00e1brica original para comprar. Se voc\u00ea precisar comprar pe\u00e7as de reposi\u00e7\u00e3o originais, entre em contato com o fornecedor original para comprar.<br \/>\n<h2>Novo e melhorado cilindro hidr\u00e1ulico de 3 est\u00e1gios para caminh\u00e3o basculante<\/h2><\/p>\n<p>Apresentando nosso rec\u00e9m-aprimorado Cilindro Hidr\u00e1ulico de 3 Est\u00e1gios, uma pe\u00e7a de reposi\u00e7\u00e3o superior projetada especificamente para caminh\u00f5es basculantes. Este cilindro hidr\u00e1ulico \u00e9 meticulosamente trabalhado com caracter\u00edsticas not\u00e1veis, garantindo desempenho e durabilidade ideais. Com um acabamento preto elegante, ele n\u00e3o s\u00f3 parece impressionante, mas tamb\u00e9m tem um desempenho excepcional.<\/p>\n<p><img decoding=\"async\" src=\"https:\/\/img.jiansujichilun.com\/img\/hydrauliccylinders\/T_hydrauliccylinders-5.webp\" alt=\"Cen\u00e1rio de uso do cilindro hidr\u00e1ulico\" \/><\/p>\n<p><h3>Cen\u00e1rio de uso<\/h3><\/p>\n<p>O Cilindro Hidr\u00e1ulico de 3 Est\u00e1gios \u00e9 amplamente utilizado em v\u00e1rias aplica\u00e7\u00f5es, particularmente em caminh\u00f5es basculantes e outras m\u00e1quinas pesadas que exigem sistemas hidr\u00e1ulicos potentes e confi\u00e1veis. Sua constru\u00e7\u00e3o robusta e materiais de alta qualidade o tornam adequado at\u00e9 mesmo para os ambientes mais exigentes.<\/p>\n<p>Al\u00e9m disso, este cilindro hidr\u00e1ulico tamb\u00e9m pode ser utilizado em:<\/p>\n<ul>\n<li>Equipamento de constru\u00e7\u00e3o<\/li>\n<li>Maquinaria agr\u00edcola<\/li>\n<li>Equipamento de minera\u00e7\u00e3o<\/li>\n<li>M\u00e1quinas de fabrica\u00e7\u00e3o<\/li>\n<li>Equipamento de f\u00e1brica<\/li>\n<\/ul>\n<p>Com sua resist\u00eancia e efici\u00eancia excepcionais, o Cilindro Hidr\u00e1ulico de 3 Est\u00e1gios \u00e9 a escolha perfeita para ind\u00fastrias como oficinas de reparo de m\u00e1quinas, fazendas, energia e minera\u00e7\u00e3o, fabrica\u00e7\u00e3o de m\u00e1quinas e f\u00e1bricas de m\u00e1quinas.<\/p>\n<p><h3>Hist\u00f3ria e Classifica\u00e7\u00e3o<\/h3><\/p>\n<p>O conceito de sistemas hidr\u00e1ulicos remonta a s\u00e9culos, com avan\u00e7os significativos que levaram ao desenvolvimento de cilindros hidr\u00e1ulicos modernos. Ao longo do tempo, diferentes tipos de cilindros hidr\u00e1ulicos foram projetados para atender a necessidades espec\u00edficas. O Cilindro Hidr\u00e1ulico de 3 Est\u00e1gios se enquadra na categoria de cilindros hidr\u00e1ulicos de dupla a\u00e7\u00e3o, proporcionando funcionalidade e versatilidade aprimoradas.<\/p>\n<p><h3>Vantagens<\/h3><\/p>\n<p>Nosso Cilindro Hidr\u00e1ulico de 3 Est\u00e1gios oferece in\u00fameras vantagens que o diferenciam de outras op\u00e7\u00f5es no mercado:<\/p>\n<ul>\n<li>Durabilidade e longevidade excepcionais<\/li>\n<li>Empuxo m\u00e1ximo de 3000 e tra\u00e7\u00e3o m\u00e1xima de 20 toneladas<\/li>\n<li>Certifica\u00e7\u00e3o ISO9001:2000 para garantia de qualidade<\/li>\n<li>Desempenho altamente eficiente e confi\u00e1vel<\/li>\n<li>F\u00e1cil instala\u00e7\u00e3o e manuten\u00e7\u00e3o<\/li>\n<li>Ampla gama de tamanhos de furo, haste, curso e pino<\/li>\n<li>Op\u00e7\u00f5es de porta flex\u00edveis (G\/SAE\/NPT\/M)<\/li>\n<\/ul>\n<p><h3>Materiais e Instala\u00e7\u00e3o<\/h3><\/p>\n<p>Our 3 Stages Hydraulic Cylinder is constructed from robust steel, ensuring durability and long-lasting use. It is designed to be easy to install and compatible with a variety of hydraulic systems. However, it is essential to follow the manufacturer&#8217;s guidelines and recommended procedures for proper installation to ensure optimal performance and safety.<\/p>\n<p><h3>Manuten\u00e7\u00e3o, Reparo e Substitui\u00e7\u00e3o<\/h3><\/p>\n<p>Para manter o desempenho e a longevidade do seu cilindro hidr\u00e1ulico, a manuten\u00e7\u00e3o regular \u00e9 crucial. Isso inclui inspecionar vazamentos, verificar os n\u00edveis de fluido e garantir a lubrifica\u00e7\u00e3o adequada. Em caso de problemas ou danos, nossos servi\u00e7os abrangentes de reparo e substitui\u00e7\u00e3o est\u00e3o dispon\u00edveis para garantir que seu sistema hidr\u00e1ulico opere da melhor forma poss\u00edvel.<\/p>\n<p><h2>Sobre nossa empresa<\/h2><\/p>\n<p>Al\u00e9m de nossos cilindros hidr\u00e1ulicos superiores, somos um fornecedor renomado de v\u00e1rias engrenagens pl\u00e1sticas industriais. Nossa ampla gama de produtos inclui caixas de engrenagens agr\u00edcolas, eixos de sa\u00edda de pot\u00eancia, rodas dentadas, acoplamentos hidr\u00e1ulicos, redutores de engrenagem sem-fim, cremalheiras, correntes remov\u00edveis, polias e polias, caixas de engrenagens planet\u00e1rias, polias de sincroniza\u00e7\u00e3o e buchas. Temos orgulho em oferecer produtos de alta qualidade, pre\u00e7os competitivos e atendimento ao cliente excepcional. Os clientes s\u00e3o bem-vindos para personalizar seus pedidos com base em seus requisitos espec\u00edficos, fornecendo desenhos ou amostras para fabrica\u00e7\u00e3o precisa.<\/p>\n<p><img decoding=\"async\" src=\"https:\/\/images.hzpt.com\/2024\/04\/unit-type-flexo-press-factory.webp\" alt=\"Outros neg\u00f3cios de produtos da empresa\" \/><\/p>\n<p><h2>Perguntas frequentes<\/h2><\/p>\n<p><q1>O Cilindro Hidr\u00e1ulico de 3 Est\u00e1gios pode ser usado em equipamentos de constru\u00e7\u00e3o?<\/q1><br \/>\n<a1>Sim, o Cilindro Hidr\u00e1ulico de 3 Est\u00e1gios \u00e9 adequado para equipamentos de constru\u00e7\u00e3o, fornecendo energia hidr\u00e1ulica confi\u00e1vel.<\/a1><\/p>\n<p><q2>Qual \u00e9 a capacidade m\u00e1xima de empuxo e tra\u00e7\u00e3o do cilindro hidr\u00e1ulico?<\/q2><br \/>\n<a2>O cilindro hidr\u00e1ulico tem um empuxo m\u00e1ximo de 3000 e uma tra\u00e7\u00e3o m\u00e1xima de 20 toneladas, garantindo um desempenho excepcional.<\/a2><\/p>\n<p><q3>O cilindro hidr\u00e1ulico \u00e9 f\u00e1cil de instalar?<\/q3><br \/>\n<a3>Sim, o cilindro hidr\u00e1ulico foi projetado para f\u00e1cil instala\u00e7\u00e3o, garantindo um processo sem complica\u00e7\u00f5es.<\/a3><\/p>\n<p><q4>Quais materiais s\u00e3o usados na fabrica\u00e7\u00e3o do cilindro hidr\u00e1ulico?<\/q4><br \/>\n<a4>O cilindro hidr\u00e1ulico \u00e9 feito de a\u00e7o robusto, garantindo durabilidade e uso prolongado.<\/a4><\/p>\n<p><q5>O cilindro hidr\u00e1ulico pode ser personalizado de acordo com requisitos espec\u00edficos?<\/q5><br \/>\n<a5>Yes, we offer customization options based on customers&#8217; specific requirements, providing drawings or samples for precise manufacturing.<\/a5><\/p>","protected":false},"excerpt":{"rendered":"<p>All the content on this page comes from the Internet and is only used as a reference for product selection. Our products are replacement parts rather than original spare parts. We are not the holder of the original trademark of the content. Our products are only suitable for after-sales replacement parts rather than original spare [&hellip;]<\/p>","protected":false},"featured_media":4516,"template":"","meta":{"_et_pb_use_builder":"","_et_pb_old_content":"","_et_gb_content_width":""},"product_brand":[],"product_cat":[11327],"product_tag":[],"class_list":{"0":"post-4517","1":"product","2":"type-product","3":"status-publish","4":"has-post-thumbnail","6":"product_cat-telescopic-hydraulic-cylinder","8":"first","9":"instock","10":"shipping-taxable","11":"product-type-simple"},"_links":{"self":[{"href":"https:\/\/agricultural-gear-boxes.com\/pt\/wp-json\/wp\/v2\/product\/4517","targetHints":{"allow":["GET"]}}],"collection":[{"href":"https:\/\/agricultural-gear-boxes.com\/pt\/wp-json\/wp\/v2\/product"}],"about":[{"href":"https:\/\/agricultural-gear-boxes.com\/pt\/wp-json\/wp\/v2\/types\/product"}],"wp:featuredmedia":[{"embeddable":true,"href":"https:\/\/agricultural-gear-boxes.com\/pt\/wp-json\/wp\/v2\/media\/4516"}],"wp:attachment":[{"href":"https:\/\/agricultural-gear-boxes.com\/pt\/wp-json\/wp\/v2\/media?parent=4517"}],"wp:term":[{"taxonomy":"product_brand","embeddable":true,"href":"https:\/\/agricultural-gear-boxes.com\/pt\/wp-json\/wp\/v2\/product_brand?post=4517"},{"taxonomy":"product_cat","embeddable":true,"href":"https:\/\/agricultural-gear-boxes.com\/pt\/wp-json\/wp\/v2\/product_cat?post=4517"},{"taxonomy":"product_tag","embeddable":true,"href":"https:\/\/agricultural-gear-boxes.com\/pt\/wp-json\/wp\/v2\/product_tag?post=4517"}],"curies":[{"name":"wp","href":"https:\/\/api.w.org\/{rel}","templated":true}]}}