{"id":4518,"date":"2024-09-11T07:35:33","date_gmt":"2024-09-11T07:35:33","guid":{"rendered":"https:\/\/agricultural-gear-boxes.com\/product\/hot-sale-2-stage-dump-truck-hydraulic-hoist-cylinder-multistage-hydraulic-cylinder\/"},"modified":"2024-09-11T07:35:33","modified_gmt":"2024-09-11T07:35:33","slug":"hot-sale-2-stage-dump-truck-hydraulic-hoist-cylinder-multistage-hydraulic-cylinder","status":"publish","type":"product","link":"https:\/\/agricultural-gear-boxes.com\/pt\/product\/hot-sale-2-stage-dump-truck-hydraulic-hoist-cylinder-multistage-hydraulic-cylinder\/","title":{"rendered":"Cilindro hidr\u00e1ulico de eleva\u00e7\u00e3o de caminh\u00e3o basculante de 2 est\u00e1gios, cilindro hidr\u00e1ulico multiest\u00e1gios, venda imperd\u00edvel"},"content":{"rendered":"<p>Todo o conte\u00fado desta p\u00e1gina \u00e9 apenas para fins informativos e serve apenas como refer\u00eancia para a sele\u00e7\u00e3o de produtos. Nossos produtos s\u00e3o pe\u00e7as de reposi\u00e7\u00e3o e n\u00e3o pe\u00e7as de reposi\u00e7\u00e3o originais. N\u00e3o somos os detentores da marca registrada original do conte\u00fado. Nossas pe\u00e7as de reposi\u00e7\u00e3o se encaixam perfeitamente nas pe\u00e7as de reposi\u00e7\u00e3o originais. Se precisar adquirir pe\u00e7as de reposi\u00e7\u00e3o originais, entre em contato com a f\u00e1brica ou fornecedor original.<\/p>\n<h2>Introdu\u00e7\u00e3o ao Cilindro Hidr\u00e1ulico<\/h2>\n<p>Ever-power&#8217;s 2 Stage Dump Truck Hydraulic Hoist Cylinder Multistage Hydraulic Cylinder is a top-selling product, designed to serve a variety of industries. This high-quality hydraulic cylinder provides efficient and reliable service in machinery repair shops, farms, energy &#038; mining, machinery manufacturing, and machinery factories.<\/p>\n<p>Nosso cilindro hidr\u00e1ulico oferece efici\u00eancia energ\u00e9tica, alto desempenho e seguran\u00e7a. Seu corpo de a\u00e7o garante durabilidade e sua estrutura de cilindro com \u00eambolo proporciona uma opera\u00e7\u00e3o suave. Com acabamento preto, ele adiciona um toque est\u00e9tico a qualquer m\u00e1quina em que seja instalado.<\/p>\n<h2>Cen\u00e1rios de uso<\/h2>\n<p>O cilindro hidr\u00e1ulico \u00e9 comumente utilizado em caminh\u00f5es basculantes, m\u00e1quinas de constru\u00e7\u00e3o e equipamentos industriais. Ele pode levantar, puxar e empurrar cargas com alta for\u00e7a e velocidade.<\/p>\n<p><img decoding=\"async\" src=\"https:\/\/img.jiansujichilun.com\/img\/hydrauliccylinders\/T_hydrauliccylinders-5.webp\" alt=\"Cen\u00e1rio de uso do cilindro hidr\u00e1ulico\" \/><\/p>\n<h2>Hist\u00f3rico do produto<\/h2>\n<p>O cilindro hidr\u00e1ulico tem uma longa hist\u00f3ria de desenvolvimento e aprimoramento. Ao longo dos anos, os avan\u00e7os tecnol\u00f3gicos levaram \u00e0 cria\u00e7\u00e3o de cilindros hidr\u00e1ulicos mais eficientes e confi\u00e1veis.<\/p>\n<h2>Classifica\u00e7\u00e3o do produto<\/h2>\n<ul>\n<li>Cilindro Hidr\u00e1ulico de Dupla A\u00e7\u00e3o<\/li>\n<li>Cilindro Hidr\u00e1ulico de A\u00e7\u00e3o Simples<\/li>\n<li>Cilindro Hidr\u00e1ulico Telesc\u00f3pico<\/li>\n<li>Cilindro Hidr\u00e1ulico de Tirante<\/li>\n<li>Cilindro Hidr\u00e1ulico Soldado<\/li>\n<\/ul>\n<h2>Vantagens<\/h2>\n<ul>\n<li>Efici\u00eancia de economia de energia<\/li>\n<li>Alto desempenho<\/li>\n<li>Seguran\u00e7a<\/li>\n<li>Corpo de a\u00e7o dur\u00e1vel<\/li>\n<li>Opera\u00e7\u00e3o suave<\/li>\n<\/ul>\n<h2>Materiais de produtos utiliz\u00e1veis<\/h2>\n<p>O cilindro hidr\u00e1ulico normalmente \u00e9 feito de materiais de alta qualidade, como a\u00e7o, garantindo sua resist\u00eancia e durabilidade.<\/p>\n<h2>Instala\u00e7\u00e3o, Manuten\u00e7\u00e3o e Reparo<\/h2>\n<p>Proper installation, regular maintenance, and timely repair are essential for the optimal performance and longevity of the hydraulic cylinder. It is recommended to follow the manufacturer&#8217;s instructions for installation and consult a professional for maintenance and repair.<\/p>\n<h2>Substitui\u00e7\u00e3o de produto<\/h2>\n<p>Caso o cilindro hidr\u00e1ulico precise ser substitu\u00eddo, \u00e9 importante garantir a compatibilidade com as pe\u00e7as de reposi\u00e7\u00e3o originais. Entre em contato com a f\u00e1brica ou fornecedor original para adquirir pe\u00e7as de reposi\u00e7\u00e3o originais ou considere nossas pe\u00e7as de reposi\u00e7\u00e3o de alta qualidade.<\/p>\n<p><img decoding=\"async\" src=\"https:\/\/images.hzpt.com\/2024\/04\/unit-type-flexo-press-factory.webp\" alt=\"Outros neg\u00f3cios de produtos da empresa\" \/><\/p>\n<p>Al\u00e9m de cilindros hidr\u00e1ulicos, tamb\u00e9m fornecemos diversas engrenagens pl\u00e1sticas para uso industrial. Nossa linha de produtos inclui caixas de engrenagens agr\u00edcolas, eixos de sa\u00edda de pot\u00eancia, rodas dentadas, acoplamentos hidr\u00e1ulicos, redutores de rosca sem-fim, cremalheiras, correntes remov\u00edveis, polias e polias, caixas de engrenagens planet\u00e1rias, polias sincronizadoras, buchas e muito mais. Temos orgulho em oferecer produtos de alta qualidade, pre\u00e7os competitivos e servi\u00e7os atenciosos. Os clientes podem personalizar os produtos com base em desenhos e amostras.<\/p>\n<h2>Perguntas frequentes<\/h2>\n<ol>\n<li>\n    <strong>P: Voc\u00ea \u00e9 uma empresa comercial ou fabricante?<\/strong><br \/>R: Somos uma f\u00e1brica.\n  <\/li>\n<li>\n    <strong>P: Quanto tempo demora a entrega?<\/strong><br \/>R: Geralmente, s\u00e3o de 25 a 35 dias.\n  <\/li>\n<li>\n    <strong>P: Voc\u00eas fornecem amostras? \u00c9 gr\u00e1tis ou extra?<\/strong><br \/>A: Yes, we could offer the sample, but it&#8217;s not free.\n  <\/li>\n<li>\n    <strong>P: Em quais ind\u00fastrias o cilindro hidr\u00e1ulico pode ser usado?<\/strong><br \/>A: The hydraulic cylinder is suitable for a wide range of industries, including machinery repair shops, farms, energy &#038; mining, machinery manufacturing, and machinery factories.\n  <\/li>\n<li>\n    <strong>P: O cilindro hidr\u00e1ulico pode ser personalizado?<\/strong><br \/>R: Sim, convidamos os clientes a personalizar os cilindros hidr\u00e1ulicos de acordo com suas necessidades espec\u00edficas.\n  <\/li>\n<\/ol>","protected":false},"excerpt":{"rendered":"<p>All content on this page is for informational purposes only and is solely used as a reference for product selection. Our products are replacement parts and not original spare parts. We are not the holder of the original trademark of the content. Our replacement parts perfectly fit the original spare parts. If you need to [&hellip;]<\/p>","protected":false},"featured_media":4506,"template":"","meta":{"_et_pb_use_builder":"","_et_pb_old_content":"","_et_gb_content_width":""},"product_brand":[],"product_cat":[11327],"product_tag":[],"class_list":{"0":"post-4518","1":"product","2":"type-product","3":"status-publish","4":"has-post-thumbnail","6":"product_cat-telescopic-hydraulic-cylinder","8":"first","9":"instock","10":"shipping-taxable","11":"product-type-simple"},"_links":{"self":[{"href":"https:\/\/agricultural-gear-boxes.com\/pt\/wp-json\/wp\/v2\/product\/4518","targetHints":{"allow":["GET"]}}],"collection":[{"href":"https:\/\/agricultural-gear-boxes.com\/pt\/wp-json\/wp\/v2\/product"}],"about":[{"href":"https:\/\/agricultural-gear-boxes.com\/pt\/wp-json\/wp\/v2\/types\/product"}],"wp:featuredmedia":[{"embeddable":true,"href":"https:\/\/agricultural-gear-boxes.com\/pt\/wp-json\/wp\/v2\/media\/4506"}],"wp:attachment":[{"href":"https:\/\/agricultural-gear-boxes.com\/pt\/wp-json\/wp\/v2\/media?parent=4518"}],"wp:term":[{"taxonomy":"product_brand","embeddable":true,"href":"https:\/\/agricultural-gear-boxes.com\/pt\/wp-json\/wp\/v2\/product_brand?post=4518"},{"taxonomy":"product_cat","embeddable":true,"href":"https:\/\/agricultural-gear-boxes.com\/pt\/wp-json\/wp\/v2\/product_cat?post=4518"},{"taxonomy":"product_tag","embeddable":true,"href":"https:\/\/agricultural-gear-boxes.com\/pt\/wp-json\/wp\/v2\/product_tag?post=4518"}],"curies":[{"name":"wp","href":"https:\/\/api.w.org\/{rel}","templated":true}]}}