{"id":4519,"date":"2024-09-11T07:35:33","date_gmt":"2024-09-11T07:35:33","guid":{"rendered":"https:\/\/agricultural-gear-boxes.com\/product\/premium-quality-dump-truck-hydraulic-hoist-cylinder-double-acting-hydraulic-cylinder\/"},"modified":"2024-09-11T07:35:33","modified_gmt":"2024-09-11T07:35:33","slug":"premium-quality-dump-truck-hydraulic-hoist-cylinder-double-acting-hydraulic-cylinder","status":"publish","type":"product","link":"https:\/\/agricultural-gear-boxes.com\/pt\/product\/premium-quality-dump-truck-hydraulic-hoist-cylinder-double-acting-hydraulic-cylinder\/","title":{"rendered":"Cilindro hidr\u00e1ulico de eleva\u00e7\u00e3o de caminh\u00e3o basculante de qualidade premium Cilindro hidr\u00e1ulico de dupla a\u00e7\u00e3o"},"content":{"rendered":"<p>Todo o conte\u00fado desta p\u00e1gina vem da Internet e \u00e9 usado apenas como refer\u00eancia para sele\u00e7\u00e3o de produtos. Nossos produtos s\u00e3o pe\u00e7as de reposi\u00e7\u00e3o e n\u00e3o pe\u00e7as de reposi\u00e7\u00e3o originais; n\u00e3o somos detentores da marca registrada original do conte\u00fado. Nossas pe\u00e7as de reposi\u00e7\u00e3o podem se encaixar perfeitamente nas pe\u00e7as de reposi\u00e7\u00e3o originais; se voc\u00ea precisar comprar pe\u00e7as de reposi\u00e7\u00e3o originais, entre em contato com o fornecedor original para comprar.<\/p>\n<h2>Cilindro hidr\u00e1ulico de eleva\u00e7\u00e3o de caminh\u00e3o basculante de qualidade premium Cilindro hidr\u00e1ulico de dupla a\u00e7\u00e3o<\/h2>\n<p>This brand-new, top-of-the-line hydraulic hoist cylinder is built to last. It&#8217;s perfect for a wide range of industries and applications, including machinery repair shops, farms, energy and mining industries, machinery manufacturing, and machinery factories. With its maximum thrust of 3000 and maximum pull of 20 tons, this versatile tool is sure to meet all your heavy lifting needs.<\/p>\n<h3>Caracter\u00edsticas e fun\u00e7\u00f5es<\/h3>\n<p>Our hydraulic hoist cylinder is a standard, plunger cylinder type. It operates using hydraulic power and is made from durable steel. The cylinder is multi-staged, making it adaptable for various applications. It&#8217;s ISO9001:2000 certified, proving its high standard of quality and safety.<\/p>\n<h3>Especifica\u00e7\u00f5es t\u00e9cnicas<\/h3>\n<table border=\"1\">\n<tr>\n<td><i>Tamanho do furo<\/i><\/td>\n<td>2-6 polegadas<\/td>\n<\/tr>\n<tr>\n<td><i>Tamanho da haste<\/i><\/td>\n<td>1,125-4 polegadas<\/td>\n<\/tr>\n<tr>\n<td><i>Tamanho do tra\u00e7o<\/i><\/td>\n<td>4-100 polegadas<\/td>\n<\/tr>\n<tr>\n<td><i>Tamanho do pino<\/i><\/td>\n<td>0,5-2 polegadas<\/td>\n<\/tr>\n<tr>\n<td><i>Portos<\/i><\/td>\n<td>G\/SAE\/NPT\/M<\/td>\n<\/tr>\n<\/table>\n<h2>Cen\u00e1rios de uso<\/h2>\n<ul>\n<li>Equipamento de constru\u00e7\u00e3o<\/li>\n<li>Maquinaria agr\u00edcola<\/li>\n<li>Oficinas de repara\u00e7\u00e3o de m\u00e1quinas<\/li>\n<li>Ind\u00fastrias de minera\u00e7\u00e3o<\/li>\n<li>Fabrica\u00e7\u00e3o de m\u00e1quinas<\/li>\n<\/ul>\n<p><img decoding=\"async\" src=\"https:\/\/img.jiansujichilun.com\/img\/hydrauliccylinders\/T_hydrauliccylinders-5.webp\" alt=\"Cen\u00e1rio de uso do cilindro hidr\u00e1ulico\" \/><\/p>\n<h2>Vantagens<\/h2>\n<ul>\n<li>Design com efici\u00eancia energ\u00e9tica<\/li>\n<li>Desempenho altamente eficaz<\/li>\n<li>Opera\u00e7\u00e3o segura e confi\u00e1vel<\/li>\n<li>Dur\u00e1vel e duradouro<\/li>\n<\/ul>\n<h2>Hist\u00f3rico e classifica\u00e7\u00e3o do produto<\/h2>\n<p>O cilindro hidr\u00e1ulico de eleva\u00e7\u00e3o tem uma longa hist\u00f3ria e tem sido amplamente utilizado em v\u00e1rias ind\u00fastrias por muitos anos. Ele se enquadra na categoria de cilindros hidr\u00e1ulicos de dupla a\u00e7\u00e3o, o que significa que pode gerar for\u00e7a em ambas as dire\u00e7\u00f5es de seu curso.<\/p>\n<h2>Materiais de produtos utiliz\u00e1veis<\/h2>\n<p>Nosso cilindro de eleva\u00e7\u00e3o hidr\u00e1ulica \u00e9 feito de a\u00e7o de alta qualidade, garantindo resist\u00eancia e durabilidade. O \u00eambolo e a haste s\u00e3o usinados com precis\u00e3o para opera\u00e7\u00e3o suave e desempenho ideal.<\/p>\n<h2>Instala\u00e7\u00e3o, Manuten\u00e7\u00e3o e Reparo<\/h2>\n<p>Installing the hydraulic hoist cylinder is relatively straightforward. It should be securely mounted to the equipment using appropriate brackets and fittings. Regular maintenance involves checking for leaks, inspecting seals and gaskets, and lubricating moving parts as necessary. In case of repair, it is recommended to consult the manufacturer&#8217;s guidelines or seek professional assistance.<\/p>\n<h2>Substitui\u00e7\u00e3o de produto<\/h2>\n<p>Ao substituir o cilindro hidr\u00e1ulico de eleva\u00e7\u00e3o, \u00e9 crucial escolher uma pe\u00e7a de reposi\u00e7\u00e3o compat\u00edvel. Nossos cilindros de reposi\u00e7\u00e3o s\u00e3o projetados para se encaixar perfeitamente nas pe\u00e7as de reposi\u00e7\u00e3o originais, garantindo integra\u00e7\u00e3o perfeita e desempenho ideal. No entanto, se voc\u00ea precisar comprar pe\u00e7as de reposi\u00e7\u00e3o originais, entre em contato com o fornecedor original para obter assist\u00eancia.<\/p>\n<p><img decoding=\"async\" src=\"https:\/\/www.ever-power.net\/wp-content\/uploads\/2023\/11\/telescopic-hydraulic-cylinder-11.webp\" alt=\"Cilindro Hidr\u00e1ulico Telesc\u00f3pico\" \/><\/p>\n<h2>Sobre nossa empresa<\/h2>\n<p>Somos especializados no fornecimento de uma ampla gama de componentes industriais, incluindo cilindros hidr\u00e1ulicos e unidades de pot\u00eancia, bem como v\u00e1rias engrenagens de pl\u00e1stico. Nossos produtos s\u00e3o conhecidos por sua alta qualidade, pre\u00e7os competitivos e excelente atendimento ao cliente. Temos uma forte base de clientes em todo o mundo e somos capazes de atender pedidos personalizados com base em desenhos ou amostras. Tamb\u00e9m oferecemos pre\u00e7os preferenciais e servi\u00e7os atenciosos, e damos as boas-vindas aos clientes para personalizar seus pedidos.<\/p>\n<p><img decoding=\"async\" src=\"https:\/\/images.hzpt.com\/2024\/04\/unit-type-flexo-press-factory.webp\" alt=\"Componentes Industriais\" \/><\/p>\n<h2>Perguntas frequentes<\/h2>\n<p><b>P: Voc\u00ea \u00e9 uma empresa comercial ou um fabricante?<\/b><br \/>R: Somos uma f\u00e1brica.<\/p>\n<p><b>P: Quanto tempo demora a entrega?<\/b><br \/>R: Geralmente, s\u00e3o de 25 a 35 dias.<\/p>\n<p><b>P: Voc\u00eas fornecem amostras?<\/b><br \/>A: Yes, we could offer the sample, but it&#8217;s not free.<\/p>\n<p><b>P: Quais ind\u00fastrias podem usar cilindros hidr\u00e1ulicos?<\/b><br \/>R: Os cilindros hidr\u00e1ulicos s\u00e3o componentes essenciais em uma ampla gama de ind\u00fastrias, incluindo constru\u00e7\u00e3o, agricultura, minera\u00e7\u00e3o e manufatura.<\/p>\n<p><b>P: O cilindro hidr\u00e1ulico do seu guincho pode ser personalizado?<\/b><br \/>R: Sim, oferecemos servi\u00e7os de personaliza\u00e7\u00e3o com base em desenhos ou amostras fornecidas pelos clientes.<\/p>","protected":false},"excerpt":{"rendered":"<p>All the content on this page comes from the Internet and is only used as a reference for product selection. Our products are replacement parts rather than original spare parts; we are not the holder of the original trademark of the content. Our replacement parts can perfectly fit the original spare parts; if you need [&hellip;]<\/p>","protected":false},"featured_media":4506,"template":"","meta":{"_et_pb_use_builder":"","_et_pb_old_content":"","_et_gb_content_width":""},"product_brand":[],"product_cat":[11327],"product_tag":[],"class_list":{"0":"post-4519","1":"product","2":"type-product","3":"status-publish","4":"has-post-thumbnail","6":"product_cat-telescopic-hydraulic-cylinder","8":"first","9":"instock","10":"shipping-taxable","11":"product-type-simple"},"_links":{"self":[{"href":"https:\/\/agricultural-gear-boxes.com\/pt\/wp-json\/wp\/v2\/product\/4519","targetHints":{"allow":["GET"]}}],"collection":[{"href":"https:\/\/agricultural-gear-boxes.com\/pt\/wp-json\/wp\/v2\/product"}],"about":[{"href":"https:\/\/agricultural-gear-boxes.com\/pt\/wp-json\/wp\/v2\/types\/product"}],"wp:featuredmedia":[{"embeddable":true,"href":"https:\/\/agricultural-gear-boxes.com\/pt\/wp-json\/wp\/v2\/media\/4506"}],"wp:attachment":[{"href":"https:\/\/agricultural-gear-boxes.com\/pt\/wp-json\/wp\/v2\/media?parent=4519"}],"wp:term":[{"taxonomy":"product_brand","embeddable":true,"href":"https:\/\/agricultural-gear-boxes.com\/pt\/wp-json\/wp\/v2\/product_brand?post=4519"},{"taxonomy":"product_cat","embeddable":true,"href":"https:\/\/agricultural-gear-boxes.com\/pt\/wp-json\/wp\/v2\/product_cat?post=4519"},{"taxonomy":"product_tag","embeddable":true,"href":"https:\/\/agricultural-gear-boxes.com\/pt\/wp-json\/wp\/v2\/product_tag?post=4519"}],"curies":[{"name":"wp","href":"https:\/\/api.w.org\/{rel}","templated":true}]}}