{"id":4521,"date":"2024-09-11T07:35:34","date_gmt":"2024-09-11T07:35:34","guid":{"rendered":"https:\/\/agricultural-gear-boxes.com\/product\/high-quality-small-dump-truck-hydraulic-cylinder-hydraulic-telescopic-cylinder\/"},"modified":"2024-09-11T07:35:34","modified_gmt":"2024-09-11T07:35:34","slug":"high-quality-small-dump-truck-hydraulic-cylinder-hydraulic-telescopic-cylinder","status":"publish","type":"product","link":"https:\/\/agricultural-gear-boxes.com\/pt\/product\/high-quality-small-dump-truck-hydraulic-cylinder-hydraulic-telescopic-cylinder\/","title":{"rendered":"Cilindro hidr\u00e1ulico telesc\u00f3pico de caminh\u00e3o basculante pequeno de alta qualidade"},"content":{"rendered":"<p>Todo o conte\u00fado desta p\u00e1gina \u00e9 proveniente da internet e serve apenas como refer\u00eancia para a sele\u00e7\u00e3o de pe\u00e7as de reposi\u00e7\u00e3o. Nossos produtos s\u00e3o pe\u00e7as de reposi\u00e7\u00e3o e n\u00e3o pe\u00e7as de reposi\u00e7\u00e3o originais. N\u00e3o somos os detentores da marca registrada original mencionada no conte\u00fado. Nossas pe\u00e7as de reposi\u00e7\u00e3o s\u00e3o projetadas para se encaixar perfeitamente nas pe\u00e7as de reposi\u00e7\u00e3o originais. Se precisar de pe\u00e7as de reposi\u00e7\u00e3o originais, entre em contato com a f\u00e1brica ou fornecedor original para efetuar a compra.<\/p>\n<h2>Cilindro hidr\u00e1ulico telesc\u00f3pico de caminh\u00e3o basculante pequeno de alta qualidade<\/h2>\n<p>Nosso cilindro hidr\u00e1ulico de alta qualidade para caminh\u00f5es basculantes pequenos foi projetado para oferecer desempenho superior em uma variedade de setores. Com um cilindro hidr\u00e1ulico telesc\u00f3pico como n\u00facleo, este produto \u00e9 perfeito para oficinas de reparo de m\u00e1quinas, fazendas, energia e minera\u00e7\u00e3o, fabrica\u00e7\u00e3o de m\u00e1quinas e f\u00e1bricas de m\u00e1quinas. Ele oferece um servi\u00e7o confi\u00e1vel e eficiente, tornando-se a escolha ideal para caminh\u00f5es basculantes pequenos.<\/p>\n<p><img decoding=\"async\" src=\"https:\/\/img.jiansujichilun.com\/img\/hydrauliccylinders\/T_hydrauliccylinders-5.webp\" alt=\"Cilindro hidr\u00e1ulico para caminh\u00e3o basculante pequeno\" \/><\/p>\n<h3>Cen\u00e1rios de uso<\/h3>\n<p>O cilindro hidr\u00e1ulico do pequeno caminh\u00e3o basculante pode ser usado em v\u00e1rios cen\u00e1rios, incluindo:<\/p>\n<ul>\n<li>Canteiros de obras<\/li>\n<li>Opera\u00e7\u00f5es de minera\u00e7\u00e3o<\/li>\n<li>Aplica\u00e7\u00f5es agr\u00edcolas<\/li>\n<li>Gest\u00e3o de res\u00edduos<\/li>\n<\/ul>\n<p><img decoding=\"async\" src=\"https:\/\/img.jiansujichilun.com\/img\/hydrauliccylinders\/T_hydrauliccylinders-5.webp\" alt=\"Cen\u00e1rio de uso de cilindro hidr\u00e1ulico de caminh\u00e3o basculante pequeno\" \/><\/p>\n<h3>Hist\u00f3rico do produto<\/h3>\n<p>O cilindro hidr\u00e1ulico tem uma longa hist\u00f3ria de uso na ind\u00fastria. Ao longo dos anos, ele evoluiu para se tornar mais eficiente e confi\u00e1vel, atendendo \u00e0s crescentes demandas de diversos setores.<\/p>\n<h3>Classifica\u00e7\u00e3o<\/h3>\n<p>Os cilindros hidr\u00e1ulicos podem ser classificados com base em seu projeto, incluindo:<\/p>\n<ul>\n<li>Cilindros hidr\u00e1ulicos de simples a\u00e7\u00e3o<\/li>\n<li>Cilindros hidr\u00e1ulicos de dupla a\u00e7\u00e3o<\/li>\n<li>Cilindros hidr\u00e1ulicos telesc\u00f3picos<\/li>\n<li>Cilindros hidr\u00e1ulicos roscados<\/li>\n<\/ul>\n<h3>Vantagens<\/h3>\n<p>Nosso pequeno cilindro hidr\u00e1ulico para caminh\u00e3o basculante oferece diversas vantagens:<\/p>\n<ul>\n<li>Qualidade excepcional devido \u00e0 sua constru\u00e7\u00e3o robusta em a\u00e7o<\/li>\n<li>Alta efici\u00eancia com um empuxo m\u00e1ximo de 3000 e uma tra\u00e7\u00e3o m\u00e1xima de 20 toneladas<\/li>\n<li>Certificado ISO9001:2000 para seguran\u00e7a e conformidade com padr\u00f5es internacionais<\/li>\n<li>Design de economia de energia para utiliza\u00e7\u00e3o otimizada de energia<\/li>\n<\/ul>\n<h3>Materiais de produtos utiliz\u00e1veis<\/h3>\n<p>Nosso cilindro hidr\u00e1ulico \u00e9 feito de materiais de alta qualidade que garantem durabilidade e confiabilidade:<\/p>\n<ul>\n<li>A\u00e7o robusto<\/li>\n<li>Hastes cromadas temperadas<\/li>\n<li>Tubos de a\u00e7o sem costura<\/li>\n<li>Componentes usinados com precis\u00e3o<\/li>\n<\/ul>\n<h3>Instala\u00e7\u00e3o, Manuten\u00e7\u00e3o e Reparo<\/h3>\n<p>A instala\u00e7\u00e3o, manuten\u00e7\u00e3o e reparo do cilindro hidr\u00e1ulico do nosso pequeno caminh\u00e3o basculante s\u00e3o simples. Aqui est\u00e3o alguns pontos importantes a serem considerados:<\/p>\n<ul>\n<li>Follow the manufacturer&#8217;s instructions for installation<\/li>\n<li>Limpe e lubrifique regularmente o cilindro para garantir um funcionamento suave<\/li>\n<li>Inspecione se h\u00e1 vazamentos ou danos e repare conforme necess\u00e1rio<\/li>\n<li>Substitua componentes desgastados por pe\u00e7as de reposi\u00e7\u00e3o genu\u00ednas<\/li>\n<\/ul>\n<h2>Outros produtos<\/h2>\n<p>Al\u00e9m de cilindros hidr\u00e1ulicos, nossa empresa tamb\u00e9m \u00e9 especializada no fornecimento de diversas engrenagens pl\u00e1sticas para uso industrial. Nossa linha de produtos inclui caixas de engrenagens agr\u00edcolas, eixos de sa\u00edda de pot\u00eancia, rodas dentadas, acoplamentos hidr\u00e1ulicos, redutores de engrenagem helicoidal, cremalheiras, correntes remov\u00edveis, polias e polias, caixas de engrenagens planet\u00e1rias, polias sincronizadoras, buchas e muito mais. Nos orgulhamos de oferecer produtos de alta qualidade, pre\u00e7os competitivos e excelente atendimento ao cliente. Aceitamos personaliza\u00e7\u00f5es com base em desenhos e amostras.<\/p>\n<p><img decoding=\"async\" src=\"https:\/\/images.hzpt.com\/2024\/04\/unit-type-flexo-press-factory.webp\" alt=\"Engrenagens de pl\u00e1stico\" \/><\/p>\n<h2>Perguntas frequentes<\/h2>\n<dl>\n<dt>P: Seus cilindros hidr\u00e1ulicos s\u00e3o pe\u00e7as de reposi\u00e7\u00e3o originais?<\/dt>\n<dd>R: N\u00e3o, nossos cilindros hidr\u00e1ulicos s\u00e3o pe\u00e7as de reposi\u00e7\u00e3o.<\/dd>\n<dt>P: Quais ind\u00fastrias podem usar seu cilindro hidr\u00e1ulico para caminh\u00e3o basculante pequeno?<\/dt>\n<dd>R: Nosso cilindro hidr\u00e1ulico \u00e9 adequado para ind\u00fastrias como oficinas de reparo de m\u00e1quinas, fazendas, energia e minera\u00e7\u00e3o, fabrica\u00e7\u00e3o de m\u00e1quinas e f\u00e1bricas de m\u00e1quinas.<\/dd>\n<dt>P: Quais vantagens seu cilindro hidr\u00e1ulico oferece?<\/dt>\n<dd>R: Nosso cilindro hidr\u00e1ulico oferece qualidade excepcional, alta efici\u00eancia, certifica\u00e7\u00e3o de seguran\u00e7a e recursos de economia de energia.<\/dd>\n<dt>P: Quais materiais s\u00e3o usados no seu cilindro hidr\u00e1ulico?<\/dt>\n<dd>R: Nosso cilindro hidr\u00e1ulico \u00e9 feito de a\u00e7o robusto, hastes cromadas temperadas, tubos de a\u00e7o sem costura e componentes usinados com precis\u00e3o.<\/dd>\n<dt>P: Como devo fazer a manuten\u00e7\u00e3o e reparar o cilindro hidr\u00e1ulico?<\/dt>\n<dd>R: Limpe e lubrifique regularmente o cilindro, inspecione se h\u00e1 vazamentos ou danos e substitua componentes desgastados por pe\u00e7as de reposi\u00e7\u00e3o genu\u00ednas.<\/dd>\n<\/dl>","protected":false},"excerpt":{"rendered":"<p>All the content on this page is sourced from the Internet and is only meant for reference purposes for selecting replacement parts. Our products are replacement parts and not original spare parts. We are not the holder of the original trademark mentioned in the content. Our replacement parts are designed to perfectly fit the original [&hellip;]<\/p>","protected":false},"featured_media":4516,"template":"","meta":{"_et_pb_use_builder":"","_et_pb_old_content":"","_et_gb_content_width":""},"product_brand":[],"product_cat":[11327],"product_tag":[],"class_list":{"0":"post-4521","1":"product","2":"type-product","3":"status-publish","4":"has-post-thumbnail","6":"product_cat-telescopic-hydraulic-cylinder","8":"first","9":"instock","10":"shipping-taxable","11":"product-type-simple"},"_links":{"self":[{"href":"https:\/\/agricultural-gear-boxes.com\/pt\/wp-json\/wp\/v2\/product\/4521","targetHints":{"allow":["GET"]}}],"collection":[{"href":"https:\/\/agricultural-gear-boxes.com\/pt\/wp-json\/wp\/v2\/product"}],"about":[{"href":"https:\/\/agricultural-gear-boxes.com\/pt\/wp-json\/wp\/v2\/types\/product"}],"wp:featuredmedia":[{"embeddable":true,"href":"https:\/\/agricultural-gear-boxes.com\/pt\/wp-json\/wp\/v2\/media\/4516"}],"wp:attachment":[{"href":"https:\/\/agricultural-gear-boxes.com\/pt\/wp-json\/wp\/v2\/media?parent=4521"}],"wp:term":[{"taxonomy":"product_brand","embeddable":true,"href":"https:\/\/agricultural-gear-boxes.com\/pt\/wp-json\/wp\/v2\/product_brand?post=4521"},{"taxonomy":"product_cat","embeddable":true,"href":"https:\/\/agricultural-gear-boxes.com\/pt\/wp-json\/wp\/v2\/product_cat?post=4521"},{"taxonomy":"product_tag","embeddable":true,"href":"https:\/\/agricultural-gear-boxes.com\/pt\/wp-json\/wp\/v2\/product_tag?post=4521"}],"curies":[{"name":"wp","href":"https:\/\/api.w.org\/{rel}","templated":true}]}}