{"id":4523,"date":"2024-09-11T07:35:35","date_gmt":"2024-09-11T07:35:35","guid":{"rendered":"https:\/\/agricultural-gear-boxes.com\/product\/quality-assurance-double-acting-dump-truck-hydraulic-hoist-cylinder-multistage-hydraulic-cylinder\/"},"modified":"2024-09-11T07:35:36","modified_gmt":"2024-09-11T07:35:36","slug":"quality-assurance-double-acting-dump-truck-hydraulic-hoist-cylinder-multistage-hydraulic-cylinder","status":"publish","type":"product","link":"https:\/\/agricultural-gear-boxes.com\/pt\/product\/quality-assurance-double-acting-dump-truck-hydraulic-hoist-cylinder-multistage-hydraulic-cylinder\/","title":{"rendered":"Garantia de qualidade Cilindro hidr\u00e1ulico de caminh\u00e3o basculante de dupla a\u00e7\u00e3o Cilindro hidr\u00e1ulico multiest\u00e1gio"},"content":{"rendered":"<p>Todo o conte\u00fado desta p\u00e1gina vem da internet e \u00e9 usado apenas como refer\u00eancia para sele\u00e7\u00e3o de produtos. Nossos produtos s\u00e3o pe\u00e7as de reposi\u00e7\u00e3o em vez de pe\u00e7as de reposi\u00e7\u00e3o originais, e n\u00e3o somos detentores da marca registrada original do conte\u00fado. Nossas pe\u00e7as de reposi\u00e7\u00e3o podem se encaixar perfeitamente nas pe\u00e7as de reposi\u00e7\u00e3o originais. Se voc\u00ea precisar comprar pe\u00e7as de reposi\u00e7\u00e3o originais, entre em contato com o fornecedor original para comprar.<\/p>\n<h2>Product Features &#8211; Quality Assurance Double Acting Dump Truck Hydraulic Hoist Cylinder Multistage Hydraulic Cylinder<\/h2>\n<p>O Cilindro Hidr\u00e1ulico de Guincho de Caminh\u00e3o Basculante de Dupla A\u00e7\u00e3o Quality Assurance Multistage Hydraulic Cylinder \u00e9 um novo produto de 2023 que foi projetado para v\u00e1rias ind\u00fastrias, como oficinas de reparo de m\u00e1quinas, fazendas, energia e minera\u00e7\u00e3o, fabrica\u00e7\u00e3o de m\u00e1quinas e f\u00e1bricas. Com um peso de 120 KG e um empuxo m\u00e1ximo de 3000, este produto \u00e9 uma solu\u00e7\u00e3o confi\u00e1vel e eficiente para aplica\u00e7\u00f5es pesadas.<\/p>\n<p><img decoding=\"async\" src=\"https:\/\/img.jiansujichilun.com\/img\/hydrauliccylinders\/T_hydrauliccylinders-5.webp\" alt=\"Cen\u00e1rio de uso do cilindro hidr\u00e1ulico\" \/><\/p>\n<h3>Cen\u00e1rio de uso<\/h3>\n<ul>\n<li>Canteiros de obras: O cilindro hidr\u00e1ulico \u00e9 usado em caminh\u00f5es basculantes para levantar e descarregar cargas pesadas com facilidade.<\/li>\n<li>Campos agr\u00edcolas: \u00c9 utilizado em equipamentos agr\u00edcolas para tarefas como levantar e abaixar m\u00e1quinas ou implementos pesados.<\/li>\n<li>Opera\u00e7\u00f5es de minera\u00e7\u00e3o: O cilindro hidr\u00e1ulico desempenha um papel crucial em equipamentos de minera\u00e7\u00e3o, como escavadeiras, para movimenta\u00e7\u00e3o e opera\u00e7\u00e3o eficientes.<\/li>\n<li>Instala\u00e7\u00f5es de fabrica\u00e7\u00e3o: \u00c9 usado na fabrica\u00e7\u00e3o de m\u00e1quinas para diversas aplica\u00e7\u00f5es, como eleva\u00e7\u00e3o e posicionamento de componentes pesados.<\/li>\n<\/ul>\n<p>O Cilindro Hidr\u00e1ulico de Guincho de Caminh\u00e3o Basculante de Dupla A\u00e7\u00e3o Quality Assurance Multistage Hydraulic Cylinder tem uma rica hist\u00f3ria que remonta ao in\u00edcio do s\u00e9culo XX, quando os sistemas hidr\u00e1ulicos come\u00e7aram a revolucionar os processos industriais. Ele se enquadra na classifica\u00e7\u00e3o de cilindros hidr\u00e1ulicos de dupla a\u00e7\u00e3o, o que significa que pode gerar for\u00e7a em ambas as dire\u00e7\u00f5es.<\/p>\n<h3>Vantagens<\/h3>\n<ul>\n<li>Durabilidade: Fabricado com a\u00e7o de alta qualidade, este cilindro hidr\u00e1ulico garante desempenho duradouro em ambientes exigentes.<\/li>\n<li>Efici\u00eancia: A estrutura padr\u00e3o e o design do cilindro do \u00eambolo garantem alto desempenho e opera\u00e7\u00e3o eficiente.<\/li>\n<li>Certifica\u00e7\u00e3o ISO9001:2000: Atende aos padr\u00f5es internacionais de qualidade, garantindo desempenho confi\u00e1vel e consistente.<\/li>\n<li>Versatilidade: Com uma tra\u00e7\u00e3o m\u00e1xima de 20 toneladas, este cilindro hidr\u00e1ulico \u00e9 adequado para diversas aplica\u00e7\u00f5es pesadas.<\/li>\n<\/ul>\n<h3>Materiais de produtos utiliz\u00e1veis<\/h3>\n<p>O Cilindro Hidr\u00e1ulico Multiest\u00e1gios para Caminh\u00e3o Basculante de Dupla A\u00e7\u00e3o com Garantia de Qualidade \u00e9 feito principalmente de a\u00e7o de alta qualidade e outros materiais dur\u00e1veis para garantir sua resist\u00eancia e confiabilidade.<\/p>\n<h3>Instala\u00e7\u00e3o, Manuten\u00e7\u00e3o e Reparo<\/h3>\n<p>Instalar, manter e reparar este cilindro hidr\u00e1ulico requer experi\u00eancia e conhecimento de sistemas hidr\u00e1ulicos. \u00c9 recomendado consultar um profissional para instala\u00e7\u00e3o adequada e manuten\u00e7\u00e3o peri\u00f3dica. Em caso de problemas ou danos, \u00e9 aconselh\u00e1vel procurar servi\u00e7os de reparo profissionais ou consultar o fabricante para obter assist\u00eancia.<\/p>\n<h3>Substitui\u00e7\u00e3o de produto<\/h3>\n<p>If you need to replace this hydraulic cylinder, ensure that you have the necessary technical knowledge and expertise in hydraulic systems. Follow the manufacturer&#8217;s guidelines and consult professionals if needed.<\/p>\n<h2>Outros neg\u00f3cios de produtos<\/h2>\n<p>Tamb\u00e9m somos especializados no fornecimento de v\u00e1rias engrenagens de pl\u00e1stico para uso industrial. Nossa linha de produtos inclui caixas de engrenagens agr\u00edcolas, eixos de sa\u00edda de pot\u00eancia, rodas dentadas, acoplamentos hidr\u00e1ulicos, redutores de engrenagem sem-fim, cremalheiras de engrenagens, correntes remov\u00edveis, polias e polias, caixas de engrenagens planet\u00e1rias, polias de sincroniza\u00e7\u00e3o, buchas e muito mais. Oferecemos produtos de alta qualidade, pre\u00e7os preferenciais e servi\u00e7os atenciosos. Os clientes s\u00e3o bem-vindos para personalizar produtos com base em desenhos e amostras.<\/p>\n<p><img decoding=\"async\" src=\"https:\/\/images.hzpt.com\/2024\/04\/unit-type-flexo-press-factory.webp\" alt=\"Outros neg\u00f3cios de produtos da empresa\" \/><\/p>\n<h2>Perguntas frequentes<\/h2>\n<p>\n<b>P: Voc\u00ea \u00e9 uma empresa comercial ou fabricante?<\/b><br \/>\nR: Somos uma f\u00e1brica sediada na cidade de Hangzhou, China.<\/p>\n<p><b>P: Quanto tempo demora a entrega?<\/b><br \/>\nR: Geralmente, nosso prazo de entrega \u00e9 de 25 a 35 dias.<\/p>\n<p><b>P: Voc\u00eas fornecem amostras? \u00c9 gr\u00e1tis ou extra?<\/b><br \/>\nR: Sim, fornecemos amostras, mas elas n\u00e3o s\u00e3o gratuitas.<\/p>\n<p><b>P: Quais ind\u00fastrias podem se beneficiar dos cilindros hidr\u00e1ulicos?<\/b><br \/>\nR: Cilindros hidr\u00e1ulicos encontram aplica\u00e7\u00f5es em ind\u00fastrias como constru\u00e7\u00e3o, agricultura, minera\u00e7\u00e3o, manufatura e muito mais. Eles s\u00e3o essenciais para opera\u00e7\u00f5es pesadas de levantamento, empurrar e puxar.<\/p>\n<p><b>P: Posso usar o cilindro hidr\u00e1ulico em condi\u00e7\u00f5es clim\u00e1ticas extremas?<\/b><br \/>\nR: O cilindro hidr\u00e1ulico \u00e9 projetado para suportar v\u00e1rias condi\u00e7\u00f5es clim\u00e1ticas, mas temperaturas extremas ou ambientes corrosivos podem afetar seu desempenho. \u00c9 recomend\u00e1vel consultar o fabricante para obter diretrizes espec\u00edficas.<\/p>","protected":false},"excerpt":{"rendered":"<p>All the content on this page comes from the internet and is only used as a reference for product selection. Our products are replacement parts rather than original spare parts, and we are not the holder of the original trademark of the content. Our replacement parts can perfectly fit the original spare parts. If you [&hellip;]<\/p>","protected":false},"featured_media":4522,"template":"","meta":{"_et_pb_use_builder":"","_et_pb_old_content":"","_et_gb_content_width":""},"product_brand":[],"product_cat":[11327],"product_tag":[],"class_list":{"0":"post-4523","1":"product","2":"type-product","3":"status-publish","4":"has-post-thumbnail","6":"product_cat-telescopic-hydraulic-cylinder","8":"first","9":"instock","10":"shipping-taxable","11":"product-type-simple"},"_links":{"self":[{"href":"https:\/\/agricultural-gear-boxes.com\/pt\/wp-json\/wp\/v2\/product\/4523","targetHints":{"allow":["GET"]}}],"collection":[{"href":"https:\/\/agricultural-gear-boxes.com\/pt\/wp-json\/wp\/v2\/product"}],"about":[{"href":"https:\/\/agricultural-gear-boxes.com\/pt\/wp-json\/wp\/v2\/types\/product"}],"wp:featuredmedia":[{"embeddable":true,"href":"https:\/\/agricultural-gear-boxes.com\/pt\/wp-json\/wp\/v2\/media\/4522"}],"wp:attachment":[{"href":"https:\/\/agricultural-gear-boxes.com\/pt\/wp-json\/wp\/v2\/media?parent=4523"}],"wp:term":[{"taxonomy":"product_brand","embeddable":true,"href":"https:\/\/agricultural-gear-boxes.com\/pt\/wp-json\/wp\/v2\/product_brand?post=4523"},{"taxonomy":"product_cat","embeddable":true,"href":"https:\/\/agricultural-gear-boxes.com\/pt\/wp-json\/wp\/v2\/product_cat?post=4523"},{"taxonomy":"product_tag","embeddable":true,"href":"https:\/\/agricultural-gear-boxes.com\/pt\/wp-json\/wp\/v2\/product_tag?post=4523"}],"curies":[{"name":"wp","href":"https:\/\/api.w.org\/{rel}","templated":true}]}}