{"id":4524,"date":"2024-09-11T07:35:36","date_gmt":"2024-09-11T07:35:36","guid":{"rendered":"https:\/\/agricultural-gear-boxes.com\/product\/professional-small-dump-truck-hydraulic-hoist-cylinder-multistage-hydraulic-cylinder\/"},"modified":"2024-09-11T07:35:36","modified_gmt":"2024-09-11T07:35:36","slug":"professional-small-dump-truck-hydraulic-hoist-cylinder-multistage-hydraulic-cylinder","status":"publish","type":"product","link":"https:\/\/agricultural-gear-boxes.com\/pt\/product\/professional-small-dump-truck-hydraulic-hoist-cylinder-multistage-hydraulic-cylinder\/","title":{"rendered":"Cilindro hidr\u00e1ulico profissional para guincho de caminh\u00e3o basculante pequeno Cilindro hidr\u00e1ulico multiest\u00e1gio"},"content":{"rendered":"<h2>Cilindro hidr\u00e1ulico profissional para guincho de caminh\u00e3o basculante pequeno Cilindro hidr\u00e1ulico multiest\u00e1gio<\/h2>\n<p>Todo o conte\u00fado desta p\u00e1gina vem da Internet e \u00e9 usado apenas como refer\u00eancia para sele\u00e7\u00e3o de produtos. Nossos produtos s\u00e3o pe\u00e7as de reposi\u00e7\u00e3o em vez de pe\u00e7as de reposi\u00e7\u00e3o originais, e n\u00e3o somos detentores da marca registrada original do conte\u00fado. Nossas pe\u00e7as de reposi\u00e7\u00e3o podem se encaixar perfeitamente nas pe\u00e7as de reposi\u00e7\u00e3o originais. Se voc\u00ea precisar comprar pe\u00e7as de reposi\u00e7\u00e3o originais, entre em contato com a f\u00e1brica ou fornecedor original.<\/p>\n<h2>Sobre o Cilindro Hidr\u00e1ulico de Guincho de Caminh\u00e3o Basculante Pequeno Profissional Cilindro Hidr\u00e1ulico Multiest\u00e1gio<\/h2>\n<p>O Cilindro Hidr\u00e1ulico de Eleva\u00e7\u00e3o de Caminh\u00e3o Basculante Pequeno Profissional Cilindro hidr\u00e1ulico multiest\u00e1gio \u00e9 uma nova e din\u00e2mica adi\u00e7\u00e3o \u00e0 nossa linha de produtos. Ele \u00e9 projetado para uso em caminh\u00f5es basculantes pequenos, proporcionando alta efici\u00eancia e seguran\u00e7a nas opera\u00e7\u00f5es. O cilindro hidr\u00e1ulico multiest\u00e1gio oferece mais pot\u00eancia e flexibilidade em v\u00e1rias aplica\u00e7\u00f5es.<\/p>\n<p><img decoding=\"async\" src=\"https:\/\/img.jiansujichilun.com\/img\/hydrauliccylinders\/T_hydrauliccylinders-5.webp\" alt=\"Cen\u00e1rio de uso do produto\" \/><\/p>\n<h3>Especifica\u00e7\u00f5es e caracter\u00edsticas do produto<\/h3>\n<ul>\n<li>Tamanho do furo: 2-6 polegadas<\/li>\n<li>Tamanho da haste: 1,125-4 polegadas<\/li>\n<li>Tamanho do curso: 4-100 polegadas<\/li>\n<li>Tamanho do pino: 0,5-2 polegadas<\/li>\n<li>Portas: G\/SAE\/NPT\/M<\/li>\n<\/ul>\n<h3>Vantagens do Cilindro Hidr\u00e1ulico de Guincho de Caminh\u00e3o Basculante Pequeno Profissional Cilindro Hidr\u00e1ulico Multiest\u00e1gio<\/h3>\n<ul>\n<li>Efici\u00eancia energ\u00e9tica: projetado para uso eficiente de energia, reduzindo custos operacionais.<\/li>\n<li>Alta Efici\u00eancia: Proporciona alta efici\u00eancia nas opera\u00e7\u00f5es, melhorando a produtividade.<\/li>\n<li>Recursos de seguran\u00e7a: Projetado com recursos de seguran\u00e7a para proteger operadores e m\u00e1quinas.<\/li>\n<\/ul>\n<h3>Instala\u00e7\u00e3o, manuten\u00e7\u00e3o e reparo de produtos<\/h3>\n<p>O cilindro hidr\u00e1ulico profissional de eleva\u00e7\u00e3o de caminh\u00e3o basculante pequeno multiest\u00e1gio \u00e9 f\u00e1cil de instalar, manter e reparar. Siga o manual do usu\u00e1rio para obter instru\u00e7\u00f5es de instala\u00e7\u00e3o adequadas. Recomenda-se manuten\u00e7\u00e3o regular para garantir o desempenho ideal. Em caso de problemas, consulte o manual do usu\u00e1rio para solu\u00e7\u00e3o de problemas ou entre em contato com nosso suporte ao cliente para obter assist\u00eancia.<\/p>\n<h3>Materiais de produtos utiliz\u00e1veis<\/h3>\n<p>O Cilindro Hidr\u00e1ulico de Guincho de Caminh\u00e3o Basculante Pequeno Profissional Cilindro hidr\u00e1ulico multiest\u00e1gio \u00e9 feito de materiais de alta qualidade, garantindo durabilidade e confiabilidade. Ele \u00e9 constru\u00eddo para suportar tarefas exigentes e condi\u00e7\u00f5es de trabalho severas.<\/p>\n<h3>Cen\u00e1rios de uso<\/h3>\n<p>The Professional Small Dump Truck Hydraulic Hoist Cylinder Multistage hydraulic cylinder is perfect for various industries, including small dump trucks, machinery repair shops, farms, energy &#038; mining industries, and machinery manufacturing factories. Its robust build and high performance make it suitable for handling the most demanding tasks in these industries.<\/p>\n<p><img decoding=\"async\" src=\"https:\/\/img.jiansujichilun.com\/img\/hydrauliccylinders\/T_hydrauliccylinders-5.webp\" alt=\"Cen\u00e1rio de uso do produto\" \/><\/p>\n<h3>Perguntas e respostas comuns<\/h3>\n<ol>\n<li><strong>P: Este cilindro hidr\u00e1ulico \u00e9 adequado para caminh\u00f5es basculantes pequenos?<\/strong><br \/>R: Sim, o cilindro hidr\u00e1ulico multiest\u00e1gio profissional para caminh\u00f5es basculantes pequenos foi projetado especificamente para caminh\u00f5es basculantes pequenos.<\/li>\n<li><strong>P: Este cilindro hidr\u00e1ulico pode ser personalizado?<\/strong><br \/>R: Sim, aceitamos personaliza\u00e7\u00e3o com base em desenhos ou amostras.<\/li>\n<li><strong>P: Quais s\u00e3o os materiais utiliz\u00e1veis do produto?<\/strong><br \/>R: O cilindro hidr\u00e1ulico \u00e9 feito de materiais de alta qualidade para durabilidade e confiabilidade.<\/li>\n<li><strong>P: Como fa\u00e7o para instalar o cilindro hidr\u00e1ulico?<\/strong><br \/>R: Consulte o manual do usu\u00e1rio para obter instru\u00e7\u00f5es de instala\u00e7\u00e3o corretas.<\/li>\n<li><strong>P: Como fa\u00e7o a manuten\u00e7\u00e3o e reparo do cilindro hidr\u00e1ulico?<\/strong><br \/>A: Manuten\u00e7\u00e3o regular \u00e9 recomendada. Em caso de problemas, consulte o manual do usu\u00e1rio para solu\u00e7\u00e3o de problemas ou entre em contato com nosso suporte ao cliente para obter assist\u00eancia.<\/li>\n<\/ol>\n<h2>Outros neg\u00f3cios de produtos<\/h2>\n<p>Al\u00e9m do cilindro hidr\u00e1ulico profissional de eleva\u00e7\u00e3o de caminh\u00e3o basculante pequeno, cilindro hidr\u00e1ulico multiest\u00e1gio, nossa empresa tamb\u00e9m \u00e9 especializada no fornecimento de v\u00e1rias engrenagens de pl\u00e1stico para uso industrial. Nossa gama de produtos inclui caixas de engrenagens agr\u00edcolas, eixos de sa\u00edda de pot\u00eancia, rodas dentadas, acoplamentos hidr\u00e1ulicos, redutores de engrenagem sem-fim, cremalheiras, correntes remov\u00edveis, polias e polias, caixas de engrenagens planet\u00e1rias, polias de sincroniza\u00e7\u00e3o, buchas e muito mais. Oferecemos produtos de alta qualidade, pre\u00e7os competitivos e servi\u00e7os atenciosos. Os clientes s\u00e3o bem-vindos para personalizar com desenhos e amostras.<\/p>\n<p><img decoding=\"async\" src=\"https:\/\/images.hzpt.com\/2024\/04\/unit-type-flexo-press-factory.webp\" alt=\"Outros neg\u00f3cios de produtos\" \/><\/p>","protected":false},"excerpt":{"rendered":"<p>Professional Small Dump Truck Hydraulic Hoist Cylinder Multistage Hydraulic Cylinder All the content on this page comes from the Internet and is only used as a reference for product selection. Our products are replacement parts rather than original spare parts, and we are not the holder of the original trademark of the content. Our replacement [&hellip;]<\/p>","protected":false},"featured_media":4522,"template":"","meta":{"_et_pb_use_builder":"","_et_pb_old_content":"","_et_gb_content_width":""},"product_brand":[],"product_cat":[11327],"product_tag":[],"class_list":{"0":"post-4524","1":"product","2":"type-product","3":"status-publish","4":"has-post-thumbnail","6":"product_cat-telescopic-hydraulic-cylinder","8":"first","9":"instock","10":"shipping-taxable","11":"product-type-simple"},"_links":{"self":[{"href":"https:\/\/agricultural-gear-boxes.com\/pt\/wp-json\/wp\/v2\/product\/4524","targetHints":{"allow":["GET"]}}],"collection":[{"href":"https:\/\/agricultural-gear-boxes.com\/pt\/wp-json\/wp\/v2\/product"}],"about":[{"href":"https:\/\/agricultural-gear-boxes.com\/pt\/wp-json\/wp\/v2\/types\/product"}],"wp:featuredmedia":[{"embeddable":true,"href":"https:\/\/agricultural-gear-boxes.com\/pt\/wp-json\/wp\/v2\/media\/4522"}],"wp:attachment":[{"href":"https:\/\/agricultural-gear-boxes.com\/pt\/wp-json\/wp\/v2\/media?parent=4524"}],"wp:term":[{"taxonomy":"product_brand","embeddable":true,"href":"https:\/\/agricultural-gear-boxes.com\/pt\/wp-json\/wp\/v2\/product_brand?post=4524"},{"taxonomy":"product_cat","embeddable":true,"href":"https:\/\/agricultural-gear-boxes.com\/pt\/wp-json\/wp\/v2\/product_cat?post=4524"},{"taxonomy":"product_tag","embeddable":true,"href":"https:\/\/agricultural-gear-boxes.com\/pt\/wp-json\/wp\/v2\/product_tag?post=4524"}],"curies":[{"name":"wp","href":"https:\/\/api.w.org\/{rel}","templated":true}]}}