{"id":4525,"date":"2024-09-11T07:35:36","date_gmt":"2024-09-11T07:35:36","guid":{"rendered":"https:\/\/agricultural-gear-boxes.com\/product\/cost-effective-dump-truck-hydraulic-cylinder-double-acting-hydraulic-telescopic-cylinder\/"},"modified":"2024-09-11T07:35:36","modified_gmt":"2024-09-11T07:35:36","slug":"cost-effective-dump-truck-hydraulic-cylinder-double-acting-hydraulic-telescopic-cylinder","status":"publish","type":"product","link":"https:\/\/agricultural-gear-boxes.com\/pt\/product\/cost-effective-dump-truck-hydraulic-cylinder-double-acting-hydraulic-telescopic-cylinder\/","title":{"rendered":"Cilindro hidr\u00e1ulico de caminh\u00e3o basculante de baixo custo Cilindro telesc\u00f3pico hidr\u00e1ulico de dupla a\u00e7\u00e3o"},"content":{"rendered":"<p>Todo o conte\u00fado desta p\u00e1gina vem da Internet e \u00e9 usado apenas como refer\u00eancia para sele\u00e7\u00e3o de produtos. Nossos produtos s\u00e3o pe\u00e7as de reposi\u00e7\u00e3o e n\u00e3o pe\u00e7as de reposi\u00e7\u00e3o originais. N\u00e3o somos detentores da marca registrada original do conte\u00fado. Nossos produtos s\u00e3o adequados apenas para pe\u00e7as de reposi\u00e7\u00e3o p\u00f3s-venda, n\u00e3o pe\u00e7as de reposi\u00e7\u00e3o originais. Nossas pe\u00e7as de reposi\u00e7\u00e3o podem se encaixar perfeitamente nas pe\u00e7as de reposi\u00e7\u00e3o originais. Se voc\u00ea precisar comprar pe\u00e7as de reposi\u00e7\u00e3o originais, entre em contato com a f\u00e1brica original para comprar. Se voc\u00ea precisar comprar pe\u00e7as de reposi\u00e7\u00e3o originais, entre em contato com o fornecedor original para comprar.<\/p>\n<h2>Vis\u00e3o geral do produto: Cilindro hidr\u00e1ulico de caminh\u00e3o basculante de baixo custo Cilindro telesc\u00f3pico hidr\u00e1ulico de dupla a\u00e7\u00e3o<\/h2>\n<p><img decoding=\"async\" src=\"https:\/\/img.jiansujichilun.com\/img\/hydrauliccylinders\/T_hydrauliccylinders-5.webp\" alt=\"Cilindro Hidr\u00e1ulico Telesc\u00f3pico\" \/><\/p>\n<p>Introducing our highly efficient and cost-effective Dump Truck hydraulic cylinder that serves as a perfect solution for various industries such as Machinery Repair Shops, Farms, Energy &#038; Mining, Machinery Manufacturing, and Machinery Factories. This double-acting hydraulic telescopic cylinder is designed to ensure maximum productivity and durability.<\/p>\n<p>Nosso cilindro hidr\u00e1ulico \u00e9 amplamente utilizado em caminh\u00f5es basculantes, equipamentos de constru\u00e7\u00e3o, m\u00e1quinas agr\u00edcolas e m\u00e1quinas industriais.<\/p>\n<p><img decoding=\"async\" src=\"https:\/\/www.ever-power.net\/wp-content\/uploads\/2023\/11\/telescopic-hydraulic-cylinder-11.webp\" alt=\"Cilindro Hidr\u00e1ulico Telesc\u00f3pico\" \/><\/p>\n<h2>Hist\u00f3rico do produto<\/h2>\n<p>O desenvolvimento de cilindros hidr\u00e1ulicos remonta ao final do s\u00e9culo XVIII, quando eles foram usados pela primeira vez em m\u00e1quinas industriais. Ao longo dos anos, os avan\u00e7os em materiais e tecnologia levaram \u00e0 cria\u00e7\u00e3o de cilindros hidr\u00e1ulicos altamente eficientes e dur\u00e1veis como os nossos.<\/p>\n<h2>Classifica\u00e7\u00e3o do produto<\/h2>\n<p>Cilindros hidr\u00e1ulicos podem ser classificados em v\u00e1rios tipos com base em seu design e aplica\u00e7\u00e3o. Nosso cilindro hidr\u00e1ulico para caminh\u00e3o basculante se enquadra na categoria de cilindros telesc\u00f3picos hidr\u00e1ulicos de dupla a\u00e7\u00e3o.<\/p>\n<h2>Vantagens do Nosso Cilindro Hidr\u00e1ulico<\/h2>\n<ul>\n<li>Altamente eficiente e econ\u00f4mico<\/li>\n<li>Funcionalidade de dupla a\u00e7\u00e3o<\/li>\n<li>Alta capacidade m\u00e1xima de empuxo e tra\u00e7\u00e3o<\/li>\n<li>Material do corpo de a\u00e7o dur\u00e1vel<\/li>\n<li>Design e estrutura padr\u00e3o<\/li>\n<\/ul>\n<h2>Materiais de produtos utiliz\u00e1veis<\/h2>\n<p>Nosso cilindro hidr\u00e1ulico \u00e9 feito de materiais de a\u00e7o de alta qualidade que garantem for\u00e7a, durabilidade e resist\u00eancia ao desgaste. O uso de materiais premium garante a longevidade do cilindro, mesmo em condi\u00e7\u00f5es de trabalho exigentes.<\/p>\n<h2>Instala\u00e7\u00e3o, Manuten\u00e7\u00e3o e Reparo<\/h2>\n<p>Instalar nosso cilindro hidr\u00e1ulico \u00e9 um processo simples. Basta seguir as instru\u00e7\u00f5es fornecidas e garantir o alinhamento adequado e a fixa\u00e7\u00e3o segura. A manuten\u00e7\u00e3o regular, incluindo lubrifica\u00e7\u00e3o e inspe\u00e7\u00e3o, ajudar\u00e1 a prolongar a vida \u00fatil do cilindro. Em caso de problemas, nosso cilindro hidr\u00e1ulico \u00e9 projetado para f\u00e1cil reparo, e as pe\u00e7as de reposi\u00e7\u00e3o est\u00e3o prontamente dispon\u00edveis.<\/p>\n<h2>Substitui\u00e7\u00e3o de produto<\/h2>\n<p>Se o cilindro hidr\u00e1ulico precisar ser substitu\u00eddo, siga estas etapas:<\/p>\n<ol>\n<li>Certifique-se de que a m\u00e1quina esteja desligada com seguran\u00e7a e desconectada de qualquer fonte de energia.<\/li>\n<li>Identifique e remova todos os fixadores que prendem o cilindro no lugar.<\/li>\n<li>Desconecte cuidadosamente todas as mangueiras ou conex\u00f5es hidr\u00e1ulicas.<\/li>\n<li>Remova o cilindro hidr\u00e1ulico antigo de seu suporte.<\/li>\n<li>Coloque o novo cilindro hidr\u00e1ulico na posi\u00e7\u00e3o correta e prenda-o com os fixadores apropriados.<\/li>\n<li>Reconecte as mangueiras ou conex\u00f5es hidr\u00e1ulicas.<\/li>\n<li>Inspecione se h\u00e1 vazamentos e teste a funcionalidade do sistema hidr\u00e1ulico.<\/li>\n<\/ol>\n<p>Always refer to the manufacturer&#8217;s guidelines for specific instructions and safety precautions.<\/p>\n<p><img decoding=\"async\" src=\"https:\/\/images.hzpt.com\/2024\/04\/unit-type-flexo-press-factory.webp\" alt=\"Outros neg\u00f3cios de produtos da empresa\" \/><\/p>\n<h2>Sobre nossa empresa<\/h2>\n<p>Somos um fornecedor l\u00edder de v\u00e1rias engrenagens de pl\u00e1stico para uso industrial. Nossos produtos incluem caixas de engrenagens agr\u00edcolas, eixos de sa\u00edda de pot\u00eancia, rodas dentadas, acoplamentos hidr\u00e1ulicos, redutores de engrenagem sem-fim, cremalheiras de engrenagens, correntes remov\u00edveis, polias e polias, caixas de engrenagens planet\u00e1rias, polias de sincroniza\u00e7\u00e3o, buchas e muito mais. Oferecemos produtos de alta qualidade, pre\u00e7os competitivos e servi\u00e7os atenciosos. A personaliza\u00e7\u00e3o \u00e9 bem-vinda com desenhos e amostras.<\/p>\n<h2>Perguntas frequentes<\/h2>\n<p><b>P: Suas pe\u00e7as de reposi\u00e7\u00e3o s\u00e3o compat\u00edveis com pe\u00e7as de reposi\u00e7\u00e3o originais?<\/b><\/p>\n<p>R: Sim, nossas pe\u00e7as de reposi\u00e7\u00e3o podem se encaixar perfeitamente nas pe\u00e7as de reposi\u00e7\u00e3o originais, garantindo funcionalidade e desempenho adequados.<\/p>\n<p><b>P: Posso usar seu cilindro hidr\u00e1ulico em minhas m\u00e1quinas de constru\u00e7\u00e3o?<\/b><\/p>\n<p>R: Com certeza! Nosso cilindro hidr\u00e1ulico \u00e9 projetado para uso em v\u00e1rias ind\u00fastrias, incluindo m\u00e1quinas de constru\u00e7\u00e3o.<\/p>\n<p><b>P: Como posso garantir a longevidade do cilindro hidr\u00e1ulico?<\/b><\/p>\n<p>A: A manuten\u00e7\u00e3o regular \u00e9 essencial. Garanta a lubrifica\u00e7\u00e3o adequada, inspe\u00e7\u00e3o e reparo oportuno de quaisquer problemas para maximizar a vida \u00fatil do cilindro hidr\u00e1ulico.<\/p>\n<p><b>P: Voc\u00eas oferecem servi\u00e7os de personaliza\u00e7\u00e3o?<\/b><\/p>\n<p>R: Sim, aceitamos solicita\u00e7\u00f5es de personaliza\u00e7\u00e3o com desenhos e amostras. Nossa equipe trabalhar\u00e1 em estreita colabora\u00e7\u00e3o com voc\u00ea para atender \u00e0s suas necessidades espec\u00edficas.<\/p>\n<p><b>P: O que diferencia sua empresa das demais do setor?<\/b><\/p>\n<p>R: N\u00f3s nos destacamos com nosso comprometimento em fornecer produtos de alta qualidade, pre\u00e7os competitivos e excelente atendimento ao cliente. Nossa ampla gama de engrenagens pl\u00e1sticas e componentes industriais atende a diversas necessidades.<\/p>","protected":false},"excerpt":{"rendered":"<p>All the content on this page comes from the Internet and is only used as a reference for product selection. Our products are replacement parts rather than original spare parts. We are not the holder of the original trademark of the content. Our products are only suitable for after-sales replacement parts, not original spare parts. [&hellip;]<\/p>","protected":false},"featured_media":4506,"template":"","meta":{"_et_pb_use_builder":"","_et_pb_old_content":"","_et_gb_content_width":""},"product_brand":[],"product_cat":[11327],"product_tag":[],"class_list":{"0":"post-4525","1":"product","2":"type-product","3":"status-publish","4":"has-post-thumbnail","6":"product_cat-telescopic-hydraulic-cylinder","8":"first","9":"instock","10":"shipping-taxable","11":"product-type-simple"},"_links":{"self":[{"href":"https:\/\/agricultural-gear-boxes.com\/pt\/wp-json\/wp\/v2\/product\/4525","targetHints":{"allow":["GET"]}}],"collection":[{"href":"https:\/\/agricultural-gear-boxes.com\/pt\/wp-json\/wp\/v2\/product"}],"about":[{"href":"https:\/\/agricultural-gear-boxes.com\/pt\/wp-json\/wp\/v2\/types\/product"}],"wp:featuredmedia":[{"embeddable":true,"href":"https:\/\/agricultural-gear-boxes.com\/pt\/wp-json\/wp\/v2\/media\/4506"}],"wp:attachment":[{"href":"https:\/\/agricultural-gear-boxes.com\/pt\/wp-json\/wp\/v2\/media?parent=4525"}],"wp:term":[{"taxonomy":"product_brand","embeddable":true,"href":"https:\/\/agricultural-gear-boxes.com\/pt\/wp-json\/wp\/v2\/product_brand?post=4525"},{"taxonomy":"product_cat","embeddable":true,"href":"https:\/\/agricultural-gear-boxes.com\/pt\/wp-json\/wp\/v2\/product_cat?post=4525"},{"taxonomy":"product_tag","embeddable":true,"href":"https:\/\/agricultural-gear-boxes.com\/pt\/wp-json\/wp\/v2\/product_tag?post=4525"}],"curies":[{"name":"wp","href":"https:\/\/api.w.org\/{rel}","templated":true}]}}