{"id":4529,"date":"2024-09-11T07:35:39","date_gmt":"2024-09-11T07:35:39","guid":{"rendered":"https:\/\/agricultural-gear-boxes.com\/product\/2-stage-flatbed-tow-truck-hydraulic-telescopic-cylinder\/"},"modified":"2024-09-11T07:35:39","modified_gmt":"2024-09-11T07:35:39","slug":"2-stage-flatbed-tow-truck-hydraulic-telescopic-cylinder","status":"publish","type":"product","link":"https:\/\/agricultural-gear-boxes.com\/pt\/product\/2-stage-flatbed-tow-truck-hydraulic-telescopic-cylinder\/","title":{"rendered":"Cilindro telesc\u00f3pico hidr\u00e1ulico para caminh\u00e3o de reboque de plataforma plana de 2 est\u00e1gios"},"content":{"rendered":"<p>Todo o conte\u00fado desta p\u00e1gina vem da Internet e \u00e9 usado apenas como refer\u00eancia para sele\u00e7\u00e3o de produtos. Nossos produtos s\u00e3o pe\u00e7as de reposi\u00e7\u00e3o, em vez de pe\u00e7as de reposi\u00e7\u00e3o originais. N\u00e3o somos detentores da marca registrada original do conte\u00fado. Nossas pe\u00e7as de reposi\u00e7\u00e3o podem se encaixar perfeitamente nas pe\u00e7as de reposi\u00e7\u00e3o originais. Se voc\u00ea precisar comprar pe\u00e7as de reposi\u00e7\u00e3o originais, entre em contato com o fornecedor original para comprar.<\/p>\n<h2>2 Stage Flatbed Tow Truck Hydraulic Telescopic Cylinder: Product Introduction &#038; Usage Scenarios<\/h2>\n<p>The 2 Stage Flatbed Tow Truck Hydraulic Telescopic Cylinder is a robust and durable hydraulic cylinder that offers unmatched efficiency and reliability for your machinery. It is ideal for use in repair shops, farms, energy &#038; mining, machinery manufacturing, or machinery factories. This hydraulic cylinder boasts a maximum thrust of 3000 and a max pull of 20 tons, ensuring optimal performance in high-demand environments. It also has a black color finish for an aesthetic appeal and enhanced resistance to wear and tear.<\/p>\n<p>Este produto \u00e9 essencial para muitas aplica\u00e7\u00f5es industriais, pois sua fun\u00e7\u00e3o principal \u00e9 converter energia hidr\u00e1ulica em energia mec\u00e2nica, fornecendo a for\u00e7a e o movimento necess\u00e1rios para uma ampla gama de m\u00e1quinas e equipamentos. O cilindro telesc\u00f3pico hidr\u00e1ulico opera com base no princ\u00edpio fundamental da mec\u00e2nica dos fluidos. Quando o fluido hidr\u00e1ulico \u00e9 for\u00e7ado para dentro do cilindro, ele empurra o pist\u00e3o, que subsequentemente move a haste do pist\u00e3o, gerando o movimento mec\u00e2nico desejado. Este mecanismo simples, mas eficaz, fundamenta a opera\u00e7\u00e3o de uma vasta gama de m\u00e1quinas e equipamentos em diferentes ind\u00fastrias.<\/p>\n<h3>Detalhes do produto e especifica\u00e7\u00f5es t\u00e9cnicas<\/h3>\n<p>O cilindro telesc\u00f3pico hidr\u00e1ulico para caminh\u00e3o de reboque de plataforma plana de 2 est\u00e1gios est\u00e1 dispon\u00edvel nas seguintes especifica\u00e7\u00f5es t\u00e9cnicas:<\/p>\n<table border=\"1\">\n<tr>\n<th>Tamanho do furo<\/th>\n<td>2-6 polegadas<\/td>\n<\/tr>\n<tr>\n<th>Tamanho da haste<\/th>\n<td>1,125-4 polegadas<\/td>\n<\/tr>\n<tr>\n<th>Tamanho do tra\u00e7o<\/th>\n<td>4-100 polegadas<\/td>\n<\/tr>\n<tr>\n<th>Tamanho do pino<\/th>\n<td>0,5-2 polegadas<\/td>\n<\/tr>\n<tr>\n<th>Portos<\/th>\n<td>G\/SAE\/NPT\/M<\/td>\n<\/tr>\n<\/table>\n<h3>Caracter\u00edsticas e benef\u00edcios do produto<\/h3>\n<ul>\n<li>Efici\u00eancia energ\u00e9tica: minimiza a perda de energia, reduzindo os custos operacionais.<\/li>\n<li>Altamente eficiente: Oferece desempenho hidr\u00e1ulico e mec\u00e2nico superior.<\/li>\n<li>Seguran\u00e7a: Projetado com medidas de seguran\u00e7a excepcionais para evitar acidentes e danos.<\/li>\n<li>Excelente acabamento: vem com acabamento na cor preta para maior apelo est\u00e9tico e maior resist\u00eancia ao desgaste.<\/li>\n<li>Dur\u00e1vel: Feito de materiais de alta qualidade, garantindo m\u00e1xima durabilidade e longevidade.<\/li>\n<li>F\u00e1cil de instalar, manter e reparar: Este cilindro hidr\u00e1ulico \u00e9 f\u00e1cil de instalar, manter e reparar, economizando tempo e recursos.<\/li>\n<\/ul>\n<h3>Materiais de produtos utiliz\u00e1veis<\/h3>\n<p>O cilindro telesc\u00f3pico hidr\u00e1ulico para caminh\u00e3o de reboque de plataforma de 2 est\u00e1gios \u00e9 feito de materiais de alta qualidade que garantem m\u00e1xima durabilidade e longevidade.<\/p>\n<h3>Substituindo o produto<\/h3>\n<p>Se voc\u00ea precisar substituir o cilindro telesc\u00f3pico hidr\u00e1ulico do caminh\u00e3o de reboque de plataforma de 2 est\u00e1gios, basta seguir estas etapas:<\/p>\n<p>1. Desligue a m\u00e1quina e desconecte todas as conex\u00f5es el\u00e9tricas.<br \/>\n2. Remova o cilindro hidr\u00e1ulico antigo e desconecte todas as mangueiras conectadas a ele.<br \/>\n3. Instale o novo cilindro hidr\u00e1ulico e conecte todas as mangueiras conectadas a ele.<br \/>\n4. Ligue a m\u00e1quina e verifique se h\u00e1 vazamentos ou outros problemas.<\/p>\n<h2>Sobre nossos outros neg\u00f3cios de produtos<\/h2>\n<p>Al\u00e9m de cilindros hidr\u00e1ulicos, tamb\u00e9m fornecemos v\u00e1rias engrenagens de pl\u00e1stico para uso industrial, como caixas de engrenagens agr\u00edcolas, eixos de sa\u00edda de pot\u00eancia, rodas dentadas, acoplamentos hidr\u00e1ulicos, redutores de engrenagem sem-fim, cremalheiras de engrenagens, correntes remov\u00edveis, polias e polias, caixas de engrenagens planet\u00e1rias, polias de sincroniza\u00e7\u00e3o, buchas, etc. Nossos produtos de alta qualidade, pre\u00e7os preferenciais e servi\u00e7os atenciosos nos renderam uma reputa\u00e7\u00e3o como um fornecedor confi\u00e1vel. Tamb\u00e9m damos as boas-vindas aos clientes para personalizar com desenhos e amostras.<\/p>\n<p><img decoding=\"async\" src=\"https:\/\/images.hzpt.com\/2024\/04\/unit-type-flexo-press-factory.webp\" alt=\"Outros neg\u00f3cios de produtos\" \/><\/p>\n<h2>Perguntas frequentes<\/h2>\n<ol>\n<li><strong>P: Qual \u00e9 o empuxo m\u00e1ximo do cilindro telesc\u00f3pico hidr\u00e1ulico de caminh\u00e3o de reboque de plataforma plana de 2 est\u00e1gios?<\/strong><br \/>R: O cilindro telesc\u00f3pico hidr\u00e1ulico para caminh\u00e3o de reboque de plataforma de 2 est\u00e1gios possui um empuxo m\u00e1ximo de 3.000 e uma tra\u00e7\u00e3o m\u00e1xima de 20 toneladas.<\/li>\n<li><strong>P: Quais s\u00e3o as especifica\u00e7\u00f5es t\u00e9cnicas do cilindro telesc\u00f3pico hidr\u00e1ulico para caminh\u00e3o de reboque de plataforma plana de 2 est\u00e1gios?<\/strong><br \/>R: O cilindro telesc\u00f3pico hidr\u00e1ulico para caminh\u00e3o de reboque de plataforma plana de 2 est\u00e1gios est\u00e1 dispon\u00edvel nas seguintes especifica\u00e7\u00f5es t\u00e9cnicas:<br \/>\n<table border=\"1\">\n<tr>\n<th>Tamanho do furo<\/th>\n<td>2-6 polegadas<\/td>\n<\/tr>\n<tr>\n<th>Tamanho da haste<\/th>\n<td>1,125-4 polegadas<\/td>\n<\/tr>\n<tr>\n<th>Tamanho do tra\u00e7o<\/th>\n<td>4-100 polegadas<\/td>\n<\/tr>\n<tr>\n<th>Tamanho do pino<\/th>\n<td>0,5-2 polegadas<\/td>\n<\/tr>\n<tr>\n<th>Portos<\/th>\n<td>G\/SAE\/NPT\/M<\/td>\n<\/tr>\n<\/table>\n<\/li>\n<li><strong>P: Quais s\u00e3o as vantagens de usar o cilindro telesc\u00f3pico hidr\u00e1ulico para caminh\u00e3o de reboque de plataforma plana de 2 est\u00e1gios?<\/strong><br \/>R: As vantagens de usar o cilindro telesc\u00f3pico hidr\u00e1ulico para caminh\u00e3o de reboque de plataforma de 2 est\u00e1gios incluem sua efici\u00eancia energ\u00e9tica, desempenho hidr\u00e1ulico e mec\u00e2nico superior, medidas de seguran\u00e7a excepcionais, excelente acabamento, durabilidade e facilidade de instala\u00e7\u00e3o, manuten\u00e7\u00e3o e reparo.<\/li>\n<li><strong>P: De que materiais \u00e9 feito o cilindro telesc\u00f3pico hidr\u00e1ulico para caminh\u00e3o de reboque de plataforma plana de 2 est\u00e1gios?<\/strong><br \/>R: O cilindro telesc\u00f3pico hidr\u00e1ulico para caminh\u00e3o de reboque de plataforma plana de 2 est\u00e1gios \u00e9 feito de materiais de alta qualidade que garantem m\u00e1xima durabilidade e longevidade.<\/li>\n<li><strong>P: Como fa\u00e7o para substituir o cilindro telesc\u00f3pico hidr\u00e1ulico do caminh\u00e3o de reboque de plataforma plana de 2 est\u00e1gios?<\/strong><br \/>R: Para substituir o cilindro telesc\u00f3pico hidr\u00e1ulico do caminh\u00e3o de reboque de plataforma de 2 est\u00e1gios, basta desligar a m\u00e1quina, desconectar todas as conex\u00f5es el\u00e9tricas, remover o cilindro hidr\u00e1ulico antigo e desconectar todas as mangueiras conectadas a ele, instalar o novo cilindro hidr\u00e1ulico, conectar todas as mangueiras conectadas a ele, ligar a m\u00e1quina e verificar se h\u00e1 vazamentos ou outros problemas.<\/li>\n<\/ol>","protected":false},"excerpt":{"rendered":"<p>All the content on this page comes from the Internet and is only used as a reference for product selection. Our products are replacement parts rather than original spare parts. We are not the holder of the original trademark of the content. Our replacement parts can perfectly fit the original spare parts. If you need [&hellip;]<\/p>","protected":false},"featured_media":4528,"template":"","meta":{"_et_pb_use_builder":"","_et_pb_old_content":"","_et_gb_content_width":""},"product_brand":[],"product_cat":[11327],"product_tag":[],"class_list":{"0":"post-4529","1":"product","2":"type-product","3":"status-publish","4":"has-post-thumbnail","6":"product_cat-telescopic-hydraulic-cylinder","8":"first","9":"instock","10":"shipping-taxable","11":"product-type-simple"},"_links":{"self":[{"href":"https:\/\/agricultural-gear-boxes.com\/pt\/wp-json\/wp\/v2\/product\/4529","targetHints":{"allow":["GET"]}}],"collection":[{"href":"https:\/\/agricultural-gear-boxes.com\/pt\/wp-json\/wp\/v2\/product"}],"about":[{"href":"https:\/\/agricultural-gear-boxes.com\/pt\/wp-json\/wp\/v2\/types\/product"}],"wp:featuredmedia":[{"embeddable":true,"href":"https:\/\/agricultural-gear-boxes.com\/pt\/wp-json\/wp\/v2\/media\/4528"}],"wp:attachment":[{"href":"https:\/\/agricultural-gear-boxes.com\/pt\/wp-json\/wp\/v2\/media?parent=4529"}],"wp:term":[{"taxonomy":"product_brand","embeddable":true,"href":"https:\/\/agricultural-gear-boxes.com\/pt\/wp-json\/wp\/v2\/product_brand?post=4529"},{"taxonomy":"product_cat","embeddable":true,"href":"https:\/\/agricultural-gear-boxes.com\/pt\/wp-json\/wp\/v2\/product_cat?post=4529"},{"taxonomy":"product_tag","embeddable":true,"href":"https:\/\/agricultural-gear-boxes.com\/pt\/wp-json\/wp\/v2\/product_tag?post=4529"}],"curies":[{"name":"wp","href":"https:\/\/api.w.org\/{rel}","templated":true}]}}