{"id":4531,"date":"2024-09-11T07:35:40","date_gmt":"2024-09-11T07:35:40","guid":{"rendered":"https:\/\/agricultural-gear-boxes.com\/product\/3-stage-small-hydraulic-cylinder-telescopic-dump-truck-hydraulic-cylinder\/"},"modified":"2024-09-11T07:35:40","modified_gmt":"2024-09-11T07:35:40","slug":"3-stage-small-hydraulic-cylinder-telescopic-dump-truck-hydraulic-cylinder","status":"publish","type":"product","link":"https:\/\/agricultural-gear-boxes.com\/pt\/product\/3-stage-small-hydraulic-cylinder-telescopic-dump-truck-hydraulic-cylinder\/","title":{"rendered":"Cilindro hidr\u00e1ulico pequeno de 3 est\u00e1gios Cilindro hidr\u00e1ulico telesc\u00f3pico para caminh\u00e3o basculante"},"content":{"rendered":"<p>Todo o conte\u00fado desta p\u00e1gina vem da Internet e \u00e9 usado apenas como refer\u00eancia para sele\u00e7\u00e3o de produtos. Nossos produtos s\u00e3o pe\u00e7as de reposi\u00e7\u00e3o em vez de pe\u00e7as de reposi\u00e7\u00e3o originais; n\u00e3o somos detentores da marca registrada original do conte\u00fado. Nossos produtos s\u00e3o adequados apenas para pe\u00e7as de reposi\u00e7\u00e3o p\u00f3s-venda em vez de pe\u00e7as de reposi\u00e7\u00e3o originais. Nossas pe\u00e7as de reposi\u00e7\u00e3o podem se encaixar perfeitamente nas pe\u00e7as de reposi\u00e7\u00e3o originais; se voc\u00ea precisar comprar pe\u00e7as de reposi\u00e7\u00e3o originais, entre em contato com a f\u00e1brica original para comprar. Se voc\u00ea precisar comprar pe\u00e7as de reposi\u00e7\u00e3o originais, entre em contato com o fornecedor original para comprar.<\/p>\n<p><h2>Apresentando o Cilindro Hidr\u00e1ulico Pequeno de 3 Est\u00e1gios Cilindro Hidr\u00e1ulico Telesc\u00f3pico para Caminh\u00e3o Basculante<\/h2><\/p>\n<p>This powerful and versatile hydraulic cylinder is a new addition to our range of high-performance hydraulic equipment. With its robust structure and high thrust capacity, it is engineered to deliver superior performance and durability. The 3 Stage Small Hydraulic Cylinder Telescopic Dump Truck Hydraulic Cylinder is suitable for various industries such as machinery repair shops, farms, energy &#038; mining, machinery manufacturing, and machinery factories. <\/p>\n<p><h3>Vis\u00e3o geral do produto<\/h3><\/p>\n<p>Nosso Cilindro Hidr\u00e1ulico Telesc\u00f3pico de Caminh\u00e3o Basculante de Cilindro Hidr\u00e1ulico Pequeno de 3 Est\u00e1gios oferece uma gama de benef\u00edcios que o diferenciam da concorr\u00eancia. Ele fornece efici\u00eancia energ\u00e9tica excepcional, alto desempenho e seguran\u00e7a. Al\u00e9m disso, ele \u00e9 certificado pela ISO9001:2000, garantindo sua qualidade e confiabilidade.<\/p>\n<p><h3>Especifica\u00e7\u00f5es do produto<\/h3><\/p>\n<p>&#8211; Bore Size: 2-6 inch<br \/>\n&#8211; Rod Size: 1.125-4 inch<br \/>\n&#8211; Stroke Size: 4-100 inch<br \/>\n&#8211; Pin Size: 0.5-2 inch<br \/>\n&#8211; Ports: G\/SAE\/NPT\/M<\/p>\n<p><h3>Cen\u00e1rios de uso<\/h3><\/p>\n<p>Este cilindro hidr\u00e1ulico \u00e9 comumente usado nos seguintes cen\u00e1rios:<\/p>\n<p>&#8211; Machinery repair shops<br \/>\n&#8211; Farms<br \/>\n&#8211; Energy &#038; mining<br \/>\n&#8211; Machinery manufacturing<\/p>\n<p><img decoding=\"async\" src=\"https:\/\/img.jiansujichilun.com\/img\/hydrauliccylinders\/T_hydrauliccylinders-5.webp\" alt=\"Cen\u00e1rio de uso do cilindro hidr\u00e1ulico\" \/><\/p>\n<p><h3>Hist\u00f3ria<\/h3><\/p>\n<p>O desenvolvimento de cilindros hidr\u00e1ulicos remonta ao in\u00edcio do s\u00e9culo XVII, quando o conceito de usar energia fluida para gerar for\u00e7a mec\u00e2nica foi explorado pela primeira vez. Ao longo dos anos, os avan\u00e7os em tecnologia e engenharia levaram \u00e0 cria\u00e7\u00e3o de cilindros hidr\u00e1ulicos mais eficientes e confi\u00e1veis.<\/p>\n<p><h3>Classifica\u00e7\u00e3o<\/h3><\/p>\n<p>Cilindros hidr\u00e1ulicos podem ser classificados com base em v\u00e1rios fatores, como design, aplica\u00e7\u00e3o e princ\u00edpios operacionais. Alguns tipos comuns incluem cilindros de a\u00e7\u00e3o simples, cilindros de a\u00e7\u00e3o dupla, cilindros telesc\u00f3picos e cilindros de \u00eambolo.<\/p>\n<p><h3>Vantagens<\/h3><\/p>\n<p>O Cilindro Hidr\u00e1ulico Telesc\u00f3pico de Caminh\u00e3o Basculante Pequeno de 3 Est\u00e1gios oferece as seguintes vantagens:<\/p>\n<p>&#8211; High thrust capacity<br \/>\n&#8211; Robust structure for durability<br \/>\n&#8211; Excellent energy efficiency<br \/>\n&#8211; ISO9001:2000 certified for quality assurance<br \/>\n&#8211; Versatile application in various industries<\/p>\n<p><h3>Materiais de produtos utiliz\u00e1veis<\/h3><\/p>\n<p>Nossos cilindros hidr\u00e1ulicos s\u00e3o feitos de materiais de alta qualidade que garantem sua durabilidade e desempenho. Os materiais comumente usados incluem:<\/p>\n<p>&#8211; Steel<br \/>\n&#8211; Aluminum<br \/>\n&#8211; Cast iron<\/p>\n<p><h3>Instala\u00e7\u00e3o, Manuten\u00e7\u00e3o e Reparo<\/h3><\/p>\n<p>Instala\u00e7\u00e3o, manuten\u00e7\u00e3o e reparo adequados s\u00e3o cruciais para o desempenho ideal e a longevidade dos cilindros hidr\u00e1ulicos. Aqui est\u00e3o algumas diretrizes:<\/p>\n<p>&#8211; Ensure proper alignment during installation<br \/>\n&#8211; Regularly check for leaks and signs of damage<br \/>\n&#8211; Follow manufacturer&#8217;s recommendations for maintenance intervals<br \/>\n&#8211; Use compatible hydraulic fluids and lubricants<br \/>\n&#8211; Consult a professional for repairs or replacements<\/p>\n<p><h3>Como substituir o produto<\/h3><\/p>\n<p>Se voc\u00ea precisar substituir o cilindro hidr\u00e1ulico, siga estas etapas:<\/p>\n<p>1. Desligue o sistema hidr\u00e1ulico e alivie a press\u00e3o.<br \/>\n2. Desconecte todas as linhas hidr\u00e1ulicas conectadas ao cilindro.<br \/>\n3. Remova os parafusos de montagem ou suportes que prendem o cilindro.<br \/>\n4. Deslize cuidadosamente o cilindro antigo para fora e coloque-o de lado.<br \/>\n5. Instale o novo cilindro na ordem inversa, garantindo o alinhamento adequado e o aperto dos parafusos.<br \/>\n6. Reconecte as linhas hidr\u00e1ulicas e teste o sistema para verificar se est\u00e1 funcionando corretamente.<\/p>\n<p><h2>Sobre nossa empresa<\/h2><\/p>\n<p>Em nossa empresa, somos especializados no fornecimento de v\u00e1rias engrenagens pl\u00e1sticas industriais, como caixas de engrenagens agr\u00edcolas, eixos de sa\u00edda de pot\u00eancia, rodas dentadas, acoplamentos hidr\u00e1ulicos, redutores de engrenagem sem-fim, cremalheiras de engrenagens, correntes remov\u00edveis, polias e polias, caixas de engrenagens planet\u00e1rias, polias de sincroniza\u00e7\u00e3o, buchas e muito mais. N\u00f3s nos esfor\u00e7amos para fornecer produtos de alta qualidade, pre\u00e7os preferenciais e servi\u00e7os atenciosos. A personaliza\u00e7\u00e3o tamb\u00e9m est\u00e1 dispon\u00edvel com base em desenhos e amostras. <\/p>\n<p><img decoding=\"async\" src=\"https:\/\/images.hzpt.com\/2024\/04\/unit-type-flexo-press-factory.webp\" alt=\"Outros neg\u00f3cios de produtos da empresa\" \/><\/p>\n<p><h2>Perguntas frequentes<\/h2><\/p>\n<p><b>P: Voc\u00ea \u00e9 uma empresa comercial ou fabricante?<\/b><br \/>R: Somos um fabricante.<\/p>\n<p><b>P: Quanto tempo demora a entrega?<\/b><br \/>R: Geralmente, nosso prazo de entrega \u00e9 de 25 a 35 dias.<\/p>\n<p><img decoding=\"async\" src=\"https:\/\/www.ever-power.net\/wp-content\/uploads\/2023\/11\/telescopic-hydraulic-cylinder-10.webp\" alt=\"Cilindro Hidr\u00e1ulico Telesc\u00f3pico\" \/><\/p>\n<p><b>P: Voc\u00eas fornecem amostras?<\/b><br \/>R: Sim, fornecemos amostras, mas elas n\u00e3o s\u00e3o gratuitas.<\/p>\n<p><b>P: De que materiais s\u00e3o feitos seus cilindros hidr\u00e1ulicos?<\/b><br \/>R: Nossos cilindros hidr\u00e1ulicos s\u00e3o feitos de materiais de alta qualidade, como a\u00e7o, alum\u00ednio e ferro fundido.<\/p>\n<p><b>P: Seus cilindros hidr\u00e1ulicos podem ser personalizados?<\/b><br \/>R: Sim, oferecemos servi\u00e7os de personaliza\u00e7\u00e3o com base em desenhos e amostras.<\/p>\n<p><b>P: Voc\u00eas oferecem garantia para seus cilindros hidr\u00e1ulicos?<\/b><br \/>R: Sim, oferecemos garantia para nossos cilindros hidr\u00e1ulicos. Entre em contato com nosso servi\u00e7o de atendimento ao cliente para mais detalhes.<\/p>","protected":false},"excerpt":{"rendered":"<p>All the content on this page comes from the Internet and is only used as a reference for product selection. Our products are replacement parts rather than original spare parts; we are not the holder of the original trademark of the content. Our products are only suitable for after-sales replacement parts rather than original spare [&hellip;]<\/p>","protected":false},"featured_media":4530,"template":"","meta":{"_et_pb_use_builder":"","_et_pb_old_content":"","_et_gb_content_width":""},"product_brand":[],"product_cat":[11327],"product_tag":[],"class_list":{"0":"post-4531","1":"product","2":"type-product","3":"status-publish","4":"has-post-thumbnail","6":"product_cat-telescopic-hydraulic-cylinder","8":"first","9":"instock","10":"shipping-taxable","11":"product-type-simple"},"_links":{"self":[{"href":"https:\/\/agricultural-gear-boxes.com\/pt\/wp-json\/wp\/v2\/product\/4531","targetHints":{"allow":["GET"]}}],"collection":[{"href":"https:\/\/agricultural-gear-boxes.com\/pt\/wp-json\/wp\/v2\/product"}],"about":[{"href":"https:\/\/agricultural-gear-boxes.com\/pt\/wp-json\/wp\/v2\/types\/product"}],"wp:featuredmedia":[{"embeddable":true,"href":"https:\/\/agricultural-gear-boxes.com\/pt\/wp-json\/wp\/v2\/media\/4530"}],"wp:attachment":[{"href":"https:\/\/agricultural-gear-boxes.com\/pt\/wp-json\/wp\/v2\/media?parent=4531"}],"wp:term":[{"taxonomy":"product_brand","embeddable":true,"href":"https:\/\/agricultural-gear-boxes.com\/pt\/wp-json\/wp\/v2\/product_brand?post=4531"},{"taxonomy":"product_cat","embeddable":true,"href":"https:\/\/agricultural-gear-boxes.com\/pt\/wp-json\/wp\/v2\/product_cat?post=4531"},{"taxonomy":"product_tag","embeddable":true,"href":"https:\/\/agricultural-gear-boxes.com\/pt\/wp-json\/wp\/v2\/product_tag?post=4531"}],"curies":[{"name":"wp","href":"https:\/\/api.w.org\/{rel}","templated":true}]}}