{"id":4532,"date":"2024-09-11T07:35:40","date_gmt":"2024-09-11T07:35:40","guid":{"rendered":"https:\/\/agricultural-gear-boxes.com\/product\/double-acting-telescopic-hydraulic-cylinder-for-sale\/"},"modified":"2024-09-11T07:35:40","modified_gmt":"2024-09-11T07:35:40","slug":"double-acting-telescopic-hydraulic-cylinder-for-sale","status":"publish","type":"product","link":"https:\/\/agricultural-gear-boxes.com\/pt\/product\/double-acting-telescopic-hydraulic-cylinder-for-sale\/","title":{"rendered":"Cilindro hidr\u00e1ulico telesc\u00f3pico de dupla a\u00e7\u00e3o para venda"},"content":{"rendered":"<p>Todo o conte\u00fado desta p\u00e1gina \u00e9 da internet, e o conte\u00fado \u00e9 usado apenas como refer\u00eancia para sele\u00e7\u00e3o de produtos. Nossos produtos s\u00e3o pe\u00e7as de reposi\u00e7\u00e3o em vez de pe\u00e7as de reposi\u00e7\u00e3o originais; n\u00e3o somos detentores da marca registrada original do conte\u00fado. Nossos produtos s\u00e3o adequados apenas para pe\u00e7as de reposi\u00e7\u00e3o p\u00f3s-venda em vez de pe\u00e7as de reposi\u00e7\u00e3o originais. Nossas pe\u00e7as de reposi\u00e7\u00e3o podem se encaixar perfeitamente nas pe\u00e7as de reposi\u00e7\u00e3o originais; se voc\u00ea precisar comprar pe\u00e7as de reposi\u00e7\u00e3o originais, entre em contato com a f\u00e1brica original para comprar. Se voc\u00ea precisar comprar pe\u00e7as de reposi\u00e7\u00e3o originais, entre em contato com o fornecedor original para comprar.<\/p>\n<h2>Cilindro hidr\u00e1ulico telesc\u00f3pico de dupla a\u00e7\u00e3o para uso industrial<\/h2>\n<p>O Cilindro Hidr\u00e1ulico Telesc\u00f3pico de Dupla A\u00e7\u00e3o \u00e9 um componente do sistema hidr\u00e1ulico que converte energia hidr\u00e1ulica em for\u00e7a mec\u00e2nica. \u00c9 comumente usado em m\u00e1quinas e equipamentos de carga pesada em ind\u00fastrias como constru\u00e7\u00e3o, minera\u00e7\u00e3o, agricultura e silvicultura. O cilindro \u00e9 feito de a\u00e7o de alta qualidade, garantindo durabilidade e confiabilidade duradouras. \u00c9 um cilindro de \u00eambolo padr\u00e3o com tipo de cilindro hidr\u00e1ulico multiest\u00e1gio, ostentando um empuxo m\u00e1ximo de 3000 e uma capacidade m\u00e1xima de tra\u00e7\u00e3o de 20 toneladas. O tamanho do furo varia de 2 a 6 polegadas, enquanto o tamanho da haste varia de 1,125 a 4 polegadas. O tamanho do curso \u00e9 de 4 a 100 polegadas e o tamanho do pino \u00e9 de 0,5 a 2 polegadas. As portas do cilindro est\u00e3o dispon\u00edveis nos tipos G\/SAE\/NPT\/M.<\/p>\n<p><img decoding=\"async\" src=\"https:\/\/img.jiansujichilun.com\/img\/hydrauliccylinders\/T_hydrauliccylinders-5.webp\" alt=\"Cilindro Hidr\u00e1ulico Telesc\u00f3pico de Dupla A\u00e7\u00e3o\" \/><\/p>\n<h3>Hist\u00f3rico do produto<\/h3>\n<p>O primeiro cilindro hidr\u00e1ulico foi inventado em 1795 por Joseph Bramah, um inventor brit\u00e2nico. Ele criou uma maneira de usar a press\u00e3o da \u00e1gua para gerar energia com sua inven\u00e7\u00e3o da prensa hidr\u00e1ulica. Hoje, os cilindros hidr\u00e1ulicos desempenham um papel essencial em v\u00e1rias ind\u00fastrias, fornecendo energia confi\u00e1vel e suporte de controle para uma ampla gama de equipamentos industriais.<\/p>\n<h3>Classifica\u00e7\u00e3o do produto<\/h3>\n<ul>\n<li>Cilindro de dupla a\u00e7\u00e3o: O pist\u00e3o pode ser movido em duas dire\u00e7\u00f5es, empurrando e puxando.<\/li>\n<li>Cilindro de simples a\u00e7\u00e3o: O pist\u00e3o s\u00f3 pode ser movido em uma dire\u00e7\u00e3o, empurrando ou puxando.<\/li>\n<li>Cilindro telesc\u00f3pico: Cilindro hidr\u00e1ulico multiest\u00e1gio com estrutura telesc\u00f3pica.<\/li>\n<\/ul>\n<h3>Vantagens do produto<\/h3>\n<ul>\n<li>Alta capacidade de carga<\/li>\n<li>Dur\u00e1vel e duradouro<\/li>\n<li>Efici\u00eancia energ\u00e9tica<\/li>\n<li>Certificado ISO9001:2000 para seguran\u00e7a e confiabilidade<\/li>\n<\/ul>\n<h3>Materiais de produtos utiliz\u00e1veis<\/h3>\n<p>O corpo do cilindro \u00e9 feito de a\u00e7o de alta qualidade, enquanto a haste do pist\u00e3o \u00e9 feita de a\u00e7o de liga ou a\u00e7o inoxid\u00e1vel. As veda\u00e7\u00f5es s\u00e3o feitas de NBR, FKM ou outros materiais, dependendo dos requisitos do ambiente de trabalho.<\/p>\n<h3>Instala\u00e7\u00e3o, Manuten\u00e7\u00e3o e Reparo<\/h3>\n<ul>\n<li>Instala\u00e7\u00e3o: O cilindro hidr\u00e1ulico deve ser instalado de acordo com as instru\u00e7\u00f5es fornecidas pelo fabricante. \u00c9 essencial garantir que o cilindro esteja corretamente alinhado e que os parafusos de montagem estejam apertados com o torque recomendado.<\/li>\n<li>Manuten\u00e7\u00e3o: Inspe\u00e7\u00e3o e manuten\u00e7\u00e3o regulares podem ajudar a estender a vida \u00fatil do cilindro. \u00c9 recomendado verificar o cilindro quanto a vazamentos, corros\u00e3o e desgaste regularmente. O cilindro tamb\u00e9m deve ser lubrificado regularmente.<\/li>\n<li>Reparo: Se o cilindro estiver danificado ou com defeito, ele dever\u00e1 ser reparado ou substitu\u00eddo por um t\u00e9cnico qualificado.<\/li>\n<li>Substitui\u00e7\u00e3o: Ao substituir o cilindro, \u00e9 essencial garantir que o novo cilindro seja compat\u00edvel com o equipamento e que a instala\u00e7\u00e3o seja realizada corretamente.<\/li>\n<\/ul>\n<h2>Outros neg\u00f3cios de produtos da empresa<\/h2>\n<p>Al\u00e9m de cilindros hidr\u00e1ulicos, tamb\u00e9m fornecemos v\u00e1rias engrenagens de pl\u00e1stico para uso industrial, como caixas de engrenagens agr\u00edcolas, eixos de sa\u00edda de pot\u00eancia, rodas dentadas, acoplamentos hidr\u00e1ulicos, redutores de engrenagem sem-fim, cremalheiras de engrenagens, correntes remov\u00edveis, polias e polias, caixas de engrenagens planet\u00e1rias, polias de sincroniza\u00e7\u00e3o, buchas, etc. Oferecemos produtos de alta qualidade a pre\u00e7os preferenciais com servi\u00e7os atenciosos. Damos as boas-vindas aos clientes para personalizar com desenhos e amostras.<\/p>\n<p><img decoding=\"async\" src=\"https:\/\/images.hzpt.com\/2024\/04\/unit-type-flexo-press-factory.webp\" alt=\"Outros neg\u00f3cios de produtos\" \/><\/p>\n<h2>Perguntas frequentes<\/h2>\n<p><b>P: O que \u00e9 um cilindro hidr\u00e1ulico?<\/b><br \/>\nR: Um cilindro hidr\u00e1ulico \u00e9 um componente do sistema hidr\u00e1ulico que converte energia hidr\u00e1ulica em for\u00e7a mec\u00e2nica.<\/p>\n<p><b>P: Quais ind\u00fastrias normalmente usam cilindros hidr\u00e1ulicos?<\/b><br \/>\nR: Os cilindros hidr\u00e1ulicos s\u00e3o comumente usados em m\u00e1quinas e equipamentos de suporte de carga pesada em ind\u00fastrias como constru\u00e7\u00e3o, minera\u00e7\u00e3o, agricultura e silvicultura.<\/p>\n<p><b>P: Quais s\u00e3o as vantagens dos cilindros hidr\u00e1ulicos?<\/b><br \/>\nR: As vantagens dos cilindros hidr\u00e1ulicos incluem alta capacidade de carga, durabilidade, efici\u00eancia energ\u00e9tica e certifica\u00e7\u00e3o de seguran\u00e7a e confiabilidade.<\/p>\n<p><b>P: Como posso garantir que o cilindro hidr\u00e1ulico esteja instalado corretamente?<\/b><br \/>\nA: O cilindro hidr\u00e1ulico deve ser instalado de acordo com as instru\u00e7\u00f5es fornecidas pelo fabricante. \u00c9 essencial garantir que o cilindro esteja corretamente alinhado e que os parafusos de montagem estejam apertados com o torque recomendado.<\/p>\n<p><b>P: Com que frequ\u00eancia devo lubrificar o cilindro hidr\u00e1ulico?<\/b><br \/>\nA: The hydraulic cylinder should be lubricated regularly as part of its maintenance. The frequency of lubrication depends on the working environment and the manufacturer&#8217;s recommendations.<\/p>","protected":false},"excerpt":{"rendered":"<p>All content on this page is from the internet, and the content is only used as a reference for product selection. Our products are replacement parts rather than original spare parts; we are not the holder of the original trademark of the content. Our products are only suitable for after-sales replacement parts rather than original [&hellip;]<\/p>","protected":false},"featured_media":4506,"template":"","meta":{"_et_pb_use_builder":"","_et_pb_old_content":"","_et_gb_content_width":""},"product_brand":[],"product_cat":[11327],"product_tag":[],"class_list":{"0":"post-4532","1":"product","2":"type-product","3":"status-publish","4":"has-post-thumbnail","6":"product_cat-telescopic-hydraulic-cylinder","8":"first","9":"instock","10":"shipping-taxable","11":"product-type-simple"},"_links":{"self":[{"href":"https:\/\/agricultural-gear-boxes.com\/pt\/wp-json\/wp\/v2\/product\/4532","targetHints":{"allow":["GET"]}}],"collection":[{"href":"https:\/\/agricultural-gear-boxes.com\/pt\/wp-json\/wp\/v2\/product"}],"about":[{"href":"https:\/\/agricultural-gear-boxes.com\/pt\/wp-json\/wp\/v2\/types\/product"}],"wp:featuredmedia":[{"embeddable":true,"href":"https:\/\/agricultural-gear-boxes.com\/pt\/wp-json\/wp\/v2\/media\/4506"}],"wp:attachment":[{"href":"https:\/\/agricultural-gear-boxes.com\/pt\/wp-json\/wp\/v2\/media?parent=4532"}],"wp:term":[{"taxonomy":"product_brand","embeddable":true,"href":"https:\/\/agricultural-gear-boxes.com\/pt\/wp-json\/wp\/v2\/product_brand?post=4532"},{"taxonomy":"product_cat","embeddable":true,"href":"https:\/\/agricultural-gear-boxes.com\/pt\/wp-json\/wp\/v2\/product_cat?post=4532"},{"taxonomy":"product_tag","embeddable":true,"href":"https:\/\/agricultural-gear-boxes.com\/pt\/wp-json\/wp\/v2\/product_tag?post=4532"}],"curies":[{"name":"wp","href":"https:\/\/api.w.org\/{rel}","templated":true}]}}