{"id":4535,"date":"2024-09-11T07:35:41","date_gmt":"2024-09-11T07:35:41","guid":{"rendered":"https:\/\/agricultural-gear-boxes.com\/product\/factory-direct-sale-double-acting-small-hydraulic-cylinder-for-dump-truck\/"},"modified":"2024-09-11T07:35:41","modified_gmt":"2024-09-11T07:35:41","slug":"factory-direct-sale-double-acting-small-hydraulic-cylinder-for-dump-truck","status":"publish","type":"product","link":"https:\/\/agricultural-gear-boxes.com\/pt\/product\/factory-direct-sale-double-acting-small-hydraulic-cylinder-for-dump-truck\/","title":{"rendered":"Venda direta da f\u00e1brica Cilindro hidr\u00e1ulico pequeno de dupla a\u00e7\u00e3o para caminh\u00e3o basculante"},"content":{"rendered":"<p>Todo o conte\u00fado desta p\u00e1gina \u00e9 retirado da internet e \u00e9 usado apenas como refer\u00eancia para sele\u00e7\u00e3o de produtos. Nossos produtos s\u00e3o pe\u00e7as de reposi\u00e7\u00e3o e n\u00e3o s\u00e3o pe\u00e7as de reposi\u00e7\u00e3o originais. N\u00e3o somos detentores da marca registrada original do conte\u00fado. Nossas pe\u00e7as de reposi\u00e7\u00e3o podem se encaixar perfeitamente nas pe\u00e7as de reposi\u00e7\u00e3o originais e, se voc\u00ea precisar comprar pe\u00e7as de reposi\u00e7\u00e3o originais, entre em contato com o fornecedor original para comprar.<\/p>\n<h2>Cilindro hidr\u00e1ulico pequeno de dupla a\u00e7\u00e3o para caminh\u00e3o basculante<\/h2>\n<p>O cilindro hidr\u00e1ulico pequeno de dupla a\u00e7\u00e3o \u00e9 um produto vers\u00e1til e dur\u00e1vel projetado especificamente para caminh\u00f5es basculantes. Nosso cilindro hidr\u00e1ulico \u00e9 fabricado com materiais de alta qualidade e tecnologia de ponta para suportar as condi\u00e7\u00f5es mais exigentes. \u00c9 uma excelente pe\u00e7a de reposi\u00e7\u00e3o para seu caminh\u00e3o basculante, garantindo a opera\u00e7\u00e3o suave e eficiente de sua m\u00e1quina.<\/p>\n<p>Our hydraulic cylinder is suitable for various applications, including machinery repair shops, farms, energy &#038; mining, machinery manufacturing, and machinery factories. It is easy to install, maintain, and repair, making it a popular choice among machinery owners and operators.<\/p>\n<p><img decoding=\"async\" src=\"https:\/\/img.jiansujichilun.com\/img\/hydrauliccylinders\/T_hydrauliccylinders-5.webp\" alt=\"Cilindro hidr\u00e1ulico pequeno de dupla a\u00e7\u00e3o para caminh\u00e3o basculante\" \/><\/p>\n<h3>Hist\u00f3ria do Cilindro Hidr\u00e1ulico<\/h3>\n<p>O cilindro hidr\u00e1ulico tem uma longa hist\u00f3ria que remonta \u00e0s primeiras m\u00e1quinas hidr\u00e1ulicas. Ele passou por in\u00fameras transforma\u00e7\u00f5es ao longo dos anos e se tornou um componente indispens\u00e1vel de uma ampla gama de m\u00e1quinas. Cilindros hidr\u00e1ulicos t\u00eam sido amplamente utilizados no campo industrial, incluindo constru\u00e7\u00e3o, agricultura e minera\u00e7\u00e3o.<\/p>\n<h3>Classifica\u00e7\u00e3o do Cilindro Hidr\u00e1ulico<\/h3>\n<p>Os cilindros hidr\u00e1ulicos podem ser classificados com base em seu design, fun\u00e7\u00e3o e aplica\u00e7\u00e3o. Na Ever-power, oferecemos uma variedade de cilindros hidr\u00e1ulicos, incluindo cilindros hidr\u00e1ulicos telesc\u00f3picos, cilindros hidr\u00e1ulicos de tirante e cilindros hidr\u00e1ulicos soldados, para atender \u00e0s suas necessidades espec\u00edficas.<\/p>\n<h3>Vantagens do Cilindro Hidr\u00e1ulico<\/h3>\n<ul>\n<li>Alta efici\u00eancia: Nosso cilindro hidr\u00e1ulico \u00e9 projetado para opera\u00e7\u00e3o suave e eficiente, traduzindo press\u00e3o em for\u00e7a.<\/li>\n<li>Efici\u00eancia energ\u00e9tica: o cilindro hidr\u00e1ulico otimiza o uso do fluido hidr\u00e1ulico, reduzindo o consumo de energia.<\/li>\n<li>Seguran\u00e7a: O cilindro hidr\u00e1ulico \u00e9 constru\u00eddo com a seguran\u00e7a em mente, minimizando os riscos associados \u00e0 falha do sistema hidr\u00e1ulico.<\/li>\n<li>Durabilidade: Nosso cilindro hidr\u00e1ulico \u00e9 fabricado com materiais de alta qualidade e tecnologia de ponta para suportar as condi\u00e7\u00f5es mais exigentes.<\/li>\n<li>Versatility: Our hydraulic cylinder is suitable for various applications, including machinery repair shops, farms, energy &#038; mining, machinery manufacturing, and machinery factories.<\/li>\n<\/ul>\n<h3>Materiais usados em cilindros hidr\u00e1ulicos<\/h3>\n<p>Nosso cilindro hidr\u00e1ulico \u00e9 feito de materiais de alta qualidade, incluindo a\u00e7o, alum\u00ednio e bronze. Esses materiais s\u00e3o cuidadosamente escolhidos para garantir a durabilidade e confiabilidade do produto.<\/p>\n<h3>Instala\u00e7\u00e3o, Manuten\u00e7\u00e3o e Reparo de Cilindro Hidr\u00e1ulico<\/h3>\n<p>Our hydraulic cylinder is easy to install, maintain, and repair. It is important to follow the manufacturer&#8217;s instructions when installing the hydraulic cylinder. Regular maintenance, including checking for leaks and maintaining the hydraulic fluid level, can prolong the life of the hydraulic cylinder. In case of damage or malfunction, the hydraulic cylinder can be repaired or replaced.<\/p>\n<p><img decoding=\"async\" src=\"https:\/\/images.hzpt.com\/2024\/04\/unit-type-flexo-press-factory.webp\" alt=\"Engrenagens de pl\u00e1stico para uso industrial\" \/><\/p>\n<p>Na Ever-power, tamb\u00e9m oferecemos v\u00e1rias engrenagens de pl\u00e1stico para uso industrial, incluindo caixas de engrenagens agr\u00edcolas, eixos de sa\u00edda de pot\u00eancia, rodas dentadas, acoplamentos hidr\u00e1ulicos, redutores de engrenagem sem-fim, cremalheiras de engrenagens, correntes remov\u00edveis, polias e polias, caixas de engrenagens planet\u00e1rias, polias de sincroniza\u00e7\u00e3o, buchas, etc. Estamos comprometidos em fornecer produtos de alta qualidade, pre\u00e7os competitivos e servi\u00e7os atenciosos aos nossos clientes. Aceitamos solicita\u00e7\u00f5es de personaliza\u00e7\u00e3o com base em desenhos ou amostras. <\/p>\n<h2>Perguntas frequentes<\/h2>\n<dl>\n<dt><strong>P: O que \u00e9 um cilindro hidr\u00e1ulico?<\/strong><\/dt>\n<dd>R: Um cilindro hidr\u00e1ulico \u00e9 um atuador que converte energia hidr\u00e1ulica em movimento mec\u00e2nico, traduzindo press\u00e3o em for\u00e7a.<\/dd>\n<dt><strong>P: Quais s\u00e3o as vantagens de um cilindro hidr\u00e1ulico?<\/strong><\/dt>\n<dd>R: As vantagens de um cilindro hidr\u00e1ulico incluem alta efici\u00eancia, efici\u00eancia energ\u00e9tica, seguran\u00e7a, durabilidade e versatilidade.<\/dd>\n<dt><strong>P: Quais s\u00e3o as aplica\u00e7\u00f5es comuns de um cilindro hidr\u00e1ulico?<\/strong><\/dt>\n<dd>R: Um cilindro hidr\u00e1ulico \u00e9 comumente usado em constru\u00e7\u00e3o, agricultura, minera\u00e7\u00e3o e outros campos industriais que exigem a convers\u00e3o de press\u00e3o hidr\u00e1ulica em for\u00e7a mec\u00e2nica.<\/dd>\n<dt><strong>P: Quais materiais s\u00e3o usados em cilindros hidr\u00e1ulicos?<\/strong><\/dt>\n<dd>R: Os cilindros hidr\u00e1ulicos s\u00e3o feitos de materiais de alta qualidade, incluindo a\u00e7o, alum\u00ednio e bronze.<\/dd>\n<dt><strong>P: Como fa\u00e7o para instalar, manter e reparar um cilindro hidr\u00e1ulico?<\/strong><\/dt>\n<dd>A: Installation, maintenance, and repair of a hydraulic cylinder should be done following the manufacturer&#8217;s instructions. Regular maintenance, including checking for leaks and maintaining the hydraulic fluid level, can prolong the life of the hydraulic cylinder. In case of damage or malfunction, the hydraulic cylinder can be repaired or replaced.<\/dd>\n<\/dl>","protected":false},"excerpt":{"rendered":"<p>All content on this page is taken from the internet and is only used as a reference for product selection. Our products are replacement parts and are not original spare parts. We are not the holder of the original trademark for the content. Our replacement parts can perfectly fit the original spare parts, and if [&hellip;]<\/p>","protected":false},"featured_media":4516,"template":"","meta":{"_et_pb_use_builder":"","_et_pb_old_content":"","_et_gb_content_width":""},"product_brand":[],"product_cat":[11327],"product_tag":[],"class_list":{"0":"post-4535","1":"product","2":"type-product","3":"status-publish","4":"has-post-thumbnail","6":"product_cat-telescopic-hydraulic-cylinder","8":"first","9":"instock","10":"shipping-taxable","11":"product-type-simple"},"_links":{"self":[{"href":"https:\/\/agricultural-gear-boxes.com\/pt\/wp-json\/wp\/v2\/product\/4535","targetHints":{"allow":["GET"]}}],"collection":[{"href":"https:\/\/agricultural-gear-boxes.com\/pt\/wp-json\/wp\/v2\/product"}],"about":[{"href":"https:\/\/agricultural-gear-boxes.com\/pt\/wp-json\/wp\/v2\/types\/product"}],"wp:featuredmedia":[{"embeddable":true,"href":"https:\/\/agricultural-gear-boxes.com\/pt\/wp-json\/wp\/v2\/media\/4516"}],"wp:attachment":[{"href":"https:\/\/agricultural-gear-boxes.com\/pt\/wp-json\/wp\/v2\/media?parent=4535"}],"wp:term":[{"taxonomy":"product_brand","embeddable":true,"href":"https:\/\/agricultural-gear-boxes.com\/pt\/wp-json\/wp\/v2\/product_brand?post=4535"},{"taxonomy":"product_cat","embeddable":true,"href":"https:\/\/agricultural-gear-boxes.com\/pt\/wp-json\/wp\/v2\/product_cat?post=4535"},{"taxonomy":"product_tag","embeddable":true,"href":"https:\/\/agricultural-gear-boxes.com\/pt\/wp-json\/wp\/v2\/product_tag?post=4535"}],"curies":[{"name":"wp","href":"https:\/\/api.w.org\/{rel}","templated":true}]}}