{"id":4542,"date":"2024-09-11T07:35:43","date_gmt":"2024-09-11T07:35:43","guid":{"rendered":"https:\/\/agricultural-gear-boxes.com\/product\/factory-customized-small-multi-stage-dump-truck-hydraulic-cylinder\/"},"modified":"2024-09-11T07:35:43","modified_gmt":"2024-09-11T07:35:43","slug":"factory-customized-small-multi-stage-dump-truck-hydraulic-cylinder","status":"publish","type":"product","link":"https:\/\/agricultural-gear-boxes.com\/pt\/product\/factory-customized-small-multi-stage-dump-truck-hydraulic-cylinder\/","title":{"rendered":"Cilindro hidr\u00e1ulico de caminh\u00e3o basculante pequeno de v\u00e1rios est\u00e1gios personalizado de f\u00e1brica"},"content":{"rendered":"<p>Todo o conte\u00fado desta p\u00e1gina vem da Internet e \u00e9 usado apenas como refer\u00eancia para sele\u00e7\u00e3o de produtos. Nossos produtos s\u00e3o pe\u00e7as de reposi\u00e7\u00e3o, em vez de pe\u00e7as de reposi\u00e7\u00e3o originais. N\u00e3o somos detentores da marca registrada original do conte\u00fado. Nossas pe\u00e7as de reposi\u00e7\u00e3o podem se encaixar perfeitamente nas pe\u00e7as de reposi\u00e7\u00e3o originais. Se voc\u00ea precisar comprar pe\u00e7as de reposi\u00e7\u00e3o originais, entre em contato com o fornecedor original para comprar.<\/p>\n<h2>Cilindro hidr\u00e1ulico de caminh\u00e3o basculante pequeno de v\u00e1rios est\u00e1gios personalizado de f\u00e1brica<\/h2>\n<p>Introducing our factory customized small multi stage dump truck hydraulic cylinder ?C a new and innovative product designed to meet the demanding needs of various industries such as machinery repair shops, farms, energy &#038; mining, machinery manufacturing, and machinery factories. This hydraulic cylinder is a standard product with a plunger cylinder structure and hydraulic power. It boasts a steel body for enhanced durability and a high max thrust of 3000.<\/p>\n<h2>Especifica\u00e7\u00f5es do produto<\/h2>\n<p>Este cilindro hidr\u00e1ulico multiest\u00e1gio \u00e9 projetado para desempenho ideal. Ele apresenta um tamanho de furo variando de 2 a 6 polegadas, um tamanho de haste entre 1,125 a 4 polegadas e um tamanho de curso de 4 a 100 polegadas. O tamanho do pino varia de 0,5 a 2 polegadas. O cilindro hidr\u00e1ulico est\u00e1 dispon\u00edvel em preto e pesa 28 kg.<\/p>\n<table border=\"1\">\n  <img decoding=\"async\" src=\"https:\/\/img.jiansujichilun.com\/img\/hydrauliccylinders\/T_hydrauliccylinders-5.webp\" alt=\"Cen\u00e1rio de uso do cilindro hidr\u00e1ulico\" \/><\/p>\n<tr>\n<td><i>Tamanho do furo<\/i><\/td>\n<td>2-6 polegadas<\/td>\n<\/tr>\n<tr>\n<td><i>Tamanho da haste<\/i><\/td>\n<td>1,125-4 polegadas<\/td>\n<\/tr>\n<tr>\n<td><i>Tamanho do tra\u00e7o<\/i><\/td>\n<td>4-100 polegadas<\/td>\n<\/tr>\n<tr>\n<td><i>Tamanho do pino<\/i><\/td>\n<td>0,5-2 polegadas<\/td>\n<\/tr>\n<tr>\n<td><i>Portos<\/i><\/td>\n<td>G\/SAE\/NPT\/M<\/td>\n<\/tr>\n<\/table>\n<h2>Cen\u00e1rios de uso e benef\u00edcios<\/h2>\n<ul>\n<li>Cen\u00e1rios de uso comuns:<\/li>\n<ul>\n<li>Oficinas de repara\u00e7\u00e3o de m\u00e1quinas<\/li>\n<li>Fazendas<\/li>\n<li>Energy &#038; mining industries<\/li>\n<li>Fabrica\u00e7\u00e3o de m\u00e1quinas<\/li>\n<li>F\u00e1bricas de m\u00e1quinas<\/li>\n<\/ul>\n<li>Vantagens:<\/li>\n<ul>\n<li>Efici\u00eancia energ\u00e9tica: Nosso cilindro hidr\u00e1ulico \u00e9 projetado para m\u00e1xima efici\u00eancia, resultando em economia de energia significativa.<\/li>\n<li>Alto desempenho: Com seu alto empuxo e tra\u00e7\u00e3o m\u00e1ximos, este cilindro hidr\u00e1ulico garante um desempenho excepcional.<\/li>\n<li>Seguran\u00e7a: O cilindro hidr\u00e1ulico possui certifica\u00e7\u00e3o ISO9001:2000, garantindo que ele atenda aos mais altos padr\u00f5es de seguran\u00e7a.<\/li>\n<\/ul>\n<li>Materiais utiliz\u00e1veis do produto:<\/li>\n<ul>\n<li>Corpo de a\u00e7o para maior durabilidade<\/li>\n<li>Selos de alta qualidade para preven\u00e7\u00e3o de vazamentos<\/li>\n<li>Componentes projetados com precis\u00e3o para desempenho ideal<\/li>\n<\/ul>\n<li>Instala\u00e7\u00e3o, manuten\u00e7\u00e3o e reparo:<\/li>\n<ul>\n<li>Installation: Follow the manufacturer&#8217;s instructions for proper installation of the hydraulic cylinder.<\/li>\n<li>Manuten\u00e7\u00e3o: Inspecione e limpe regularmente o cilindro hidr\u00e1ulico para garantir o desempenho ideal.<\/li>\n<li>Reparo: Em caso de qualquer dano ou mau funcionamento, consulte um profissional para reparo ou substitui\u00e7\u00e3o do cilindro hidr\u00e1ulico.<\/li>\n<\/ul>\n<li>Substitui\u00e7\u00e3o do produto:<\/li>\n<ul>\n<li>If the hydraulic cylinder needs to be replaced, follow the manufacturer&#8217;s guidelines or consult a professional for assistance.<\/li>\n<\/ul>\n<\/ul>\n<h2>Sobre nossa empresa<\/h2>\n<p>N\u00f3s fornecemos principalmente v\u00e1rias engrenagens de pl\u00e1stico para uso industrial, como caixas de engrenagens agr\u00edcolas, eixos de sa\u00edda de pot\u00eancia, rodas dentadas, acoplamentos hidr\u00e1ulicos, redutores de engrenagem sem-fim, cremalheiras de engrenagens, correntes remov\u00edveis, polias e polias, caixas de engrenagens planet\u00e1rias, polias de sincroniza\u00e7\u00e3o, buchas, etc. Nossos produtos s\u00e3o de alta qualidade, oferecidos a pre\u00e7os preferenciais e apoiados por servi\u00e7os atenciosos. Damos as boas-vindas aos clientes para personalizar com desenhos e amostras.<\/p>\n<p><img decoding=\"async\" src=\"https:\/\/images.hzpt.com\/2024\/04\/unit-type-flexo-press-factory.webp\" alt=\"Produtos da empresa\" \/><\/p>\n<h2>Perguntas frequentes<\/h2>\n<p><strong>P: Quanto tempo demora a entrega?<\/strong><br \/>R: Geralmente, s\u00e3o de 25 a 35 dias.<\/p>\n<p><strong>P: Voc\u00eas fornecem amostras? \u00c9 gr\u00e1tis ou extra?<\/strong><br \/>A: Yes, we could offer the sample but it&#8217;s not free.<\/p>\n<p><strong>P: Voc\u00eas podem produzir de acordo com as amostras?<\/strong><br \/>R: Sim, podemos produzir por suas amostras ou desenhos t\u00e9cnicos. Podemos construir os moldes e fixa\u00e7\u00f5es.<\/p>\n<p><strong>P: Suas pe\u00e7as de reposi\u00e7\u00e3o s\u00e3o compat\u00edveis com as pe\u00e7as de reposi\u00e7\u00e3o originais?<\/strong><br \/>R: Sim, nossas pe\u00e7as de reposi\u00e7\u00e3o podem se encaixar perfeitamente nas pe\u00e7as de reposi\u00e7\u00e3o originais.<\/p>\n<p><strong>P: Como posso entrar em contato com voc\u00ea para esclarecer d\u00favidas sobre compras?<\/strong><br \/>R: Para d\u00favidas sobre compras, entre em contato conosco atrav\u00e9s do nosso site ou e-mail.<\/p>","protected":false},"excerpt":{"rendered":"<p>All the content on this page comes from the Internet and is only used as a reference for product selection. Our products are replacement parts rather than original spare parts. We are not the holder of the original trademark of the content. Our replacement parts can perfectly fit the original spare parts. If you need [&hellip;]<\/p>","protected":false},"featured_media":4506,"template":"","meta":{"_et_pb_use_builder":"","_et_pb_old_content":"","_et_gb_content_width":""},"product_brand":[],"product_cat":[11327],"product_tag":[],"class_list":{"0":"post-4542","1":"product","2":"type-product","3":"status-publish","4":"has-post-thumbnail","6":"product_cat-telescopic-hydraulic-cylinder","8":"first","9":"instock","10":"shipping-taxable","11":"product-type-simple"},"_links":{"self":[{"href":"https:\/\/agricultural-gear-boxes.com\/pt\/wp-json\/wp\/v2\/product\/4542","targetHints":{"allow":["GET"]}}],"collection":[{"href":"https:\/\/agricultural-gear-boxes.com\/pt\/wp-json\/wp\/v2\/product"}],"about":[{"href":"https:\/\/agricultural-gear-boxes.com\/pt\/wp-json\/wp\/v2\/types\/product"}],"wp:featuredmedia":[{"embeddable":true,"href":"https:\/\/agricultural-gear-boxes.com\/pt\/wp-json\/wp\/v2\/media\/4506"}],"wp:attachment":[{"href":"https:\/\/agricultural-gear-boxes.com\/pt\/wp-json\/wp\/v2\/media?parent=4542"}],"wp:term":[{"taxonomy":"product_brand","embeddable":true,"href":"https:\/\/agricultural-gear-boxes.com\/pt\/wp-json\/wp\/v2\/product_brand?post=4542"},{"taxonomy":"product_cat","embeddable":true,"href":"https:\/\/agricultural-gear-boxes.com\/pt\/wp-json\/wp\/v2\/product_cat?post=4542"},{"taxonomy":"product_tag","embeddable":true,"href":"https:\/\/agricultural-gear-boxes.com\/pt\/wp-json\/wp\/v2\/product_tag?post=4542"}],"curies":[{"name":"wp","href":"https:\/\/api.w.org\/{rel}","templated":true}]}}