{"id":4543,"date":"2024-09-11T07:35:43","date_gmt":"2024-09-11T07:35:43","guid":{"rendered":"https:\/\/agricultural-gear-boxes.com\/product\/professional-mini-multistage-hydraulic-cylinder-telescopic-hydraulic-cylinder\/"},"modified":"2024-09-11T07:35:43","modified_gmt":"2024-09-11T07:35:43","slug":"professional-mini-multistage-hydraulic-cylinder-telescopic-hydraulic-cylinder","status":"publish","type":"product","link":"https:\/\/agricultural-gear-boxes.com\/pt\/product\/professional-mini-multistage-hydraulic-cylinder-telescopic-hydraulic-cylinder\/","title":{"rendered":"Cilindro Hidr\u00e1ulico Mini Multiest\u00e1gio Profissional Cilindro Hidr\u00e1ulico Telesc\u00f3pico"},"content":{"rendered":"<p>Todo o conte\u00fado desta p\u00e1gina vem da internet, e o conte\u00fado \u00e9 usado apenas como refer\u00eancia para sele\u00e7\u00e3o de produtos. Nossos produtos s\u00e3o pe\u00e7as de reposi\u00e7\u00e3o em vez de pe\u00e7as de reposi\u00e7\u00e3o originais; n\u00e3o somos detentores da marca registrada original do conte\u00fado. Nossas pe\u00e7as de reposi\u00e7\u00e3o podem se encaixar perfeitamente nas pe\u00e7as de reposi\u00e7\u00e3o originais; se voc\u00ea precisar comprar pe\u00e7as de reposi\u00e7\u00e3o originais, entre em contato com o fornecedor original para comprar.<\/p>\n<p><h2>Cilindro Hidr\u00e1ulico Mini Multiest\u00e1gio Profissional Cilindro Hidr\u00e1ulico Telesc\u00f3pico<\/h2><\/p>\n<p>This professional-grade, mini multistage hydraulic cylinder is a telescopic hydraulic cylinder that&#8217;s perfect for various applications in machinery repair shops, farms, energy and mining, machinery manufacturing, and machinery factories. It boasts of a standard structure, hydraulic power, and a sturdy steel body. It is new and comes with a 1-year warranty.<\/p>\n<p><h3>Vis\u00e3o geral do produto<\/h3><\/p>\n<p>Este mini cilindro hidr\u00e1ulico multiest\u00e1gio \u00e9 um produto compacto e confi\u00e1vel usado em v\u00e1rias aplica\u00e7\u00f5es industriais. \u00c9 perfeito para uso em oficinas de reparo de m\u00e1quinas, fazendas, energia e minera\u00e7\u00e3o, fabrica\u00e7\u00e3o de m\u00e1quinas e f\u00e1bricas de m\u00e1quinas. Com sua estrutura padr\u00e3o, pot\u00eancia hidr\u00e1ulica e corpo de a\u00e7o resistente, este produto fornece desempenho eficiente e confi\u00e1vel.<\/p>\n<p>Este cilindro hidr\u00e1ulico \u00e9 projetado para suportar cargas pesadas, tornando-o adequado para v\u00e1rias aplica\u00e7\u00f5es industriais. Ele oferece v\u00e1rias vantagens, como efici\u00eancia energ\u00e9tica, alto desempenho e seguran\u00e7a. Ele converte energia hidr\u00e1ulica em energia mec\u00e2nica de forma eficiente, permitindo que o sistema execute o trabalho. <\/p>\n<p><img decoding=\"async\" src=\"https:\/\/img.jiansujichilun.com\/img\/hydrauliccylinders\/T_hydrauliccylinders-5.webp\" alt=\"Cen\u00e1rio de uso do cilindro hidr\u00e1ulico\" \/><\/p>\n<p><h3>Hist\u00f3rico do produto<\/h3><\/p>\n<p>Cilindros hidr\u00e1ulicos est\u00e3o em uso h\u00e1 mais de um s\u00e9culo e passaram por transforma\u00e7\u00f5es significativas desde seu in\u00edcio. O desenvolvimento de cilindros hidr\u00e1ulicos foi impulsionado pela necessidade de melhor desempenho, efici\u00eancia e seguran\u00e7a em v\u00e1rias aplica\u00e7\u00f5es industriais.<\/p>\n<p><h3>Classifica\u00e7\u00e3o do produto<\/h3><\/p>\n<p>Os cilindros hidr\u00e1ulicos podem ser classificados em v\u00e1rios tipos, incluindo cilindros hidr\u00e1ulicos de a\u00e7\u00e3o simples, cilindros hidr\u00e1ulicos de a\u00e7\u00e3o dupla, cilindros hidr\u00e1ulicos telesc\u00f3picos e cilindros hidr\u00e1ulicos do tipo moinho. O mini cilindro hidr\u00e1ulico multiest\u00e1gio descrito neste artigo pertence \u00e0 categoria de cilindros hidr\u00e1ulicos telesc\u00f3picos.<\/p>\n<p><h3>Vantagens do produto<\/h3><\/p>\n<p>Este mini cilindro hidr\u00e1ulico multiest\u00e1gio oferece v\u00e1rias vantagens, como efici\u00eancia energ\u00e9tica, alto desempenho e seguran\u00e7a. Ele \u00e9 projetado para suportar cargas pesadas, tornando-o adequado para v\u00e1rias aplica\u00e7\u00f5es industriais. Seu tamanho compacto e alto desempenho o tornam adequado para uma ampla gama de aplica\u00e7\u00f5es.<\/p>\n<p><h3>Materiais de produtos utiliz\u00e1veis<\/h3><\/p>\n<p>Este mini cilindro hidr\u00e1ulico multiest\u00e1gio \u00e9 feito de a\u00e7o de alta qualidade, garantindo sua robustez e durabilidade. Ele \u00e9 projetado para suportar cargas pesadas, tornando-o adequado para v\u00e1rias aplica\u00e7\u00f5es industriais.<\/p>\n<p><h3>Instala\u00e7\u00e3o, Manuten\u00e7\u00e3o e Reparo<\/h3><\/p>\n<p>A instala\u00e7\u00e3o, manuten\u00e7\u00e3o e reparo adequados do mini cilindro hidr\u00e1ulico multiest\u00e1gio s\u00e3o essenciais para garantir o desempenho eficiente e confi\u00e1vel do produto. Antes da instala\u00e7\u00e3o, certifique-se de que o cilindro esteja livre de danos e contamina\u00e7\u00e3o. A manuten\u00e7\u00e3o adequada envolve inspe\u00e7\u00e3o e limpeza regulares do cilindro para evitar contamina\u00e7\u00e3o. Em caso de qualquer dano, \u00e9 crucial reparar o cilindro imediatamente para evitar mais danos.<\/p>\n<p><h3>Substitui\u00e7\u00e3o de produto<\/h3><\/p>\n<p>Se o mini cilindro hidr\u00e1ulico multiest\u00e1gio for danificado ou desgastado, \u00e9 essencial substitu\u00ed-lo por um novo. A substitui\u00e7\u00e3o do cilindro envolve inspe\u00e7\u00e3o adequada, remo\u00e7\u00e3o e instala\u00e7\u00e3o do novo cilindro.<\/p>\n<p><h3>Sobre nossa empresa<\/h3><\/p>\n<p>Somos um fornecedor l\u00edder de v\u00e1rias engrenagens de pl\u00e1stico para uso industrial, como caixas de engrenagens agr\u00edcolas, eixos de sa\u00edda de pot\u00eancia, rodas dentadas, acoplamentos hidr\u00e1ulicos, redutores de engrenagem sem-fim, cremalheiras de engrenagens, correntes remov\u00edveis, polias e polias, caixas de engrenagens planet\u00e1rias, polias de sincroniza\u00e7\u00e3o, buchas, etc. Oferecemos produtos de alta qualidade a pre\u00e7os preferenciais e servi\u00e7os atenciosos. Damos as boas-vindas aos clientes para personalizar com desenhos e amostras.<\/p>\n<p><img decoding=\"async\" src=\"https:\/\/images.hzpt.com\/2024\/04\/unit-type-flexo-press-factory.webp\" alt=\"Produtos da empresa\" \/><\/p>\n<p><h3>Perguntas frequentes<\/h3><\/p>\n<p><font>P: Para que serve um cilindro hidr\u00e1ulico?<\/font><br \/>\n<font>R: Um cilindro hidr\u00e1ulico \u00e9 usado para converter energia hidr\u00e1ulica em energia mec\u00e2nica, permitindo que o sistema execute trabalho.<\/font><\/p>\n<p><font>P: Quais s\u00e3o os tipos de cilindros hidr\u00e1ulicos?<\/font><br \/>\n<font>R: Os cilindros hidr\u00e1ulicos podem ser classificados em v\u00e1rios tipos, incluindo cilindros hidr\u00e1ulicos de a\u00e7\u00e3o simples, cilindros hidr\u00e1ulicos de dupla a\u00e7\u00e3o, cilindros hidr\u00e1ulicos telesc\u00f3picos e cilindros hidr\u00e1ulicos do tipo moinho.<\/font><\/p>\n<p><font>P: Como voc\u00ea faz a manuten\u00e7\u00e3o de um cilindro hidr\u00e1ulico?<\/font><br \/>\n<font>R: A manuten\u00e7\u00e3o adequada envolve inspe\u00e7\u00e3o e limpeza regulares do cilindro para evitar contamina\u00e7\u00e3o.<\/font><\/p>\n<p><font>P: Como substituir um cilindro hidr\u00e1ulico?<\/font><br \/>\n<font>R: A substitui\u00e7\u00e3o adequada do cilindro envolve a inspe\u00e7\u00e3o, remo\u00e7\u00e3o e instala\u00e7\u00e3o adequadas do novo cilindro.<\/font><\/p>\n<p><font>P: Quais s\u00e3o as vantagens de um cilindro hidr\u00e1ulico?<\/font><br \/>\n<font>R: Os cilindros hidr\u00e1ulicos oferecem diversas vantagens, como efici\u00eancia energ\u00e9tica, alto desempenho e seguran\u00e7a.<\/font><\/p>","protected":false},"excerpt":{"rendered":"<p>All content on this page comes from the internet, and the content is only used as a reference for product selection. Our products are replacement parts rather than original spare parts; we are not the holder of the original trademark of the content. Our replacement parts can perfectly fit the original spare parts; if you [&hellip;]<\/p>","protected":false},"featured_media":4510,"template":"","meta":{"_et_pb_use_builder":"","_et_pb_old_content":"","_et_gb_content_width":""},"product_brand":[],"product_cat":[11327],"product_tag":[],"class_list":{"0":"post-4543","1":"product","2":"type-product","3":"status-publish","4":"has-post-thumbnail","6":"product_cat-telescopic-hydraulic-cylinder","8":"first","9":"instock","10":"shipping-taxable","11":"product-type-simple"},"_links":{"self":[{"href":"https:\/\/agricultural-gear-boxes.com\/pt\/wp-json\/wp\/v2\/product\/4543","targetHints":{"allow":["GET"]}}],"collection":[{"href":"https:\/\/agricultural-gear-boxes.com\/pt\/wp-json\/wp\/v2\/product"}],"about":[{"href":"https:\/\/agricultural-gear-boxes.com\/pt\/wp-json\/wp\/v2\/types\/product"}],"wp:featuredmedia":[{"embeddable":true,"href":"https:\/\/agricultural-gear-boxes.com\/pt\/wp-json\/wp\/v2\/media\/4510"}],"wp:attachment":[{"href":"https:\/\/agricultural-gear-boxes.com\/pt\/wp-json\/wp\/v2\/media?parent=4543"}],"wp:term":[{"taxonomy":"product_brand","embeddable":true,"href":"https:\/\/agricultural-gear-boxes.com\/pt\/wp-json\/wp\/v2\/product_brand?post=4543"},{"taxonomy":"product_cat","embeddable":true,"href":"https:\/\/agricultural-gear-boxes.com\/pt\/wp-json\/wp\/v2\/product_cat?post=4543"},{"taxonomy":"product_tag","embeddable":true,"href":"https:\/\/agricultural-gear-boxes.com\/pt\/wp-json\/wp\/v2\/product_tag?post=4543"}],"curies":[{"name":"wp","href":"https:\/\/api.w.org\/{rel}","templated":true}]}}