{"id":4548,"date":"2024-09-11T07:35:44","date_gmt":"2024-09-11T07:35:44","guid":{"rendered":"https:\/\/agricultural-gear-boxes.com\/product\/factory-customized-double-acting-multistage-20-ton-hydraulic-cylinder-for-dump-truck\/"},"modified":"2024-09-11T07:35:45","modified_gmt":"2024-09-11T07:35:45","slug":"factory-customized-double-acting-multistage-20-ton-hydraulic-cylinder-for-dump-truck","status":"publish","type":"product","link":"https:\/\/agricultural-gear-boxes.com\/pt\/product\/factory-customized-double-acting-multistage-20-ton-hydraulic-cylinder-for-dump-truck\/","title":{"rendered":"Cilindro hidr\u00e1ulico de dupla a\u00e7\u00e3o multiest\u00e1gio de 20 toneladas personalizado de f\u00e1brica para caminh\u00e3o basculante"},"content":{"rendered":"<p>Todo o conte\u00fado desta p\u00e1gina vem da internet e \u00e9 usado apenas como refer\u00eancia para sele\u00e7\u00e3o de produtos. Nossos produtos s\u00e3o pe\u00e7as de reposi\u00e7\u00e3o e n\u00e3o pe\u00e7as de reposi\u00e7\u00e3o originais. N\u00e3o somos detentores da marca registrada original do conte\u00fado. Nossos produtos s\u00e3o adequados apenas para pe\u00e7as de reposi\u00e7\u00e3o p\u00f3s-venda e n\u00e3o pe\u00e7as de reposi\u00e7\u00e3o originais. Nossas pe\u00e7as de reposi\u00e7\u00e3o podem se encaixar perfeitamente nas pe\u00e7as de reposi\u00e7\u00e3o originais. Se voc\u00ea precisar comprar pe\u00e7as de reposi\u00e7\u00e3o originais, entre em contato com a f\u00e1brica original para comprar. Se voc\u00ea precisar comprar pe\u00e7as de reposi\u00e7\u00e3o originais, entre em contato com o fornecedor original para comprar.<\/p>\n<p><h2>Cilindro hidr\u00e1ulico de dupla a\u00e7\u00e3o multiest\u00e1gio de 20 toneladas personalizado de f\u00e1brica para caminh\u00e3o basculante<\/h2><\/p>\n<p>O cilindro hidr\u00e1ulico de 20 toneladas, multiest\u00e1gio, de dupla a\u00e7\u00e3o e personalizado de f\u00e1brica \u00e9 um componente revolucion\u00e1rio projetado e constru\u00eddo para oficinas de reparo de m\u00e1quinas, fazendas, energia, minera\u00e7\u00e3o e ind\u00fastrias de fabrica\u00e7\u00e3o de m\u00e1quinas. Ele \u00e9 especialmente projetado para atender \u00e0s necessidades de opera\u00e7\u00e3o de m\u00e1quinas de alta pot\u00eancia de v\u00e1rias tarefas pesadas.<\/p>\n<p><img decoding=\"async\" src=\"https:\/\/img.jiansujichilun.com\/img\/hydrauliccylinders\/T_hydrauliccylinders-5.webp\" alt=\"Cen\u00e1rio de uso do cilindro hidr\u00e1ulico\" \/><\/p>\n<p><h3>Cen\u00e1rio de uso<\/h3><\/p>\n<p>Este cilindro hidr\u00e1ulico \u00e9 comumente usado em caminh\u00f5es basculantes para carga e descarga eficientes de materiais. Ele fornece a pot\u00eancia necess\u00e1ria para levantar e abaixar a ca\u00e7amba do caminh\u00e3o, tornando-o um componente essencial nas ind\u00fastrias de constru\u00e7\u00e3o, minera\u00e7\u00e3o e transporte.<\/p>\n<p><strong>Informa\u00e7\u00f5es adicionais:<\/strong><\/p>\n<ul>\n<li><strong>Hist\u00f3rico do produto:<\/strong> O cilindro hidr\u00e1ulico multiest\u00e1gio de dupla a\u00e7\u00e3o tem uma longa hist\u00f3ria de uso bem-sucedido em aplica\u00e7\u00f5es pesadas, demonstrando sua confiabilidade e durabilidade.<\/li>\n<li><strong>Classifica\u00e7\u00e3o do produto:<\/strong> Este cilindro hidr\u00e1ulico se enquadra na categoria de componentes hidr\u00e1ulicos de alta pot\u00eancia usados em m\u00e1quinas pesadas.<\/li>\n<li><strong>Vantagens do produto:<\/strong> The cylinder&#8217;s multistage design allows it to deliver high power while maintaining efficiency and safety. It is energy-efficient, high-performing, and made from high-quality steel for long-term durability.<\/li>\n<li><strong>Materiais utiliz\u00e1veis do produto:<\/strong> O corpo do cilindro \u00e9 feito de a\u00e7o, garantindo resist\u00eancia e resist\u00eancia a cargas pesadas e condi\u00e7\u00f5es de trabalho adversas.<\/li>\n<li><strong>Instala\u00e7\u00e3o, manuten\u00e7\u00e3o e reparo:<\/strong> Instala\u00e7\u00e3o adequada e manuten\u00e7\u00e3o regular s\u00e3o essenciais para desempenho ideal. Se algum reparo for necess\u00e1rio, \u00e9 recomendado consultar um t\u00e9cnico profissional.<\/li>\n<li><strong>Substitui\u00e7\u00e3o do produto:<\/strong> If a replacement is necessary, carefully follow the manufacturer&#8217;s instructions and consult an expert if needed.<\/li>\n<\/ul>\n<p><h3>Especifica\u00e7\u00f5es t\u00e9cnicas<\/h3><\/p>\n<ul>\n<li><strong>Doen\u00e7a:<\/strong> Novo<\/li>\n<li><strong>Garantia:<\/strong> 1 ano<\/li>\n<li><strong>Peso (KG):<\/strong> 27<\/li>\n<li><strong>Impulso m\u00e1ximo:<\/strong> 3000<\/li>\n<li><strong>Puxada M\u00e1xima:<\/strong> 20 toneladas<\/li>\n<li><strong>Padr\u00e3o ou n\u00e3o padr\u00e3o:<\/strong> Padr\u00e3o<\/li>\n<li><strong>Material do corpo:<\/strong> A\u00e7o<\/li>\n<\/ul>\n<p><strong>Dimens\u00f5es do produto:<\/strong><\/p>\n<table border=\"1\">\n<tr>\n<td>Tamanho do furo<\/td>\n<td>2-6 polegadas<\/td>\n<\/tr>\n<tr>\n<td>Tamanho da haste<\/td>\n<td>1,125-4 polegadas<\/td>\n<\/tr>\n<tr>\n<td>Tamanho do tra\u00e7o<\/td>\n<td>4-100 polegadas<\/td>\n<\/tr>\n<tr>\n<td>Tamanho do pino<\/td>\n<td>0,5-2 polegadas<\/td>\n<\/tr>\n<\/table>\n<p><h2>Ever-power: Seu parceiro confi\u00e1vel<\/h2><\/p>\n<p>Fundada em 2006, a Ever-power \u00e9 uma fornecedora e fabricante confi\u00e1vel de componentes hidr\u00e1ulicos de alta qualidade. Somos especializados em fornecer v\u00e1rias pe\u00e7as de reposi\u00e7\u00e3o para m\u00e1quinas industriais, incluindo engrenagens de pl\u00e1stico, caixas de engrenagens agr\u00edcolas, eixos de sa\u00edda de pot\u00eancia, rodas dentadas, acoplamentos hidr\u00e1ulicos, redutores de engrenagem sem-fim, cremalheiras de engrenagens, correntes remov\u00edveis, polias, caixas de engrenagens planet\u00e1rias, polias de sincroniza\u00e7\u00e3o e buchas. Nossos produtos s\u00e3o conhecidos por sua excelente qualidade, pre\u00e7os competitivos e servi\u00e7o excepcional.<\/p>\n<p><img decoding=\"async\" src=\"https:\/\/images.hzpt.com\/2024\/04\/unit-type-flexo-press-factory.webp\" alt=\"Produtos Ever-power\" \/><\/p>\n<p>Bem-vindos clientes para personalizar seus pedidos com desenhos e amostras. Entre em contato conosco hoje para todas as suas necessidades de componentes hidr\u00e1ulicos!<\/p>\n<p><h2>Perguntas frequentes<\/h2><\/p>\n<p><q>Voc\u00ea \u00e9 uma empresa comercial ou fabricante?<\/q><\/p>\n<p>N\u00f3s somos um fabricante.<\/p>\n<p><q>Quanto tempo demora a entrega?<\/q><\/p>\n<p>Geralmente, s\u00e3o de 25 a 35 dias.<\/p>\n<p><q>Voc\u00eas fornecem amostras?<\/q><\/p>\n<p>Yes, we could offer the sample, but it&#8217;s not free.<\/p>\n<p><q>Quais ind\u00fastrias podem usar este cilindro hidr\u00e1ulico?<\/q><\/p>\n<p>Este cilindro hidr\u00e1ulico \u00e9 adequado para oficinas de reparo de m\u00e1quinas, fazendas, ind\u00fastrias de energia e minera\u00e7\u00e3o e fabrica\u00e7\u00e3o de m\u00e1quinas.<\/p>\n<p><q>O cilindro hidr\u00e1ulico \u00e9 compat\u00edvel com outras m\u00e1quinas pesadas?<\/q><\/p>\n<p>Sim, este cilindro hidr\u00e1ulico pode ser usado em diversas m\u00e1quinas de servi\u00e7o pesado que exigem um cilindro hidr\u00e1ulico multiest\u00e1gio de dupla a\u00e7\u00e3o.<\/p>","protected":false},"excerpt":{"rendered":"<p>All the content on this page comes from the internet and is only used as a reference for product selection. Our products are replacement parts rather than original spare parts. We are not the holder of the original trademark of the content. Our products are only suitable for after-sales replacement parts rather than original spare [&hellip;]<\/p>","protected":false},"featured_media":4516,"template":"","meta":{"_et_pb_use_builder":"","_et_pb_old_content":"","_et_gb_content_width":""},"product_brand":[],"product_cat":[11327],"product_tag":[],"class_list":{"0":"post-4548","1":"product","2":"type-product","3":"status-publish","4":"has-post-thumbnail","6":"product_cat-telescopic-hydraulic-cylinder","8":"first","9":"instock","10":"shipping-taxable","11":"product-type-simple"},"_links":{"self":[{"href":"https:\/\/agricultural-gear-boxes.com\/pt\/wp-json\/wp\/v2\/product\/4548","targetHints":{"allow":["GET"]}}],"collection":[{"href":"https:\/\/agricultural-gear-boxes.com\/pt\/wp-json\/wp\/v2\/product"}],"about":[{"href":"https:\/\/agricultural-gear-boxes.com\/pt\/wp-json\/wp\/v2\/types\/product"}],"wp:featuredmedia":[{"embeddable":true,"href":"https:\/\/agricultural-gear-boxes.com\/pt\/wp-json\/wp\/v2\/media\/4516"}],"wp:attachment":[{"href":"https:\/\/agricultural-gear-boxes.com\/pt\/wp-json\/wp\/v2\/media?parent=4548"}],"wp:term":[{"taxonomy":"product_brand","embeddable":true,"href":"https:\/\/agricultural-gear-boxes.com\/pt\/wp-json\/wp\/v2\/product_brand?post=4548"},{"taxonomy":"product_cat","embeddable":true,"href":"https:\/\/agricultural-gear-boxes.com\/pt\/wp-json\/wp\/v2\/product_cat?post=4548"},{"taxonomy":"product_tag","embeddable":true,"href":"https:\/\/agricultural-gear-boxes.com\/pt\/wp-json\/wp\/v2\/product_tag?post=4548"}],"curies":[{"name":"wp","href":"https:\/\/api.w.org\/{rel}","templated":true}]}}