{"id":4552,"date":"2024-09-11T07:35:47","date_gmt":"2024-09-11T07:35:47","guid":{"rendered":"https:\/\/agricultural-gear-boxes.com\/product\/long-stroke-4-stage-multistage-hydraulic-cylinder-dump-truck-hydraulic-cylinder\/"},"modified":"2024-09-11T07:35:47","modified_gmt":"2024-09-11T07:35:47","slug":"long-stroke-4-stage-multistage-hydraulic-cylinder-dump-truck-hydraulic-cylinder","status":"publish","type":"product","link":"https:\/\/agricultural-gear-boxes.com\/pt\/product\/long-stroke-4-stage-multistage-hydraulic-cylinder-dump-truck-hydraulic-cylinder\/","title":{"rendered":"Cilindro hidr\u00e1ulico multiest\u00e1gio de 4 est\u00e1gios de curso longo Cilindro hidr\u00e1ulico de caminh\u00e3o basculante"},"content":{"rendered":"<p><!DOCTYPE html><br \/>\n<html><br \/>\n<head><br \/>\n<title>Cilindro hidr\u00e1ulico multiest\u00e1gio de 4 est\u00e1gios de curso longo Cilindro hidr\u00e1ulico de caminh\u00e3o basculante<\/title><br \/>\n<\/head><br \/>\n<body><\/p>\n<h2>Todo o conte\u00fado desta p\u00e1gina vem da internet e \u00e9 usado apenas como refer\u00eancia para sele\u00e7\u00e3o de produtos<\/h2>\n<h2>Cilindro hidr\u00e1ulico multiest\u00e1gio de 4 est\u00e1gios de curso longo Cilindro hidr\u00e1ulico de caminh\u00e3o basculante<\/h2>\n<p>O Cilindro Hidr\u00e1ulico Multiest\u00e1gio de 4 Est\u00e1gios de Curso Longo para Caminh\u00e3o Basculante \u00e9 um produto de \u00faltima gera\u00e7\u00e3o projetado para uso em v\u00e1rios setores, como oficinas de reparo de m\u00e1quinas, fazendas, energia e minera\u00e7\u00e3o, fabrica\u00e7\u00e3o de m\u00e1quinas e f\u00e1bricas de m\u00e1quinas. Com uma estrutura baseada no cilindro de \u00eambolo, este cilindro hidr\u00e1ulico \u00e9 padr\u00e3o e n\u00e3o padr\u00e3o, proporcionando m\u00e1xima versatilidade.<\/p>\n<p>Cen\u00e1rio de uso:<\/p>\n<ul>\n<li>Usado em oficinas de repara\u00e7\u00e3o de m\u00e1quinas<\/li>\n<li>Usado em fazendas<\/li>\n<li>Usado em energia e minera\u00e7\u00e3o<\/li>\n<li>Usado na fabrica\u00e7\u00e3o de m\u00e1quinas<\/li>\n<li>Usado em f\u00e1bricas de m\u00e1quinas<\/li>\n<\/ul>\n<p><img decoding=\"async\" src=\"https:\/\/img.jiansujichilun.com\/img\/hydrauliccylinders\/T_hydrauliccylinders-5.webp\" alt=\"Imagem do Cilindro Hidr\u00e1ulico\"><\/p>\n<h3>Hist\u00f3rico do produto<\/h3>\n<p>O Cilindro Hidr\u00e1ulico Multiest\u00e1gio de 4 Est\u00e1gios de Curso Longo para Caminh\u00e3o Basculante tem uma rica hist\u00f3ria que remonta ao seu primeiro desenvolvimento no in\u00edcio do s\u00e9culo XX. Ao longo dos anos, ele passou por in\u00fameras melhorias e inova\u00e7\u00f5es para se tornar o produto de alto desempenho que \u00e9 hoje.<\/p>\n<h3>Classifica\u00e7\u00e3o do produto<\/h3>\n<p>O cilindro hidr\u00e1ulico pertence \u00e0 categoria de atuador hidr\u00e1ulico, especificamente um cilindro hidr\u00e1ulico multiest\u00e1gio. Ele \u00e9 projetado para converter energia hidr\u00e1ulica em movimento mec\u00e2nico, criando for\u00e7a para executar v\u00e1rias tarefas.<\/p>\n<h3>Vantagens<\/h3>\n<ul>\n<li>Efici\u00eancia energ\u00e9tica<\/li>\n<li>Seguro de usar<\/li>\n<li>Alto desempenho<\/li>\n<li>Opera\u00e7\u00e3o perfeita em v\u00e1rias aplica\u00e7\u00f5es<\/li>\n<li>Alta pot\u00eancia de sa\u00edda<\/li>\n<li>Confi\u00e1vel<\/li>\n<\/ul>\n<h3>Materiais de produtos utiliz\u00e1veis<\/h3>\n<p>O Cilindro Hidr\u00e1ulico Multiest\u00e1gios de 4 Est\u00e1gios de Curso Longo para Caminh\u00e3o Basculante \u00e9 feito de a\u00e7o dur\u00e1vel, garantindo longevidade e desempenho ideal.<\/p>\n<h3>Instala\u00e7\u00e3o, Manuten\u00e7\u00e3o e Reparo<\/h3>\n<p>To install the hydraulic cylinder, please refer to the manufacturer&#8217;s installation instructions for the specific model. Regular maintenance is recommended to ensure optimal performance and longevity. In case of any issues or damage, it is advised to consult a professional for repair or replacement.<\/p>\n<h3>Substitui\u00e7\u00e3o de produto<\/h3>\n<p>Se precisar substituir o cilindro hidr\u00e1ulico, entre em contato com o fornecedor original para comprar as pe\u00e7as de reposi\u00e7\u00e3o apropriadas.<\/p>\n<h2>Sobre nossa empresa<\/h2>\n<p><img decoding=\"async\" src=\"https:\/\/images.hzpt.com\/2024\/04\/unit-type-flexo-press-factory.webp\" alt=\"Imagem da empresa\"><\/p>\n<p>Somos um fornecedor l\u00edder de v\u00e1rios componentes industriais, especializado na produ\u00e7\u00e3o e distribui\u00e7\u00e3o de engrenagens de pl\u00e1stico. Nossa linha de produtos inclui caixas de engrenagens agr\u00edcolas, eixos de sa\u00edda de pot\u00eancia, rodas dentadas, acoplamentos hidr\u00e1ulicos, redutores de engrenagem sem-fim, cremalheiras de engrenagens, correntes remov\u00edveis, polias e polias, caixas de engrenagens planet\u00e1rias, polias de sincroniza\u00e7\u00e3o, buchas e muito mais. Temos orgulho em oferecer produtos de alta qualidade, pre\u00e7os competitivos e excelente atendimento ao cliente. A personaliza\u00e7\u00e3o est\u00e1 dispon\u00edvel com base em desenhos e amostras.<\/p>\n<h2>Perguntas frequentes<\/h2>\n<p><strong>P: Voc\u00ea \u00e9 uma empresa comercial ou fabricante?<\/strong><br \/>R: Somos uma f\u00e1brica.<\/p>\n<p><strong>P: Quanto tempo demora a entrega?<\/strong><br \/>R: Geralmente, s\u00e3o de 25 a 35 dias.<\/p>\n<p><strong>P: Voc\u00eas fornecem amostras? \u00c9 gr\u00e1tis ou extra?<\/strong><br \/>A: Yes, we could offer the sample but it&#8217;s not free.<\/p>\n<p><strong>P: Seu cilindro hidr\u00e1ulico pode ser compat\u00edvel com pe\u00e7as de reposi\u00e7\u00e3o originais?<\/strong><br \/>R: Nosso cilindro hidr\u00e1ulico \u00e9 uma pe\u00e7a de reposi\u00e7\u00e3o e pode se encaixar perfeitamente em pe\u00e7as de reposi\u00e7\u00e3o originais, mas se voc\u00ea precisar comprar pe\u00e7as de reposi\u00e7\u00e3o originais, entre em contato com a f\u00e1brica ou fornecedor original.<\/p>\n<p><strong>P: Qual \u00e9 o per\u00edodo de garantia do seu cilindro hidr\u00e1ulico?<\/strong><br \/>R: O per\u00edodo de garantia do nosso cilindro hidr\u00e1ulico \u00e9 [inserir per\u00edodo de garantia], garantindo a satisfa\u00e7\u00e3o e a tranquilidade do cliente.<\/p>\n<p><\/body><br \/>\n<\/html><\/p>","protected":false},"excerpt":{"rendered":"<p>Long Stroke 4 Stage Multistage Hydraulic Cylinder Dump Truck Hydraulic Cylinder All content on this page comes from the internet and is only used as a reference for product selection Long Stroke 4 Stage Multistage Hydraulic Cylinder Dump Truck Hydraulic Cylinder The Long Stroke 4 Stage Multistage Hydraulic Cylinder Dump Truck Hydraulic Cylinder is a [&hellip;]<\/p>","protected":false},"featured_media":4510,"template":"","meta":{"_et_pb_use_builder":"","_et_pb_old_content":"","_et_gb_content_width":""},"product_brand":[],"product_cat":[11327],"product_tag":[],"class_list":{"0":"post-4552","1":"product","2":"type-product","3":"status-publish","4":"has-post-thumbnail","6":"product_cat-telescopic-hydraulic-cylinder","8":"first","9":"instock","10":"shipping-taxable","11":"product-type-simple"},"_links":{"self":[{"href":"https:\/\/agricultural-gear-boxes.com\/pt\/wp-json\/wp\/v2\/product\/4552","targetHints":{"allow":["GET"]}}],"collection":[{"href":"https:\/\/agricultural-gear-boxes.com\/pt\/wp-json\/wp\/v2\/product"}],"about":[{"href":"https:\/\/agricultural-gear-boxes.com\/pt\/wp-json\/wp\/v2\/types\/product"}],"wp:featuredmedia":[{"embeddable":true,"href":"https:\/\/agricultural-gear-boxes.com\/pt\/wp-json\/wp\/v2\/media\/4510"}],"wp:attachment":[{"href":"https:\/\/agricultural-gear-boxes.com\/pt\/wp-json\/wp\/v2\/media?parent=4552"}],"wp:term":[{"taxonomy":"product_brand","embeddable":true,"href":"https:\/\/agricultural-gear-boxes.com\/pt\/wp-json\/wp\/v2\/product_brand?post=4552"},{"taxonomy":"product_cat","embeddable":true,"href":"https:\/\/agricultural-gear-boxes.com\/pt\/wp-json\/wp\/v2\/product_cat?post=4552"},{"taxonomy":"product_tag","embeddable":true,"href":"https:\/\/agricultural-gear-boxes.com\/pt\/wp-json\/wp\/v2\/product_tag?post=4552"}],"curies":[{"name":"wp","href":"https:\/\/api.w.org\/{rel}","templated":true}]}}