{"id":4555,"date":"2024-09-11T07:35:47","date_gmt":"2024-09-11T07:35:47","guid":{"rendered":"https:\/\/agricultural-gear-boxes.com\/product\/factory-direct-sale-2-stage-double-acting-telescopic-hydraulic-cylinder\/"},"modified":"2024-09-11T07:35:48","modified_gmt":"2024-09-11T07:35:48","slug":"factory-direct-sale-2-stage-double-acting-telescopic-hydraulic-cylinder","status":"publish","type":"product","link":"https:\/\/agricultural-gear-boxes.com\/pt\/product\/factory-direct-sale-2-stage-double-acting-telescopic-hydraulic-cylinder\/","title":{"rendered":"Venda direta da f\u00e1brica Cilindro hidr\u00e1ulico telesc\u00f3pico de dupla a\u00e7\u00e3o de 2 est\u00e1gios"},"content":{"rendered":"<p><!DOCTYPE html><br \/>\n<html lang=\"en\"><br \/>\n<head><br \/>\n<meta charset=\"UTF-8\"><br \/>\n<title>Venda direta da f\u00e1brica Cilindro hidr\u00e1ulico telesc\u00f3pico de dupla a\u00e7\u00e3o de 2 est\u00e1gios<\/title><br \/>\n<\/head><br \/>\n<body><\/p>\n<h2>Vis\u00e3o geral do produto<\/h2>\n<p>Aviso Legal: O conte\u00fado a seguir \u00e9 proveniente da internet e \u00e9 fornecido apenas para fins de refer\u00eancia. Nossos produtos s\u00e3o pe\u00e7as de reposi\u00e7\u00e3o e n\u00e3o pe\u00e7as de reposi\u00e7\u00e3o originais. N\u00e3o somos detentores da marca registrada original do conte\u00fado. Nossas pe\u00e7as de reposi\u00e7\u00e3o se encaixam perfeitamente nas pe\u00e7as de reposi\u00e7\u00e3o originais. Se voc\u00ea precisar comprar pe\u00e7as de reposi\u00e7\u00e3o originais, entre em contato com a f\u00e1brica ou fornecedor original.<\/p>\n<p>Introducing the Factory Direct Sale 2 Stage Double Acting Telescopic Hydraulic Cylinder &#8211; the ultimate solution for all your high-pressure needs in various industries such as machinery repair shops, farms, energy &#038; mining, machinery manufacturing, and more. This hydraulic cylinder comes with a 1-year warranty and is designed to deliver optimum performance under extreme conditions.<\/p>\n<h2>Especifica\u00e7\u00f5es do produto<\/h2>\n<table border=\"1\">\n<tr>\n<td><strong>Tamanho do furo<\/strong><\/td>\n<td>2-6 polegadas<\/td>\n<\/tr>\n<tr>\n<td><strong>Tamanho da haste<\/strong><\/td>\n<td>1,125-4 polegadas<\/td>\n<\/tr>\n<tr>\n<td><strong>Tamanho do tra\u00e7o<\/strong><\/td>\n<td>4-100 polegadas<\/td>\n<\/tr>\n<tr>\n<td><strong>Tamanho do pino<\/strong><\/td>\n<td>0,5-2 polegadas<\/td>\n<\/tr>\n<tr>\n<td><strong>Portos<\/strong><\/td>\n<td>G\/SAE\/NPT\/M<\/td>\n<\/tr>\n<\/table>\n<h2>Caracter\u00edsticas e benef\u00edcios<\/h2>\n<ul>\n<li><strong>Efici\u00eancia:<\/strong> Este cilindro hidr\u00e1ulico foi projetado para alta efici\u00eancia, garantindo desempenho ideal em qualquer condi\u00e7\u00e3o.<\/li>\n<li><strong>Economia de energia:<\/strong> Ele opera com o m\u00ednimo de energia, economizando energia.<\/li>\n<p><img decoding=\"async\" src=\"https:\/\/www.ever-power.net\/wp-content\/uploads\/2023\/11\/telescopic-hydraulic-cylinder-12.webp\" alt=\"Cilindro Hidr\u00e1ulico Telesc\u00f3pico\" \/><\/p>\n<li><strong>Seguran\u00e7a:<\/strong> A seguran\u00e7a \u00e9 nossa maior prioridade. O equipamento \u00e9 projetado para operar com seguran\u00e7a mesmo em condi\u00e7\u00f5es de alta press\u00e3o.<\/li>\n<\/ul>\n<h2>Sistema hidr\u00e1ulico e seu princ\u00edpio de funcionamento<\/h2>\n<p>O sistema hidr\u00e1ulico opera no princ\u00edpio da press\u00e3o do fluido. Uma mudan\u00e7a na press\u00e3o em qualquer ponto de um fluido fechado \u00e9 transmitida sem diminui\u00e7\u00e3o para todos os pontos do fluido. Isso permite que o cilindro hidr\u00e1ulico execute sua tarefa de forma eficiente.<\/p>\n<h2>Aplica\u00e7\u00f5es<\/h2>\n<p>The hydraulic cylinder is widely used across various industries such as machinery repair shops, farms, energy &#038; mining, machinery manufacturing, and more.<\/p>\n<h2>Experimente nossa f\u00e1brica de RV<\/h2>\n<p>Convidamos voc\u00ea a fazer um tour virtual em nossa f\u00e1brica. Clique <a href=\"https:\/\/v.holoworld.com.cn\/v\/virtualbuy.html?id=78a76263-47ab-485f-b978-0dafacfb4096\" target=\"_blank\" rel=\"noopener\">aqui<\/a> para come\u00e7ar seu passeio.<\/p>\n<h2>Cilindros Hidr\u00e1ulicos e Unidades de Pot\u00eancia<\/h2>\n<p>O cilindro hidr\u00e1ulico e a unidade de pot\u00eancia s\u00e3o partes indispens\u00e1veis do sistema hidr\u00e1ulico. Sua sinergia garante a ampla aplica\u00e7\u00e3o da tecnologia hidr\u00e1ulica no campo industrial, fornecendo energia confi\u00e1vel e suporte de controle para v\u00e1rios equipamentos mec\u00e2nicos e de engenharia. O cilindro hidr\u00e1ulico, como atuador, \u00e9 respons\u00e1vel por converter energia hidr\u00e1ulica em movimento mec\u00e2nico, convertendo press\u00e3o em for\u00e7a, enquanto a unidade de pot\u00eancia \u00e9 o n\u00facleo que fornece a energia e os sinais de controle exigidos pelo sistema hidr\u00e1ulico. A coordena\u00e7\u00e3o e coopera\u00e7\u00e3o entre os dois fazem o sistema hidr\u00e1ulico funcionar normalmente.<\/p>\n<p>Tamb\u00e9m fornecemos unidades de energia para venda na Ever-power.<\/p>\n<h2>Sobre Ever-power<\/h2>\n<p>Fundada em 2006, a Ever-power \u00e9 uma fabricante e exportadora l\u00edder de cilindros hidr\u00e1ulicos. Somos altamente conceituados entre nossos clientes em todo o mundo por nossos produtos de qualidade superior e excelentes servi\u00e7os.<\/p>\n<p><img decoding=\"async\" src=\"https:\/\/images.hzpt.com\/2024\/04\/unit-type-flexo-press-factory.webp\" alt=\"Produtos da empresa\" \/><\/p>\n<p>N\u00f3s fornecemos principalmente v\u00e1rias engrenagens de pl\u00e1stico para uso industrial, como caixas de engrenagens agr\u00edcolas, eixos de sa\u00edda de pot\u00eancia, rodas dentadas, acoplamentos hidr\u00e1ulicos, redutores de engrenagem sem-fim, cremalheiras de engrenagens, correntes remov\u00edveis, polias, caixas de engrenagens planet\u00e1rias, polias de sincroniza\u00e7\u00e3o, buchas e muito mais. Nossos produtos s\u00e3o conhecidos por sua alta qualidade, pre\u00e7os competitivos e servi\u00e7os atenciosos. Tamb\u00e9m oferecemos servi\u00e7os de personaliza\u00e7\u00e3o com base em desenhos e amostras.<\/p>\n<h2>Perguntas frequentes<\/h2>\n<p><strong>P: Voc\u00ea \u00e9 uma empresa comercial ou um fabricante?<\/strong><br \/>\nR: Somos um fabricante.<\/p>\n<p><strong>P: Quanto tempo demora a entrega?<\/strong><br \/>\nR: Geralmente, s\u00e3o de 25 a 35 dias.<\/p>\n<p><strong>P: Voc\u00eas fornecem amostras? Elas s\u00e3o gratuitas ou extras?<\/strong><br \/>\nA: Yes, we could offer the sample but it&#8217;s not free.<\/p>\n<p><strong>P: Como posso comprar suas pe\u00e7as de reposi\u00e7\u00e3o originais?<\/strong><br \/>\nR: Para pe\u00e7as de reposi\u00e7\u00e3o originais, entre em contato com a respectiva f\u00e1brica ou fornecedor original.<\/p>\n<p><strong>P: Como fa\u00e7o para instalar, manter e reparar o cilindro hidr\u00e1ulico?<\/strong><br \/>\nR: Para obter instru\u00e7\u00f5es de instala\u00e7\u00e3o, manuten\u00e7\u00e3o e reparo, consulte o manual do produto fornecido com o cilindro hidr\u00e1ulico ou consulte nossa equipe de suporte t\u00e9cnico.<\/p>\n<p><img decoding=\"async\" src=\"https:\/\/www.ever-power.net\/wp-content\/uploads\/2023\/11\/telescopic-hydraulic-cylinder-7.webp\" alt=\"Cilindro Hidr\u00e1ulico Telesc\u00f3pico\" \/><\/p>\n<p>Explore nossa gama de <a href=\"https:\/\/www.ever-power.net\/product-category\/hydraulic-system\/hydraulic-cylinder\/\" target=\"_blank\" rel=\"noopener\"><b>cilindros hidr\u00e1ulicos<\/b><\/a> e entre em contato conosco para fazer uma compra hoje mesmo!<\/p>\n<h2>Outros neg\u00f3cios de produtos<\/h2>\n<p>Al\u00e9m de cilindros hidr\u00e1ulicos, oferecemos uma ampla gama de produtos industriais. Nossa linha de produtos inclui caixas de engrenagens agr\u00edcolas, eixos de sa\u00edda de pot\u00eancia, rodas dentadas, acoplamentos hidr\u00e1ulicos, redutores de engrenagem sem-fim, cremalheiras de engrenagens, correntes remov\u00edveis, polias, caixas de engrenagens planet\u00e1rias, polias de sincroniza\u00e7\u00e3o, buchas e muito mais. Temos orgulho em fornecer produtos de alta qualidade, pre\u00e7os competitivos e excelente atendimento ao cliente. Damos as boas-vindas aos clientes para personalizar os produtos com base em seus requisitos espec\u00edficos, sejam desenhos ou amostras.<\/p>\n<p><img decoding=\"async\" src=\"https:\/\/images.hzpt.com\/2024\/04\/unit-type-flexo-press-factory.webp\" alt=\"Produtos da empresa\" \/><\/p>\n<h2>Perguntas e Respostas<\/h2>\n<p><strong>P: Quais ind\u00fastrias podem se beneficiar do Cilindro Hidr\u00e1ulico Telesc\u00f3pico de Dupla A\u00e7\u00e3o de 2 Est\u00e1gios de Venda Direta da F\u00e1brica?<\/strong><br \/>\nA: The hydraulic cylinder is suitable for various industries including machinery repair shops, farms, energy &#038; mining, and machinery manufacturing.<\/p>\n<p><strong>P: O cilindro hidr\u00e1ulico pode economizar energia?<\/strong><br \/>\nR: Sim, o cilindro hidr\u00e1ulico opera com pot\u00eancia m\u00ednima, resultando em economia de energia.<\/p>\n<p><strong>P: Como funciona o sistema hidr\u00e1ulico?<\/strong><br \/>\nR: O sistema hidr\u00e1ulico depende da press\u00e3o do fluido para transmitir for\u00e7a e executar tarefas mec\u00e2nicas.<\/p>\n<p><strong>P: Posso fazer um tour virtual pela sua f\u00e1brica?<\/strong><br \/>\nR: Sim, oferecemos um tour virtual em nossa f\u00e1brica. Clique em <a href=\"https:\/\/v.holoworld.com.cn\/v\/virtualbuy.html?id=78a76263-47ab-485f-b978-0dafacfb4096\" target=\"_blank\" rel=\"noopener\">aqui<\/a> para come\u00e7ar o passeio.<\/p>\n<p><strong>P: Voc\u00eas oferecem servi\u00e7os de personaliza\u00e7\u00e3o para seus produtos?<\/strong><br \/>\nA: Yes, we provide customization services based on drawings and samples to meet customers&#8217; specific requirements.<\/p>\n<p><\/body><br \/>\n<\/html><\/p>","protected":false},"excerpt":{"rendered":"<p>Factory Direct Sale 2 Stage Double Acting Telescopic Hydraulic Cylinder Product Overview Disclaimer: The following content is sourced from the internet and is provided for reference purposes only. Our products are replacement parts and not original spare parts. We are not the holder of the original trademark of the content. Our replacement parts perfectly fit [&hellip;]<\/p>","protected":false},"featured_media":4522,"template":"","meta":{"_et_pb_use_builder":"","_et_pb_old_content":"","_et_gb_content_width":""},"product_brand":[],"product_cat":[11327],"product_tag":[],"class_list":{"0":"post-4555","1":"product","2":"type-product","3":"status-publish","4":"has-post-thumbnail","6":"product_cat-telescopic-hydraulic-cylinder","8":"first","9":"instock","10":"shipping-taxable","11":"product-type-simple"},"_links":{"self":[{"href":"https:\/\/agricultural-gear-boxes.com\/pt\/wp-json\/wp\/v2\/product\/4555","targetHints":{"allow":["GET"]}}],"collection":[{"href":"https:\/\/agricultural-gear-boxes.com\/pt\/wp-json\/wp\/v2\/product"}],"about":[{"href":"https:\/\/agricultural-gear-boxes.com\/pt\/wp-json\/wp\/v2\/types\/product"}],"wp:featuredmedia":[{"embeddable":true,"href":"https:\/\/agricultural-gear-boxes.com\/pt\/wp-json\/wp\/v2\/media\/4522"}],"wp:attachment":[{"href":"https:\/\/agricultural-gear-boxes.com\/pt\/wp-json\/wp\/v2\/media?parent=4555"}],"wp:term":[{"taxonomy":"product_brand","embeddable":true,"href":"https:\/\/agricultural-gear-boxes.com\/pt\/wp-json\/wp\/v2\/product_brand?post=4555"},{"taxonomy":"product_cat","embeddable":true,"href":"https:\/\/agricultural-gear-boxes.com\/pt\/wp-json\/wp\/v2\/product_cat?post=4555"},{"taxonomy":"product_tag","embeddable":true,"href":"https:\/\/agricultural-gear-boxes.com\/pt\/wp-json\/wp\/v2\/product_tag?post=4555"}],"curies":[{"name":"wp","href":"https:\/\/api.w.org\/{rel}","templated":true}]}}