{"id":4556,"date":"2024-09-11T07:35:48","date_gmt":"2024-09-11T07:35:48","guid":{"rendered":"https:\/\/agricultural-gear-boxes.com\/product\/factory-direct-sale-hydraulic-telescope-cylinder-dump-truck-multistage-hydraulic-cylinder\/"},"modified":"2024-09-11T07:35:48","modified_gmt":"2024-09-11T07:35:48","slug":"factory-direct-sale-hydraulic-telescope-cylinder-dump-truck-multistage-hydraulic-cylinder","status":"publish","type":"product","link":"https:\/\/agricultural-gear-boxes.com\/pt\/product\/factory-direct-sale-hydraulic-telescope-cylinder-dump-truck-multistage-hydraulic-cylinder\/","title":{"rendered":"Venda direta da f\u00e1brica Cilindro de telesc\u00f3pio hidr\u00e1ulico Cilindro hidr\u00e1ulico multiest\u00e1gio de caminh\u00e3o basculante"},"content":{"rendered":"<p>Todo o conte\u00fado desta p\u00e1gina vem da Internet, e o conte\u00fado \u00e9 usado apenas como refer\u00eancia para sele\u00e7\u00e3o de produtos. Nossos produtos s\u00e3o pe\u00e7as de reposi\u00e7\u00e3o em vez de pe\u00e7as de reposi\u00e7\u00e3o originais; n\u00e3o somos detentores da marca registrada original do conte\u00fado. Nossos produtos s\u00e3o adequados apenas para pe\u00e7as de reposi\u00e7\u00e3o p\u00f3s-venda em vez de pe\u00e7as de reposi\u00e7\u00e3o originais. Nossas pe\u00e7as de reposi\u00e7\u00e3o podem se encaixar perfeitamente nas pe\u00e7as de reposi\u00e7\u00e3o originais; se voc\u00ea precisar comprar pe\u00e7as de reposi\u00e7\u00e3o originais, entre em contato com a f\u00e1brica original para comprar. Se voc\u00ea precisar comprar pe\u00e7as de reposi\u00e7\u00e3o originais, entre em contato com o fornecedor original para comprar.<\/p>\n<p><h2>Venda direta da f\u00e1brica Cilindro de telesc\u00f3pio hidr\u00e1ulico Cilindro hidr\u00e1ulico multiest\u00e1gio de caminh\u00e3o basculante<\/h2><\/p>\n<p>O cilindro hidr\u00e1ulico telesc\u00f3pico multiest\u00e1gio do caminh\u00e3o basculante \u00e9 um dispositivo vers\u00e1til e robusto que oferece excelente desempenho, efici\u00eancia e durabilidade. Ele \u00e9 projetado com aten\u00e7\u00e3o meticulosa aos detalhes, garantindo desempenho ideal e confiabilidade de longo prazo. Seu design exclusivo e constru\u00e7\u00e3o robusta o tornam a escolha ideal para aplica\u00e7\u00f5es industriais exigentes.<\/p>\n<p>This hydraulic cylinder is widely used in machinery repair shops, farms, energy &#038; mining, and machinery manufacturing. It plays a critical role in the operation of heavy-duty machinery and equipment in these industries. The cylinder&#8217;s common usage scenarios include dump trucks, excavators, bulldozers, and loaders. It can also be applied to hydraulic presses, hydraulic jacks, and hydraulic lifts.<\/p>\n<p><img decoding=\"async\" src=\"https:\/\/img.jiansujichilun.com\/img\/hydrauliccylinders\/T_hydrauliccylinders-5.webp\" alt=\"Cen\u00e1rio de uso do cilindro hidr\u00e1ulico\" \/><\/p>\n<p>O cilindro hidr\u00e1ulico tem uma longa hist\u00f3ria e pode ser dividido em cilindros de a\u00e7\u00e3o simples, cilindros de a\u00e7\u00e3o dupla, cilindros telesc\u00f3picos e cilindros rotativos de acordo com suas caracter\u00edsticas estruturais. O cilindro hidr\u00e1ulico multiest\u00e1gio \u00e9 um tipo de cilindro telesc\u00f3pico, que pode atingir um curso longo com um comprimento retra\u00eddo curto. Ele tem as vantagens de tamanho pequeno, alta resist\u00eancia e bom desempenho de veda\u00e7\u00e3o.<\/p>\n<p>O cilindro hidr\u00e1ulico \u00e9 normalmente feito de a\u00e7o de alta resist\u00eancia, liga de alum\u00ednio ou lat\u00e3o. Para garantir o melhor desempenho, \u00e9 essencial instalar, manter e reparar o cilindro hidr\u00e1ulico corretamente. A instala\u00e7\u00e3o do cilindro hidr\u00e1ulico deve ser realizada por um profissional, e o sistema hidr\u00e1ulico deve ser lavado antes da instala\u00e7\u00e3o para remover impurezas. A manuten\u00e7\u00e3o regular pode prolongar a vida \u00fatil do cilindro hidr\u00e1ulico, e o cilindro deve ser verificado periodicamente quanto a vazamento de \u00f3leo e desgaste. Em caso de danos, o cilindro pode ser substitu\u00eddo desparafusando o cabe\u00e7ote do cilindro e puxando a haste do pist\u00e3o danificada.<\/p>\n<p><h3>Vantagens do Cilindro Hidr\u00e1ulico<\/h3><\/p>\n<ul>\n<li>Efici\u00eancia energ\u00e9tica superior<\/li>\n<li>Alto desempenho<\/li>\n<li>M\u00e1xima seguran\u00e7a<\/li>\n<li>Tamanho pequeno<\/li>\n<li>Alta resist\u00eancia<\/li>\n<li>Bom desempenho de veda\u00e7\u00e3o<\/li>\n<\/ul>\n<p>Se voc\u00ea est\u00e1 procurando por cilindros hidr\u00e1ulicos de alta qualidade, a Ever-power est\u00e1 aqui para ajudar. Oferecemos uma ampla gama de cilindros hidr\u00e1ulicos que atendem a todas as suas necessidades industriais. Nossos produtos s\u00e3o feitos de materiais de alta qualidade e passam por rigorosos procedimentos de controle de qualidade para garantir a melhor qualidade. Tamb\u00e9m oferecemos unidades de energia para venda.<\/p>\n<p><img decoding=\"async\" src=\"https:\/\/www.ever-power.net\/wp-content\/uploads\/2023\/11\/hydraulic-cylinder-workshop-2.webp\" alt=\"Oficina de Cilindros Hidr\u00e1ulicos\" \/><\/p>\n<p>Al\u00e9m de cilindros hidr\u00e1ulicos, fornecemos principalmente v\u00e1rias engrenagens de pl\u00e1stico para uso industrial, como caixas de engrenagens agr\u00edcolas, eixos de sa\u00edda de pot\u00eancia, rodas dentadas, acoplamentos hidr\u00e1ulicos, redutores de engrenagem sem-fim, cremalheiras de engrenagens, correntes remov\u00edveis, polias e polias, caixas de engrenagens planet\u00e1rias, polias de sincroniza\u00e7\u00e3o, buchas, etc. Nossos produtos s\u00e3o de alta qualidade e oferecemos pre\u00e7os preferenciais e servi\u00e7os atenciosos. Damos as boas-vindas aos clientes para personalizar com desenhos e amostras.<\/p>\n<p><img decoding=\"async\" src=\"https:\/\/images.hzpt.com\/2024\/04\/unit-type-flexo-press-factory.webp\" alt=\"Outros produtos\" \/><\/p>\n<p><h2>Perguntas frequentes<\/h2><\/p>\n<p><b>P: O que \u00e9 um cilindro hidr\u00e1ulico?<\/b><br \/>R: Um cilindro hidr\u00e1ulico \u00e9 um atuador mec\u00e2nico que converte energia hidr\u00e1ulica em energia mec\u00e2nica para produzir movimento linear.<\/p>\n<p><b>P: Quais s\u00e3o as vantagens de um cilindro hidr\u00e1ulico?<\/b><br \/>R: As vantagens de um cilindro hidr\u00e1ulico s\u00e3o efici\u00eancia energ\u00e9tica superior, alto desempenho e seguran\u00e7a m\u00e1xima. \u00c9 pequeno em tamanho, alta resist\u00eancia e tem bom desempenho de veda\u00e7\u00e3o.<\/p>\n<p><b>P: Quais s\u00e3o os cen\u00e1rios de uso comuns de um cilindro hidr\u00e1ulico?<\/b><br \/>R: Os cen\u00e1rios de uso comuns de um cilindro hidr\u00e1ulico incluem caminh\u00f5es basculantes, escavadeiras, tratores, carregadeiras, prensas hidr\u00e1ulicas, macacos hidr\u00e1ulicos e elevadores hidr\u00e1ulicos.<\/p>\n<p><b>P: De que materiais s\u00e3o feitos os cilindros hidr\u00e1ulicos?<\/b><br \/>R: Os cilindros hidr\u00e1ulicos s\u00e3o normalmente feitos de a\u00e7o de alta resist\u00eancia, liga de alum\u00ednio ou lat\u00e3o.<\/p>\n<p><b>P: Como devo instalar, manter e reparar um cilindro hidr\u00e1ulico?<\/b><br \/>R: A instala\u00e7\u00e3o do cilindro hidr\u00e1ulico deve ser realizada por um profissional, e o sistema hidr\u00e1ulico deve ser lavado antes da instala\u00e7\u00e3o para remover impurezas. A manuten\u00e7\u00e3o regular pode prolongar a vida \u00fatil do cilindro hidr\u00e1ulico, e o cilindro deve ser verificado periodicamente quanto a vazamento de \u00f3leo e desgaste. Em caso de danos, o cilindro pode ser substitu\u00eddo desparafusando o cabe\u00e7ote do cilindro e puxando a haste do pist\u00e3o danificada.<\/p>","protected":false},"excerpt":{"rendered":"<p>All the content on this page comes from the Internet, and the content is only used as a reference for product selection. Our products are replacement parts rather than original spare parts; we are not the holder of the original trademark of the content. Our products are only suitable for after-sales replacement parts rather than [&hellip;]<\/p>","protected":false},"featured_media":4506,"template":"","meta":{"_et_pb_use_builder":"","_et_pb_old_content":"","_et_gb_content_width":""},"product_brand":[],"product_cat":[11327],"product_tag":[],"class_list":{"0":"post-4556","1":"product","2":"type-product","3":"status-publish","4":"has-post-thumbnail","6":"product_cat-telescopic-hydraulic-cylinder","8":"first","9":"instock","10":"shipping-taxable","11":"product-type-simple"},"_links":{"self":[{"href":"https:\/\/agricultural-gear-boxes.com\/pt\/wp-json\/wp\/v2\/product\/4556","targetHints":{"allow":["GET"]}}],"collection":[{"href":"https:\/\/agricultural-gear-boxes.com\/pt\/wp-json\/wp\/v2\/product"}],"about":[{"href":"https:\/\/agricultural-gear-boxes.com\/pt\/wp-json\/wp\/v2\/types\/product"}],"wp:featuredmedia":[{"embeddable":true,"href":"https:\/\/agricultural-gear-boxes.com\/pt\/wp-json\/wp\/v2\/media\/4506"}],"wp:attachment":[{"href":"https:\/\/agricultural-gear-boxes.com\/pt\/wp-json\/wp\/v2\/media?parent=4556"}],"wp:term":[{"taxonomy":"product_brand","embeddable":true,"href":"https:\/\/agricultural-gear-boxes.com\/pt\/wp-json\/wp\/v2\/product_brand?post=4556"},{"taxonomy":"product_cat","embeddable":true,"href":"https:\/\/agricultural-gear-boxes.com\/pt\/wp-json\/wp\/v2\/product_cat?post=4556"},{"taxonomy":"product_tag","embeddable":true,"href":"https:\/\/agricultural-gear-boxes.com\/pt\/wp-json\/wp\/v2\/product_tag?post=4556"}],"curies":[{"name":"wp","href":"https:\/\/api.w.org\/{rel}","templated":true}]}}