{"id":4558,"date":"2024-09-11T07:35:49","date_gmt":"2024-09-11T07:35:49","guid":{"rendered":"https:\/\/agricultural-gear-boxes.com\/product\/premium-quality-5-stage-telescopic-hydraulic-cylinder-double-acting-hydraulic-cylinder\/"},"modified":"2024-09-11T07:35:49","modified_gmt":"2024-09-11T07:35:49","slug":"premium-quality-5-stage-telescopic-hydraulic-cylinder-double-acting-hydraulic-cylinder","status":"publish","type":"product","link":"https:\/\/agricultural-gear-boxes.com\/pt\/product\/premium-quality-5-stage-telescopic-hydraulic-cylinder-double-acting-hydraulic-cylinder\/","title":{"rendered":"Cilindro hidr\u00e1ulico telesc\u00f3pico de 5 est\u00e1gios de qualidade premium Cilindro hidr\u00e1ulico de dupla a\u00e7\u00e3o"},"content":{"rendered":"<p>Todo o conte\u00fado desta p\u00e1gina \u00e9 proveniente da internet e se destina apenas como refer\u00eancia para sele\u00e7\u00e3o de produtos. Nossos produtos s\u00e3o pe\u00e7as de reposi\u00e7\u00e3o e n\u00e3o pe\u00e7as de reposi\u00e7\u00e3o originais. N\u00e3o somos detentores da marca registrada original do conte\u00fado. Nossas pe\u00e7as de reposi\u00e7\u00e3o podem se encaixar perfeitamente nas pe\u00e7as de reposi\u00e7\u00e3o originais, mas se voc\u00ea precisar de pe\u00e7as de reposi\u00e7\u00e3o originais, entre em contato com a f\u00e1brica ou fornecedor original para compra.<\/p>\n<h2>Cilindro Hidr\u00e1ulico Telesc\u00f3pico de 5 Est\u00e1gios de Qualidade Premium<\/h2>\n<p>Experience the power of precision with our premium quality 5 stage telescopic hydraulic cylinder. This hydraulic cylinder is designed for double action and is an indispensable component for your machinery. It is suitable for various industries such as machinery repair shops, farms, energy &#038; mining, machinery manufacturing, and machinery factories.<\/p>\n<p>Cen\u00e1rios de uso comuns:<\/p>\n<ul>\n<li>Repara\u00e7\u00e3o e manuten\u00e7\u00e3o de m\u00e1quinas pesadas<\/li>\n<li>Equipamento agr\u00edcola<\/li>\n<li>M\u00e1quinas para minera\u00e7\u00e3o e constru\u00e7\u00e3o<\/li>\n<li>Linhas de fabrica\u00e7\u00e3o e produ\u00e7\u00e3o<\/li>\n<li>M\u00e1quinas industriais<\/li>\n<\/ul>\n<p><img decoding=\"async\" src=\"https:\/\/img.jiansujichilun.com\/img\/hydrauliccylinders\/T_hydrauliccylinders-5.webp\" alt=\"Cilindro Hidr\u00e1ulico Telesc\u00f3pico\" \/><\/p>\n<h2>Hist\u00f3rico do produto<\/h2>\n<p>O cilindro hidr\u00e1ulico telesc\u00f3pico de 5 est\u00e1gios tem uma longa hist\u00f3ria e tem sido amplamente usado em v\u00e1rias ind\u00fastrias por muitos anos. Seu design evoluiu ao longo do tempo para melhorar o desempenho e a durabilidade.<\/p>\n<h2>Classifica\u00e7\u00e3o do produto<\/h2>\n<p>O cilindro hidr\u00e1ulico telesc\u00f3pico de 5 est\u00e1gios pertence \u00e0 categoria de cilindros hidr\u00e1ulicos de dupla a\u00e7\u00e3o. Ele \u00e9 projetado especificamente para fornecer for\u00e7a de empurrar e puxar para sua m\u00e1quina.<\/p>\n<h2>Vantagens do Cilindro Hidr\u00e1ulico Telesc\u00f3pico de 5 Est\u00e1gios<\/h2>\n<ul>\n<li>Efici\u00eancia energ\u00e9tica: Nosso cilindro hidr\u00e1ulico fornece pot\u00eancia m\u00e1xima com consumo m\u00ednimo de energia.<\/li>\n<li>Altamente eficiente: com um empuxo m\u00e1ximo de 3.000 e uma tra\u00e7\u00e3o m\u00e1xima de 20 toneladas, garante um desempenho superior.<\/li>\n<li>Seguro: Atende \u00e0 certifica\u00e7\u00e3o ISO9001:2000, garantindo que atenda a todos os padr\u00f5es de seguran\u00e7a.<\/li>\n<li>Materiais de alta qualidade: feitos de materiais dur\u00e1veis e confi\u00e1veis para suportar aplica\u00e7\u00f5es pesadas.<\/li>\n<li>F\u00e1cil instala\u00e7\u00e3o e manuten\u00e7\u00e3o: Projetado para instala\u00e7\u00e3o e manuten\u00e7\u00e3o sem complica\u00e7\u00f5es para minimizar o tempo de inatividade.<\/li>\n<\/ul>\n<h2>Materiais do produto<\/h2>\n<p>O cilindro hidr\u00e1ulico telesc\u00f3pico de 5 est\u00e1gios \u00e9 constru\u00eddo usando materiais de alta qualidade, como a\u00e7o e outras ligas. Esses materiais garantem durabilidade e resist\u00eancia, permitindo que o cilindro suporte altas press\u00f5es e cargas pesadas.<\/p>\n<h2>Instala\u00e7\u00e3o, Manuten\u00e7\u00e3o e Reparo<\/h2>\n<p>Installation: The hydraulic cylinder should be installed according to the manufacturer&#8217;s guidelines. Proper alignment and secure fastening are essential for optimal performance.<\/p>\n<p>Manuten\u00e7\u00e3o: Inspe\u00e7\u00e3o e lubrifica\u00e7\u00e3o regulares s\u00e3o necess\u00e1rias para garantir uma opera\u00e7\u00e3o suave. Quaisquer sinais de desgaste ou danos devem ser tratados imediatamente para evitar problemas futuros.<\/p>\n<p>Reparo: Em caso de danos ou mau funcionamento, deve-se procurar assist\u00eancia profissional. Tentar consertar o cilindro hidr\u00e1ulico sem conhecimento e equipamento adequados pode resultar em danos maiores.<\/p>\n<h2>Substitui\u00e7\u00e3o de produto<\/h2>\n<p>When replacing the 5 stage telescopic hydraulic cylinder, it is important to choose the appropriate replacement part that matches the specifications of your machinery. Carefully follow the manufacturer&#8217;s instructions for a seamless replacement process.<\/p>\n<h2>Outros produtos da nossa empresa<\/h2>\n<p>Nossa empresa \u00e9 especializada no fornecimento de v\u00e1rias engrenagens pl\u00e1sticas industriais, incluindo caixas de engrenagens agr\u00edcolas, eixos de sa\u00edda de pot\u00eancia, rodas dentadas, acoplamentos hidr\u00e1ulicos, redutores de engrenagem sem-fim, cremalheiras de engrenagens, correntes remov\u00edveis, polias, caixas de engrenagens planet\u00e1rias, polias de sincroniza\u00e7\u00e3o e buchas. Oferecemos produtos de alta qualidade a pre\u00e7os competitivos e fornecemos servi\u00e7os de personaliza\u00e7\u00e3o com base em desenhos e amostras.<\/p>\n<p><img decoding=\"async\" src=\"https:\/\/images.hzpt.com\/2024\/04\/unit-type-flexo-press-factory.webp\" alt=\"Engrenagens de pl\u00e1stico\" \/><\/p>\n<h2>Perguntas frequentes<\/h2>\n<p><b>P: Quanto tempo demora a entrega?<\/b><br \/>R: Nosso prazo t\u00edpico de entrega \u00e9 de 25 a 35 dias.<\/p>\n<p><b>P: Voc\u00eas fornecem amostras?<\/b><br \/>R: Sim, oferecemos amostras a um custo.<\/p>\n<p><b>P: Voc\u00eas podem produzir de acordo com amostras ou desenhos t\u00e9cnicos?<\/b><br \/>R: Sim, podemos produzir com base em suas amostras ou desenhos t\u00e9cnicos. Temos a capacidade de construir moldes e fixa\u00e7\u00f5es.<\/p>\n<p><b>P: Suas pe\u00e7as de reposi\u00e7\u00e3o s\u00e3o compat\u00edveis com as pe\u00e7as de reposi\u00e7\u00e3o originais?<\/b><br \/>R: Sim, nossas pe\u00e7as de reposi\u00e7\u00e3o s\u00e3o projetadas para se encaixar perfeitamente nas pe\u00e7as de reposi\u00e7\u00e3o originais da m\u00e1quina.<\/p>\n<p><b>P: Como posso entrar em contato com sua empresa para obter mais informa\u00e7\u00f5es ou fazer um pedido?<\/b><br \/>R: Sinta-se \u00e0 vontade para entrar em contato conosco atrav\u00e9s do nosso site ou pelas informa\u00e7\u00f5es de contato fornecidas. Nossa equipe dedicada ajudar\u00e1 voc\u00ea com quaisquer perguntas e ajudar\u00e1 voc\u00ea a fazer seu pedido.<\/p>","protected":false},"excerpt":{"rendered":"<p>All the content on this page is sourced from the internet and is only intended as a reference for product selection. Our products are replacement parts and not original spare parts. We are not the holder of the original trademark of the content. Our replacement parts can perfectly fit the original spare parts, but if [&hellip;]<\/p>","protected":false},"featured_media":4557,"template":"","meta":{"_et_pb_use_builder":"","_et_pb_old_content":"","_et_gb_content_width":""},"product_brand":[],"product_cat":[11327],"product_tag":[],"class_list":{"0":"post-4558","1":"product","2":"type-product","3":"status-publish","4":"has-post-thumbnail","6":"product_cat-telescopic-hydraulic-cylinder","8":"first","9":"instock","10":"shipping-taxable","11":"product-type-simple"},"_links":{"self":[{"href":"https:\/\/agricultural-gear-boxes.com\/pt\/wp-json\/wp\/v2\/product\/4558","targetHints":{"allow":["GET"]}}],"collection":[{"href":"https:\/\/agricultural-gear-boxes.com\/pt\/wp-json\/wp\/v2\/product"}],"about":[{"href":"https:\/\/agricultural-gear-boxes.com\/pt\/wp-json\/wp\/v2\/types\/product"}],"wp:featuredmedia":[{"embeddable":true,"href":"https:\/\/agricultural-gear-boxes.com\/pt\/wp-json\/wp\/v2\/media\/4557"}],"wp:attachment":[{"href":"https:\/\/agricultural-gear-boxes.com\/pt\/wp-json\/wp\/v2\/media?parent=4558"}],"wp:term":[{"taxonomy":"product_brand","embeddable":true,"href":"https:\/\/agricultural-gear-boxes.com\/pt\/wp-json\/wp\/v2\/product_brand?post=4558"},{"taxonomy":"product_cat","embeddable":true,"href":"https:\/\/agricultural-gear-boxes.com\/pt\/wp-json\/wp\/v2\/product_cat?post=4558"},{"taxonomy":"product_tag","embeddable":true,"href":"https:\/\/agricultural-gear-boxes.com\/pt\/wp-json\/wp\/v2\/product_tag?post=4558"}],"curies":[{"name":"wp","href":"https:\/\/api.w.org\/{rel}","templated":true}]}}