{"id":4560,"date":"2024-09-11T07:35:50","date_gmt":"2024-09-11T07:35:50","guid":{"rendered":"https:\/\/agricultural-gear-boxes.com\/product\/manufacturer-supplier-20-ton-hydraulic-telescopic-cylinder-for-sale\/"},"modified":"2024-09-11T07:35:50","modified_gmt":"2024-09-11T07:35:50","slug":"manufacturer-supplier-20-ton-hydraulic-telescopic-cylinder-for-sale","status":"publish","type":"product","link":"https:\/\/agricultural-gear-boxes.com\/pt\/product\/manufacturer-supplier-20-ton-hydraulic-telescopic-cylinder-for-sale\/","title":{"rendered":"Fabricante Fornecedor Cilindro Telesc\u00f3pico Hidr\u00e1ulico de 20 Ton para Venda"},"content":{"rendered":"<p>Todo o conte\u00fado desta p\u00e1gina vem da Internet, e o conte\u00fado \u00e9 usado apenas como refer\u00eancia para sele\u00e7\u00e3o de produtos. Nossos produtos s\u00e3o pe\u00e7as de reposi\u00e7\u00e3o em vez de pe\u00e7as de reposi\u00e7\u00e3o originais; n\u00e3o somos detentores da marca registrada original do conte\u00fado. Nossos produtos s\u00e3o adequados apenas para substitui\u00e7\u00e3o p\u00f3s-venda em vez de pe\u00e7as de reposi\u00e7\u00e3o originais. Nossas pe\u00e7as de reposi\u00e7\u00e3o podem se encaixar perfeitamente nas pe\u00e7as de reposi\u00e7\u00e3o originais; se voc\u00ea precisar comprar pe\u00e7as de reposi\u00e7\u00e3o originais, entre em contato com a f\u00e1brica original para comprar. Se voc\u00ea precisar comprar pe\u00e7as de reposi\u00e7\u00e3o originais, entre em contato com o fornecedor original para comprar.<\/p>\n<p><h2>Fabricante Fornecedor Cilindro Telesc\u00f3pico Hidr\u00e1ulico de 20 Ton para Venda<\/h2><\/p>\n<p>Nosso cilindro telesc\u00f3pico hidr\u00e1ulico de 20 toneladas \u00e9 um cilindro hidr\u00e1ulico multifuncional de \u00faltima gera\u00e7\u00e3o, projetado para uma ampla gama de ind\u00fastrias, incluindo oficinas de reparo de m\u00e1quinas, fazendas, energia, minera\u00e7\u00e3o, fabrica\u00e7\u00e3o de m\u00e1quinas e f\u00e1bricas. Ele oferece desempenho superior e adere aos mais altos padr\u00f5es de qualidade. Este cilindro hidr\u00e1ulico \u00e9 projetado para converter energia hidr\u00e1ulica em movimento mec\u00e2nico e press\u00e3o em for\u00e7a, tornando-o uma ferramenta indispens\u00e1vel nesses setores.<\/p>\n<p>Cen\u00e1rio de uso:<br \/>\nNosso cilindro hidr\u00e1ulico encontra amplas aplica\u00e7\u00f5es em ind\u00fastrias como oficinas de reparo de m\u00e1quinas, fazendas, energia, minera\u00e7\u00e3o, fabrica\u00e7\u00e3o de m\u00e1quinas e f\u00e1bricas. Ele \u00e9 usado para converter energia hidr\u00e1ulica em movimento mec\u00e2nico e press\u00e3o em for\u00e7a, tornando-o uma ferramenta essencial nesses setores. Ele pode ser usado para levantar equipamentos pesados, controlar a velocidade de uma m\u00e1quina e alimentar uma variedade de equipamentos hidr\u00e1ulicos. O cilindro hidr\u00e1ulico tamb\u00e9m pode ser usado como parte de sistemas hidr\u00e1ulicos maiores para fornecer energia confi\u00e1vel e suporte de controle para v\u00e1rios equipamentos mec\u00e2nicos e de engenharia. <\/p>\n<p><img decoding=\"async\" src=\"https:\/\/img.jiansujichilun.com\/img\/hydrauliccylinders\/T_hydrauliccylinders-5.webp\" alt=\"Cilindro Hidr\u00e1ulico\" \/><\/p>\n<p>Vantagens:<br \/>\nNosso cilindro hidr\u00e1ulico se destaca da concorr\u00eancia devido \u00e0s suas caracter\u00edsticas e vantagens \u00fanicas. Ele oferece efici\u00eancia energ\u00e9tica, alto desempenho e seguran\u00e7a. Ele \u00e9 projetado para suportar um empuxo m\u00e1ximo de 3000 e uma tra\u00e7\u00e3o m\u00e1xima de 20 toneladas. Nosso cilindro hidr\u00e1ulico tamb\u00e9m \u00e9 altamente personaliz\u00e1vel, tornando-o ideal para uma ampla gama de aplica\u00e7\u00f5es. O produto ostenta v\u00e1rios recursos e especifica\u00e7\u00f5es t\u00e9cnicas atraentes, todos projetados para oferecer a voc\u00ea o melhor desempenho.<\/p>\n<p>Materiais do produto:<br \/>\nNosso cilindro hidr\u00e1ulico \u00e9 fabricado usando materiais de alta qualidade para garantir m\u00e1xima durabilidade e confiabilidade. Usamos apenas os melhores materiais, incluindo a\u00e7o de alta resist\u00eancia e componentes usinados com precis\u00e3o, para garantir que nossos cilindros hidr\u00e1ulicos sejam constru\u00eddos para durar.<\/p>\n<p>Instala\u00e7\u00e3o, manuten\u00e7\u00e3o e reparo:<br \/>\nNossos cilindros hidr\u00e1ulicos s\u00e3o f\u00e1ceis de instalar e manter, tornando-os ideais para uma ampla gama de aplica\u00e7\u00f5es. Fornecemos guias abrangentes de instala\u00e7\u00e3o e manuten\u00e7\u00e3o para garantir que nossos clientes possam instalar e manter facilmente seus cilindros hidr\u00e1ulicos. Em caso de problemas, nossos t\u00e9cnicos experientes est\u00e3o dispon\u00edveis para fornecer servi\u00e7os de reparo r\u00e1pidos e confi\u00e1veis.<\/p>\n<p>Classifica\u00e7\u00e3o do produto:<br \/>\nNossos cilindros hidr\u00e1ulicos s\u00e3o classificados como cilindros hidr\u00e1ulicos telesc\u00f3picos, o que significa que eles apresentam uma s\u00e9rie de tubos aninhados de diferentes di\u00e2metros, o que lhes permite fornecer um curso mais longo do que os cilindros convencionais do mesmo comprimento. Os cilindros hidr\u00e1ulicos telesc\u00f3picos s\u00e3o ideais para aplica\u00e7\u00f5es que exigem um curso mais longo ou um comprimento retra\u00eddo menor.<\/p>\n<p>Hist\u00f3ria:<br \/>\nO cilindro hidr\u00e1ulico tem uma longa e rica hist\u00f3ria, que remonta \u00e0 d\u00e9cada de 1790, quando Joseph Bramah, um inventor brit\u00e2nico, patenteou a prensa hidr\u00e1ulica. Desde ent\u00e3o, a tecnologia hidr\u00e1ulica evoluiu significativamente, e os cilindros hidr\u00e1ulicos se tornaram parte integrante de muitos processos industriais.<\/p>\n<p>Como substituir o produto:<br \/>\nPara substituir o produto, os clientes devem primeiro identificar o modelo espec\u00edfico de cilindro hidr\u00e1ulico que eles precisam. Depois de identificar o modelo correto, eles podem encomend\u00e1-lo diretamente do nosso site ou entrar em contato conosco para fazer um pedido. Ent\u00e3o, enviaremos o cilindro hidr\u00e1ulico de substitui\u00e7\u00e3o diretamente para o cliente.<\/p>\n<p><h3>Outros neg\u00f3cios de produtos da empresa<\/h3><br \/>\nEm nossa empresa, fornecemos principalmente v\u00e1rias engrenagens de pl\u00e1stico para uso industrial, como caixas de engrenagens agr\u00edcolas, eixos de sa\u00edda de pot\u00eancia, rodas dentadas, acoplamentos hidr\u00e1ulicos, redutores de engrenagem sem-fim, cremalheiras de engrenagens, correntes remov\u00edveis, polias e polias, caixas de engrenagens planet\u00e1rias, polias de sincroniza\u00e7\u00e3o, buchas, etc. Oferecemos produtos de alta qualidade, pre\u00e7os preferenciais e servi\u00e7os atenciosos. Damos as boas-vindas aos clientes para personalizar com desenhos e amostras.<\/p>\n<p><img decoding=\"async\" src=\"https:\/\/images.hzpt.com\/2024\/04\/unit-type-flexo-press-factory.webp\" alt=\"F\u00e1brica de prensas flexogr\u00e1ficas\" \/><\/p>\n<p><h2>Perguntas frequentes<\/h2><br \/>\n<font>P: Qual \u00e9 a capacidade m\u00e1xima de empuxo e tra\u00e7\u00e3o do cilindro hidr\u00e1ulico?<\/font><br \/>\n<font>R: Nosso cilindro hidr\u00e1ulico \u00e9 projetado para suportar um empuxo m\u00e1ximo de 3.000 e uma tra\u00e7\u00e3o m\u00e1xima de 20 toneladas.<\/font><\/p>\n<p><font>P: Para quais aplica\u00e7\u00f5es o cilindro hidr\u00e1ulico \u00e9 adequado?<\/font><br \/>\n<font>R: Nosso cilindro hidr\u00e1ulico encontra ampla aplica\u00e7\u00e3o em setores como oficinas de reparo de m\u00e1quinas, fazendas, energia, minera\u00e7\u00e3o, fabrica\u00e7\u00e3o de m\u00e1quinas e f\u00e1bricas.<\/font><\/p>\n<p><font>P: Como o cilindro hidr\u00e1ulico \u00e9 fabricado?<\/font><br \/>\n<font>R: Nosso cilindro hidr\u00e1ulico \u00e9 fabricado usando materiais de alta qualidade, incluindo a\u00e7o de alta resist\u00eancia e componentes usinados com precis\u00e3o, para garantir m\u00e1xima durabilidade e confiabilidade.<\/font><\/p>\n<p><font>P: Como fa\u00e7o para instalar e manter o cilindro hidr\u00e1ulico?<\/font><br \/>\n<font>R: N\u00f3s fornecemos guias abrangentes de instala\u00e7\u00e3o e manuten\u00e7\u00e3o para garantir que nossos clientes possam instalar e manter facilmente seus cilindros hidr\u00e1ulicos. Em caso de problemas, nossos t\u00e9cnicos experientes est\u00e3o dispon\u00edveis para fornecer servi\u00e7os de reparo r\u00e1pidos e confi\u00e1veis.<\/font><\/p>\n<p><font>P: Como fa\u00e7o para substituir o cilindro hidr\u00e1ulico?<\/font><br \/>\n<font>R: Para substituir o produto, os clientes devem primeiro identificar o modelo espec\u00edfico de cilindro hidr\u00e1ulico que eles precisam. Depois de identificar o modelo correto, eles podem encomend\u00e1-lo diretamente do nosso site ou entrar em contato conosco para fazer um pedido. Ent\u00e3o, enviaremos o cilindro hidr\u00e1ulico de substitui\u00e7\u00e3o diretamente para o cliente.<\/font><\/p>","protected":false},"excerpt":{"rendered":"<p>All the content on this page comes from the Internet, and the content is only used as a reference for product selection. Our products are replacement parts rather than original spare parts; we are not the holder of the original trademark of the content. Our products are only suitable for after-sales replacement rather than original [&hellip;]<\/p>","protected":false},"featured_media":4559,"template":"","meta":{"_et_pb_use_builder":"","_et_pb_old_content":"","_et_gb_content_width":""},"product_brand":[],"product_cat":[11327],"product_tag":[],"class_list":{"0":"post-4560","1":"product","2":"type-product","3":"status-publish","4":"has-post-thumbnail","6":"product_cat-telescopic-hydraulic-cylinder","8":"first","9":"instock","10":"shipping-taxable","11":"product-type-simple"},"_links":{"self":[{"href":"https:\/\/agricultural-gear-boxes.com\/pt\/wp-json\/wp\/v2\/product\/4560","targetHints":{"allow":["GET"]}}],"collection":[{"href":"https:\/\/agricultural-gear-boxes.com\/pt\/wp-json\/wp\/v2\/product"}],"about":[{"href":"https:\/\/agricultural-gear-boxes.com\/pt\/wp-json\/wp\/v2\/types\/product"}],"wp:featuredmedia":[{"embeddable":true,"href":"https:\/\/agricultural-gear-boxes.com\/pt\/wp-json\/wp\/v2\/media\/4559"}],"wp:attachment":[{"href":"https:\/\/agricultural-gear-boxes.com\/pt\/wp-json\/wp\/v2\/media?parent=4560"}],"wp:term":[{"taxonomy":"product_brand","embeddable":true,"href":"https:\/\/agricultural-gear-boxes.com\/pt\/wp-json\/wp\/v2\/product_brand?post=4560"},{"taxonomy":"product_cat","embeddable":true,"href":"https:\/\/agricultural-gear-boxes.com\/pt\/wp-json\/wp\/v2\/product_cat?post=4560"},{"taxonomy":"product_tag","embeddable":true,"href":"https:\/\/agricultural-gear-boxes.com\/pt\/wp-json\/wp\/v2\/product_tag?post=4560"}],"curies":[{"name":"wp","href":"https:\/\/api.w.org\/{rel}","templated":true}]}}