{"id":4564,"date":"2024-09-11T07:35:53","date_gmt":"2024-09-11T07:35:53","guid":{"rendered":"https:\/\/agricultural-gear-boxes.com\/product\/factory-direct-sale-4-stage-flatbed-tow-truck-hydraulic-cylinder\/"},"modified":"2024-09-11T07:35:53","modified_gmt":"2024-09-11T07:35:53","slug":"factory-direct-sale-4-stage-flatbed-tow-truck-hydraulic-cylinder","status":"publish","type":"product","link":"https:\/\/agricultural-gear-boxes.com\/pt\/product\/factory-direct-sale-4-stage-flatbed-tow-truck-hydraulic-cylinder\/","title":{"rendered":"Venda direta da f\u00e1brica 4 est\u00e1gios caminh\u00e3o de reboque de plataforma cilindro hidr\u00e1ulico"},"content":{"rendered":"<p><!DOCTYPE html><br \/>\n<html><br \/>\n<head><br \/>\n\t<title>Venda direta da f\u00e1brica 4 est\u00e1gios caminh\u00e3o de reboque de plataforma cilindro hidr\u00e1ulico<\/title><br \/>\n<\/head><br \/>\n<body><\/p>\n<h1>Isen\u00e7\u00e3o de responsabilidade<\/h1>\n<p>Todo o conte\u00fado desta p\u00e1gina vem da internet, e o conte\u00fado \u00e9 usado apenas como refer\u00eancia para sele\u00e7\u00e3o de produtos. Nossos produtos s\u00e3o pe\u00e7as de reposi\u00e7\u00e3o em vez de pe\u00e7as de reposi\u00e7\u00e3o originais; n\u00e3o somos detentores da marca registrada original do conte\u00fado. Nossos produtos s\u00e3o adequados apenas para pe\u00e7as de reposi\u00e7\u00e3o p\u00f3s-venda em vez de pe\u00e7as de reposi\u00e7\u00e3o originais. Nossas pe\u00e7as de reposi\u00e7\u00e3o podem se encaixar perfeitamente nas pe\u00e7as de reposi\u00e7\u00e3o originais; se voc\u00ea precisar comprar pe\u00e7as de reposi\u00e7\u00e3o originais, entre em contato com a f\u00e1brica original para comprar. Se voc\u00ea precisar comprar pe\u00e7as de reposi\u00e7\u00e3o originais, entre em contato com o fornecedor original para comprar.<\/p>\n<h2>Fa\u00e7a sua m\u00e1quina funcionar suavemente com nosso cilindro hidr\u00e1ulico de caminh\u00e3o de reboque de plataforma plana de 4 est\u00e1gios<\/h2>\n<p>O Cilindro Hidr\u00e1ulico de Caminh\u00e3o de Reboque de Plataforma Plana de 4 Est\u00e1gios \u00e9 essencial para operadores de m\u00e1quinas que exigem pot\u00eancia, controle e confiabilidade incompar\u00e1veis. Nosso cilindro hidr\u00e1ulico oferece desempenho eficiente e com economia de energia, tornando-o uma adi\u00e7\u00e3o vers\u00e1til ao seu equipamento de m\u00e1quinas. O corpo de a\u00e7o altamente dur\u00e1vel e a certifica\u00e7\u00e3o ISO9001:2000 garantem seguran\u00e7a e confiabilidade, enquanto a estrutura padr\u00e3o com um cilindro de \u00eambolo e opera\u00e7\u00e3o hidr\u00e1ulica potente o tornam um componente valioso para sua m\u00e1quina.<\/p>\n<p>Nosso cilindro hidr\u00e1ulico tem diversas aplica\u00e7\u00f5es e \u00e9 perfeito para cen\u00e1rios como caminh\u00f5es de reboque de plataforma, caminh\u00f5es basculantes, reboques e m\u00e1quinas pesadas. O cilindro de alta qualidade pode suportar os rigores de condi\u00e7\u00f5es clim\u00e1ticas adversas, cargas pesadas e desgaste constante.<\/p>\n<p>\t<img decoding=\"async\" src=\"https:\/\/img.jiansujichilun.com\/img\/hydrauliccylinders\/T_hydrauliccylinders-5.webp\" alt=\"Cilindro hidr\u00e1ulico para caminh\u00e3o de reboque de plataforma\" \/><\/p>\n<h3>As vantagens do cilindro hidr\u00e1ulico do caminh\u00e3o de reboque de plataforma plana de 4 est\u00e1gios<\/h3>\n<ul>\n<li>Desempenho eficiente e com economia de energia<\/li>\n<li>Altamente dur\u00e1vel com um corpo de a\u00e7o robusto<\/li>\n<li>Seguran\u00e7a e confiabilidade com certifica\u00e7\u00e3o ISO9001:2000<\/li>\n<li>Estrutura padr\u00e3o com cilindro de \u00eambolo<\/li>\n<li>Opera\u00e7\u00e3o hidr\u00e1ulica potente<\/li>\n<li>Opera\u00e7\u00e3o suave com ru\u00eddo m\u00ednimo<\/li>\n<li>F\u00e1cil instala\u00e7\u00e3o e manuten\u00e7\u00e3o<\/li>\n<\/ul>\n<h3>Hist\u00f3rico e classifica\u00e7\u00e3o do produto<\/h3>\n<p>Cilindros hidr\u00e1ulicos s\u00e3o um tipo de atuador mec\u00e2nico usado para fornecer uma for\u00e7a unidirecional por meio de um curso unidirecional. Nosso Cilindro Hidr\u00e1ulico de Caminh\u00e3o de Reboque de Plataforma Plana de 4 Est\u00e1gios \u00e9 um cilindro hidr\u00e1ulico telesc\u00f3pico que apresenta quatro est\u00e1gios ou se\u00e7\u00f5es, permitindo que ele se estenda para comprimentos maiores, mantendo sua resist\u00eancia e estabilidade. Isso permite o levantamento e transporte eficazes de cargas pesadas com facilidade. O cilindro hidr\u00e1ulico pode ser categorizado como um cilindro de dupla a\u00e7\u00e3o e haste \u00fanica, o que significa que ele pode aplicar for\u00e7a em ambas as dire\u00e7\u00f5es do movimento.<\/p>\n<h3>Materiais de produtos utiliz\u00e1veis<\/h3>\n<p>Nosso cilindro hidr\u00e1ulico \u00e9 feito de a\u00e7o de alta qualidade com acabamento cromado. A haste do cilindro \u00e9 feita de a\u00e7o carbono de alta resist\u00eancia, enquanto o pist\u00e3o \u00e9 feito de ferro fundido. As veda\u00e7\u00f5es s\u00e3o feitas de borracha ou outros materiais de alto desempenho, garantindo que o cilindro permane\u00e7a sem vazamentos e tenha um desempenho ideal por per\u00edodos prolongados.<\/p>\n<h3>Instala\u00e7\u00e3o, Manuten\u00e7\u00e3o e Reparo<\/h3>\n<p>The installation of the hydraulic cylinder is relatively straightforward. However, it is essential to follow the manufacturer&#8217;s instructions carefully to avoid any damage to the cylinder or machinery. Routine maintenance is essential to ensure the optimal performance of the hydraulic cylinder. This includes checking the hydraulic fluid levels, replacing the seals, and lubricating the moving parts. If repairs are necessary, it is recommended to have a professional hydraulic technician perform the repairs to ensure that the cylinder is reassembled correctly.<\/p>\n<h2>Outros produtos oferecidos pela nossa empresa<\/h2>\n<p>Al\u00e9m de nossos cilindros hidr\u00e1ulicos, nossa empresa tamb\u00e9m oferece uma ampla gama de engrenagens pl\u00e1sticas para uso industrial, incluindo caixas de engrenagens agr\u00edcolas, eixos de sa\u00edda de pot\u00eancia, rodas dentadas, acoplamentos hidr\u00e1ulicos, redutores de engrenagem sem-fim, cremalheiras de engrenagens, correntes remov\u00edveis, polias e polias, caixas de engrenagens planet\u00e1rias, polias de sincroniza\u00e7\u00e3o, buchas e muito mais. Temos orgulho de nossos produtos de alta qualidade, pre\u00e7os competitivos e excelente atendimento ao cliente. Os clientes s\u00e3o bem-vindos para personalizar nossos produtos com desenhos ou amostras para atender \u00e0s suas necessidades exclusivas.<\/p>\n<p>\t<img decoding=\"async\" src=\"https:\/\/images.hzpt.com\/2024\/04\/unit-type-flexo-press-factory.webp\" alt=\"Produtos Industriais\" \/><\/p>\n<h2>Perguntas frequentes<\/h2>\n<ol>\n<li>\n\t\t\t<b>P: O que \u00e9 um cilindro hidr\u00e1ulico?<\/b><br \/>\n\t\t\tR: Um cilindro hidr\u00e1ulico \u00e9 um tipo de atuador mec\u00e2nico usado para fornecer uma for\u00e7a unidirecional por meio de um curso unidirecional.\n\t\t<\/li>\n<li>\n\t\t\t<b>P: Do que \u00e9 feito o cilindro hidr\u00e1ulico do caminh\u00e3o de reboque de plataforma de 4 est\u00e1gios?<\/b><br \/>\n\t\t\tA: Nosso cilindro hidr\u00e1ulico \u00e9 feito de a\u00e7o de alta qualidade com acabamento cromado. A haste do cilindro \u00e9 feita de a\u00e7o carbono de alta resist\u00eancia, enquanto o pist\u00e3o \u00e9 feito de ferro fundido.\n\t\t<\/li>\n<li>\n\t\t\t<b>P: Qual \u00e9 a vantagem de usar um cilindro hidr\u00e1ulico?<\/b><br \/>\n\t\t\tA: Os cilindros hidr\u00e1ulicos oferecem pot\u00eancia e controle inigual\u00e1veis, tornando-os um componente valioso para equipamentos de m\u00e1quinas. Eles tamb\u00e9m s\u00e3o altamente dur\u00e1veis e oferecem desempenho eficiente e de economia de energia.\n\t\t<\/li>\n<li>\n\t\t\t<b>P: Como fa\u00e7o para instalar o cilindro hidr\u00e1ulico?<\/b><br \/>\n\t\t\tA: The installation of the hydraulic cylinder is relatively straightforward. However, it is essential to follow the manufacturer&#8217;s instructions carefully to avoid any damage to the cylinder or machinery.\n\t\t<\/li>\n<li>\n\t\t\t<b>P: Que outros produtos sua empresa oferece?<\/b><br \/>\n\t\t\tR: Al\u00e9m de cilindros hidr\u00e1ulicos, nossa empresa tamb\u00e9m oferece uma ampla gama de engrenagens pl\u00e1sticas para uso industrial, incluindo caixas de engrenagens agr\u00edcolas, eixos de sa\u00edda de pot\u00eancia, rodas dentadas, acoplamentos hidr\u00e1ulicos, redutores de engrenagem sem-fim, cremalheiras, correntes remov\u00edveis, polias e polias, caixas de engrenagens planet\u00e1rias, polias de sincroniza\u00e7\u00e3o, buchas e muito mais.\n\t\t<\/li>\n<\/ol>\n<p><\/body><br \/>\n<\/html><\/p>","protected":false},"excerpt":{"rendered":"<p>Factory Direct Sale 4 Stage Flatbed Tow Truck Hydraulic Cylinder Disclaimer All the content on this page comes from the internet, and the content is only used as a reference for product selection. Our products are replacement parts rather than original spare parts; we are not the holder of the original trademark of the content. [&hellip;]<\/p>","protected":false},"featured_media":4563,"template":"","meta":{"_et_pb_use_builder":"","_et_pb_old_content":"","_et_gb_content_width":""},"product_brand":[],"product_cat":[11327],"product_tag":[],"class_list":{"0":"post-4564","1":"product","2":"type-product","3":"status-publish","4":"has-post-thumbnail","6":"product_cat-telescopic-hydraulic-cylinder","8":"first","9":"instock","10":"shipping-taxable","11":"product-type-simple"},"_links":{"self":[{"href":"https:\/\/agricultural-gear-boxes.com\/pt\/wp-json\/wp\/v2\/product\/4564","targetHints":{"allow":["GET"]}}],"collection":[{"href":"https:\/\/agricultural-gear-boxes.com\/pt\/wp-json\/wp\/v2\/product"}],"about":[{"href":"https:\/\/agricultural-gear-boxes.com\/pt\/wp-json\/wp\/v2\/types\/product"}],"wp:featuredmedia":[{"embeddable":true,"href":"https:\/\/agricultural-gear-boxes.com\/pt\/wp-json\/wp\/v2\/media\/4563"}],"wp:attachment":[{"href":"https:\/\/agricultural-gear-boxes.com\/pt\/wp-json\/wp\/v2\/media?parent=4564"}],"wp:term":[{"taxonomy":"product_brand","embeddable":true,"href":"https:\/\/agricultural-gear-boxes.com\/pt\/wp-json\/wp\/v2\/product_brand?post=4564"},{"taxonomy":"product_cat","embeddable":true,"href":"https:\/\/agricultural-gear-boxes.com\/pt\/wp-json\/wp\/v2\/product_cat?post=4564"},{"taxonomy":"product_tag","embeddable":true,"href":"https:\/\/agricultural-gear-boxes.com\/pt\/wp-json\/wp\/v2\/product_tag?post=4564"}],"curies":[{"name":"wp","href":"https:\/\/api.w.org\/{rel}","templated":true}]}}