{"id":4566,"date":"2024-09-11T07:35:54","date_gmt":"2024-09-11T07:35:54","guid":{"rendered":"https:\/\/agricultural-gear-boxes.com\/product\/quality-manufacturing-4-stage-dump-trailer-hydraulic-cylinder\/"},"modified":"2024-09-11T07:35:54","modified_gmt":"2024-09-11T07:35:54","slug":"quality-manufacturing-4-stage-dump-trailer-hydraulic-cylinder","status":"publish","type":"product","link":"https:\/\/agricultural-gear-boxes.com\/pt\/product\/quality-manufacturing-4-stage-dump-trailer-hydraulic-cylinder\/","title":{"rendered":"Cilindro hidr\u00e1ulico de reboque basculante de 4 est\u00e1gios de fabrica\u00e7\u00e3o de qualidade"},"content":{"rendered":"<p>Todo o conte\u00fado desta p\u00e1gina vem da internet e \u00e9 usado apenas como refer\u00eancia para sele\u00e7\u00e3o de produtos. Nossos produtos s\u00e3o pe\u00e7as de reposi\u00e7\u00e3o, em vez de pe\u00e7as de reposi\u00e7\u00e3o originais. N\u00e3o somos detentores da marca registrada original do conte\u00fado. Nossos produtos s\u00e3o adequados apenas para pe\u00e7as de reposi\u00e7\u00e3o p\u00f3s-venda, em vez de pe\u00e7as de reposi\u00e7\u00e3o originais. Nossas pe\u00e7as de reposi\u00e7\u00e3o podem se encaixar perfeitamente nas pe\u00e7as de reposi\u00e7\u00e3o originais; se voc\u00ea precisar comprar pe\u00e7as de reposi\u00e7\u00e3o originais, entre em contato com a f\u00e1brica original para comprar. Se voc\u00ea precisar comprar pe\u00e7as de reposi\u00e7\u00e3o originais, entre em contato com o fornecedor original para comprar.<\/p>\n<h2>Cilindro hidr\u00e1ulico de reboque basculante de 4 est\u00e1gios de fabrica\u00e7\u00e3o de qualidade<\/h2>\n<p>O cilindro hidr\u00e1ulico para reboque basculante de 4 est\u00e1gios da Quality Manufacturing \u00e9 um produto dur\u00e1vel e de alta qualidade, projetado e fabricado pela Ever-power. Com seu corpo de a\u00e7o, este cilindro hidr\u00e1ulico oferece um empuxo m\u00e1ximo de 3000 e uma tra\u00e7\u00e3o m\u00e1xima de 20 toneladas, tornando-o uma escolha confi\u00e1vel para aplica\u00e7\u00f5es pesadas.<\/p>\n<h3>Hist\u00f3rico do produto<\/h3>\n<p>O cilindro hidr\u00e1ulico de reboque basculante de 4 est\u00e1gios da Quality Manufacturing tem uma longa hist\u00f3ria de excel\u00eancia em desempenho e confiabilidade. Ele tem sido confi\u00e1vel por profissionais de v\u00e1rios setores por muitos anos.<\/p>\n<h3>Classifica\u00e7\u00e3o do produto<\/h3>\n<p>O cilindro hidr\u00e1ulico para reboque basculante de 4 est\u00e1gios da Quality Manufacturing se enquadra na categoria de cilindros hidr\u00e1ulicos multiest\u00e1gios. Seu design e constru\u00e7\u00e3o avan\u00e7ados o diferenciam de outros cilindros hidr\u00e1ulicos do mercado.<\/p>\n<h3>Vantagens do produto<\/h3>\n<ul>\n<li>Design com efici\u00eancia energ\u00e9tica<\/li>\n<li>Desempenho altamente eficiente<\/li>\n<li>Seguro para uso em v\u00e1rias aplica\u00e7\u00f5es<\/li>\n<li>Certificado ISO9001:2000 para garantia de qualidade<\/li>\n<li>Garantia de 1 ano nos principais componentes<\/li>\n<\/ul>\n<p><img decoding=\"async\" src=\"https:\/\/img.jiansujichilun.com\/img\/hydrauliccylinders\/T_hydrauliccylinders-5.webp\" alt=\"Cen\u00e1rio de uso do cilindro hidr\u00e1ulico\" \/><\/p>\n<h3>Cen\u00e1rios de uso do produto<\/h3>\n<p>The Quality Manufacturing 4 Stage Dump Trailer Hydraulic Cylinder is commonly used in machinery repair shops, farms, energy &#038; mining sectors, machinery manufacturing, and machinery factories. It is ideal for applications that require heavy lifting and precise hydraulic control.<\/p>\n<h3>Materiais do produto<\/h3>\n<p>O cilindro hidr\u00e1ulico para reboque basculante de 4 est\u00e1gios da Quality Manufacturing \u00e9 feito de a\u00e7o de alta qualidade e outros materiais dur\u00e1veis para garantir desempenho e confiabilidade duradouros.<\/p>\n<h3>Instala\u00e7\u00e3o, Manuten\u00e7\u00e3o e Reparo<\/h3>\n<p>Installing, maintaining, and repairing the Quality Manufacturing 4 Stage Dump Trailer Hydraulic Cylinder is a straightforward process. It is recommended to follow the manufacturer&#8217;s guidelines for proper installation and maintenance. In case of any repairs, it is best to consult a professional hydraulic technician.<\/p>\n<h3>Substitui\u00e7\u00e3o de produto<\/h3>\n<p>Ao substituir o cilindro hidr\u00e1ulico do reboque basculante de 4 est\u00e1gios da Quality Manufacturing, \u00e9 crucial garantir a compatibilidade com o sistema hidr\u00e1ulico existente. \u00c9 recomend\u00e1vel consultar o fabricante ou fornecedor para obter assist\u00eancia na sele\u00e7\u00e3o da pe\u00e7a de reposi\u00e7\u00e3o apropriada.<\/p>\n<p><img decoding=\"async\" src=\"https:\/\/images.hzpt.com\/2024\/04\/unit-type-flexo-press-factory.webp\" alt=\"Outros neg\u00f3cios de produtos da empresa\" \/><\/p>\n<p>Na Ever-power, tamb\u00e9m fornecemos v\u00e1rias engrenagens de pl\u00e1stico para uso industrial, incluindo caixas de engrenagens agr\u00edcolas, eixos de sa\u00edda de pot\u00eancia, rodas dentadas, acoplamentos hidr\u00e1ulicos, redutores de engrenagem sem-fim, cremalheiras de engrenagens, correntes remov\u00edveis, polias e polias, caixas de engrenagens planet\u00e1rias, polias de sincroniza\u00e7\u00e3o, buchas e muito mais. Nossos produtos s\u00e3o de alta qualidade, oferecidos a pre\u00e7os preferenciais e apoiados por servi\u00e7os atenciosos. Damos as boas-vindas aos clientes para personalizar seus pedidos com desenhos e amostras.<\/p>\n<h2>Perguntas frequentes<\/h2>\n<ol>\n<li><b>P: Os cilindros hidr\u00e1ulicos da Quality Manufacturing s\u00e3o adequados para todos os tipos de m\u00e1quinas?<\/b><br \/>R: Sim, os cilindros hidr\u00e1ulicos da Quality Manufacturing s\u00e3o projetados para serem vers\u00e1teis e podem ser usados em diversas aplica\u00e7\u00f5es de m\u00e1quinas.<\/li>\n<li><b>P: Qual \u00e9 a garantia do cilindro hidr\u00e1ulico para reboque basculante de 4 est\u00e1gios da Quality Manufacturing?<\/b><br \/>R: O cilindro hidr\u00e1ulico para reboque basculante de 4 est\u00e1gios da Quality Manufacturing vem com garantia de 1 ano em seus principais componentes.<\/li>\n<li><b>P: Posso instalar o cilindro hidr\u00e1ulico sozinho?<\/b><br \/>R: \u00c9 recomend\u00e1vel consultar um t\u00e9cnico hidr\u00e1ulico profissional para a instala\u00e7\u00e3o do cilindro hidr\u00e1ulico para garantir o funcionamento adequado e a seguran\u00e7a.<\/li>\n<li><b>P: Como posso fazer a manuten\u00e7\u00e3o do cilindro hidr\u00e1ulico da Quality Manufacturing?<\/b><br \/>R: A manuten\u00e7\u00e3o regular, incluindo verifica\u00e7\u00e3o de vazamentos, limpeza e lubrifica\u00e7\u00e3o do cilindro, \u00e9 essencial para desempenho e longevidade ideais.<\/li>\n<li><b>P: O cilindro hidr\u00e1ulico da Quality Manufacturing pode ser usado em condi\u00e7\u00f5es clim\u00e1ticas extremas?<\/b><br \/>R: O cilindro hidr\u00e1ulico da Quality Manufacturing foi projetado para suportar uma ampla variedade de condi\u00e7\u00f5es clim\u00e1ticas e \u00e9 adequado para uso interno e externo.<\/li>\n<\/ol>","protected":false},"excerpt":{"rendered":"<p>All the content on this page comes from the internet and is only used as a reference for product selection. Our products are replacement parts rather than original spare parts. We are not the holder of the original trademark of the content. Our products are only suitable for after-sales replacement parts rather than original spare [&hellip;]<\/p>","protected":false},"featured_media":4565,"template":"","meta":{"_et_pb_use_builder":"","_et_pb_old_content":"","_et_gb_content_width":""},"product_brand":[],"product_cat":[11327],"product_tag":[],"class_list":{"0":"post-4566","1":"product","2":"type-product","3":"status-publish","4":"has-post-thumbnail","6":"product_cat-telescopic-hydraulic-cylinder","8":"first","9":"instock","10":"shipping-taxable","11":"product-type-simple"},"_links":{"self":[{"href":"https:\/\/agricultural-gear-boxes.com\/pt\/wp-json\/wp\/v2\/product\/4566","targetHints":{"allow":["GET"]}}],"collection":[{"href":"https:\/\/agricultural-gear-boxes.com\/pt\/wp-json\/wp\/v2\/product"}],"about":[{"href":"https:\/\/agricultural-gear-boxes.com\/pt\/wp-json\/wp\/v2\/types\/product"}],"wp:featuredmedia":[{"embeddable":true,"href":"https:\/\/agricultural-gear-boxes.com\/pt\/wp-json\/wp\/v2\/media\/4565"}],"wp:attachment":[{"href":"https:\/\/agricultural-gear-boxes.com\/pt\/wp-json\/wp\/v2\/media?parent=4566"}],"wp:term":[{"taxonomy":"product_brand","embeddable":true,"href":"https:\/\/agricultural-gear-boxes.com\/pt\/wp-json\/wp\/v2\/product_brand?post=4566"},{"taxonomy":"product_cat","embeddable":true,"href":"https:\/\/agricultural-gear-boxes.com\/pt\/wp-json\/wp\/v2\/product_cat?post=4566"},{"taxonomy":"product_tag","embeddable":true,"href":"https:\/\/agricultural-gear-boxes.com\/pt\/wp-json\/wp\/v2\/product_tag?post=4566"}],"curies":[{"name":"wp","href":"https:\/\/api.w.org\/{rel}","templated":true}]}}