{"id":4568,"date":"2024-09-11T07:35:55","date_gmt":"2024-09-11T07:35:55","guid":{"rendered":"https:\/\/agricultural-gear-boxes.com\/product\/factory-price-multi-stage-flatbed-tow-truck-hydraulic-cylinder\/"},"modified":"2024-09-11T07:35:56","modified_gmt":"2024-09-11T07:35:56","slug":"factory-price-multi-stage-flatbed-tow-truck-hydraulic-cylinder","status":"publish","type":"product","link":"https:\/\/agricultural-gear-boxes.com\/pt\/product\/factory-price-multi-stage-flatbed-tow-truck-hydraulic-cylinder\/","title":{"rendered":"Pre\u00e7o de f\u00e1brica Cilindro hidr\u00e1ulico para caminh\u00e3o de reboque de plataforma plana multiest\u00e1gio"},"content":{"rendered":"<p>Todo o conte\u00fado desta p\u00e1gina vem da internet, e o conte\u00fado \u00e9 usado apenas como refer\u00eancia para sele\u00e7\u00e3o de produtos. Nossos produtos s\u00e3o pe\u00e7as de reposi\u00e7\u00e3o em vez de pe\u00e7as de reposi\u00e7\u00e3o originais; n\u00e3o somos detentores da marca registrada original do conte\u00fado. Nossos produtos s\u00e3o adequados apenas para pe\u00e7as de reposi\u00e7\u00e3o p\u00f3s-venda em vez de pe\u00e7as de reposi\u00e7\u00e3o originais. Nossas pe\u00e7as de reposi\u00e7\u00e3o podem se encaixar perfeitamente nas pe\u00e7as de reposi\u00e7\u00e3o originais; se voc\u00ea precisar comprar pe\u00e7as de reposi\u00e7\u00e3o originais, entre em contato com a f\u00e1brica original para comprar. Se voc\u00ea precisar comprar pe\u00e7as de reposi\u00e7\u00e3o originais, entre em contato com o fornecedor original para comprar.<\/p>\n<p><h2>Apresentando o cilindro hidr\u00e1ulico de caminh\u00e3o de reboque de plataforma plana multiest\u00e1gio com pre\u00e7o de f\u00e1brica<\/h2><\/p>\n<p>Nosso cilindro hidr\u00e1ulico para caminh\u00e3o de reboque de plataforma plana multiest\u00e1gio com pre\u00e7o de f\u00e1brica \u00e9 um produto de \u00faltima gera\u00e7\u00e3o, padr\u00e3o e rec\u00e9m-projetado, perfeito para v\u00e1rios setores aplic\u00e1veis, como oficinas de reparo de m\u00e1quinas, fazendas, energia e minera\u00e7\u00e3o, fabrica\u00e7\u00e3o de m\u00e1quinas e f\u00e1bricas. <\/p>\n<p>Este cilindro hidr\u00e1ulico \u00e9 constru\u00eddo com material de corpo de a\u00e7o robusto, tornando-o dur\u00e1vel e confi\u00e1vel. Ele \u00e9 projetado para fornecer empuxo e tra\u00e7\u00e3o m\u00e1ximos de 3000 e 20 toneladas, respectivamente. Nosso cilindro hidr\u00e1ulico \u00e9 multiest\u00e1gio, tornando-o vers\u00e1til para v\u00e1rias aplica\u00e7\u00f5es. Ele \u00e9 certificado com ISO9001:2000, garantindo os mais altos padr\u00f5es de qualidade.<\/p>\n<p><h3>Cen\u00e1rios de uso<\/h3><\/p>\n<p>Nosso cilindro hidr\u00e1ulico \u00e9 amplamente utilizado em aplica\u00e7\u00f5es que exigem alta for\u00e7a e movimento linear, tornando-o altamente adequado para uso em oficinas de reparo de m\u00e1quinas, fazendas, ind\u00fastrias de energia e minera\u00e7\u00e3o, fabrica\u00e7\u00e3o de m\u00e1quinas e f\u00e1bricas. <\/p>\n<p><img decoding=\"async\" src=\"https:\/\/img.jiansujichilun.com\/img\/hydrauliccylinders\/T_hydrauliccylinders-5.webp\" alt=\"Cilindro Hidr\u00e1ulico\" \/><\/p>\n<p><h3>Hist\u00f3rico e classifica\u00e7\u00e3o do produto<\/h3><\/p>\n<p>Cilindros hidr\u00e1ulicos t\u00eam sido usados desde os primeiros anos da Revolu\u00e7\u00e3o Industrial e, desde ent\u00e3o, se desenvolveram em v\u00e1rios tipos com diferentes aplica\u00e7\u00f5es. Nosso cilindro hidr\u00e1ulico \u00e9 um cilindro hidr\u00e1ulico de caminh\u00e3o de reboque de plataforma plana multiest\u00e1gio que \u00e9 perfeito para v\u00e1rias ind\u00fastrias.<\/p>\n<p><h3>Vantagens e Descri\u00e7\u00e3o do Material<\/h3><\/p>\n<p>Nosso cilindro hidr\u00e1ulico \u00e9 energeticamente eficiente, de alto desempenho e com seguran\u00e7a garantida. \u00c9 feito de material de corpo de a\u00e7o robusto, o que o torna dur\u00e1vel e confi\u00e1vel.<\/p>\n<p><h3>Instala\u00e7\u00e3o, Manuten\u00e7\u00e3o, Reparo e Substitui\u00e7\u00e3o<\/h3><\/p>\n<p>Nosso cilindro hidr\u00e1ulico \u00e9 f\u00e1cil de instalar e manter. Para garantir o desempenho ideal, \u00e9 recomendada manuten\u00e7\u00e3o regular. Em caso de danos, nossas pe\u00e7as de reposi\u00e7\u00e3o podem se encaixar perfeitamente nas pe\u00e7as de reposi\u00e7\u00e3o originais, tornando a substitui\u00e7\u00e3o f\u00e1cil e sem complica\u00e7\u00f5es.<\/p>\n<p><h2>Outros neg\u00f3cios de produtos<\/h2><\/p>\n<p>Al\u00e9m de cilindros hidr\u00e1ulicos, tamb\u00e9m fornecemos diversas engrenagens pl\u00e1sticas para uso industrial, como caixas de engrenagens agr\u00edcolas, eixos de sa\u00edda de pot\u00eancia, rodas dentadas, acoplamentos hidr\u00e1ulicos, redutores de engrenagem sem-fim, cremalheiras, correntes remov\u00edveis, polias e polias, caixas de engrenagens planet\u00e1rias, polias de sincroniza\u00e7\u00e3o, buchas, etc.<\/p>\n<p><img decoding=\"async\" src=\"https:\/\/images.hzpt.com\/2024\/04\/unit-type-flexo-press-factory.webp\" alt=\"Neg\u00f3cio de produtos\" \/><\/p>\n<p><h2>Perguntas frequentes<\/h2><\/p>\n<p><strong>P: O que \u00e9 um cilindro hidr\u00e1ulico?<\/strong><\/p>\n<p>R: Um cilindro hidr\u00e1ulico \u00e9 um atuador mec\u00e2nico usado para fornecer for\u00e7a unidirecional por meio de um curso unidirecional.<\/p>\n<p><strong>P: Quais s\u00e3o as vantagens de usar um cilindro hidr\u00e1ulico?<\/strong><\/p>\n<p>R: Os cilindros hidr\u00e1ulicos s\u00e3o energeticamente eficientes, de alto desempenho e com garantia de seguran\u00e7a, o que os torna altamente adequados para v\u00e1rios setores.<\/p>\n<p><strong>P: Como instalo um cilindro hidr\u00e1ulico?<\/strong><\/p>\n<p>A: Nosso cilindro hidr\u00e1ulico \u00e9 f\u00e1cil de instalar e manter. Para desempenho ideal, siga nosso guia de instala\u00e7\u00e3o.<\/p>\n<p><strong>P: Como fa\u00e7o a manuten\u00e7\u00e3o e reparo de um cilindro hidr\u00e1ulico?<\/strong><\/p>\n<p>R: Recomenda-se manuten\u00e7\u00e3o regular para garantir desempenho ideal. Em caso de danos, nossas pe\u00e7as de reposi\u00e7\u00e3o podem se encaixar perfeitamente nas pe\u00e7as de reposi\u00e7\u00e3o originais, tornando a substitui\u00e7\u00e3o f\u00e1cil e sem complica\u00e7\u00f5es.<\/p>\n<p><strong>P: Posso personalizar meu cilindro hidr\u00e1ulico?<\/strong><\/p>\n<p>R: Sim, convidamos os clientes a personalizar seus cilindros hidr\u00e1ulicos com desenhos e amostras.<\/p>","protected":false},"excerpt":{"rendered":"<p>All the content on this page comes from the internet, and the content is only used as a reference for product selection. Our products are replacement parts rather than original spare parts; we are not the holder of the original trademark of the content. Our products are only suitable for after-sales replacement parts rather than [&hellip;]<\/p>","protected":false},"featured_media":4567,"template":"","meta":{"_et_pb_use_builder":"","_et_pb_old_content":"","_et_gb_content_width":""},"product_brand":[],"product_cat":[11327],"product_tag":[],"class_list":{"0":"post-4568","1":"product","2":"type-product","3":"status-publish","4":"has-post-thumbnail","6":"product_cat-telescopic-hydraulic-cylinder","8":"first","9":"instock","10":"shipping-taxable","11":"product-type-simple"},"_links":{"self":[{"href":"https:\/\/agricultural-gear-boxes.com\/pt\/wp-json\/wp\/v2\/product\/4568","targetHints":{"allow":["GET"]}}],"collection":[{"href":"https:\/\/agricultural-gear-boxes.com\/pt\/wp-json\/wp\/v2\/product"}],"about":[{"href":"https:\/\/agricultural-gear-boxes.com\/pt\/wp-json\/wp\/v2\/types\/product"}],"wp:featuredmedia":[{"embeddable":true,"href":"https:\/\/agricultural-gear-boxes.com\/pt\/wp-json\/wp\/v2\/media\/4567"}],"wp:attachment":[{"href":"https:\/\/agricultural-gear-boxes.com\/pt\/wp-json\/wp\/v2\/media?parent=4568"}],"wp:term":[{"taxonomy":"product_brand","embeddable":true,"href":"https:\/\/agricultural-gear-boxes.com\/pt\/wp-json\/wp\/v2\/product_brand?post=4568"},{"taxonomy":"product_cat","embeddable":true,"href":"https:\/\/agricultural-gear-boxes.com\/pt\/wp-json\/wp\/v2\/product_cat?post=4568"},{"taxonomy":"product_tag","embeddable":true,"href":"https:\/\/agricultural-gear-boxes.com\/pt\/wp-json\/wp\/v2\/product_tag?post=4568"}],"curies":[{"name":"wp","href":"https:\/\/api.w.org\/{rel}","templated":true}]}}