{"id":4570,"date":"2024-09-11T07:35:57","date_gmt":"2024-09-11T07:35:57","guid":{"rendered":"https:\/\/agricultural-gear-boxes.com\/product\/hot-sale-5-stage-tow-truck-hydraulic-cylinder-for-sale\/"},"modified":"2024-09-11T07:35:57","modified_gmt":"2024-09-11T07:35:57","slug":"hot-sale-5-stage-tow-truck-hydraulic-cylinder-for-sale","status":"publish","type":"product","link":"https:\/\/agricultural-gear-boxes.com\/pt\/product\/hot-sale-5-stage-tow-truck-hydraulic-cylinder-for-sale\/","title":{"rendered":"Cilindro hidr\u00e1ulico para caminh\u00e3o de reboque de 5 est\u00e1gios em promo\u00e7\u00e3o"},"content":{"rendered":"<p><html><\/p>\n<h2>Cilindro hidr\u00e1ulico para caminh\u00e3o de reboque de 5 est\u00e1gios em promo\u00e7\u00e3o<\/h2>\n<p>Todo o conte\u00fado desta p\u00e1gina \u00e9 da Internet e \u00e9 usado apenas como refer\u00eancia para sele\u00e7\u00e3o de produtos. Nossos produtos s\u00e3o pe\u00e7as de reposi\u00e7\u00e3o em vez de pe\u00e7as de reposi\u00e7\u00e3o originais; n\u00e3o somos detentores da marca registrada original do conte\u00fado. Nossos produtos s\u00e3o adequados apenas para pe\u00e7as de reposi\u00e7\u00e3o p\u00f3s-venda em vez de pe\u00e7as de reposi\u00e7\u00e3o originais. Nossas pe\u00e7as de reposi\u00e7\u00e3o podem se encaixar perfeitamente nas pe\u00e7as de reposi\u00e7\u00e3o originais; se voc\u00ea precisar comprar pe\u00e7as de reposi\u00e7\u00e3o originais, entre em contato com a f\u00e1brica original para comprar. Se voc\u00ea precisar comprar pe\u00e7as de reposi\u00e7\u00e3o originais, entre em contato com o fornecedor original para comprar.<\/p>\n<h2>Apresentando nosso cilindro hidr\u00e1ulico de caminh\u00e3o de reboque de 5 est\u00e1gios de \u00faltima gera\u00e7\u00e3o<\/h2>\n<p>Our 5 Stage Tow Truck Hydraulic Cylinder is a premium product designed for maximum efficiency and durability. This hydraulic cylinder is perfect for various industries including machinery repair shops, farms, energy &#038; mining, machinery manufacturing, and machinery factories. Its robust design, high-quality materials, and state-of-the-art hydraulic power make it an indispensable tool for any heavy-duty task. <\/p>\n<h3>Cen\u00e1rio de uso<\/h3>\n<p><img decoding=\"async\" src=\"https:\/\/img.jiansujichilun.com\/img\/hydrauliccylinders\/T_hydrauliccylinders-5.webp\" alt=\"Cilindro hidr\u00e1ulico para caminh\u00e3o de reboque de 5 est\u00e1gios\" \/><\/p>\n<ul>\n<li>Oficinas de repara\u00e7\u00e3o de m\u00e1quinas<\/li>\n<li>Fazendas<\/li>\n<li>Energy &#038; mining<\/li>\n<li>Fabrica\u00e7\u00e3o de m\u00e1quinas<\/li>\n<li>F\u00e1bricas de m\u00e1quinas<\/li>\n<\/ul>\n<p>Nosso Cilindro Hidr\u00e1ulico de Caminh\u00e3o de Reboque de 5 Est\u00e1gios pode ser usado em uma ampla gama de aplica\u00e7\u00f5es. Ele fornece energia confi\u00e1vel e suporte de controle para v\u00e1rios equipamentos mec\u00e2nicos e de engenharia. Seu design de economia de energia permite alta efici\u00eancia, enquanto seus recursos de seguran\u00e7a fornecem tranquilidade durante a opera\u00e7\u00e3o. <\/p>\n<h3>Hist\u00f3rico do produto<\/h3>\n<p>The history of hydraulic cylinders dates back to the early 20th century when they were first used in the construction of the world&#8217;s tallest building, the Empire State Building. Hydraulic cylinders have come a long way since then and are now an indispensable tool for heavy-duty tasks in various industries.<\/p>\n<h3>Classifica\u00e7\u00e3o do produto<\/h3>\n<p>Nosso Cilindro Hidr\u00e1ulico de Caminh\u00e3o de Reboque de 5 Est\u00e1gios \u00e9 um tipo de cilindro hidr\u00e1ulico telesc\u00f3pico. Ele usa uma s\u00e9rie de tubos de di\u00e2metros diferentes para produzir a for\u00e7a necess\u00e1ria. <\/p>\n<h3>Vantagens do produto<\/h3>\n<ul>\n<li>Alta efici\u00eancia<\/li>\n<li>Design de economia de energia<\/li>\n<li>Caracter\u00edsticas de seguran\u00e7a<\/li>\n<li>Sistema hidr\u00e1ulico otimizado e princ\u00edpio de funcionamento para m\u00e1ximo desempenho e confiabilidade<\/li>\n<li>Longa vida \u00fatil devido ao material do corpo de a\u00e7o dur\u00e1vel e de alta qualidade<\/li>\n<\/ul>\n<h3>Materiais de produtos utiliz\u00e1veis<\/h3>\n<p>Nosso cilindro hidr\u00e1ulico para caminh\u00e3o de reboque de 5 est\u00e1gios \u00e9 feito de a\u00e7o de alta qualidade, garantindo uma longa vida \u00fatil e excelente desempenho. <\/p>\n<h3>Instala\u00e7\u00e3o, Manuten\u00e7\u00e3o e Reparo<\/h3>\n<p>A instala\u00e7\u00e3o, manuten\u00e7\u00e3o e reparo do nosso Cilindro Hidr\u00e1ulico de Caminh\u00e3o de Reboque de 5 Est\u00e1gios deve ser realizado por profissionais qualificados. A manuten\u00e7\u00e3o regular \u00e9 necess\u00e1ria para garantir o desempenho ideal e prolongar a vida \u00fatil do cilindro hidr\u00e1ulico. <\/p>\n<h3>Substitui\u00e7\u00e3o de produto<\/h3>\n<p>Se voc\u00ea precisar substituir nosso cilindro hidr\u00e1ulico de reboque de 5 est\u00e1gios, entre em contato conosco para obter uma pe\u00e7a de reposi\u00e7\u00e3o compat\u00edvel.<\/p>\n<h2>Sobre nossa empresa<\/h2>\n<p>N\u00f3s fornecemos principalmente diversas engrenagens pl\u00e1sticas para uso industrial, como caixas de engrenagens agr\u00edcolas, eixos de sa\u00edda de pot\u00eancia, rodas dentadas, acoplamentos hidr\u00e1ulicos, redutores de engrenagem sem-fim, cremalheiras, correntes remov\u00edveis, polias e polias, caixas de engrenagens planet\u00e1rias, polias de sincroniza\u00e7\u00e3o, buchas, etc. Nossos produtos de alta qualidade, servi\u00e7os excelentes e pre\u00e7os competitivos nos renderam um nome respeit\u00e1vel com clientes no mundo todo. <\/p>\n<p><img decoding=\"async\" src=\"https:\/\/images.hzpt.com\/2024\/04\/unit-type-flexo-press-factory.webp\" alt=\"Produtos da empresa\" \/><\/p>\n<h2>Perguntas frequentes<\/h2>\n<ul>\n<li><b>P: Voc\u00ea \u00e9 uma empresa comercial ou fabricante?<\/b><br \/>\n    R: Somos uma f\u00e1brica.<\/li>\n<li><b>P: Quanto tempo demora a entrega?<\/b><br \/>\n    R: Geralmente, s\u00e3o de 25 a 35 dias.<\/li>\n<li><b>P: Voc\u00eas fornecem amostras? \u00c9 gr\u00e1tis ou extra?<\/b><br \/>\n    A: Yes, we could offer the sample but it&#8217;s not free.<\/li>\n<li><b>P: Como posso comprar seus produtos?<\/b><br \/>\n    A: Entre em contato conosco para comprar. Voc\u00ea tamb\u00e9m pode personalizar com desenhos ou amostras.<\/li>\n<li><b>P: Qual \u00e9 o per\u00edodo de garantia dos seus produtos?<\/b><br \/>\n    R: O per\u00edodo de garantia dos nossos principais componentes, incluindo rolamentos e cilindro hidr\u00e1ulico, \u00e9 de 1 ano.<\/li>\n<\/ul>\n<p><\/html><\/p>","protected":false},"excerpt":{"rendered":"<p>Hot Sale 5 Stage Tow Truck Hydraulic Cylinder for Sale All content on this page is from the Internet and is only used as a reference for product selection. Our products are replacement parts rather than original spare parts; we are not the holder of the original trademark of the content. Our products are only [&hellip;]<\/p>","protected":false},"featured_media":4569,"template":"","meta":{"_et_pb_use_builder":"","_et_pb_old_content":"","_et_gb_content_width":""},"product_brand":[],"product_cat":[11327],"product_tag":[],"class_list":{"0":"post-4570","1":"product","2":"type-product","3":"status-publish","4":"has-post-thumbnail","6":"product_cat-telescopic-hydraulic-cylinder","8":"first","9":"instock","10":"shipping-taxable","11":"product-type-simple"},"_links":{"self":[{"href":"https:\/\/agricultural-gear-boxes.com\/pt\/wp-json\/wp\/v2\/product\/4570","targetHints":{"allow":["GET"]}}],"collection":[{"href":"https:\/\/agricultural-gear-boxes.com\/pt\/wp-json\/wp\/v2\/product"}],"about":[{"href":"https:\/\/agricultural-gear-boxes.com\/pt\/wp-json\/wp\/v2\/types\/product"}],"wp:featuredmedia":[{"embeddable":true,"href":"https:\/\/agricultural-gear-boxes.com\/pt\/wp-json\/wp\/v2\/media\/4569"}],"wp:attachment":[{"href":"https:\/\/agricultural-gear-boxes.com\/pt\/wp-json\/wp\/v2\/media?parent=4570"}],"wp:term":[{"taxonomy":"product_brand","embeddable":true,"href":"https:\/\/agricultural-gear-boxes.com\/pt\/wp-json\/wp\/v2\/product_brand?post=4570"},{"taxonomy":"product_cat","embeddable":true,"href":"https:\/\/agricultural-gear-boxes.com\/pt\/wp-json\/wp\/v2\/product_cat?post=4570"},{"taxonomy":"product_tag","embeddable":true,"href":"https:\/\/agricultural-gear-boxes.com\/pt\/wp-json\/wp\/v2\/product_tag?post=4570"}],"curies":[{"name":"wp","href":"https:\/\/api.w.org\/{rel}","templated":true}]}}