{"id":4574,"date":"2024-09-11T07:35:59","date_gmt":"2024-09-11T07:35:59","guid":{"rendered":"https:\/\/agricultural-gear-boxes.com\/product\/chinese-factory-double-acting-telescopic-hydraulic-cylinder-for-dump-trailer\/"},"modified":"2024-09-11T07:35:59","modified_gmt":"2024-09-11T07:35:59","slug":"chinese-factory-double-acting-telescopic-hydraulic-cylinder-for-dump-trailer","status":"publish","type":"product","link":"https:\/\/agricultural-gear-boxes.com\/pt\/product\/chinese-factory-double-acting-telescopic-hydraulic-cylinder-for-dump-trailer\/","title":{"rendered":"Cilindro hidr\u00e1ulico telesc\u00f3pico de dupla a\u00e7\u00e3o de f\u00e1brica chinesa para reboque basculante"},"content":{"rendered":"<p>Todo o conte\u00fado desta p\u00e1gina \u00e9 proveniente da internet e se destina apenas a fins de refer\u00eancia. Os produtos mencionados no conte\u00fado s\u00e3o pe\u00e7as de reposi\u00e7\u00e3o, n\u00e3o pe\u00e7as de reposi\u00e7\u00e3o originais. N\u00e3o possu\u00edmos a marca registrada original do conte\u00fado. Nossas pe\u00e7as de reposi\u00e7\u00e3o s\u00e3o projetadas para se encaixar perfeitamente nas pe\u00e7as de reposi\u00e7\u00e3o originais. Se voc\u00ea precisar de pe\u00e7as de reposi\u00e7\u00e3o originais, entre em contato com a f\u00e1brica ou fornecedor original para comprar.<\/p>\n<p><h2>Produto: Cilindro hidr\u00e1ulico telesc\u00f3pico de dupla a\u00e7\u00e3o de f\u00e1brica chinesa para reboque basculante<\/h2><\/p>\n<p>This high-quality double acting telescopic hydraulic cylinder is designed specifically for dump trailers. It is a reliable and efficient solution for various industries such as Machinery Repair Shops, Farms, Energy &#038; Mining, and Machinery manufacturing.<\/p>\n<p><img decoding=\"async\" src=\"https:\/\/img.jiansujichilun.com\/img\/hydrauliccylinders\/T_hydrauliccylinders-5.webp\" alt=\"Cen\u00e1rio de uso do cilindro hidr\u00e1ulico\" \/><\/p>\n<p><h3>Introdu\u00e7\u00e3o ao produto<\/h3><\/p>\n<p>O cilindro hidr\u00e1ulico telesc\u00f3pico de dupla a\u00e7\u00e3o, fabricado por nossa f\u00e1brica chinesa, \u00e9 um cilindro hidr\u00e1ulico de qualidade superior projetado para reboques basculantes. Com um tamanho de furo variando de 2 a 6 polegadas, tamanho de haste de 1,125 a 4 polegadas e um tamanho de curso de 4 a 100 polegadas, este cilindro hidr\u00e1ulico pode suportar um peso m\u00e1ximo de 20 toneladas. \u00c9 uma solu\u00e7\u00e3o confi\u00e1vel, eficiente e de economia de energia que atende \u00e0s necessidades de v\u00e1rias aplica\u00e7\u00f5es de m\u00e1quinas.<\/p>\n<p><h3>Cen\u00e1rios de uso<\/h3><\/p>\n<p>Nosso cilindro hidr\u00e1ulico telesc\u00f3pico de dupla a\u00e7\u00e3o \u00e9 amplamente usado em m\u00e1quinas de constru\u00e7\u00e3o, m\u00e1quinas de minera\u00e7\u00e3o, m\u00e1quinas agr\u00edcolas e outros equipamentos industriais que exigem for\u00e7a poderosa. \u00c9 um componente essencial para reboques basculantes, fornecendo a for\u00e7a motriz necess\u00e1ria para levantar e empurrar.<\/p>\n<p><img decoding=\"async\" src=\"https:\/\/img.jiansujichilun.com\/img\/hydrauliccylinders\/T_hydrauliccylinders-5.webp\" alt=\"Cen\u00e1rio de uso do cilindro hidr\u00e1ulico\" \/><\/p>\n<p><h3>Hist\u00f3rico do produto<\/h3><\/p>\n<ul>\n<li>O cilindro hidr\u00e1ulico telesc\u00f3pico de dupla a\u00e7\u00e3o tem uma longa hist\u00f3ria no campo de sistemas hidr\u00e1ulicos. Seu design e funcionalidade evolu\u00edram ao longo do tempo para atender \u00e0s necessidades de mudan\u00e7a de v\u00e1rias ind\u00fastrias.<\/li>\n<\/ul>\n<p><h3>Classifica\u00e7\u00e3o do produto<\/h3><\/p>\n<ul>\n<li>O cilindro hidr\u00e1ulico telesc\u00f3pico de dupla a\u00e7\u00e3o se enquadra na categoria de componentes do atuador hidr\u00e1ulico.<\/li>\n<\/ul>\n<p><h3>Vantagens do produto<\/h3><\/p>\n<ul>\n<li>Economia de energia: O cilindro hidr\u00e1ulico \u00e9 projetado para operar eficientemente sob diferentes press\u00f5es, resultando em economia de energia.<\/li>\n<li>Alta efici\u00eancia: proporciona opera\u00e7\u00e3o r\u00e1pida e eficiente, melhorando muito a efici\u00eancia do trabalho.<\/li>\n<li>Seguran\u00e7a: O cilindro hidr\u00e1ulico \u00e9 constru\u00eddo com a seguran\u00e7a em mente. Seu design robusto e materiais de alta qualidade garantem uma opera\u00e7\u00e3o segura e duradoura.<\/li>\n<\/ul>\n<p><h3>Materiais de produtos utiliz\u00e1veis<\/h3><\/p>\n<ul>\n<li>O cilindro hidr\u00e1ulico \u00e9 feito principalmente de a\u00e7o de alta resist\u00eancia, garantindo durabilidade e confiabilidade.<\/li>\n<\/ul>\n<p><h3>Instala\u00e7\u00e3o, Manuten\u00e7\u00e3o e Reparo<\/h3><\/p>\n<ul>\n<li>Installation: The hydraulic cylinder should be installed following the manufacturer&#8217;s guidelines to ensure proper functioning and safety.<\/li>\n<li>Manuten\u00e7\u00e3o: Manuten\u00e7\u00e3o regular, como lubrifica\u00e7\u00e3o e inspe\u00e7\u00e3o, \u00e9 necess\u00e1ria para prolongar a vida \u00fatil do cilindro hidr\u00e1ulico.<\/li>\n<li>Reparo: Em caso de qualquer dano ou mau funcionamento, \u00e9 recomend\u00e1vel consultar um profissional para reparos e evitar maiores complica\u00e7\u00f5es.<\/li>\n<\/ul>\n<p><h3>Substitui\u00e7\u00e3o de produto<\/h3><\/p>\n<ul>\n<li>Se o cilindro hidr\u00e1ulico precisar ser substitu\u00eddo, \u00e9 crucial escolher uma pe\u00e7a de substitui\u00e7\u00e3o compat\u00edvel que corresponda \u00e0s especifica\u00e7\u00f5es do cilindro original. Entre em contato com o fabricante ou fornecedor para obter substitui\u00e7\u00f5es adequadas.<\/li>\n<\/ul>\n<p><img decoding=\"async\" src=\"https:\/\/images.hzpt.com\/2024\/04\/unit-type-flexo-press-factory.webp\" alt=\"Empresa Produto Neg\u00f3cio\" \/><\/p>\n<p><h2>Outros neg\u00f3cios de produtos<\/h2><\/p>\n<p>Al\u00e9m de cilindros hidr\u00e1ulicos, nossa empresa \u00e9 especializada no fornecimento de v\u00e1rias engrenagens de pl\u00e1stico para uso industrial. Nossa gama de produtos inclui caixas de engrenagens agr\u00edcolas, eixos de sa\u00edda de pot\u00eancia, rodas dentadas, acoplamentos hidr\u00e1ulicos, redutores de engrenagem sem-fim, cremalheiras, correntes remov\u00edveis, polias e polias, caixas de engrenagens planet\u00e1rias, polias de sincroniza\u00e7\u00e3o e buchas. Oferecemos produtos de alta qualidade, pre\u00e7os competitivos e excelente atendimento ao cliente. Aceitamos solicita\u00e7\u00f5es de personaliza\u00e7\u00e3o com base em desenhos e amostras.<\/p>\n<p><h2>Perguntas Frequentes (FAQs)<\/h2><\/p>\n<p><b>P: Voc\u00ea \u00e9 uma empresa comercial ou fabricante?<\/b><br \/>\nR: Somos uma f\u00e1brica.<\/p>\n<p><b>P: Quanto tempo demora a entrega?<\/b><br \/>\nR: Geralmente, leva de 25 a 35 dias.<\/p>\n<p><b>P: Voc\u00eas fornecem amostras? \u00c9 gr\u00e1tis ou extra?<\/b><br \/>\nR: Sim, oferecemos amostras, mas elas n\u00e3o s\u00e3o gratuitas.<\/p>\n<p><b>P: Quais s\u00e3o os materiais dos produtos dispon\u00edveis?<\/b><br \/>\nR: O cilindro hidr\u00e1ulico \u00e9 feito principalmente de a\u00e7o de alta resist\u00eancia.<\/p>\n<p><b>P: Como devo instalar o cilindro hidr\u00e1ulico?<\/b><br \/>\nA: Follow the manufacturer&#8217;s guidelines for proper installation to ensure optimal performance and safety.<\/p>","protected":false},"excerpt":{"rendered":"<p>All content on this page is sourced from the internet and is intended for reference purposes only. The products mentioned in the content are replacement parts, not original spare parts. We do not hold the original trademark for the content. Our replacement parts are designed to perfectly fit the original spare parts. If you require [&hellip;]<\/p>","protected":false},"featured_media":4573,"template":"","meta":{"_et_pb_use_builder":"","_et_pb_old_content":"","_et_gb_content_width":""},"product_brand":[],"product_cat":[11327],"product_tag":[],"class_list":{"0":"post-4574","1":"product","2":"type-product","3":"status-publish","4":"has-post-thumbnail","6":"product_cat-telescopic-hydraulic-cylinder","8":"first","9":"instock","10":"shipping-taxable","11":"product-type-simple"},"_links":{"self":[{"href":"https:\/\/agricultural-gear-boxes.com\/pt\/wp-json\/wp\/v2\/product\/4574","targetHints":{"allow":["GET"]}}],"collection":[{"href":"https:\/\/agricultural-gear-boxes.com\/pt\/wp-json\/wp\/v2\/product"}],"about":[{"href":"https:\/\/agricultural-gear-boxes.com\/pt\/wp-json\/wp\/v2\/types\/product"}],"wp:featuredmedia":[{"embeddable":true,"href":"https:\/\/agricultural-gear-boxes.com\/pt\/wp-json\/wp\/v2\/media\/4573"}],"wp:attachment":[{"href":"https:\/\/agricultural-gear-boxes.com\/pt\/wp-json\/wp\/v2\/media?parent=4574"}],"wp:term":[{"taxonomy":"product_brand","embeddable":true,"href":"https:\/\/agricultural-gear-boxes.com\/pt\/wp-json\/wp\/v2\/product_brand?post=4574"},{"taxonomy":"product_cat","embeddable":true,"href":"https:\/\/agricultural-gear-boxes.com\/pt\/wp-json\/wp\/v2\/product_cat?post=4574"},{"taxonomy":"product_tag","embeddable":true,"href":"https:\/\/agricultural-gear-boxes.com\/pt\/wp-json\/wp\/v2\/product_tag?post=4574"}],"curies":[{"name":"wp","href":"https:\/\/api.w.org\/{rel}","templated":true}]}}