{"id":4578,"date":"2024-09-11T07:36:01","date_gmt":"2024-09-11T07:36:01","guid":{"rendered":"https:\/\/agricultural-gear-boxes.com\/product\/factory-direct-sale-telescopic-double-acting-dump-truck-hydraulic-cylinder\/"},"modified":"2024-09-11T07:36:02","modified_gmt":"2024-09-11T07:36:02","slug":"factory-direct-sale-telescopic-double-acting-dump-truck-hydraulic-cylinder","status":"publish","type":"product","link":"https:\/\/agricultural-gear-boxes.com\/pt\/product\/factory-direct-sale-telescopic-double-acting-dump-truck-hydraulic-cylinder\/","title":{"rendered":"Cilindro hidr\u00e1ulico telesc\u00f3pico de dupla a\u00e7\u00e3o para caminh\u00e3o basculante, venda direta da f\u00e1brica"},"content":{"rendered":"<p>Todo o conte\u00fado desta p\u00e1gina \u00e9 proveniente da internet e serve apenas como refer\u00eancia para a sele\u00e7\u00e3o de produtos. Nossos produtos s\u00e3o pe\u00e7as de reposi\u00e7\u00e3o e n\u00e3o pe\u00e7as de reposi\u00e7\u00e3o originais. N\u00e3o somos os detentores da marca registrada original do conte\u00fado. Nossas pe\u00e7as de reposi\u00e7\u00e3o podem se encaixar perfeitamente nas pe\u00e7as de reposi\u00e7\u00e3o originais, mas se voc\u00ea precisar comprar pe\u00e7as de reposi\u00e7\u00e3o originais, entre em contato com o fornecedor original para efetuar a compra.<\/p>\n<p><h2>Cilindro hidr\u00e1ulico telesc\u00f3pico de dupla a\u00e7\u00e3o para caminh\u00e3o basculante: caracter\u00edsticas, hist\u00f3rico, vantagens e muito mais<\/h2><\/p>\n<p>The Telescopic Double Acting Dump Truck Hydraulic Cylinder is a versatile and indispensable tool in various industries such as machinery repair shops, farms, energy &#038; mining, machinery manufacturing, and machinery factories. It is designed to provide a high level of efficiency, energy-saving, and safety in operations. It is commonly used to move heavy loads, such as those found in dump trucks.<\/p>\n<p>Este cilindro hidr\u00e1ulico est\u00e1 em estado de novo e conta com garantia de 1 ano. Pesa 23 kg e \u00e9 um cilindro hidr\u00e1ulico multiest\u00e1gio. Sua for\u00e7a m\u00e1xima de tra\u00e7\u00e3o \u00e9 de 20 toneladas e possui certifica\u00e7\u00e3o ISO9001:2000. As especifica\u00e7\u00f5es t\u00e9cnicas incluem di\u00e2metro interno de 2 a 6 polegadas, haste de 1,125 a 4 polegadas, curso de 4 a 100 polegadas, pino de 0,5 a 2 polegadas e conex\u00f5es G\/SAE\/NPT\/M.<\/p>\n<p>Uma das caracter\u00edsticas \u00fanicas deste produto \u00e9 a economia de energia, a alta efici\u00eancia e os recursos de seguran\u00e7a. Ele foi projetado para aplica\u00e7\u00f5es vers\u00e1teis e desempenho ideal. \u00c9 fabricado com materiais de alta qualidade e passa por rigorosos controles de qualidade para garantir desempenho superior e longa vida \u00fatil.<\/p>\n<p>O Cilindro Hidr\u00e1ulico Telesc\u00f3pico de Dupla A\u00e7\u00e3o para Caminh\u00e3o Basculante pode ser fabricado em diversos materiais, incluindo alum\u00ednio, a\u00e7o carbono e a\u00e7o inoxid\u00e1vel. A escolha do material depende da aplica\u00e7\u00e3o e do ambiente em que o cilindro ser\u00e1 utilizado. O cilindro hidr\u00e1ulico pode ser instalado na posi\u00e7\u00e3o horizontal ou vertical, dependendo da aplica\u00e7\u00e3o.<\/p>\n<p>To maintain the hydraulic cylinder, it is important to perform regular maintenance and inspections. This includes checking the seals, cleaning the cylinder, and replacing any worn or damaged parts. If the hydraulic cylinder needs to be replaced, it is important to follow the manufacturer&#8217;s instructions carefully to ensure proper installation.<\/p>\n<p>Ao longo dos anos, os cilindros hidr\u00e1ulicos evolu\u00edram para atender \u00e0s necessidades da ind\u00fastria. O primeiro cilindro hidr\u00e1ulico foi inventado no in\u00edcio do s\u00e9culo XIX e utilizado na constru\u00e7\u00e3o das Docas de Londres. Desde ent\u00e3o, os cilindros hidr\u00e1ulicos tornaram-se um componente essencial em muitas ind\u00fastrias, fornecendo energia e controle confi\u00e1veis para diversos equipamentos de engenharia e mec\u00e2nicos.<\/p>\n<p><h3>Perguntas frequentes<\/h3><\/p>\n<p><b>P: Quais ind\u00fastrias normalmente usam o cilindro hidr\u00e1ulico telesc\u00f3pico de dupla a\u00e7\u00e3o para caminh\u00f5es basculantes?<\/b><br \/>\nA: This cylinder is commonly used in machinery repair shops, farms, energy &#038; mining, machinery manufacturing, and machinery factories.<\/p>\n<p><b>P: De quais materiais o cilindro hidr\u00e1ulico pode ser feito?<\/b><br \/>\nR: O cilindro hidr\u00e1ulico pode ser feito de diversos materiais, incluindo alum\u00ednio, a\u00e7o carbono e a\u00e7o inoxid\u00e1vel. A escolha do material depende da aplica\u00e7\u00e3o e do ambiente em que o cilindro ser\u00e1 utilizado.<\/p>\n<p><b>P: Como fa\u00e7o a manuten\u00e7\u00e3o do cilindro hidr\u00e1ulico?<\/b><br \/>\nR: Para manter o cilindro hidr\u00e1ulico em bom estado, \u00e9 importante realizar manuten\u00e7\u00f5es e inspe\u00e7\u00f5es regulares. Isso inclui verificar as veda\u00e7\u00f5es, limpar o cilindro e substituir quaisquer pe\u00e7as desgastadas ou danificadas.<\/p>\n<p><b>P: Como fa\u00e7o para instalar o cilindro hidr\u00e1ulico?<\/b><br \/>\nA: If the hydraulic cylinder needs to be replaced, it is important to follow the manufacturer&#8217;s instructions carefully to ensure proper installation.<\/p>\n<p><b>P: Que outros produtos sua empresa oferece?<\/b><br \/>\nR: N\u00f3s fornecemos principalmente diversas engrenagens pl\u00e1sticas para uso industrial, como caixas de engrenagens agr\u00edcolas, eixos de sa\u00edda de pot\u00eancia, rodas dentadas, acoplamentos hidr\u00e1ulicos, redutores de engrenagem helicoidal, cremalheiras, correntes remov\u00edveis, polias e polias, caixas de engrenagens planet\u00e1rias, polias de sincroniza\u00e7\u00e3o, buchas, etc.<\/p>\n<p><img decoding=\"async\" src=\"https:\/\/images.hzpt.com\/2024\/04\/unit-type-flexo-press-factory.webp\" alt=\"Engrenagens de pl\u00e1stico para uso industrial\" \/><\/p>","protected":false},"excerpt":{"rendered":"<p>All content on this page is sourced from the Internet and is only used as a reference for product selection. Our products are replacement parts rather than original spare parts. We are not the holder of the original trademark of the content. Our replacement parts can perfectly fit the original spare parts, but if you [&hellip;]<\/p>","protected":false},"featured_media":4577,"template":"","meta":{"_et_pb_use_builder":"","_et_pb_old_content":"","_et_gb_content_width":""},"product_brand":[],"product_cat":[11327],"product_tag":[],"class_list":{"0":"post-4578","1":"product","2":"type-product","3":"status-publish","4":"has-post-thumbnail","6":"product_cat-telescopic-hydraulic-cylinder","8":"first","9":"instock","10":"shipping-taxable","11":"product-type-simple"},"_links":{"self":[{"href":"https:\/\/agricultural-gear-boxes.com\/pt\/wp-json\/wp\/v2\/product\/4578","targetHints":{"allow":["GET"]}}],"collection":[{"href":"https:\/\/agricultural-gear-boxes.com\/pt\/wp-json\/wp\/v2\/product"}],"about":[{"href":"https:\/\/agricultural-gear-boxes.com\/pt\/wp-json\/wp\/v2\/types\/product"}],"wp:featuredmedia":[{"embeddable":true,"href":"https:\/\/agricultural-gear-boxes.com\/pt\/wp-json\/wp\/v2\/media\/4577"}],"wp:attachment":[{"href":"https:\/\/agricultural-gear-boxes.com\/pt\/wp-json\/wp\/v2\/media?parent=4578"}],"wp:term":[{"taxonomy":"product_brand","embeddable":true,"href":"https:\/\/agricultural-gear-boxes.com\/pt\/wp-json\/wp\/v2\/product_brand?post=4578"},{"taxonomy":"product_cat","embeddable":true,"href":"https:\/\/agricultural-gear-boxes.com\/pt\/wp-json\/wp\/v2\/product_cat?post=4578"},{"taxonomy":"product_tag","embeddable":true,"href":"https:\/\/agricultural-gear-boxes.com\/pt\/wp-json\/wp\/v2\/product_tag?post=4578"}],"curies":[{"name":"wp","href":"https:\/\/api.w.org\/{rel}","templated":true}]}}