{"id":4584,"date":"2024-09-11T07:36:05","date_gmt":"2024-09-11T07:36:05","guid":{"rendered":"https:\/\/agricultural-gear-boxes.com\/product\/low-price-small-dump-truck-hydraulic-cylinder-hydraulic-hoist-cylinder\/"},"modified":"2024-09-11T07:36:05","modified_gmt":"2024-09-11T07:36:05","slug":"low-price-small-dump-truck-hydraulic-cylinder-hydraulic-hoist-cylinder","status":"publish","type":"product","link":"https:\/\/agricultural-gear-boxes.com\/pt\/product\/low-price-small-dump-truck-hydraulic-cylinder-hydraulic-hoist-cylinder\/","title":{"rendered":"Cilindro hidr\u00e1ulico de caminh\u00e3o basculante pequeno de baixo pre\u00e7o Cilindro de eleva\u00e7\u00e3o hidr\u00e1ulica"},"content":{"rendered":"<p>Todo o conte\u00fado desta p\u00e1gina vem da Internet e \u00e9 usado apenas como refer\u00eancia para sele\u00e7\u00e3o de produtos. Nossos produtos s\u00e3o pe\u00e7as de reposi\u00e7\u00e3o e n\u00e3o pe\u00e7as de reposi\u00e7\u00e3o originais. N\u00e3o somos detentores da marca registrada original do conte\u00fado. Nossos produtos s\u00e3o adequados para pe\u00e7as de reposi\u00e7\u00e3o p\u00f3s-venda. Se voc\u00ea precisar comprar pe\u00e7as de reposi\u00e7\u00e3o originais, entre em contato com o fornecedor original.<\/p>\n<h2>Apresentando nosso cilindro hidr\u00e1ulico de caminh\u00e3o basculante pequeno de baixo pre\u00e7o Cilindro de eleva\u00e7\u00e3o hidr\u00e1ulica<\/h2>\n<p>Nosso Cilindro hidr\u00e1ulico de caminh\u00e3o basculante pequeno de baixo pre\u00e7o O Cilindro de eleva\u00e7\u00e3o hidr\u00e1ulica \u00e9 uma solu\u00e7\u00e3o inovadora e de alto desempenho para v\u00e1rias necessidades de m\u00e1quinas. Ele \u00e9 projetado para fornecer for\u00e7a hidr\u00e1ulica eficiente e confi\u00e1vel para uma variedade de aplica\u00e7\u00f5es.<\/p>\n<p>Quer voc\u00ea esteja envolvido em oficinas de reparo de m\u00e1quinas, fazendas, energia e minera\u00e7\u00e3o, fabrica\u00e7\u00e3o de m\u00e1quinas ou possua uma f\u00e1brica de m\u00e1quinas, este cilindro hidr\u00e1ulico \u00e9 um componente crucial de que voc\u00ea precisa. \u00c9 uma ferramenta vers\u00e1til que pode aumentar significativamente a produtividade e a efici\u00eancia em qualquer ind\u00fastria.<\/p>\n<h2>Especifica\u00e7\u00f5es do produto<\/h2>\n<table border=\"1\">\n<tr>\n<td><i>Tamanho do furo<\/i><\/td>\n<td>2-6 polegadas<\/td>\n<\/tr>\n<tr>\n<td><i>Tamanho da haste<\/i><\/td>\n<td>1,125-4 polegadas<\/td>\n<\/tr>\n<tr>\n<td><i>Tamanho do tra\u00e7o<\/i><\/td>\n<td>4-100 polegadas<\/td>\n<\/tr>\n<tr>\n<td><i>Tamanho do pino<\/i><\/td>\n<td>0,5-2 polegadas<\/td>\n<\/tr>\n<tr>\n<img decoding=\"async\" src=\"https:\/\/img.jiansujichilun.com\/img\/hydrauliccylinders\/T_hydrauliccylinders-5.webp\" alt=\"Cen\u00e1rio de uso do cilindro hidr\u00e1ulico\" \/><\/p>\n<td><i>Portos<\/i><\/td>\n<td>G\/SAE\/NPT\/M<\/td>\n<\/tr>\n<\/table>\n<h2>Caracter\u00edsticas e vantagens \u00fanicas<\/h2>\n<p>Nosso cilindro hidr\u00e1ulico se destaca por sua efici\u00eancia energ\u00e9tica, alto desempenho e seguran\u00e7a. Ele apresenta um cilindro hidr\u00e1ulico multiest\u00e1gio e oferece um empuxo m\u00e1ximo de 3000 e uma tra\u00e7\u00e3o m\u00e1xima de 20 toneladas. Ele \u00e9 projetado com um corpo de a\u00e7o robusto, garantindo durabilidade e longevidade. Al\u00e9m disso, \u00e9 certificado pela ISO9001:2000, garantindo sua qualidade e confiabilidade.<\/p>\n<h2>Hist\u00f3ria e Classifica\u00e7\u00e3o<\/h2>\n<p>O cilindro hidr\u00e1ulico tem uma longa hist\u00f3ria e evoluiu para v\u00e1rios tipos e designs ao longo dos anos. Ele pode ser classificado com base em sua constru\u00e7\u00e3o, como cilindros de a\u00e7\u00e3o simples ou dupla, cilindros telesc\u00f3picos e cilindros de \u00eambolo. Cada tipo tem suas pr\u00f3prias caracter\u00edsticas e aplica\u00e7\u00f5es \u00fanicas.<\/p>\n<h2>Vantagens<\/h2>\n<ul>\n<li>Alto desempenho e efici\u00eancia<\/li>\n<li>Efici\u00eancia energ\u00e9tica<\/li>\n<li>Dur\u00e1vel e duradouro<\/li>\n<li>Seguro de usar<\/li>\n<li>Certificado pela ISO9001:2000<\/li>\n<\/ul>\n<h2>Materiais de produtos utiliz\u00e1veis<\/h2>\n<p>O cilindro hidr\u00e1ulico \u00e9 tipicamente feito de materiais de alta qualidade, como a\u00e7o, garantindo sua resist\u00eancia e durabilidade. Outros materiais, como veda\u00e7\u00f5es e juntas, tamb\u00e9m s\u00e3o usados para garantir o funcionamento adequado e evitar vazamentos.<\/p>\n<h2>Instala\u00e7\u00e3o, Manuten\u00e7\u00e3o e Reparo<\/h2>\n<p>A instala\u00e7\u00e3o de um cilindro hidr\u00e1ulico requer alinhamento adequado, conex\u00f5es seguras e ades\u00e3o \u00e0s diretrizes de seguran\u00e7a. Manuten\u00e7\u00e3o regular, como verifica\u00e7\u00e3o de vazamentos, monitoramento de n\u00edveis de fluidos e substitui\u00e7\u00e3o de pe\u00e7as desgastadas, \u00e9 essencial para desempenho ideal. Em caso de reparo, \u00e9 importante identificar o problema, solucionar problemas e substituir componentes defeituosos.<\/p>\n<h2>Substitui\u00e7\u00e3o de produto<\/h2>\n<p>Ao substituir o cilindro hidr\u00e1ulico, \u00e9 crucial selecionar o tamanho e as especifica\u00e7\u00f5es corretas para garantir a compatibilidade com a m\u00e1quina. Seguir as diretrizes do fabricante e usar pe\u00e7as de reposi\u00e7\u00e3o de qualidade garantir\u00e1 um processo de substitui\u00e7\u00e3o suave e eficiente.<\/p>\n<h2>Perguntas frequentes<\/h2>\n<p><b>P: Qual \u00e9 o empuxo m\u00e1ximo do cilindro hidr\u00e1ulico?<\/b><\/p>\n<p><b>R: O empuxo m\u00e1ximo do nosso cilindro hidr\u00e1ulico \u00e9 3000.<\/b><\/p>\n<p><b>P: O cilindro hidr\u00e1ulico pode ser personalizado de acordo com nossas necessidades?<\/b><\/p>\n<p><b>R: Sim, oferecemos servi\u00e7os de personaliza\u00e7\u00e3o com base em suas especifica\u00e7\u00f5es.<\/b><\/p>\n<p><b>P: Voc\u00eas fornecem servi\u00e7os p\u00f3s-venda?<\/b><\/p>\n<p><b>R: Sim, oferecemos garantia de um ano para nossos cilindros hidr\u00e1ulicos.<\/b><\/p>\n<p><b>P: Quais s\u00e3o os cen\u00e1rios de uso comuns para o cilindro hidr\u00e1ulico?<\/b><\/p>\n<p><b>R: O cilindro hidr\u00e1ulico \u00e9 comumente usado em v\u00e1rias ind\u00fastrias, como manufatura, constru\u00e7\u00e3o, minera\u00e7\u00e3o, agricultura e muito mais. Ele \u00e9 particularmente essencial em aplica\u00e7\u00f5es como pequenos caminh\u00f5es basculantes, onde desempenha um papel crucial no levantamento e despejo de materiais.<\/b><\/p>\n<p><b>P: O cilindro hidr\u00e1ulico requer manuten\u00e7\u00e3o regular?<\/b><\/p>\n<p><b>R: Sim, a manuten\u00e7\u00e3o regular \u00e9 necess\u00e1ria para garantir o desempenho ideal e evitar problemas potenciais. Isso inclui verificar vazamentos, monitorar n\u00edveis de fluidos e substituir pe\u00e7as desgastadas.<\/b><\/p>\n<h2>Sobre nossa empresa<\/h2>\n<p>Somos um fornecedor l\u00edder de v\u00e1rias engrenagens pl\u00e1sticas industriais, incluindo caixas de engrenagens agr\u00edcolas, eixos de sa\u00edda de pot\u00eancia, rodas dentadas, acoplamentos hidr\u00e1ulicos, redutores de engrenagem sem-fim, cremalheiras de engrenagens, correntes remov\u00edveis, polias e polias, caixas de engrenagens planet\u00e1rias, polias de sincroniza\u00e7\u00e3o e buchas. Nossos produtos s\u00e3o de alta qualidade e oferecemos pre\u00e7os competitivos e servi\u00e7os atenciosos. Damos as boas-vindas aos clientes para personalizar seus pedidos com desenhos e amostras.<\/p>\n<p><img decoding=\"async\" src=\"https:\/\/images.hzpt.com\/2024\/04\/unit-type-flexo-press-factory.webp\" alt=\"Outros neg\u00f3cios de produtos da empresa\" \/><\/p>","protected":false},"excerpt":{"rendered":"<p>All the content on this page comes from the Internet and is only used as a reference for product selection. Our products are replacement parts rather than original spare parts. We are not the holder of the original trademark of the content. Our products are suitable for after-sales replacement parts. If you need to purchase [&hellip;]<\/p>","protected":false},"featured_media":4583,"template":"","meta":{"_et_pb_use_builder":"","_et_pb_old_content":"","_et_gb_content_width":""},"product_brand":[],"product_cat":[11327],"product_tag":[],"class_list":{"0":"post-4584","1":"product","2":"type-product","3":"status-publish","4":"has-post-thumbnail","6":"product_cat-telescopic-hydraulic-cylinder","8":"first","9":"instock","10":"shipping-taxable","11":"product-type-simple"},"_links":{"self":[{"href":"https:\/\/agricultural-gear-boxes.com\/pt\/wp-json\/wp\/v2\/product\/4584","targetHints":{"allow":["GET"]}}],"collection":[{"href":"https:\/\/agricultural-gear-boxes.com\/pt\/wp-json\/wp\/v2\/product"}],"about":[{"href":"https:\/\/agricultural-gear-boxes.com\/pt\/wp-json\/wp\/v2\/types\/product"}],"wp:featuredmedia":[{"embeddable":true,"href":"https:\/\/agricultural-gear-boxes.com\/pt\/wp-json\/wp\/v2\/media\/4583"}],"wp:attachment":[{"href":"https:\/\/agricultural-gear-boxes.com\/pt\/wp-json\/wp\/v2\/media?parent=4584"}],"wp:term":[{"taxonomy":"product_brand","embeddable":true,"href":"https:\/\/agricultural-gear-boxes.com\/pt\/wp-json\/wp\/v2\/product_brand?post=4584"},{"taxonomy":"product_cat","embeddable":true,"href":"https:\/\/agricultural-gear-boxes.com\/pt\/wp-json\/wp\/v2\/product_cat?post=4584"},{"taxonomy":"product_tag","embeddable":true,"href":"https:\/\/agricultural-gear-boxes.com\/pt\/wp-json\/wp\/v2\/product_tag?post=4584"}],"curies":[{"name":"wp","href":"https:\/\/api.w.org\/{rel}","templated":true}]}}