{"id":4586,"date":"2024-09-11T07:36:06","date_gmt":"2024-09-11T07:36:06","guid":{"rendered":"https:\/\/agricultural-gear-boxes.com\/product\/hot-sale-3-stage-trailer-hydraulic-telescopic-cylinder\/"},"modified":"2024-09-11T07:36:07","modified_gmt":"2024-09-11T07:36:07","slug":"hot-sale-3-stage-trailer-hydraulic-telescopic-cylinder","status":"publish","type":"product","link":"https:\/\/agricultural-gear-boxes.com\/pt\/product\/hot-sale-3-stage-trailer-hydraulic-telescopic-cylinder\/","title":{"rendered":"Venda quente 3 Est\u00e1gio Reboque Cilindro Telesc\u00f3pico Hidr\u00e1ulico"},"content":{"rendered":"<p>Todo o conte\u00fado desta p\u00e1gina vem da Internet, e o conte\u00fado \u00e9 usado apenas como refer\u00eancia para sele\u00e7\u00e3o de produtos. Nossos produtos s\u00e3o pe\u00e7as de reposi\u00e7\u00e3o em vez de pe\u00e7as de reposi\u00e7\u00e3o originais; n\u00e3o somos detentores da marca registrada original do conte\u00fado. Nossos produtos s\u00e3o adequados apenas para pe\u00e7as de reposi\u00e7\u00e3o p\u00f3s-venda em vez de pe\u00e7as de reposi\u00e7\u00e3o originais. Nossas pe\u00e7as de reposi\u00e7\u00e3o podem se encaixar perfeitamente nas pe\u00e7as de reposi\u00e7\u00e3o originais; se voc\u00ea precisar comprar pe\u00e7as de reposi\u00e7\u00e3o originais, entre em contato com a f\u00e1brica original para comprar. Se voc\u00ea precisar comprar pe\u00e7as de reposi\u00e7\u00e3o originais, entre em contato com o fornecedor original para comprar.<\/p>\n<p><h2>Hot Sale 3 Stage Trailer Hydraulic Telescopic Cylinder &#8211; Perfect Replacement Part for Your Needs<\/h2><\/p>\n<p>Cilindros hidr\u00e1ulicos e unidades de pot\u00eancia s\u00e3o componentes essenciais em sistemas hidr\u00e1ulicos, e nosso Cilindro Telesc\u00f3pico Hidr\u00e1ulico de Reboque de 3 Est\u00e1gios Hot Sale \u00e9 a pe\u00e7a de reposi\u00e7\u00e3o perfeita para suas necessidades de maquin\u00e1rio. Com um corpo de a\u00e7o de alta qualidade e um empuxo m\u00e1ximo de 3000, este cilindro hidr\u00e1ulico multiest\u00e1gio \u00e9 projetado para pot\u00eancia hidr\u00e1ulica e possui uma tra\u00e7\u00e3o m\u00e1xima de 20 toneladas. O tamanho do furo varia de 2 a 6 polegadas, com um tamanho de haste variando de 1,125 a 4 polegadas. O tamanho do curso come\u00e7a em 4 polegadas e se estende at\u00e9 100 polegadas, com um tamanho de pino de 0,5 a 2 polegadas. O cilindro hidr\u00e1ulico vem em uma cor preta elegante, com a certifica\u00e7\u00e3o ISO9001:2000.<\/p>\n<p>Este cilindro hidr\u00e1ulico \u00e9 aplic\u00e1vel a oficinas de reparo de m\u00e1quinas, fazendas, energia e minera\u00e7\u00e3o, fabrica\u00e7\u00e3o de m\u00e1quinas e f\u00e1bricas de m\u00e1quinas. \u00c9 perfeito para v\u00e1rios equipamentos de engenharia e mec\u00e2nicos, como m\u00e1quinas de constru\u00e7\u00e3o e agr\u00edcolas. O Cilindro Telesc\u00f3pico Hidr\u00e1ulico de Reboque de 3 Est\u00e1gios Hot Sale pode converter energia hidr\u00e1ulica em movimento mec\u00e2nico, transformando press\u00e3o em for\u00e7a. Feito de materiais de alta qualidade, este cilindro hidr\u00e1ulico economiza energia, \u00e9 eficiente e seguro de usar. <\/p>\n<p><img decoding=\"async\" src=\"https:\/\/img.jiansujichilun.com\/img\/hydrauliccylinders\/T_hydrauliccylinders-5.webp\" alt=\"Cen\u00e1rio de uso do cilindro hidr\u00e1ulico\" \/><\/p>\n<p><h3>Hist\u00f3rico do produto, classifica\u00e7\u00e3o e vantagens<\/h3><\/p>\n<p>Cilindros hidr\u00e1ulicos t\u00eam sido utilizados desde o final do s\u00e9culo XVIII e ainda s\u00e3o essenciais em m\u00e1quinas modernas. O Cilindro Telesc\u00f3pico Hidr\u00e1ulico de Reboque de 3 Est\u00e1gios Hot Sale \u00e9 um cilindro hidr\u00e1ulico multiest\u00e1gio que fornece pot\u00eancia significativa e suporte de controle para v\u00e1rios equipamentos mec\u00e2nicos e de engenharia. Nosso cilindro \u00e9 feito de materiais de alta qualidade, como a\u00e7o, e passou por v\u00e1rios testes para garantir durabilidade e uso duradouro. O Cilindro Telesc\u00f3pico Hidr\u00e1ulico de Reboque de 3 Est\u00e1gios Hot Sale \u00e9 uma pe\u00e7a de reposi\u00e7\u00e3o perfeita para suas necessidades de m\u00e1quinas e est\u00e1 dispon\u00edvel a um pre\u00e7o competitivo.<\/p>\n<p>Nosso Cilindro Telesc\u00f3pico Hidr\u00e1ulico de Reboque de 3 Est\u00e1gios Hot Sale economiza energia, \u00e9 eficiente e seguro de usar. Ele \u00e9 equipado com recursos exclusivos que o tornam um corte acima do resto. Nosso cilindro hidr\u00e1ulico \u00e9 projetado para fornecer desempenho ideal em m\u00e1quinas e equipamentos, e pode converter energia hidr\u00e1ulica em movimento mec\u00e2nico com facilidade. <\/p>\n<p><h3>Materiais de produtos utiliz\u00e1veis, instala\u00e7\u00e3o, manuten\u00e7\u00e3o, reparo e substitui\u00e7\u00e3o<\/h3><\/p>\n<p>O Cilindro Telesc\u00f3pico Hidr\u00e1ulico de Reboque de 3 Est\u00e1gios Hot Sale \u00e9 constru\u00eddo com materiais de alta qualidade, como a\u00e7o, para garantir uso duradouro. \u00c9 f\u00e1cil de instalar e pode ser mantido com o m\u00ednimo de esfor\u00e7o. Se forem necess\u00e1rios reparos, recomendamos procurar assist\u00eancia de um profissional para garantir que o cilindro hidr\u00e1ulico seja fixado corretamente. Se voc\u00ea precisar substituir o cilindro, oferecemos uma ampla gama de cilindros hidr\u00e1ulicos e unidades de pot\u00eancia para todas as suas necessidades de maquin\u00e1rio. <\/p>\n<p><h2>Outros neg\u00f3cios de produtos da nossa empresa<\/h2><\/p>\n<p>Al\u00e9m do nosso Cilindro Telesc\u00f3pico Hidr\u00e1ulico para Reboque de 3 Est\u00e1gios em Grande Promo\u00e7\u00e3o, tamb\u00e9m oferecemos diversas engrenagens pl\u00e1sticas para uso industrial, como caixas de engrenagens agr\u00edcolas, eixos de sa\u00edda de pot\u00eancia, rodas dentadas, acoplamentos hidr\u00e1ulicos, redutores de engrenagem sem-fim, cremalheiras, correntes remov\u00edveis, polias, polias, caixas de engrenagens planet\u00e1rias, polias de sincroniza\u00e7\u00e3o, buchas, etc. Nossos produtos s\u00e3o da mais alta qualidade, dispon\u00edveis a um pre\u00e7o competitivo e podem ser personalizados com desenhos ou amostras de acordo com suas necessidades. <\/p>\n<p><img decoding=\"async\" src=\"https:\/\/images.hzpt.com\/2024\/04\/unit-type-flexo-press-factory.webp\" alt=\"Outros neg\u00f3cios de produtos da nossa empresa\" \/><\/p>\n<p><h2>Perguntas frequentes<\/h2><\/p>\n<p><q>1. Qual \u00e9 a garantia deste cilindro hidr\u00e1ulico?<\/q><br \/>\n<a>1. Este cilindro hidr\u00e1ulico vem com garantia de 1 ano.<\/a><\/p>\n<p><q>2. Qual \u00e9 o empuxo m\u00e1ximo deste cilindro hidr\u00e1ulico?<\/q><br \/>\n<a>2. O empuxo m\u00e1ximo deste cilindro hidr\u00e1ulico \u00e9 3000.<\/a><\/p>\n<p><q>3. Em quais ind\u00fastrias este cilindro hidr\u00e1ulico \u00e9 aplic\u00e1vel?<\/q><br \/>\n<a>3. Este cilindro hidr\u00e1ulico \u00e9 aplic\u00e1vel a oficinas de reparo de m\u00e1quinas, fazendas, energia e minera\u00e7\u00e3o, fabrica\u00e7\u00e3o de m\u00e1quinas e f\u00e1bricas de m\u00e1quinas.<\/a><\/p>\n<p><q>4. Quais s\u00e3o as vantagens de usar o Cilindro Telesc\u00f3pico Hidr\u00e1ulico para Reboque de 3 Est\u00e1gios em Promo\u00e7\u00e3o?<\/q><br \/>\n<a>4. O Cilindro Telesc\u00f3pico Hidr\u00e1ulico de Reboque de 3 Est\u00e1gios Hot Sale economiza energia, \u00e9 eficiente e seguro de usar. Ele \u00e9 equipado com recursos exclusivos que o tornam um corte acima do resto. Nosso cilindro hidr\u00e1ulico \u00e9 projetado para fornecer desempenho ideal em m\u00e1quinas e equipamentos, e pode converter energia hidr\u00e1ulica em movimento mec\u00e2nico com facilidade.<\/a><\/p>\n<p><q>5. Como posso substituir o cilindro hidr\u00e1ulico?<\/q><br \/>\n<a>5. Se voc\u00ea precisar substituir o Cilindro Telesc\u00f3pico Hidr\u00e1ulico de Reboque de 3 Est\u00e1gios em Grande Promo\u00e7\u00e3o, oferecemos uma ampla gama de cilindros hidr\u00e1ulicos e unidades de pot\u00eancia para todas as suas necessidades de maquin\u00e1rio.<\/a><\/p>","protected":false},"excerpt":{"rendered":"<p>All the content on this page comes from the Internet, and the content is only used as a reference for product selection. Our products are replacement parts rather than original spare parts; we are not the holder of the original trademark of the content. Our products are only suitable for after-sales replacement parts rather than [&hellip;]<\/p>","protected":false},"featured_media":4585,"template":"","meta":{"_et_pb_use_builder":"","_et_pb_old_content":"","_et_gb_content_width":""},"product_brand":[],"product_cat":[11327],"product_tag":[],"class_list":{"0":"post-4586","1":"product","2":"type-product","3":"status-publish","4":"has-post-thumbnail","6":"product_cat-telescopic-hydraulic-cylinder","8":"first","9":"instock","10":"shipping-taxable","11":"product-type-simple"},"_links":{"self":[{"href":"https:\/\/agricultural-gear-boxes.com\/pt\/wp-json\/wp\/v2\/product\/4586","targetHints":{"allow":["GET"]}}],"collection":[{"href":"https:\/\/agricultural-gear-boxes.com\/pt\/wp-json\/wp\/v2\/product"}],"about":[{"href":"https:\/\/agricultural-gear-boxes.com\/pt\/wp-json\/wp\/v2\/types\/product"}],"wp:featuredmedia":[{"embeddable":true,"href":"https:\/\/agricultural-gear-boxes.com\/pt\/wp-json\/wp\/v2\/media\/4585"}],"wp:attachment":[{"href":"https:\/\/agricultural-gear-boxes.com\/pt\/wp-json\/wp\/v2\/media?parent=4586"}],"wp:term":[{"taxonomy":"product_brand","embeddable":true,"href":"https:\/\/agricultural-gear-boxes.com\/pt\/wp-json\/wp\/v2\/product_brand?post=4586"},{"taxonomy":"product_cat","embeddable":true,"href":"https:\/\/agricultural-gear-boxes.com\/pt\/wp-json\/wp\/v2\/product_cat?post=4586"},{"taxonomy":"product_tag","embeddable":true,"href":"https:\/\/agricultural-gear-boxes.com\/pt\/wp-json\/wp\/v2\/product_tag?post=4586"}],"curies":[{"name":"wp","href":"https:\/\/api.w.org\/{rel}","templated":true}]}}